{"id":153,"date":"2020-05-26T08:26:58","date_gmt":"2020-05-26T08:26:58","guid":{"rendered":"http:\/\/grazalemaguide.com\/quehacerenlasierradegrazalema\/?page_id=153"},"modified":"2020-09-29T10:56:14","modified_gmt":"2020-09-29T08:56:14","slug":"alcala-del-valle","status":"publish","type":"page","link":"https:\/\/grazalemaguide.com\/quehacerenlasierras\/alcala-del-valle\/","title":{"rendered":"Alcal\u00e1 del Valle"},"content":{"rendered":"\n<p>Foto de Alcal\u00e1 del Valle: Pepe Garc\u00eda (<a href=\"https:\/\/www.facebook.com\/photo.php?fbid=107915199604853&amp;set=a.107915302938176&amp;type=3&amp;theater\" target=\"_blank\" rel=\"noreferrer noopener\">original aqui en facebook<\/a>)<\/p>\n\n\n\n<div class=\"wp-block-image\"><figure class=\"alignleft size-large is-resized\"><a href=\"https:\/\/commons.wikimedia.org\/w\/index.php?curid=3963408\" target=\"_blank\" rel=\"noopener noreferrer\"><img decoding=\"async\" src=\"http:\/\/grazalemaguide.com\/quehacerenlasierradegrazalema\/wp-content\/uploads\/sites\/2\/2020\/05\/Escudo-Alcal\u00e1-del-Valle.png\" alt=\"\" class=\"wp-image-156\" width=\"250\" srcset=\"https:\/\/grazalemaguide.com\/quehacerenlasierras\/wp-content\/uploads\/sites\/2\/2020\/05\/Escudo-Alcal\u00e1-del-Valle.png 800w, https:\/\/grazalemaguide.com\/quehacerenlasierras\/wp-content\/uploads\/sites\/2\/2020\/05\/Escudo-Alcal\u00e1-del-Valle-237x300.png 237w, https:\/\/grazalemaguide.com\/quehacerenlasierras\/wp-content\/uploads\/sites\/2\/2020\/05\/Escudo-Alcal\u00e1-del-Valle-768x973.png 768w\" sizes=\"(max-width: 800px) 100vw, 800px\" \/><\/a><figcaption>Escudo Alcala<br>De User:MiguelAngel fotografo (Taller de Her\u00e1ldica y Vexilolog\u00eda in the Spanish Wikipedia ) &#8211; Trabajo propio, CC BY-SA 4.0, https:\/\/commons.wikimedia.org\/w\/index.php?curid=3963408<\/figcaption><\/figure><\/div>\n\n\n\n<div class=\"wp-block-group\"><div class=\"wp-block-group__inner-container is-layout-flow wp-block-group-is-layout-flow\">\n<p>Situada en el extremo nororiental de la provincia de C\u00e1diz, Alcal\u00e1 del Valle se encuentra enclavada en la zona occidental de la Serran\u00eda de Ronda, a cuya comarca natural pertenece, a 24 kil\u00f3metros de Ronda y a 155 kil\u00f3metros de C\u00e1diz. <\/p>\n\n\n\n<p>Se ubica vecina a la provincia de M\u00e1laga, de la que form\u00f3 parte hasta 1833, y a cuyo obispado perteneci\u00f3 hasta 1980, siendo el l\u00edmite efectivo de la provincia de C\u00e1diz con \u00e9sta. <\/p>\n\n\n\n<p>Esta poblaci\u00f3n es la \u00faltima de la conocida Ruta de los pueblos blancos.<\/p>\n<\/div><\/div>\n\n\n\n<p><a rel=\"noreferrer noopener\" href=\"https:\/\/es.wikipedia.org\/wiki\/Alcal%C3%A1_del_Valle\" target=\"_blank\">M\u00e1s informacion Wikipedia<\/a><br><\/p>\n\n\n\n<h4 class=\"wp-block-heading\">Web Ayuntamiento Alcal\u00e1 del Valle<\/h4>\n\n\n\n<ul class=\"wp-block-list\"><li><a rel=\"noreferrer noopener\" href=\"https:\/\/www.alcaladelvalle.es\/\" target=\"_blank\">https:\/\/www.alcaladelvalle.es<\/a><\/li><li><a rel=\"noreferrer noopener\" href=\"https:\/\/www.facebook.com\/ALCALADELVALLE\" target=\"_blank\">Facebook<\/a> (Ayuntamiento)<\/li><li><a href=\"https:\/\/www.facebook.com\/Turismo-Alcala-Del-Valle-499625976860297\/\" target=\"_blank\" rel=\"noreferrer noopener\">Facebook<\/a> (Turismo Alc\u00e1la del Valle)<\/li><li><a rel=\"noreferrer noopener\" href=\"https:\/\/www.alcaladelvalle.es\/ayuntamiento\/tel%C3%A9fonos-de-inter%C3%A9s\" target=\"_blank\">Tel\u00e9fonos de Inter\u00e9s<\/a><\/li><\/ul>\n\n\n\n<hr class=\"wp-block-separator has-text-color has-background has-green-background-color has-green-color\"\/>\n\n\n\n<h4 class=\"wp-block-heading\">No te pierdas!<\/h4>\n\n\n\n<h6 class=\"wp-block-heading\">Monasterio de Ca\u00f1os Santos<\/h6>\n\n\n\n<figure class=\"wp-block-image size-large\"><img loading=\"lazy\" decoding=\"async\" width=\"1024\" height=\"766\" src=\"https:\/\/grazalemaguide.com\/quehacerenlasierras\/wp-content\/uploads\/sites\/2\/2020\/07\/Monasterio-de-Ca\u00f1os-Santos.jpg\" alt=\"Ca\u00f1os Santos es el santuario a seis kil\u00f3metros de la localidad de Alcal\u00e1 del Valle\" class=\"wp-image-684\" srcset=\"https:\/\/grazalemaguide.com\/quehacerenlasierras\/wp-content\/uploads\/sites\/2\/2020\/07\/Monasterio-de-Ca\u00f1os-Santos.jpg 1024w, https:\/\/grazalemaguide.com\/quehacerenlasierras\/wp-content\/uploads\/sites\/2\/2020\/07\/Monasterio-de-Ca\u00f1os-Santos-300x224.jpg 300w, https:\/\/grazalemaguide.com\/quehacerenlasierras\/wp-content\/uploads\/sites\/2\/2020\/07\/Monasterio-de-Ca\u00f1os-Santos-768x575.jpg 768w\" sizes=\"auto, (max-width: 1024px) 100vw, 1024px\" \/><figcaption> Ca\u00f1os Santos es el santuario a seis kil\u00f3metros de la localidad, hacia donde se dirige la romer\u00eda cada comienzo de mayo. La propiedad del conjunto arquitect\u00f3nico es de Alcal\u00e1 del Valle, a pesar de que se encuentre situado dentro del t\u00e9rmino municipal de Olvera.<\/figcaption><\/figure>\n\n\n\n<p>El convento de Ca\u00f1os Santos se sit\u00faa en el t\u00e9rmino municipal de Olvera, Provincia de C\u00e1diz, (Espa\u00f1a) en un entorno de gran valor paisaj\u00edstico y es propiedad del ayuntamiento de Alcal\u00e1 del Valle. Remonta sus or\u00edgenes al siglo XVI cuando el Conde de Ure\u00f1a y Mor\u00f3n facilita tierras para la construcci\u00f3n de una ermita a Nuestra Se\u00f1ora de Ca\u00f1os Santos. Al aumentar la devoci\u00f3n de la feligres\u00eda se decidi\u00f3 labrar el Convento y Casa en 1542, aunque en su arquitectura se mezclan con la f\u00e1brica original importantes intervenciones de los siglos XVII y XVIII.<\/p>\n\n\n\n<p>Especial atenci\u00f3n merece la torre de la iglesia, que se levanta a un lado de la fachada. La planta de la misma es cuadrada en sus tres primeros cuerpos, mientras que el superior, que hace las veces de campanario, es octogonal. La decoraci\u00f3n es muy sencilla en los tres primeros cuerpos, y se limita a los elementos de separaci\u00f3n de cada uno de ellos. M\u00e1s interesante es la del campanario donde, adem\u00e1s de las pilastras angulares, se alternan vanos de medio punto y hornacinas que repiten los esquemas de la fachada.<\/p>\n\n\n\n<p><a href=\"https:\/\/es.wikipedia.org\/wiki\/Convento_de_Ca%C3%B1os_Santos\" target=\"_blank\" aria-label=\"undefined (opens in a new tab)\" rel=\"noreferrer noopener\">M\u00e1s informaci\u00f3n en Wikipedia.<\/a><\/p>\n\n\n\n<hr class=\"wp-block-separator has-text-color has-background has-green-background-color has-green-color\"\/>\n\n\n\n<h4 class=\"wp-block-heading\">Donde Alojarse en Alcal\u00e1 del Valle<\/h4>\n\n\n<p>[booking_product_helper shortname=&#8221;alcala&#8221;]<\/p>\n\n\n\n<hr class=\"wp-block-separator has-text-color has-background has-green-background-color has-green-color\"\/>\n\n\n\n<h6 class=\"wp-block-heading\">Grupo dolm\u00e9nico de la Dehesa del Tomillo<\/h6>\n\n\n\n<p>Al norte de dicha dehesa, se encuentra este yacimiento megal\u00edtico que, en 1983, fue excavado por el Museo Provincial de C\u00e1diz. <\/p>\n\n\n\n<figure class=\"wp-block-image size-large\"><img loading=\"lazy\" decoding=\"async\" width=\"1024\" height=\"766\" src=\"https:\/\/grazalemaguide.com\/quehacerenlasierras\/wp-content\/uploads\/sites\/2\/2020\/07\/Dolmen-Tomillos.jpg\" alt=\"Grupo dolm\u00e9nico de la Dehesa del Tomillo\" class=\"wp-image-692\" srcset=\"https:\/\/grazalemaguide.com\/quehacerenlasierras\/wp-content\/uploads\/sites\/2\/2020\/07\/Dolmen-Tomillos.jpg 1024w, https:\/\/grazalemaguide.com\/quehacerenlasierras\/wp-content\/uploads\/sites\/2\/2020\/07\/Dolmen-Tomillos-300x224.jpg 300w, https:\/\/grazalemaguide.com\/quehacerenlasierras\/wp-content\/uploads\/sites\/2\/2020\/07\/Dolmen-Tomillos-768x575.jpg 768w\" sizes=\"auto, (max-width: 1024px) 100vw, 1024px\" \/><figcaption>Grupo dolm\u00e9nico de la Dehesa del Tomillo<\/figcaption><\/figure>\n\n\n\n<p>Est\u00e1 conformado por enterramientos del Per\u00edodo Calcol\u00edtico, anterior al 2000 a. C. en el comienzo de la Edad de los Metales. Constituye una temprana muestra de poblaci\u00f3n en esta zona de la sierra gaditana. <\/p>\n\n\n\n<p>Se trata de un grupo de tres d\u00f3lmenes de corredor con cabecera: es decir, se componen de c\u00e1mara circular con entrada monol\u00edtica y corredor recto que hace de entrada. Son de dimensiones medianas, levantados con peque\u00f1os mampuesto, ortostatos y dinteles de gran tama\u00f1o. <\/p>\n\n\n\n<p>Se pueden relacionar con otros grupos de las \u00e1reas pr\u00f3ximas sevillana y malague\u00f1a. <\/p>\n\n\n\n<p>Tambi\u00e9n es destacable en este yacimiento un menhir, roca de extremo aguzado colocada verticalmente sobre un peque\u00f1o t\u00famulo de piedras, siendo el \u00fanico de este g\u00e9nero en la arquitectura megal\u00edtica de la provincia.<\/p>\n\n\n\n<hr class=\"wp-block-separator has-text-color has-background has-green-background-color has-green-color\"\/>\n\n\n\n<figure class=\"wp-block-image size-full is-resized\"><img loading=\"lazy\" decoding=\"async\" src=\"https:\/\/grazalemaguide.com\/quehacerenlasierras\/wp-content\/uploads\/sites\/2\/2020\/09\/Bares-en-Alcala-del-Valle.jpg\" alt=\"Bares en Alc\u00e1la del Valle\" class=\"wp-image-733\" width=\"600\" height=\"848\" srcset=\"https:\/\/grazalemaguide.com\/quehacerenlasierras\/wp-content\/uploads\/sites\/2\/2020\/09\/Bares-en-Alcala-del-Valle.jpg 800w, https:\/\/grazalemaguide.com\/quehacerenlasierras\/wp-content\/uploads\/sites\/2\/2020\/09\/Bares-en-Alcala-del-Valle-212x300.jpg 212w, https:\/\/grazalemaguide.com\/quehacerenlasierras\/wp-content\/uploads\/sites\/2\/2020\/09\/Bares-en-Alcala-del-Valle-724x1024.jpg 724w, https:\/\/grazalemaguide.com\/quehacerenlasierras\/wp-content\/uploads\/sites\/2\/2020\/09\/Bares-en-Alcala-del-Valle-768x1086.jpg 768w\" sizes=\"auto, (max-width: 600px) 100vw, 600px\" \/><figcaption>\u00a1Descubre los bares, cafeter\u00edas, restaurantes y pubs! <\/figcaption><\/figure>\n\n\n\n<hr class=\"wp-block-separator has-text-color has-background has-green-background-color has-green-color\"\/>\n\n\n\n<p>\u00bfQu\u00e9 hacer en las Sierras, Serran\u00edas y sus pueblos? <\/p>\n\n\n\n<p>Ferias, fiestas, recreaciones hist\u00f3ricas, rutas de tapas, teatro, rally, deportes, gu\u00edas y actividades<\/p>\n\n\n\n<p><a href=\"https:\/\/grazalemaguide.com\/quehacerenlasierras\/\">Ver el Calendario de Eventos aqui.<\/a><\/p>\n","protected":false},"excerpt":{"rendered":"<p>Foto de Alcal\u00e1 del Valle: Pepe Garc\u00eda (original aqui en facebook) Situada en el extremo nororiental de la provincia de C\u00e1diz, Alcal\u00e1 del Valle se encuentra enclavada en la zona occidental de la Serran\u00eda de Ronda, a cuya comarca natural pertenece, a 24 kil\u00f3metros de Ronda y a 155 kil\u00f3metros de C\u00e1diz. Se ubica vecina &hellip; <a href=\"https:\/\/grazalemaguide.com\/quehacerenlasierras\/alcala-del-valle\/\" class=\"more-link\">Continue reading <span class=\"screen-reader-text\">Alcal\u00e1 del Valle<\/span> <span class=\"meta-nav\">&rarr;<\/span><\/a><\/p>\n","protected":false},"author":1,"featured_media":155,"parent":0,"menu_order":0,"comment_status":"open","ping_status":"closed","template":"","meta":{"footnotes":""},"class_list":["post-153","page","type-page","status-publish","has-post-thumbnail","hentry"],"yoast_head":"<!-- This site is optimized with the Yoast SEO plugin v27.5 - https:\/\/yoast.com\/product\/yoast-seo-wordpress\/ -->\n<title>Alcal\u00e1 del Valle - Calendario de eventos en las sierras, serran\u00edas y sus pueblos<\/title>\n<meta name=\"description\" content=\"Situada en el extremo nororiental de la provincia de C\u00e1diz, Alcal\u00e1 del Valle se encuentra enclavada en la zona occidental de la Serran\u00eda de Ronda.\" \/>\n<meta name=\"robots\" content=\"index, follow, max-snippet:-1, max-image-preview:large, max-video-preview:-1\" \/>\n<link rel=\"canonical\" href=\"https:\/\/grazalemaguide.com\/quehacerenlasierras\/alcala-del-valle\/\" \/>\n<meta property=\"og:locale\" content=\"en_US\" \/>\n<meta property=\"og:type\" content=\"article\" \/>\n<meta property=\"og:title\" content=\"Alcal\u00e1 del Valle - Calendario de eventos en las sierras, serran\u00edas y sus pueblos\" \/>\n<meta property=\"og:description\" content=\"Situada en el extremo nororiental de la provincia de C\u00e1diz, Alcal\u00e1 del Valle se encuentra enclavada en la zona occidental de la Serran\u00eda de Ronda.\" \/>\n<meta property=\"og:url\" content=\"https:\/\/grazalemaguide.com\/quehacerenlasierras\/alcala-del-valle\/\" \/>\n<meta property=\"og:site_name\" content=\"Calendario de eventos en las sierras, serran\u00edas y sus pueblos\" \/>\n<meta property=\"article:publisher\" content=\"https:\/\/www.facebook.com\/wildsideholidays\/\" \/>\n<meta property=\"article:modified_time\" content=\"2020-09-29T08:56:14+00:00\" \/>\n<meta property=\"og:image\" content=\"https:\/\/grazalemaguide.com\/quehacerenlasierras\/wp-content\/uploads\/sites\/2\/2020\/05\/Alcala-del-Valle.jpg\" \/>\n\t<meta property=\"og:image:width\" content=\"800\" \/>\n\t<meta property=\"og:image:height\" content=\"315\" \/>\n\t<meta property=\"og:image:type\" content=\"image\/jpeg\" \/>\n<meta name=\"twitter:card\" content=\"summary_large_image\" \/>\n<meta name=\"twitter:site\" content=\"@GrazalemaGuide\" \/>\n<meta name=\"twitter:label1\" content=\"Est. reading time\" \/>\n\t<meta name=\"twitter:data1\" content=\"3 minutes\" \/>\n<script type=\"application\/ld+json\" class=\"yoast-schema-graph\">{\"@context\":\"https:\\\/\\\/schema.org\",\"@graph\":[{\"@type\":\"WebPage\",\"@id\":\"https:\\\/\\\/grazalemaguide.com\\\/quehacerenlasierras\\\/alcala-del-valle\\\/\",\"url\":\"https:\\\/\\\/grazalemaguide.com\\\/quehacerenlasierras\\\/alcala-del-valle\\\/\",\"name\":\"Alcal\u00e1 del Valle - Calendario de eventos en las sierras, serran\u00edas y sus pueblos\",\"isPartOf\":{\"@id\":\"https:\\\/\\\/grazalemaguide.com\\\/quehacerenlasierras\\\/#website\"},\"primaryImageOfPage\":{\"@id\":\"https:\\\/\\\/grazalemaguide.com\\\/quehacerenlasierras\\\/alcala-del-valle\\\/#primaryimage\"},\"image\":{\"@id\":\"https:\\\/\\\/grazalemaguide.com\\\/quehacerenlasierras\\\/alcala-del-valle\\\/#primaryimage\"},\"thumbnailUrl\":\"https:\\\/\\\/grazalemaguide.com\\\/quehacerenlasierras\\\/wp-content\\\/uploads\\\/sites\\\/2\\\/2020\\\/05\\\/Alcala-del-Valle.jpg\",\"datePublished\":\"2020-05-26T08:26:58+00:00\",\"dateModified\":\"2020-09-29T08:56:14+00:00\",\"description\":\"Situada en el extremo nororiental de la provincia de C\u00e1diz, Alcal\u00e1 del Valle se encuentra enclavada en la zona occidental de la Serran\u00eda de Ronda.\",\"breadcrumb\":{\"@id\":\"https:\\\/\\\/grazalemaguide.com\\\/quehacerenlasierras\\\/alcala-del-valle\\\/#breadcrumb\"},\"inLanguage\":\"en-US\",\"potentialAction\":[{\"@type\":\"ReadAction\",\"target\":[\"https:\\\/\\\/grazalemaguide.com\\\/quehacerenlasierras\\\/alcala-del-valle\\\/\"]}]},{\"@type\":\"ImageObject\",\"inLanguage\":\"en-US\",\"@id\":\"https:\\\/\\\/grazalemaguide.com\\\/quehacerenlasierras\\\/alcala-del-valle\\\/#primaryimage\",\"url\":\"https:\\\/\\\/grazalemaguide.com\\\/quehacerenlasierras\\\/wp-content\\\/uploads\\\/sites\\\/2\\\/2020\\\/05\\\/Alcala-del-Valle.jpg\",\"contentUrl\":\"https:\\\/\\\/grazalemaguide.com\\\/quehacerenlasierras\\\/wp-content\\\/uploads\\\/sites\\\/2\\\/2020\\\/05\\\/Alcala-del-Valle.jpg\",\"width\":800,\"height\":315,\"caption\":\"Alcala del Valle\"},{\"@type\":\"BreadcrumbList\",\"@id\":\"https:\\\/\\\/grazalemaguide.com\\\/quehacerenlasierras\\\/alcala-del-valle\\\/#breadcrumb\",\"itemListElement\":[{\"@type\":\"ListItem\",\"position\":1,\"name\":\"Home\",\"item\":\"https:\\\/\\\/grazalemaguide.com\\\/quehacerenlasierras\\\/\"},{\"@type\":\"ListItem\",\"position\":2,\"name\":\"Alcal\u00e1 del Valle\"}]},{\"@type\":\"WebSite\",\"@id\":\"https:\\\/\\\/grazalemaguide.com\\\/quehacerenlasierras\\\/#website\",\"url\":\"https:\\\/\\\/grazalemaguide.com\\\/quehacerenlasierras\\\/\",\"name\":\"Calendario de eventos en las sierras, serran\u00edas y sus pueblos\",\"description\":\"\u00bfQu\u00e9 hacer en las Sierras, Serran\u00edas y sus pueblos? Ferias, fiestas, recreaciones hist\u00f3ricas, rutas de tapas, teatro, rally, deportes, gu\u00edas y actividades\",\"publisher\":{\"@id\":\"https:\\\/\\\/grazalemaguide.com\\\/quehacerenlasierras\\\/#\\\/schema\\\/person\\\/f24688c26be666f9001ed7cb3d7d2e3a\"},\"potentialAction\":[{\"@type\":\"SearchAction\",\"target\":{\"@type\":\"EntryPoint\",\"urlTemplate\":\"https:\\\/\\\/grazalemaguide.com\\\/quehacerenlasierras\\\/?s={search_term_string}\"},\"query-input\":{\"@type\":\"PropertyValueSpecification\",\"valueRequired\":true,\"valueName\":\"search_term_string\"}}],\"inLanguage\":\"en-US\"},{\"@type\":[\"Person\",\"Organization\"],\"@id\":\"https:\\\/\\\/grazalemaguide.com\\\/quehacerenlasierras\\\/#\\\/schema\\\/person\\\/f24688c26be666f9001ed7cb3d7d2e3a\",\"name\":\"Clive Muir\",\"image\":{\"@type\":\"ImageObject\",\"inLanguage\":\"en-US\",\"@id\":\"https:\\\/\\\/secure.gravatar.com\\\/avatar\\\/0cd1ec277564b2e62b29d49d1c588efa39fbdeed25940f60cb667d96e5c29e1e?s=96&d=mm&r=g\",\"url\":\"https:\\\/\\\/secure.gravatar.com\\\/avatar\\\/0cd1ec277564b2e62b29d49d1c588efa39fbdeed25940f60cb667d96e5c29e1e?s=96&d=mm&r=g\",\"contentUrl\":\"https:\\\/\\\/secure.gravatar.com\\\/avatar\\\/0cd1ec277564b2e62b29d49d1c588efa39fbdeed25940f60cb667d96e5c29e1e?s=96&d=mm&r=g\",\"caption\":\"Clive Muir\"},\"logo\":{\"@id\":\"https:\\\/\\\/secure.gravatar.com\\\/avatar\\\/0cd1ec277564b2e62b29d49d1c588efa39fbdeed25940f60cb667d96e5c29e1e?s=96&d=mm&r=g\"},\"description\":\"I\u2019ve been living in this lovely area of Western Andalucia for the last 20 years or so and dedicate most of my time to the running of English language tourist information websites for the towns of C\u00e1diz, Ronda, Grazalema, the famous or infamous Caminito del Rey, and also Wildside Holidays, which promotes sustainable and eco-friendly businesses running wildlife and walking holidays in Spain. My articles contain affiliate links that will help you reserve a hotel, bus, train or activity in the area. You don't pay more, but by using them you do support this website. Thankyou!\",\"sameAs\":[\"https:\\\/\\\/grazalemaguide.com\\\/\",\"https:\\\/\\\/www.facebook.com\\\/wildsideholidays\\\/\",\"https:\\\/\\\/www.linkedin.com\\\/in\\\/wildsideholidays\\\/\",\"https:\\\/\\\/x.com\\\/https:\\\/\\\/twitter.com\\\/GrazalemaGuide\",\"https:\\\/\\\/www.youtube.com\\\/channel\\\/UC6VDf8hywG6O6F1wgMtfMDw\"]}]}<\/script>\n<!-- \/ Yoast SEO plugin. -->","yoast_head_json":{"title":"Alcal\u00e1 del Valle - Calendario de eventos en las sierras, serran\u00edas y sus pueblos","description":"Situada en el extremo nororiental de la provincia de C\u00e1diz, Alcal\u00e1 del Valle se encuentra enclavada en la zona occidental de la Serran\u00eda de Ronda.","robots":{"index":"index","follow":"follow","max-snippet":"max-snippet:-1","max-image-preview":"max-image-preview:large","max-video-preview":"max-video-preview:-1"},"canonical":"https:\/\/grazalemaguide.com\/quehacerenlasierras\/alcala-del-valle\/","og_locale":"en_US","og_type":"article","og_title":"Alcal\u00e1 del Valle - Calendario de eventos en las sierras, serran\u00edas y sus pueblos","og_description":"Situada en el extremo nororiental de la provincia de C\u00e1diz, Alcal\u00e1 del Valle se encuentra enclavada en la zona occidental de la Serran\u00eda de Ronda.","og_url":"https:\/\/grazalemaguide.com\/quehacerenlasierras\/alcala-del-valle\/","og_site_name":"Calendario de eventos en las sierras, serran\u00edas y sus pueblos","article_publisher":"https:\/\/www.facebook.com\/wildsideholidays\/","article_modified_time":"2020-09-29T08:56:14+00:00","og_image":[{"width":800,"height":315,"url":"https:\/\/grazalemaguide.com\/quehacerenlasierras\/wp-content\/uploads\/sites\/2\/2020\/05\/Alcala-del-Valle.jpg","type":"image\/jpeg"}],"twitter_card":"summary_large_image","twitter_site":"@GrazalemaGuide","twitter_misc":{"Est. reading time":"3 minutes"},"schema":{"@context":"https:\/\/schema.org","@graph":[{"@type":"WebPage","@id":"https:\/\/grazalemaguide.com\/quehacerenlasierras\/alcala-del-valle\/","url":"https:\/\/grazalemaguide.com\/quehacerenlasierras\/alcala-del-valle\/","name":"Alcal\u00e1 del Valle - Calendario de eventos en las sierras, serran\u00edas y sus pueblos","isPartOf":{"@id":"https:\/\/grazalemaguide.com\/quehacerenlasierras\/#website"},"primaryImageOfPage":{"@id":"https:\/\/grazalemaguide.com\/quehacerenlasierras\/alcala-del-valle\/#primaryimage"},"image":{"@id":"https:\/\/grazalemaguide.com\/quehacerenlasierras\/alcala-del-valle\/#primaryimage"},"thumbnailUrl":"https:\/\/grazalemaguide.com\/quehacerenlasierras\/wp-content\/uploads\/sites\/2\/2020\/05\/Alcala-del-Valle.jpg","datePublished":"2020-05-26T08:26:58+00:00","dateModified":"2020-09-29T08:56:14+00:00","description":"Situada en el extremo nororiental de la provincia de C\u00e1diz, Alcal\u00e1 del Valle se encuentra enclavada en la zona occidental de la Serran\u00eda de Ronda.","breadcrumb":{"@id":"https:\/\/grazalemaguide.com\/quehacerenlasierras\/alcala-del-valle\/#breadcrumb"},"inLanguage":"en-US","potentialAction":[{"@type":"ReadAction","target":["https:\/\/grazalemaguide.com\/quehacerenlasierras\/alcala-del-valle\/"]}]},{"@type":"ImageObject","inLanguage":"en-US","@id":"https:\/\/grazalemaguide.com\/quehacerenlasierras\/alcala-del-valle\/#primaryimage","url":"https:\/\/grazalemaguide.com\/quehacerenlasierras\/wp-content\/uploads\/sites\/2\/2020\/05\/Alcala-del-Valle.jpg","contentUrl":"https:\/\/grazalemaguide.com\/quehacerenlasierras\/wp-content\/uploads\/sites\/2\/2020\/05\/Alcala-del-Valle.jpg","width":800,"height":315,"caption":"Alcala del Valle"},{"@type":"BreadcrumbList","@id":"https:\/\/grazalemaguide.com\/quehacerenlasierras\/alcala-del-valle\/#breadcrumb","itemListElement":[{"@type":"ListItem","position":1,"name":"Home","item":"https:\/\/grazalemaguide.com\/quehacerenlasierras\/"},{"@type":"ListItem","position":2,"name":"Alcal\u00e1 del Valle"}]},{"@type":"WebSite","@id":"https:\/\/grazalemaguide.com\/quehacerenlasierras\/#website","url":"https:\/\/grazalemaguide.com\/quehacerenlasierras\/","name":"Calendario de eventos en las sierras, serran\u00edas y sus pueblos","description":"\u00bfQu\u00e9 hacer en las Sierras, Serran\u00edas y sus pueblos? Ferias, fiestas, recreaciones hist\u00f3ricas, rutas de tapas, teatro, rally, deportes, gu\u00edas y actividades","publisher":{"@id":"https:\/\/grazalemaguide.com\/quehacerenlasierras\/#\/schema\/person\/f24688c26be666f9001ed7cb3d7d2e3a"},"potentialAction":[{"@type":"SearchAction","target":{"@type":"EntryPoint","urlTemplate":"https:\/\/grazalemaguide.com\/quehacerenlasierras\/?s={search_term_string}"},"query-input":{"@type":"PropertyValueSpecification","valueRequired":true,"valueName":"search_term_string"}}],"inLanguage":"en-US"},{"@type":["Person","Organization"],"@id":"https:\/\/grazalemaguide.com\/quehacerenlasierras\/#\/schema\/person\/f24688c26be666f9001ed7cb3d7d2e3a","name":"Clive Muir","image":{"@type":"ImageObject","inLanguage":"en-US","@id":"https:\/\/secure.gravatar.com\/avatar\/0cd1ec277564b2e62b29d49d1c588efa39fbdeed25940f60cb667d96e5c29e1e?s=96&d=mm&r=g","url":"https:\/\/secure.gravatar.com\/avatar\/0cd1ec277564b2e62b29d49d1c588efa39fbdeed25940f60cb667d96e5c29e1e?s=96&d=mm&r=g","contentUrl":"https:\/\/secure.gravatar.com\/avatar\/0cd1ec277564b2e62b29d49d1c588efa39fbdeed25940f60cb667d96e5c29e1e?s=96&d=mm&r=g","caption":"Clive Muir"},"logo":{"@id":"https:\/\/secure.gravatar.com\/avatar\/0cd1ec277564b2e62b29d49d1c588efa39fbdeed25940f60cb667d96e5c29e1e?s=96&d=mm&r=g"},"description":"I\u2019ve been living in this lovely area of Western Andalucia for the last 20 years or so and dedicate most of my time to the running of English language tourist information websites for the towns of C\u00e1diz, Ronda, Grazalema, the famous or infamous Caminito del Rey, and also Wildside Holidays, which promotes sustainable and eco-friendly businesses running wildlife and walking holidays in Spain. My articles contain affiliate links that will help you reserve a hotel, bus, train or activity in the area. You don't pay more, but by using them you do support this website. Thankyou!","sameAs":["https:\/\/grazalemaguide.com\/","https:\/\/www.facebook.com\/wildsideholidays\/","https:\/\/www.linkedin.com\/in\/wildsideholidays\/","https:\/\/x.com\/https:\/\/twitter.com\/GrazalemaGuide","https:\/\/www.youtube.com\/channel\/UC6VDf8hywG6O6F1wgMtfMDw"]}]}},"_links":{"self":[{"href":"https:\/\/grazalemaguide.com\/quehacerenlasierras\/wp-json\/wp\/v2\/pages\/153","targetHints":{"allow":["GET"]}}],"collection":[{"href":"https:\/\/grazalemaguide.com\/quehacerenlasierras\/wp-json\/wp\/v2\/pages"}],"about":[{"href":"https:\/\/grazalemaguide.com\/quehacerenlasierras\/wp-json\/wp\/v2\/types\/page"}],"author":[{"embeddable":true,"href":"https:\/\/grazalemaguide.com\/quehacerenlasierras\/wp-json\/wp\/v2\/users\/1"}],"replies":[{"embeddable":true,"href":"https:\/\/grazalemaguide.com\/quehacerenlasierras\/wp-json\/wp\/v2\/comments?post=153"}],"version-history":[{"count":0,"href":"https:\/\/grazalemaguide.com\/quehacerenlasierras\/wp-json\/wp\/v2\/pages\/153\/revisions"}],"wp:featuredmedia":[{"embeddable":true,"href":"https:\/\/grazalemaguide.com\/quehacerenlasierras\/wp-json\/wp\/v2\/media\/155"}],"wp:attachment":[{"href":"https:\/\/grazalemaguide.com\/quehacerenlasierras\/wp-json\/wp\/v2\/media?parent=153"}],"curies":[{"name":"wp","href":"https:\/\/api.w.org\/{rel}","templated":true}]}}