{"id":183,"date":"2020-05-28T08:36:49","date_gmt":"2020-05-28T08:36:49","guid":{"rendered":"http:\/\/grazalemaguide.com\/quehacerenlasierradegrazalema\/?page_id=183"},"modified":"2020-06-10T10:47:00","modified_gmt":"2020-06-10T10:47:00","slug":"algamitas","status":"publish","type":"page","link":"https:\/\/grazalemaguide.com\/quehacerenlasierras\/algamitas\/","title":{"rendered":"Alg\u00e1mitas"},"content":{"rendered":"\n<div class=\"wp-block-group\"><div class=\"wp-block-group__inner-container is-layout-flow wp-block-group-is-layout-flow\">\n<div class=\"wp-block-image\"><figure class=\"alignleft size-large is-resized\"><img loading=\"lazy\" decoding=\"async\" src=\"http:\/\/grazalemaguide.com\/quehacerenlasierradegrazalema\/wp-content\/uploads\/sites\/2\/2020\/05\/escudo-algamitas-596x1024.jpg\" alt=\"Alg\u00e1mitas es un municipio espa\u00f1ol de la provincia de Sevilla, Andaluc\u00eda\" class=\"wp-image-185\" width=\"149\" height=\"256\" srcset=\"https:\/\/grazalemaguide.com\/quehacerenlasierras\/wp-content\/uploads\/sites\/2\/2020\/05\/escudo-algamitas-596x1024.jpg 596w, https:\/\/grazalemaguide.com\/quehacerenlasierras\/wp-content\/uploads\/sites\/2\/2020\/05\/escudo-algamitas-175x300.jpg 175w, https:\/\/grazalemaguide.com\/quehacerenlasierras\/wp-content\/uploads\/sites\/2\/2020\/05\/escudo-algamitas-768x1320.jpg 768w, https:\/\/grazalemaguide.com\/quehacerenlasierras\/wp-content\/uploads\/sites\/2\/2020\/05\/escudo-algamitas.jpg 800w\" sizes=\"auto, (max-width: 149px) 100vw, 149px\" \/><figcaption>Alg\u00e1mitas es un municipio espa\u00f1ol de la provincia de Sevilla, Andaluc\u00eda<\/figcaption><\/figure><\/div>\n\n\n\n<p>En el extremo suroriental de la provincia de Sevilla, pr\u00f3xima a la confluencia con los l\u00edmites de las provincias de C\u00e1diz y M\u00e1laga y en plena Sierra Sur sevillana se ubica la villa de Alg\u00e1mitas, a una altitud de 423 metros sobre el nivel del mar y en un rico y variado entorno natural.<\/p>\n<\/div><\/div>\n\n\n\n<p>Los or\u00edgenes de esta hermosa localidad, es posible que se remonten al periodo de expansi\u00f3n fenicia por todo el valle del Guadalquivir, si bien y seg\u00fan las tesis del Doctor Jer\u00f3nimo Pou, el Pe\u00f1\u00f3n de Alg\u00e1mitas debi\u00f3 verse habitado ya en tiempos prehist\u00f3ricos dada la existencia de un buen n\u00famero de cavernas adecuadas para tal fin.<\/p>\n\n\n\n<p>Tras el periodo \u00e1rabe, el poblado fue conquistado por las tropas cristianas pasando a depender del Se\u00f1or\u00edo de Pruna. En 1.482 se incorpor\u00f3 al Condado de Arc\u00e9s, quedando as\u00ed hasta el siglo XIX. A pesar de su remota fundaci\u00f3n, Alg\u00e1mitas estuvo despoblada durante centurias volviendo a renacer como municipio a mediados del siglo pasado durante el reinado de Isabel II.<\/p>\n\n\n\n<p>No resulta f\u00e1cil determinar la evoluci\u00f3n hist\u00f3rica del n\u00facleo urbano, dada su caracter\u00edstica estructura urbana y su relativa juventud como n\u00facleo. \u00danicamente puede se\u00f1alarse que, a partir de un n\u00facleo originario orientado b\u00e1sicamente de norte a sur se han producido recientes expansiones hacia el este en torno a la zona m\u00e1s central del n\u00facleo originario.<\/p>\n\n\n\n<p>La morfolog\u00eda de la trama urbana responde b\u00e1sicamente al modelo de pueblo-calle, con estructura lineal orientada en su zona central de norte a sur, pero que, dadas las tortuosidades de los caminos y carreteras propias de la sierra, la estructura se complejiza, al adaptarse la trama urbana al trazado de los mencionados caminos.<\/p>\n\n\n\n<p>\u00danicamente cabe destacar entre la arquitectura de la villa, la Iglesia del Dulce Nombre de Jes\u00fas, muy transformada recientemente y con escaso valor art\u00edstico, tanto en lo que es el propio edificio como en lo que se refiere a su mobiliario e imaginer\u00eda conservada en el interior.<\/p>\n\n\n\n<p><a href=\"https:\/\/es.wikipedia.org\/wiki\/Alg%C3%A1mitas\" target=\"_blank\" rel=\"noreferrer noopener\">M\u00e1s informaci\u00f3n Wikipedia<\/a><\/p>\n\n\n\n<h4 class=\"wp-block-heading\">Ayuntamiento de Alg\u00e1mitas<\/h4>\n\n\n\n<p><a href=\"http:\/\/www.algamitas.es\/\" target=\"_blank\" rel=\"noreferrer noopener\">http:\/\/www.algamitas.es\/<\/a><\/p>\n\n\n\n<p>Facebook: <a rel=\"noreferrer noopener\" href=\"https:\/\/www.facebook.com\/ayuntamientodealgamitas.sevilla\/\" target=\"_blank\">https:\/\/www.facebook.com\/ayuntamientodealgamitas.sevilla\/<\/a><\/p>\n\n\n\n<h2 class=\"wp-block-heading\">Hoteles y Alojamientos<\/h2>\n\n\n<p>[booking_product_helper shortname=&#8221;algamitas&#8221;]<\/p>\n\n\n\n<hr class=\"wp-block-separator has-text-color has-background has-green-background-color has-green-color\"\/>\n\n\n\n<h6 class=\"wp-block-heading\">\u00bfQu\u00e9 hacer en las Sierras, Serran\u00edas y sus pueblos? <\/h6>\n\n\n\n<p>Ferias, fiestas, recreaciones hist\u00f3ricas, rutas de tapas, teatro, rally, deportes, gu\u00edas y actividades<\/p>\n\n\n\n<p><a href=\"https:\/\/grazalemaguide.com\/quehacerenlasierras\/\">Ver el Calendario de Eventos aqui.<\/a><\/p>\n","protected":false},"excerpt":{"rendered":"<p>En el extremo suroriental de la provincia de Sevilla, pr\u00f3xima a la confluencia con los l\u00edmites de las provincias de C\u00e1diz y M\u00e1laga y en plena Sierra Sur sevillana se ubica la villa de Alg\u00e1mitas, a una altitud de 423 metros sobre el nivel del mar y en un rico y variado entorno natural. Los &hellip; <a href=\"https:\/\/grazalemaguide.com\/quehacerenlasierras\/algamitas\/\" class=\"more-link\">Continue reading <span class=\"screen-reader-text\">Alg\u00e1mitas<\/span> <span class=\"meta-nav\">&rarr;<\/span><\/a><\/p>\n","protected":false},"author":1,"featured_media":184,"parent":0,"menu_order":0,"comment_status":"open","ping_status":"closed","template":"","meta":{"footnotes":""},"class_list":["post-183","page","type-page","status-publish","has-post-thumbnail","hentry"],"yoast_head":"<!-- This site is optimized with the Yoast SEO plugin v27.4 - https:\/\/yoast.com\/product\/yoast-seo-wordpress\/ -->\n<title>Alg\u00e1mitas - Calendario de eventos en las sierras, serran\u00edas y sus pueblos<\/title>\n<meta name=\"description\" content=\"En la provincia de Sevilla, pr\u00f3xima a la confluencia con los l\u00edmites de las provincias de C\u00e1diz y M\u00e1laga se ubica la villa de Alg\u00e1mitas\" \/>\n<meta name=\"robots\" content=\"index, follow, max-snippet:-1, max-image-preview:large, max-video-preview:-1\" \/>\n<link rel=\"canonical\" href=\"https:\/\/grazalemaguide.com\/quehacerenlasierras\/algamitas\/\" \/>\n<meta property=\"og:locale\" content=\"en_US\" \/>\n<meta property=\"og:type\" content=\"article\" \/>\n<meta property=\"og:title\" content=\"Alg\u00e1mitas - Calendario de eventos en las sierras, serran\u00edas y sus pueblos\" \/>\n<meta property=\"og:description\" content=\"En la provincia de Sevilla, pr\u00f3xima a la confluencia con los l\u00edmites de las provincias de C\u00e1diz y M\u00e1laga se ubica la villa de Alg\u00e1mitas\" \/>\n<meta property=\"og:url\" content=\"https:\/\/grazalemaguide.com\/quehacerenlasierras\/algamitas\/\" \/>\n<meta property=\"og:site_name\" content=\"Calendario de eventos en las sierras, serran\u00edas y sus pueblos\" \/>\n<meta property=\"article:publisher\" content=\"https:\/\/www.facebook.com\/wildsideholidays\/\" \/>\n<meta property=\"article:modified_time\" content=\"2020-06-10T10:47:00+00:00\" \/>\n<meta property=\"og:image\" content=\"https:\/\/grazalemaguide.com\/quehacerenlasierras\/wp-content\/uploads\/sites\/2\/2020\/05\/alg\u00e1mitas.jpg\" \/>\n\t<meta property=\"og:image:width\" content=\"800\" \/>\n\t<meta property=\"og:image:height\" content=\"378\" \/>\n\t<meta property=\"og:image:type\" content=\"image\/jpeg\" \/>\n<meta name=\"twitter:card\" content=\"summary_large_image\" \/>\n<meta name=\"twitter:site\" content=\"@GrazalemaGuide\" \/>\n<meta name=\"twitter:label1\" content=\"Est. reading time\" \/>\n\t<meta name=\"twitter:data1\" content=\"2 minutes\" \/>\n<script type=\"application\/ld+json\" class=\"yoast-schema-graph\">{\"@context\":\"https:\\\/\\\/schema.org\",\"@graph\":[{\"@type\":\"WebPage\",\"@id\":\"https:\\\/\\\/grazalemaguide.com\\\/quehacerenlasierras\\\/algamitas\\\/\",\"url\":\"https:\\\/\\\/grazalemaguide.com\\\/quehacerenlasierras\\\/algamitas\\\/\",\"name\":\"Alg\u00e1mitas - Calendario de eventos en las sierras, serran\u00edas y sus pueblos\",\"isPartOf\":{\"@id\":\"https:\\\/\\\/grazalemaguide.com\\\/quehacerenlasierras\\\/#website\"},\"primaryImageOfPage\":{\"@id\":\"https:\\\/\\\/grazalemaguide.com\\\/quehacerenlasierras\\\/algamitas\\\/#primaryimage\"},\"image\":{\"@id\":\"https:\\\/\\\/grazalemaguide.com\\\/quehacerenlasierras\\\/algamitas\\\/#primaryimage\"},\"thumbnailUrl\":\"https:\\\/\\\/grazalemaguide.com\\\/quehacerenlasierras\\\/wp-content\\\/uploads\\\/sites\\\/2\\\/2020\\\/05\\\/alg\u00e1mitas.jpg\",\"datePublished\":\"2020-05-28T08:36:49+00:00\",\"dateModified\":\"2020-06-10T10:47:00+00:00\",\"description\":\"En la provincia de Sevilla, pr\u00f3xima a la confluencia con los l\u00edmites de las provincias de C\u00e1diz y M\u00e1laga se ubica la villa de Alg\u00e1mitas\",\"breadcrumb\":{\"@id\":\"https:\\\/\\\/grazalemaguide.com\\\/quehacerenlasierras\\\/algamitas\\\/#breadcrumb\"},\"inLanguage\":\"en-US\",\"potentialAction\":[{\"@type\":\"ReadAction\",\"target\":[\"https:\\\/\\\/grazalemaguide.com\\\/quehacerenlasierras\\\/algamitas\\\/\"]}]},{\"@type\":\"ImageObject\",\"inLanguage\":\"en-US\",\"@id\":\"https:\\\/\\\/grazalemaguide.com\\\/quehacerenlasierras\\\/algamitas\\\/#primaryimage\",\"url\":\"https:\\\/\\\/grazalemaguide.com\\\/quehacerenlasierras\\\/wp-content\\\/uploads\\\/sites\\\/2\\\/2020\\\/05\\\/alg\u00e1mitas.jpg\",\"contentUrl\":\"https:\\\/\\\/grazalemaguide.com\\\/quehacerenlasierras\\\/wp-content\\\/uploads\\\/sites\\\/2\\\/2020\\\/05\\\/alg\u00e1mitas.jpg\",\"width\":800,\"height\":378,\"caption\":\"Alg\u00e1mitas es un municipio espa\u00f1ol de la provincia de Sevilla, Andaluc\u00eda\"},{\"@type\":\"BreadcrumbList\",\"@id\":\"https:\\\/\\\/grazalemaguide.com\\\/quehacerenlasierras\\\/algamitas\\\/#breadcrumb\",\"itemListElement\":[{\"@type\":\"ListItem\",\"position\":1,\"name\":\"Home\",\"item\":\"https:\\\/\\\/grazalemaguide.com\\\/quehacerenlasierras\\\/\"},{\"@type\":\"ListItem\",\"position\":2,\"name\":\"Alg\u00e1mitas\"}]},{\"@type\":\"WebSite\",\"@id\":\"https:\\\/\\\/grazalemaguide.com\\\/quehacerenlasierras\\\/#website\",\"url\":\"https:\\\/\\\/grazalemaguide.com\\\/quehacerenlasierras\\\/\",\"name\":\"Calendario de eventos en las sierras, serran\u00edas y sus pueblos\",\"description\":\"\u00bfQu\u00e9 hacer en las Sierras, Serran\u00edas y sus pueblos? Ferias, fiestas, recreaciones hist\u00f3ricas, rutas de tapas, teatro, rally, deportes, gu\u00edas y actividades\",\"publisher\":{\"@id\":\"https:\\\/\\\/grazalemaguide.com\\\/quehacerenlasierras\\\/#\\\/schema\\\/person\\\/f24688c26be666f9001ed7cb3d7d2e3a\"},\"potentialAction\":[{\"@type\":\"SearchAction\",\"target\":{\"@type\":\"EntryPoint\",\"urlTemplate\":\"https:\\\/\\\/grazalemaguide.com\\\/quehacerenlasierras\\\/?s={search_term_string}\"},\"query-input\":{\"@type\":\"PropertyValueSpecification\",\"valueRequired\":true,\"valueName\":\"search_term_string\"}}],\"inLanguage\":\"en-US\"},{\"@type\":[\"Person\",\"Organization\"],\"@id\":\"https:\\\/\\\/grazalemaguide.com\\\/quehacerenlasierras\\\/#\\\/schema\\\/person\\\/f24688c26be666f9001ed7cb3d7d2e3a\",\"name\":\"Clive Muir\",\"image\":{\"@type\":\"ImageObject\",\"inLanguage\":\"en-US\",\"@id\":\"https:\\\/\\\/secure.gravatar.com\\\/avatar\\\/0cd1ec277564b2e62b29d49d1c588efa39fbdeed25940f60cb667d96e5c29e1e?s=96&d=mm&r=g\",\"url\":\"https:\\\/\\\/secure.gravatar.com\\\/avatar\\\/0cd1ec277564b2e62b29d49d1c588efa39fbdeed25940f60cb667d96e5c29e1e?s=96&d=mm&r=g\",\"contentUrl\":\"https:\\\/\\\/secure.gravatar.com\\\/avatar\\\/0cd1ec277564b2e62b29d49d1c588efa39fbdeed25940f60cb667d96e5c29e1e?s=96&d=mm&r=g\",\"caption\":\"Clive Muir\"},\"logo\":{\"@id\":\"https:\\\/\\\/secure.gravatar.com\\\/avatar\\\/0cd1ec277564b2e62b29d49d1c588efa39fbdeed25940f60cb667d96e5c29e1e?s=96&d=mm&r=g\"},\"description\":\"I\u2019ve been living in this lovely area of Western Andalucia for the last 20 years or so and dedicate most of my time to the running of English language tourist information websites for the towns of C\u00e1diz, Ronda, Grazalema, the famous or infamous Caminito del Rey, and also Wildside Holidays, which promotes sustainable and eco-friendly businesses running wildlife and walking holidays in Spain. My articles contain affiliate links that will help you reserve a hotel, bus, train or activity in the area. You don't pay more, but by using them you do support this website. Thankyou!\",\"sameAs\":[\"https:\\\/\\\/grazalemaguide.com\\\/\",\"https:\\\/\\\/www.facebook.com\\\/wildsideholidays\\\/\",\"https:\\\/\\\/www.linkedin.com\\\/in\\\/wildsideholidays\\\/\",\"https:\\\/\\\/x.com\\\/https:\\\/\\\/twitter.com\\\/GrazalemaGuide\",\"https:\\\/\\\/www.youtube.com\\\/channel\\\/UC6VDf8hywG6O6F1wgMtfMDw\"]}]}<\/script>\n<!-- \/ Yoast SEO plugin. -->","yoast_head_json":{"title":"Alg\u00e1mitas - Calendario de eventos en las sierras, serran\u00edas y sus pueblos","description":"En la provincia de Sevilla, pr\u00f3xima a la confluencia con los l\u00edmites de las provincias de C\u00e1diz y M\u00e1laga se ubica la villa de Alg\u00e1mitas","robots":{"index":"index","follow":"follow","max-snippet":"max-snippet:-1","max-image-preview":"max-image-preview:large","max-video-preview":"max-video-preview:-1"},"canonical":"https:\/\/grazalemaguide.com\/quehacerenlasierras\/algamitas\/","og_locale":"en_US","og_type":"article","og_title":"Alg\u00e1mitas - Calendario de eventos en las sierras, serran\u00edas y sus pueblos","og_description":"En la provincia de Sevilla, pr\u00f3xima a la confluencia con los l\u00edmites de las provincias de C\u00e1diz y M\u00e1laga se ubica la villa de Alg\u00e1mitas","og_url":"https:\/\/grazalemaguide.com\/quehacerenlasierras\/algamitas\/","og_site_name":"Calendario de eventos en las sierras, serran\u00edas y sus pueblos","article_publisher":"https:\/\/www.facebook.com\/wildsideholidays\/","article_modified_time":"2020-06-10T10:47:00+00:00","og_image":[{"width":800,"height":378,"url":"https:\/\/grazalemaguide.com\/quehacerenlasierras\/wp-content\/uploads\/sites\/2\/2020\/05\/alg\u00e1mitas.jpg","type":"image\/jpeg"}],"twitter_card":"summary_large_image","twitter_site":"@GrazalemaGuide","twitter_misc":{"Est. reading time":"2 minutes"},"schema":{"@context":"https:\/\/schema.org","@graph":[{"@type":"WebPage","@id":"https:\/\/grazalemaguide.com\/quehacerenlasierras\/algamitas\/","url":"https:\/\/grazalemaguide.com\/quehacerenlasierras\/algamitas\/","name":"Alg\u00e1mitas - Calendario de eventos en las sierras, serran\u00edas y sus pueblos","isPartOf":{"@id":"https:\/\/grazalemaguide.com\/quehacerenlasierras\/#website"},"primaryImageOfPage":{"@id":"https:\/\/grazalemaguide.com\/quehacerenlasierras\/algamitas\/#primaryimage"},"image":{"@id":"https:\/\/grazalemaguide.com\/quehacerenlasierras\/algamitas\/#primaryimage"},"thumbnailUrl":"https:\/\/grazalemaguide.com\/quehacerenlasierras\/wp-content\/uploads\/sites\/2\/2020\/05\/alg\u00e1mitas.jpg","datePublished":"2020-05-28T08:36:49+00:00","dateModified":"2020-06-10T10:47:00+00:00","description":"En la provincia de Sevilla, pr\u00f3xima a la confluencia con los l\u00edmites de las provincias de C\u00e1diz y M\u00e1laga se ubica la villa de Alg\u00e1mitas","breadcrumb":{"@id":"https:\/\/grazalemaguide.com\/quehacerenlasierras\/algamitas\/#breadcrumb"},"inLanguage":"en-US","potentialAction":[{"@type":"ReadAction","target":["https:\/\/grazalemaguide.com\/quehacerenlasierras\/algamitas\/"]}]},{"@type":"ImageObject","inLanguage":"en-US","@id":"https:\/\/grazalemaguide.com\/quehacerenlasierras\/algamitas\/#primaryimage","url":"https:\/\/grazalemaguide.com\/quehacerenlasierras\/wp-content\/uploads\/sites\/2\/2020\/05\/alg\u00e1mitas.jpg","contentUrl":"https:\/\/grazalemaguide.com\/quehacerenlasierras\/wp-content\/uploads\/sites\/2\/2020\/05\/alg\u00e1mitas.jpg","width":800,"height":378,"caption":"Alg\u00e1mitas es un municipio espa\u00f1ol de la provincia de Sevilla, Andaluc\u00eda"},{"@type":"BreadcrumbList","@id":"https:\/\/grazalemaguide.com\/quehacerenlasierras\/algamitas\/#breadcrumb","itemListElement":[{"@type":"ListItem","position":1,"name":"Home","item":"https:\/\/grazalemaguide.com\/quehacerenlasierras\/"},{"@type":"ListItem","position":2,"name":"Alg\u00e1mitas"}]},{"@type":"WebSite","@id":"https:\/\/grazalemaguide.com\/quehacerenlasierras\/#website","url":"https:\/\/grazalemaguide.com\/quehacerenlasierras\/","name":"Calendario de eventos en las sierras, serran\u00edas y sus pueblos","description":"\u00bfQu\u00e9 hacer en las Sierras, Serran\u00edas y sus pueblos? Ferias, fiestas, recreaciones hist\u00f3ricas, rutas de tapas, teatro, rally, deportes, gu\u00edas y actividades","publisher":{"@id":"https:\/\/grazalemaguide.com\/quehacerenlasierras\/#\/schema\/person\/f24688c26be666f9001ed7cb3d7d2e3a"},"potentialAction":[{"@type":"SearchAction","target":{"@type":"EntryPoint","urlTemplate":"https:\/\/grazalemaguide.com\/quehacerenlasierras\/?s={search_term_string}"},"query-input":{"@type":"PropertyValueSpecification","valueRequired":true,"valueName":"search_term_string"}}],"inLanguage":"en-US"},{"@type":["Person","Organization"],"@id":"https:\/\/grazalemaguide.com\/quehacerenlasierras\/#\/schema\/person\/f24688c26be666f9001ed7cb3d7d2e3a","name":"Clive Muir","image":{"@type":"ImageObject","inLanguage":"en-US","@id":"https:\/\/secure.gravatar.com\/avatar\/0cd1ec277564b2e62b29d49d1c588efa39fbdeed25940f60cb667d96e5c29e1e?s=96&d=mm&r=g","url":"https:\/\/secure.gravatar.com\/avatar\/0cd1ec277564b2e62b29d49d1c588efa39fbdeed25940f60cb667d96e5c29e1e?s=96&d=mm&r=g","contentUrl":"https:\/\/secure.gravatar.com\/avatar\/0cd1ec277564b2e62b29d49d1c588efa39fbdeed25940f60cb667d96e5c29e1e?s=96&d=mm&r=g","caption":"Clive Muir"},"logo":{"@id":"https:\/\/secure.gravatar.com\/avatar\/0cd1ec277564b2e62b29d49d1c588efa39fbdeed25940f60cb667d96e5c29e1e?s=96&d=mm&r=g"},"description":"I\u2019ve been living in this lovely area of Western Andalucia for the last 20 years or so and dedicate most of my time to the running of English language tourist information websites for the towns of C\u00e1diz, Ronda, Grazalema, the famous or infamous Caminito del Rey, and also Wildside Holidays, which promotes sustainable and eco-friendly businesses running wildlife and walking holidays in Spain. My articles contain affiliate links that will help you reserve a hotel, bus, train or activity in the area. You don't pay more, but by using them you do support this website. Thankyou!","sameAs":["https:\/\/grazalemaguide.com\/","https:\/\/www.facebook.com\/wildsideholidays\/","https:\/\/www.linkedin.com\/in\/wildsideholidays\/","https:\/\/x.com\/https:\/\/twitter.com\/GrazalemaGuide","https:\/\/www.youtube.com\/channel\/UC6VDf8hywG6O6F1wgMtfMDw"]}]}},"_links":{"self":[{"href":"https:\/\/grazalemaguide.com\/quehacerenlasierras\/wp-json\/wp\/v2\/pages\/183","targetHints":{"allow":["GET"]}}],"collection":[{"href":"https:\/\/grazalemaguide.com\/quehacerenlasierras\/wp-json\/wp\/v2\/pages"}],"about":[{"href":"https:\/\/grazalemaguide.com\/quehacerenlasierras\/wp-json\/wp\/v2\/types\/page"}],"author":[{"embeddable":true,"href":"https:\/\/grazalemaguide.com\/quehacerenlasierras\/wp-json\/wp\/v2\/users\/1"}],"replies":[{"embeddable":true,"href":"https:\/\/grazalemaguide.com\/quehacerenlasierras\/wp-json\/wp\/v2\/comments?post=183"}],"version-history":[{"count":0,"href":"https:\/\/grazalemaguide.com\/quehacerenlasierras\/wp-json\/wp\/v2\/pages\/183\/revisions"}],"wp:featuredmedia":[{"embeddable":true,"href":"https:\/\/grazalemaguide.com\/quehacerenlasierras\/wp-json\/wp\/v2\/media\/184"}],"wp:attachment":[{"href":"https:\/\/grazalemaguide.com\/quehacerenlasierras\/wp-json\/wp\/v2\/media?parent=183"}],"curies":[{"name":"wp","href":"https:\/\/api.w.org\/{rel}","templated":true}]}}