{"id":279,"date":"2020-06-10T15:03:44","date_gmt":"2020-06-10T15:03:44","guid":{"rendered":"http:\/\/grazalemaguide.com\/quehacerenlasierras\/?page_id=279"},"modified":"2020-06-11T08:43:08","modified_gmt":"2020-06-11T08:43:08","slug":"arriate","status":"publish","type":"page","link":"https:\/\/grazalemaguide.com\/quehacerenlasierras\/arriate\/","title":{"rendered":"Arriate"},"content":{"rendered":"\n<div class=\"wp-block-image\"><figure class=\"alignleft size-large is-resized\"><img loading=\"lazy\" decoding=\"async\" src=\"https:\/\/grazalemaguide.com\/quehacerenlasierras\/wp-content\/uploads\/sites\/2\/2020\/06\/Escudo-Arriate.jpg\" alt=\"Arriate (del \u00e1rabe Arriadh, &quot;los vergeles&quot;)\" class=\"wp-image-281\" width=\"160\" height=\"284\" srcset=\"https:\/\/grazalemaguide.com\/quehacerenlasierras\/wp-content\/uploads\/sites\/2\/2020\/06\/Escudo-Arriate.jpg 320w, https:\/\/grazalemaguide.com\/quehacerenlasierras\/wp-content\/uploads\/sites\/2\/2020\/06\/Escudo-Arriate-169x300.jpg 169w\" sizes=\"auto, (max-width: 160px) 100vw, 160px\" \/><figcaption>Escudo de Arriate (del \u00e1rabe Arriadh, &#8220;los vergeles&#8221;)<\/figcaption><\/figure><\/div>\n\n\n\n<p>Arriate (<em>del \u00e1rabe Arriadh, &#8220;los vergeles&#8221;<\/em>) es un municipio en la provincia de M\u00e1laga. Situado en el oeste de la provincia siendo una de las poblaciones que conforman la comarca de la Serran\u00eda de Ronda.<\/p>\n\n\n\n<p>La gastronom\u00eda t\u00edpica de Arriate consta de platos elaborados de chacina, como el Chorizo en manteca, la morcilla o las manitas de cerdo. Tambi\u00e9n t\u00edpico de este lugar son las migas, la mistela, el salmorejo, la olla o el conejo al ajillo.<\/p>\n\n\n\n<p>Arriate goza de de un entorno privilegiado, con un excelente tel\u00f3n de fondo (Valle del Guadalcobac\u00edn) sobre el que destaca la sierra de las Cumbres (911 m.) y el Cerro de las Salinas (954 m.).<\/p>\n\n\n\n<h6 class=\"wp-block-heading\">Senderismo y m\u00e1s<\/h6>\n\n\n\n<p>Este majestuoso enclave ofrece al visitante m\u00faltiples posibilidades; si se opta por un paseo por el valle y sus alrededores se gozar\u00e1 de la naturaleza en su m\u00e1ximo explendor. <\/p>\n\n\n\n<p>Existen varios itinerarios de senderismo de diversa dificultad, destacando el camino hacia el Puente de la Ventilla, pasando por el enclave natural de Arroyo Oscuro, o el camino de Montejaque, tambi\u00e9n conocido como Ribera de Don Rodrigo, desde el que puede desviarse y pasar incluso por las ruinas romanas de Acinipo (Ronda la Vieja). Dependiendo de las exigencias del senderista, cada cual encontrar\u00e1 el itinerario adecuado.Iglesia de San Juan de Letr\u00e1n<\/p>\n\n\n\n<p>Si, por el contrario, el viajero desea callejear por el pueblo, se va a encontrar con un entramado de calles que facilitan un agradable paseo. Recomendamos bordear la ribera del r\u00edo, subiendo al mirador de &#8220;la Estac\u00e1&#8221;, desde donde se podr\u00e1 disfrutar de preciosas vistas. Tambi\u00e9n tendr\u00e1 buenas panor\u00e1micas desde el mirador de calle la habana.<\/p>\n\n\n\n<p>Podr\u00e1 admirar, mientras pasea, por ejemplo, las artesanales puertas de madera, elaborada en la localidad por un amplio gremio de excelentes carpinteros que elaboran a su vez toda clase de muebles y cuentan con una merecida fama en toda la comarca.<\/p>\n\n\n\n<p>Arriate, pueblo que va creciendo ordenadamente, se est\u00e1 convirtiendo en la residencia de parejas j\u00f3venes y de extranjeros que eligen nuestro pueblo por su alta calidad de vida. Sus nuevas urbanizaciones atraen a vecinos de las localidades pr\u00f3ximas que est\u00e1n haciendo crecer el censo de habitantes, en un \u00edndice de m\u00e1s del 20 % desde la \u00faltima implantaci\u00f3n del nuevo Padr\u00f3n de Habitantes.<\/p>\n\n\n\n<h6 class=\"wp-block-heading\">Fiestas<\/h6>\n\n\n\n<ul class=\"wp-block-list\"><li>Partir la vieja: 14 d\u00edas antes del Domingo de Ramos<\/li><li>Romer\u00eda: Primer s\u00e1bado de mayo, salvo que \u00e9ste coincida con el 1\u00ba de mayo D\u00eda Del Trabajador .<\/li><li>Corpus de Arriate: 29 de junio.<\/li><li>Feria: Semana que contiene el 28\/29 de junio.<\/li><li>La Fiesta en el aire: Octubre.<\/li><li>Los Tostones: D\u00eda de Todos los Santos (1 de noviembre).<\/li><li>Semana Santa<\/li><li>Viernes Cristo: marzo-abril.<\/li><li>Domingo Jes\u00fas: marzo.<\/li><\/ul>\n\n\n\n<h6 class=\"wp-block-heading\">Ayuntamiento de Arriate<\/h6>\n\n\n\n<p>Web:<a rel=\"noreferrer noopener\" href=\"http:\/\/www.arriate.es\/\" target=\"_blank\"> http:\/\/www.arriate.es\/<\/a><br>Facebook: <a rel=\"noreferrer noopener\" href=\"https:\/\/www.facebook.com\/Ayuntamiento-de-Arriate-1597363007222529\/\" target=\"_blank\">https:\/\/www.facebook.com\/Ayuntamiento-de-Arriate-1597363007222529\/<\/a><\/p>\n\n\n\n<hr class=\"wp-block-separator has-text-color has-background has-green-background-color has-green-color\"\/>\n\n\n\n<h4 class=\"wp-block-heading\">\u00bfDonde Alojarse en Arriate?<\/h4>\n\n\n<p>[booking_product_helper shortname=&#8221;arriate&#8221;]<\/p>\n\n\n\n<hr class=\"wp-block-separator has-text-color has-background has-green-background-color has-green-color\"\/>\n\n\n\n<p>\u00bfQu\u00e9 hacer en las Sierras, Serran\u00edas y sus pueblos?<\/p>\n\n\n\n<p>Ferias, fiestas, recreaciones hist\u00f3ricas, rutas de tapas, teatro, rally, deportes, gu\u00edas y actividades<\/p>\n\n\n\n<p><a href=\"https:\/\/grazalemaguide.com\/quehacerenlasierras\/\">Ver el Calendario de Eventos aqui.<\/a><\/p>\n","protected":false},"excerpt":{"rendered":"<p>Arriate (del \u00e1rabe Arriadh, &#8220;los vergeles&#8221;) es un municipio en la provincia de M\u00e1laga. Situado en el oeste de la provincia siendo una de las poblaciones que conforman la comarca de la Serran\u00eda de Ronda. La gastronom\u00eda t\u00edpica de Arriate consta de platos elaborados de chacina, como el Chorizo en manteca, la morcilla o las &hellip; <a href=\"https:\/\/grazalemaguide.com\/quehacerenlasierras\/arriate\/\" class=\"more-link\">Continue reading <span class=\"screen-reader-text\">Arriate<\/span> <span class=\"meta-nav\">&rarr;<\/span><\/a><\/p>\n","protected":false},"author":1,"featured_media":282,"parent":0,"menu_order":0,"comment_status":"open","ping_status":"closed","template":"","meta":{"footnotes":""},"class_list":["post-279","page","type-page","status-publish","has-post-thumbnail","hentry"],"yoast_head":"<!-- This site is optimized with the Yoast SEO plugin v27.3 - https:\/\/yoast.com\/product\/yoast-seo-wordpress\/ -->\n<title>Arriate - Calendario de eventos en las sierras, serran\u00edas y sus pueblos<\/title>\n<meta name=\"description\" content=\"Arriate (del \u00e1rabe Arriadh, &quot;los vergeles&quot;) siendo una de las poblaciones que conforman la comarca de la Serran\u00eda de Ronda\" \/>\n<meta name=\"robots\" content=\"index, follow, max-snippet:-1, max-image-preview:large, max-video-preview:-1\" \/>\n<link rel=\"canonical\" href=\"https:\/\/grazalemaguide.com\/quehacerenlasierras\/arriate\/\" \/>\n<meta property=\"og:locale\" content=\"en_US\" \/>\n<meta property=\"og:type\" content=\"article\" \/>\n<meta property=\"og:title\" content=\"Arriate - Calendario de eventos en las sierras, serran\u00edas y sus pueblos\" \/>\n<meta property=\"og:description\" content=\"Arriate (del \u00e1rabe Arriadh, &quot;los vergeles&quot;) siendo una de las poblaciones que conforman la comarca de la Serran\u00eda de Ronda\" \/>\n<meta property=\"og:url\" content=\"https:\/\/grazalemaguide.com\/quehacerenlasierras\/arriate\/\" \/>\n<meta property=\"og:site_name\" content=\"Calendario de eventos en las sierras, serran\u00edas y sus pueblos\" \/>\n<meta property=\"article:publisher\" content=\"https:\/\/www.facebook.com\/wildsideholidays\/\" \/>\n<meta property=\"article:modified_time\" content=\"2020-06-11T08:43:08+00:00\" \/>\n<meta property=\"og:image\" content=\"https:\/\/grazalemaguide.com\/quehacerenlasierras\/wp-content\/uploads\/sites\/2\/2020\/06\/Arriate.jpg\" \/>\n\t<meta property=\"og:image:width\" content=\"1024\" \/>\n\t<meta property=\"og:image:height\" content=\"412\" \/>\n\t<meta property=\"og:image:type\" content=\"image\/jpeg\" \/>\n<meta name=\"twitter:card\" content=\"summary_large_image\" \/>\n<meta name=\"twitter:site\" content=\"@GrazalemaGuide\" \/>\n<meta name=\"twitter:label1\" content=\"Est. reading time\" \/>\n\t<meta name=\"twitter:data1\" content=\"3 minutes\" \/>\n<script type=\"application\/ld+json\" class=\"yoast-schema-graph\">{\"@context\":\"https:\\\/\\\/schema.org\",\"@graph\":[{\"@type\":\"WebPage\",\"@id\":\"https:\\\/\\\/grazalemaguide.com\\\/quehacerenlasierras\\\/arriate\\\/\",\"url\":\"https:\\\/\\\/grazalemaguide.com\\\/quehacerenlasierras\\\/arriate\\\/\",\"name\":\"Arriate - Calendario de eventos en las sierras, serran\u00edas y sus pueblos\",\"isPartOf\":{\"@id\":\"https:\\\/\\\/grazalemaguide.com\\\/quehacerenlasierras\\\/#website\"},\"primaryImageOfPage\":{\"@id\":\"https:\\\/\\\/grazalemaguide.com\\\/quehacerenlasierras\\\/arriate\\\/#primaryimage\"},\"image\":{\"@id\":\"https:\\\/\\\/grazalemaguide.com\\\/quehacerenlasierras\\\/arriate\\\/#primaryimage\"},\"thumbnailUrl\":\"https:\\\/\\\/grazalemaguide.com\\\/quehacerenlasierras\\\/wp-content\\\/uploads\\\/sites\\\/2\\\/2020\\\/06\\\/Arriate.jpg\",\"datePublished\":\"2020-06-10T15:03:44+00:00\",\"dateModified\":\"2020-06-11T08:43:08+00:00\",\"description\":\"Arriate (del \u00e1rabe Arriadh, \\\"los vergeles\\\") siendo una de las poblaciones que conforman la comarca de la Serran\u00eda de Ronda\",\"breadcrumb\":{\"@id\":\"https:\\\/\\\/grazalemaguide.com\\\/quehacerenlasierras\\\/arriate\\\/#breadcrumb\"},\"inLanguage\":\"en-US\",\"potentialAction\":[{\"@type\":\"ReadAction\",\"target\":[\"https:\\\/\\\/grazalemaguide.com\\\/quehacerenlasierras\\\/arriate\\\/\"]}]},{\"@type\":\"ImageObject\",\"inLanguage\":\"en-US\",\"@id\":\"https:\\\/\\\/grazalemaguide.com\\\/quehacerenlasierras\\\/arriate\\\/#primaryimage\",\"url\":\"https:\\\/\\\/grazalemaguide.com\\\/quehacerenlasierras\\\/wp-content\\\/uploads\\\/sites\\\/2\\\/2020\\\/06\\\/Arriate.jpg\",\"contentUrl\":\"https:\\\/\\\/grazalemaguide.com\\\/quehacerenlasierras\\\/wp-content\\\/uploads\\\/sites\\\/2\\\/2020\\\/06\\\/Arriate.jpg\",\"width\":1024,\"height\":412,\"caption\":\"Arriate (del \u00e1rabe Arriadh, \\\"los vergeles\\\") es un municipio en la provincia de M\u00e1laga. Situado en el oeste de la provincia siendo una de las poblaciones que conforman la comarca de la Serran\u00eda de Ronda.\"},{\"@type\":\"BreadcrumbList\",\"@id\":\"https:\\\/\\\/grazalemaguide.com\\\/quehacerenlasierras\\\/arriate\\\/#breadcrumb\",\"itemListElement\":[{\"@type\":\"ListItem\",\"position\":1,\"name\":\"Home\",\"item\":\"https:\\\/\\\/grazalemaguide.com\\\/quehacerenlasierras\\\/\"},{\"@type\":\"ListItem\",\"position\":2,\"name\":\"Arriate\"}]},{\"@type\":\"WebSite\",\"@id\":\"https:\\\/\\\/grazalemaguide.com\\\/quehacerenlasierras\\\/#website\",\"url\":\"https:\\\/\\\/grazalemaguide.com\\\/quehacerenlasierras\\\/\",\"name\":\"Calendario de eventos en las sierras, serran\u00edas y sus pueblos\",\"description\":\"\u00bfQu\u00e9 hacer en las Sierras, Serran\u00edas y sus pueblos? Ferias, fiestas, recreaciones hist\u00f3ricas, rutas de tapas, teatro, rally, deportes, gu\u00edas y actividades\",\"publisher\":{\"@id\":\"https:\\\/\\\/grazalemaguide.com\\\/quehacerenlasierras\\\/#\\\/schema\\\/person\\\/f24688c26be666f9001ed7cb3d7d2e3a\"},\"potentialAction\":[{\"@type\":\"SearchAction\",\"target\":{\"@type\":\"EntryPoint\",\"urlTemplate\":\"https:\\\/\\\/grazalemaguide.com\\\/quehacerenlasierras\\\/?s={search_term_string}\"},\"query-input\":{\"@type\":\"PropertyValueSpecification\",\"valueRequired\":true,\"valueName\":\"search_term_string\"}}],\"inLanguage\":\"en-US\"},{\"@type\":[\"Person\",\"Organization\"],\"@id\":\"https:\\\/\\\/grazalemaguide.com\\\/quehacerenlasierras\\\/#\\\/schema\\\/person\\\/f24688c26be666f9001ed7cb3d7d2e3a\",\"name\":\"Clive Muir\",\"image\":{\"@type\":\"ImageObject\",\"inLanguage\":\"en-US\",\"@id\":\"https:\\\/\\\/secure.gravatar.com\\\/avatar\\\/0cd1ec277564b2e62b29d49d1c588efa39fbdeed25940f60cb667d96e5c29e1e?s=96&d=mm&r=g\",\"url\":\"https:\\\/\\\/secure.gravatar.com\\\/avatar\\\/0cd1ec277564b2e62b29d49d1c588efa39fbdeed25940f60cb667d96e5c29e1e?s=96&d=mm&r=g\",\"contentUrl\":\"https:\\\/\\\/secure.gravatar.com\\\/avatar\\\/0cd1ec277564b2e62b29d49d1c588efa39fbdeed25940f60cb667d96e5c29e1e?s=96&d=mm&r=g\",\"caption\":\"Clive Muir\"},\"logo\":{\"@id\":\"https:\\\/\\\/secure.gravatar.com\\\/avatar\\\/0cd1ec277564b2e62b29d49d1c588efa39fbdeed25940f60cb667d96e5c29e1e?s=96&d=mm&r=g\"},\"description\":\"I\u2019ve been living in this lovely area of Western Andalucia for the last 20 years or so and dedicate most of my time to the running of English language tourist information websites for the towns of C\u00e1diz, Ronda, Grazalema, the famous or infamous Caminito del Rey, and also Wildside Holidays, which promotes sustainable and eco-friendly businesses running wildlife and walking holidays in Spain. My articles contain affiliate links that will help you reserve a hotel, bus, train or activity in the area. You don't pay more, but by using them you do support this website. Thankyou!\",\"sameAs\":[\"https:\\\/\\\/grazalemaguide.com\\\/\",\"https:\\\/\\\/www.facebook.com\\\/wildsideholidays\\\/\",\"https:\\\/\\\/www.linkedin.com\\\/in\\\/wildsideholidays\\\/\",\"https:\\\/\\\/x.com\\\/https:\\\/\\\/twitter.com\\\/GrazalemaGuide\",\"https:\\\/\\\/www.youtube.com\\\/channel\\\/UC6VDf8hywG6O6F1wgMtfMDw\"]}]}<\/script>\n<!-- \/ Yoast SEO plugin. -->","yoast_head_json":{"title":"Arriate - Calendario de eventos en las sierras, serran\u00edas y sus pueblos","description":"Arriate (del \u00e1rabe Arriadh, \"los vergeles\") siendo una de las poblaciones que conforman la comarca de la Serran\u00eda de Ronda","robots":{"index":"index","follow":"follow","max-snippet":"max-snippet:-1","max-image-preview":"max-image-preview:large","max-video-preview":"max-video-preview:-1"},"canonical":"https:\/\/grazalemaguide.com\/quehacerenlasierras\/arriate\/","og_locale":"en_US","og_type":"article","og_title":"Arriate - Calendario de eventos en las sierras, serran\u00edas y sus pueblos","og_description":"Arriate (del \u00e1rabe Arriadh, \"los vergeles\") siendo una de las poblaciones que conforman la comarca de la Serran\u00eda de Ronda","og_url":"https:\/\/grazalemaguide.com\/quehacerenlasierras\/arriate\/","og_site_name":"Calendario de eventos en las sierras, serran\u00edas y sus pueblos","article_publisher":"https:\/\/www.facebook.com\/wildsideholidays\/","article_modified_time":"2020-06-11T08:43:08+00:00","og_image":[{"width":1024,"height":412,"url":"https:\/\/grazalemaguide.com\/quehacerenlasierras\/wp-content\/uploads\/sites\/2\/2020\/06\/Arriate.jpg","type":"image\/jpeg"}],"twitter_card":"summary_large_image","twitter_site":"@GrazalemaGuide","twitter_misc":{"Est. reading time":"3 minutes"},"schema":{"@context":"https:\/\/schema.org","@graph":[{"@type":"WebPage","@id":"https:\/\/grazalemaguide.com\/quehacerenlasierras\/arriate\/","url":"https:\/\/grazalemaguide.com\/quehacerenlasierras\/arriate\/","name":"Arriate - Calendario de eventos en las sierras, serran\u00edas y sus pueblos","isPartOf":{"@id":"https:\/\/grazalemaguide.com\/quehacerenlasierras\/#website"},"primaryImageOfPage":{"@id":"https:\/\/grazalemaguide.com\/quehacerenlasierras\/arriate\/#primaryimage"},"image":{"@id":"https:\/\/grazalemaguide.com\/quehacerenlasierras\/arriate\/#primaryimage"},"thumbnailUrl":"https:\/\/grazalemaguide.com\/quehacerenlasierras\/wp-content\/uploads\/sites\/2\/2020\/06\/Arriate.jpg","datePublished":"2020-06-10T15:03:44+00:00","dateModified":"2020-06-11T08:43:08+00:00","description":"Arriate (del \u00e1rabe Arriadh, \"los vergeles\") siendo una de las poblaciones que conforman la comarca de la Serran\u00eda de Ronda","breadcrumb":{"@id":"https:\/\/grazalemaguide.com\/quehacerenlasierras\/arriate\/#breadcrumb"},"inLanguage":"en-US","potentialAction":[{"@type":"ReadAction","target":["https:\/\/grazalemaguide.com\/quehacerenlasierras\/arriate\/"]}]},{"@type":"ImageObject","inLanguage":"en-US","@id":"https:\/\/grazalemaguide.com\/quehacerenlasierras\/arriate\/#primaryimage","url":"https:\/\/grazalemaguide.com\/quehacerenlasierras\/wp-content\/uploads\/sites\/2\/2020\/06\/Arriate.jpg","contentUrl":"https:\/\/grazalemaguide.com\/quehacerenlasierras\/wp-content\/uploads\/sites\/2\/2020\/06\/Arriate.jpg","width":1024,"height":412,"caption":"Arriate (del \u00e1rabe Arriadh, \"los vergeles\") es un municipio en la provincia de M\u00e1laga. Situado en el oeste de la provincia siendo una de las poblaciones que conforman la comarca de la Serran\u00eda de Ronda."},{"@type":"BreadcrumbList","@id":"https:\/\/grazalemaguide.com\/quehacerenlasierras\/arriate\/#breadcrumb","itemListElement":[{"@type":"ListItem","position":1,"name":"Home","item":"https:\/\/grazalemaguide.com\/quehacerenlasierras\/"},{"@type":"ListItem","position":2,"name":"Arriate"}]},{"@type":"WebSite","@id":"https:\/\/grazalemaguide.com\/quehacerenlasierras\/#website","url":"https:\/\/grazalemaguide.com\/quehacerenlasierras\/","name":"Calendario de eventos en las sierras, serran\u00edas y sus pueblos","description":"\u00bfQu\u00e9 hacer en las Sierras, Serran\u00edas y sus pueblos? Ferias, fiestas, recreaciones hist\u00f3ricas, rutas de tapas, teatro, rally, deportes, gu\u00edas y actividades","publisher":{"@id":"https:\/\/grazalemaguide.com\/quehacerenlasierras\/#\/schema\/person\/f24688c26be666f9001ed7cb3d7d2e3a"},"potentialAction":[{"@type":"SearchAction","target":{"@type":"EntryPoint","urlTemplate":"https:\/\/grazalemaguide.com\/quehacerenlasierras\/?s={search_term_string}"},"query-input":{"@type":"PropertyValueSpecification","valueRequired":true,"valueName":"search_term_string"}}],"inLanguage":"en-US"},{"@type":["Person","Organization"],"@id":"https:\/\/grazalemaguide.com\/quehacerenlasierras\/#\/schema\/person\/f24688c26be666f9001ed7cb3d7d2e3a","name":"Clive Muir","image":{"@type":"ImageObject","inLanguage":"en-US","@id":"https:\/\/secure.gravatar.com\/avatar\/0cd1ec277564b2e62b29d49d1c588efa39fbdeed25940f60cb667d96e5c29e1e?s=96&d=mm&r=g","url":"https:\/\/secure.gravatar.com\/avatar\/0cd1ec277564b2e62b29d49d1c588efa39fbdeed25940f60cb667d96e5c29e1e?s=96&d=mm&r=g","contentUrl":"https:\/\/secure.gravatar.com\/avatar\/0cd1ec277564b2e62b29d49d1c588efa39fbdeed25940f60cb667d96e5c29e1e?s=96&d=mm&r=g","caption":"Clive Muir"},"logo":{"@id":"https:\/\/secure.gravatar.com\/avatar\/0cd1ec277564b2e62b29d49d1c588efa39fbdeed25940f60cb667d96e5c29e1e?s=96&d=mm&r=g"},"description":"I\u2019ve been living in this lovely area of Western Andalucia for the last 20 years or so and dedicate most of my time to the running of English language tourist information websites for the towns of C\u00e1diz, Ronda, Grazalema, the famous or infamous Caminito del Rey, and also Wildside Holidays, which promotes sustainable and eco-friendly businesses running wildlife and walking holidays in Spain. My articles contain affiliate links that will help you reserve a hotel, bus, train or activity in the area. You don't pay more, but by using them you do support this website. Thankyou!","sameAs":["https:\/\/grazalemaguide.com\/","https:\/\/www.facebook.com\/wildsideholidays\/","https:\/\/www.linkedin.com\/in\/wildsideholidays\/","https:\/\/x.com\/https:\/\/twitter.com\/GrazalemaGuide","https:\/\/www.youtube.com\/channel\/UC6VDf8hywG6O6F1wgMtfMDw"]}]}},"_links":{"self":[{"href":"https:\/\/grazalemaguide.com\/quehacerenlasierras\/wp-json\/wp\/v2\/pages\/279","targetHints":{"allow":["GET"]}}],"collection":[{"href":"https:\/\/grazalemaguide.com\/quehacerenlasierras\/wp-json\/wp\/v2\/pages"}],"about":[{"href":"https:\/\/grazalemaguide.com\/quehacerenlasierras\/wp-json\/wp\/v2\/types\/page"}],"author":[{"embeddable":true,"href":"https:\/\/grazalemaguide.com\/quehacerenlasierras\/wp-json\/wp\/v2\/users\/1"}],"replies":[{"embeddable":true,"href":"https:\/\/grazalemaguide.com\/quehacerenlasierras\/wp-json\/wp\/v2\/comments?post=279"}],"version-history":[{"count":0,"href":"https:\/\/grazalemaguide.com\/quehacerenlasierras\/wp-json\/wp\/v2\/pages\/279\/revisions"}],"wp:featuredmedia":[{"embeddable":true,"href":"https:\/\/grazalemaguide.com\/quehacerenlasierras\/wp-json\/wp\/v2\/media\/282"}],"wp:attachment":[{"href":"https:\/\/grazalemaguide.com\/quehacerenlasierras\/wp-json\/wp\/v2\/media?parent=279"}],"curies":[{"name":"wp","href":"https:\/\/api.w.org\/{rel}","templated":true}]}}