{"id":310,"date":"2020-06-11T08:40:40","date_gmt":"2020-06-11T08:40:40","guid":{"rendered":"http:\/\/grazalemaguide.com\/quehacerenlasierras\/?page_id=310"},"modified":"2020-06-11T08:40:41","modified_gmt":"2020-06-11T08:40:41","slug":"benaocaz","status":"publish","type":"page","link":"https:\/\/grazalemaguide.com\/quehacerenlasierras\/benaocaz\/","title":{"rendered":"Benaocaz"},"content":{"rendered":"\n<div class=\"wp-block-image\"><figure class=\"alignleft size-large is-resized\"><img decoding=\"async\" src=\"https:\/\/grazalemaguide.com\/quehacerenlasierras\/wp-content\/uploads\/sites\/2\/2020\/06\/Escudo-Benaocaz.png\" alt=\"\" class=\"wp-image-312\" width=\"250\" srcset=\"https:\/\/grazalemaguide.com\/quehacerenlasierras\/wp-content\/uploads\/sites\/2\/2020\/06\/Escudo-Benaocaz.png 800w, https:\/\/grazalemaguide.com\/quehacerenlasierras\/wp-content\/uploads\/sites\/2\/2020\/06\/Escudo-Benaocaz-236x300.png 236w, https:\/\/grazalemaguide.com\/quehacerenlasierras\/wp-content\/uploads\/sites\/2\/2020\/06\/Escudo-Benaocaz-768x975.png 768w\" sizes=\"(max-width: 800px) 100vw, 800px\" \/><figcaption>De User:MiguelAngel fotografo (Taller de Her\u00e1ldica y Vexilolog\u00eda in the Spanish Wikipedia ) &#8211; Trabajo propio, CC BY-SA 4.0, https:\/\/commons.wikimedia.org\/w\/index.php?curid=3961006<\/figcaption><\/figure><\/div>\n\n\n\n<p>Benaocaz es un municipio de la provincia de C\u00e1diz, Andaluc\u00eda. Se encuentra al noreste de la provincia de C\u00e1diz, en la zona m\u00e1s occidental de la Cordillera B\u00e9tica, concretamente en la Sierra del Endrinal, al sur del r\u00edo Tavizna, encontr\u00e1ndose su t\u00e9rmino municipal dentro del Parque Natural Sierra de Grazalema, a excepci\u00f3n de la zona m\u00e1s occidental que se encuentra en el Parque Natural de Los Alcornocales. Forma parte de la Ruta de los Pueblos Blancos.<\/p>\n\n\n\n<p>Conserva los restos del barrio nazar\u00ed con su antiguo empedrado y ha sido declarado conjunto hist\u00f3rico. Barrio Nazar\u00ed, la parte m\u00e1s antigua de Benaocaz, de claro origen medieval, y una de las zonas de estas caracter\u00edsticas mejor conservadas de la comarca, una de las \u00faltimas \u00e1reas de dominio musulm\u00e1n que no caer\u00eda en manos cristianas hasta la Guerra de Granada. En la actualidad est\u00e1 constituido por las ruinas de antiguas CASAS, algunas de ellas se\u00f1oriales, y est\u00e1 caracterizado por conservar ampliamente la trama urban\u00edstica isl\u00e1mica (concretamente Nazar\u00ed) en el trazado de sus calles. Existen indicios cer\u00e1micos que apuntan a una fundaci\u00f3n en \u00e9poca romana de esta zona.<\/p>\n\n\n\n<p><a href=\"https:\/\/es.wikipedia.org\/wiki\/Benaocaz\" target=\"_blank\" rel=\"noreferrer noopener\">Leer m\u00e1s en wikipedia.<\/a><\/p>\n\n\n\n<h4 class=\"wp-block-heading\">Ayuntamiento<\/h4>\n\n\n\n<p>Web: <a href=\"https:\/\/www.benaocaz.es\/\" target=\"_blank\" rel=\"noreferrer noopener\">https:\/\/www.benaocaz.es\/<\/a><br>Facebook: <a href=\"https:\/\/www.facebook.com\/Ayuntamiento-de-Benaocaz-311759833063228\/\" target=\"_blank\" rel=\"noreferrer noopener\">https:\/\/www.facebook.com\/Ayuntamiento-de-Benaocaz-311759833063228\/<\/a><\/p>\n\n\n\n<h4 class=\"wp-block-heading\">Fiestas<\/h4>\n\n\n\n<ul class=\"wp-block-list\"><li>03\/02 Fiestas del Copatr\u00f3n San Blas: Se celebra el d\u00eda 3 de febrero con actos lit\u00fargicos y procesi\u00f3n popular. Las fiestas se remontan al siglo XVII y tienen su eje central en la procesi\u00f3n, en la que cantan y bailan piezas tradicionales folkl\u00f3ricas, como &#8220;la ferigonza&#8221; y &#8220;abandolao&#8221;, ofrenci\u00e9ndole al Santo las tradicionales chacinas que se reparten entre los asistentes. Adem\u00e1s en torno a la fiesta, tiene lugar tambi\u00e9n la suelta de 2 toros por las calles de la localidad.<\/li><li>13\/04 Semana Santa: El Viernes Santo tiene lugar la Procesi\u00f3n de la Pasi\u00f3n, compuesta por siete pasos con gran tipismo en su recorrido.<\/li><li>01\/06 Romer\u00eda en honor al Patr\u00f3n San Esteban: Primer domingo de junio. Por la ma\u00f1ana, misa solemne seguida de una procesi\u00f3n popular, dirigi\u00e9ndose a \u201cAgua Nueva\u201d, donde tienen lugar concurso y conciertos musicales.<\/li><li>14\/08 Feria y Fiestas Mayores y Suelta del toro de cuerda: Del 14 al 17 de agosto, se celebra la Feria y suelta del toro de cuerda. La tradici\u00f3n se remonta al siglo XV.<\/li><\/ul>\n\n\n\n<hr class=\"wp-block-separator has-text-color has-background has-green-background-color has-green-color\"\/>\n\n\n<p>[booking_product_helper shortname=&#8221;benaocaz&#8221;]<\/p>\n\n\n\n<h6 class=\"wp-block-heading\">\u00bfQu\u00e9 hacer en las Sierras, Serran\u00edas y sus pueblos?<\/h6>\n\n\n\n<p>Ferias, fiestas, recreaciones hist\u00f3ricas, rutas de tapas, teatro, rally, deportes, gu\u00edas y actividades<\/p>\n\n\n\n<p><a href=\"https:\/\/grazalemaguide.com\/quehacerenlasierras\/\">Ver el Calendario de Eventos aqui.<\/a><\/p>\n","protected":false},"excerpt":{"rendered":"<p>Benaocaz es un municipio de la provincia de C\u00e1diz, Andaluc\u00eda. Se encuentra al noreste de la provincia de C\u00e1diz, en la zona m\u00e1s occidental de la Cordillera B\u00e9tica, concretamente en la Sierra del Endrinal, al sur del r\u00edo Tavizna, encontr\u00e1ndose su t\u00e9rmino municipal dentro del Parque Natural Sierra de Grazalema, a excepci\u00f3n de la zona &hellip; <a href=\"https:\/\/grazalemaguide.com\/quehacerenlasierras\/benaocaz\/\" class=\"more-link\">Continue reading <span class=\"screen-reader-text\">Benaocaz<\/span> <span class=\"meta-nav\">&rarr;<\/span><\/a><\/p>\n","protected":false},"author":1,"featured_media":311,"parent":0,"menu_order":0,"comment_status":"open","ping_status":"closed","template":"","meta":{"footnotes":""},"class_list":["post-310","page","type-page","status-publish","has-post-thumbnail","hentry"],"yoast_head":"<!-- This site is optimized with the Yoast SEO plugin v27.4 - https:\/\/yoast.com\/product\/yoast-seo-wordpress\/ -->\n<title>Benaocaz - Calendario de eventos en las sierras, serran\u00edas y sus pueblos<\/title>\n<meta name=\"description\" content=\"Benaocaz es un municipio de la provincia de C\u00e1diz, Se encuentra al noreste de la provincia de C\u00e1diz, en la zona m\u00e1s occidental de la Cordillera B\u00e9tica\" \/>\n<meta name=\"robots\" content=\"index, follow, max-snippet:-1, max-image-preview:large, max-video-preview:-1\" \/>\n<link rel=\"canonical\" href=\"https:\/\/grazalemaguide.com\/quehacerenlasierras\/benaocaz\/\" \/>\n<meta property=\"og:locale\" content=\"en_US\" \/>\n<meta property=\"og:type\" content=\"article\" \/>\n<meta property=\"og:title\" content=\"Benaocaz - Calendario de eventos en las sierras, serran\u00edas y sus pueblos\" \/>\n<meta property=\"og:description\" content=\"Benaocaz es un municipio de la provincia de C\u00e1diz, Se encuentra al noreste de la provincia de C\u00e1diz, en la zona m\u00e1s occidental de la Cordillera B\u00e9tica\" \/>\n<meta property=\"og:url\" content=\"https:\/\/grazalemaguide.com\/quehacerenlasierras\/benaocaz\/\" \/>\n<meta property=\"og:site_name\" content=\"Calendario de eventos en las sierras, serran\u00edas y sus pueblos\" \/>\n<meta property=\"article:publisher\" content=\"https:\/\/www.facebook.com\/wildsideholidays\/\" \/>\n<meta property=\"article:modified_time\" content=\"2020-06-11T08:40:41+00:00\" \/>\n<meta property=\"og:image\" content=\"https:\/\/grazalemaguide.com\/quehacerenlasierras\/wp-content\/uploads\/sites\/2\/2020\/06\/Benaocaz.jpg\" \/>\n\t<meta property=\"og:image:width\" content=\"1024\" \/>\n\t<meta property=\"og:image:height\" content=\"768\" \/>\n\t<meta property=\"og:image:type\" content=\"image\/jpeg\" \/>\n<meta name=\"twitter:card\" content=\"summary_large_image\" \/>\n<meta name=\"twitter:site\" content=\"@GrazalemaGuide\" \/>\n<meta name=\"twitter:label1\" content=\"Est. reading time\" \/>\n\t<meta name=\"twitter:data1\" content=\"2 minutes\" \/>\n<script type=\"application\/ld+json\" class=\"yoast-schema-graph\">{\"@context\":\"https:\\\/\\\/schema.org\",\"@graph\":[{\"@type\":\"WebPage\",\"@id\":\"https:\\\/\\\/grazalemaguide.com\\\/quehacerenlasierras\\\/benaocaz\\\/\",\"url\":\"https:\\\/\\\/grazalemaguide.com\\\/quehacerenlasierras\\\/benaocaz\\\/\",\"name\":\"Benaocaz - Calendario de eventos en las sierras, serran\u00edas y sus pueblos\",\"isPartOf\":{\"@id\":\"https:\\\/\\\/grazalemaguide.com\\\/quehacerenlasierras\\\/#website\"},\"primaryImageOfPage\":{\"@id\":\"https:\\\/\\\/grazalemaguide.com\\\/quehacerenlasierras\\\/benaocaz\\\/#primaryimage\"},\"image\":{\"@id\":\"https:\\\/\\\/grazalemaguide.com\\\/quehacerenlasierras\\\/benaocaz\\\/#primaryimage\"},\"thumbnailUrl\":\"https:\\\/\\\/grazalemaguide.com\\\/quehacerenlasierras\\\/wp-content\\\/uploads\\\/sites\\\/2\\\/2020\\\/06\\\/Benaocaz.jpg\",\"datePublished\":\"2020-06-11T08:40:40+00:00\",\"dateModified\":\"2020-06-11T08:40:41+00:00\",\"description\":\"Benaocaz es un municipio de la provincia de C\u00e1diz, Se encuentra al noreste de la provincia de C\u00e1diz, en la zona m\u00e1s occidental de la Cordillera B\u00e9tica\",\"breadcrumb\":{\"@id\":\"https:\\\/\\\/grazalemaguide.com\\\/quehacerenlasierras\\\/benaocaz\\\/#breadcrumb\"},\"inLanguage\":\"en-US\",\"potentialAction\":[{\"@type\":\"ReadAction\",\"target\":[\"https:\\\/\\\/grazalemaguide.com\\\/quehacerenlasierras\\\/benaocaz\\\/\"]}]},{\"@type\":\"ImageObject\",\"inLanguage\":\"en-US\",\"@id\":\"https:\\\/\\\/grazalemaguide.com\\\/quehacerenlasierras\\\/benaocaz\\\/#primaryimage\",\"url\":\"https:\\\/\\\/grazalemaguide.com\\\/quehacerenlasierras\\\/wp-content\\\/uploads\\\/sites\\\/2\\\/2020\\\/06\\\/Benaocaz.jpg\",\"contentUrl\":\"https:\\\/\\\/grazalemaguide.com\\\/quehacerenlasierras\\\/wp-content\\\/uploads\\\/sites\\\/2\\\/2020\\\/06\\\/Benaocaz.jpg\",\"width\":1024,\"height\":768,\"caption\":\"Benaocaz\"},{\"@type\":\"BreadcrumbList\",\"@id\":\"https:\\\/\\\/grazalemaguide.com\\\/quehacerenlasierras\\\/benaocaz\\\/#breadcrumb\",\"itemListElement\":[{\"@type\":\"ListItem\",\"position\":1,\"name\":\"Home\",\"item\":\"https:\\\/\\\/grazalemaguide.com\\\/quehacerenlasierras\\\/\"},{\"@type\":\"ListItem\",\"position\":2,\"name\":\"Benaocaz\"}]},{\"@type\":\"WebSite\",\"@id\":\"https:\\\/\\\/grazalemaguide.com\\\/quehacerenlasierras\\\/#website\",\"url\":\"https:\\\/\\\/grazalemaguide.com\\\/quehacerenlasierras\\\/\",\"name\":\"Calendario de eventos en las sierras, serran\u00edas y sus pueblos\",\"description\":\"\u00bfQu\u00e9 hacer en las Sierras, Serran\u00edas y sus pueblos? Ferias, fiestas, recreaciones hist\u00f3ricas, rutas de tapas, teatro, rally, deportes, gu\u00edas y actividades\",\"publisher\":{\"@id\":\"https:\\\/\\\/grazalemaguide.com\\\/quehacerenlasierras\\\/#\\\/schema\\\/person\\\/f24688c26be666f9001ed7cb3d7d2e3a\"},\"potentialAction\":[{\"@type\":\"SearchAction\",\"target\":{\"@type\":\"EntryPoint\",\"urlTemplate\":\"https:\\\/\\\/grazalemaguide.com\\\/quehacerenlasierras\\\/?s={search_term_string}\"},\"query-input\":{\"@type\":\"PropertyValueSpecification\",\"valueRequired\":true,\"valueName\":\"search_term_string\"}}],\"inLanguage\":\"en-US\"},{\"@type\":[\"Person\",\"Organization\"],\"@id\":\"https:\\\/\\\/grazalemaguide.com\\\/quehacerenlasierras\\\/#\\\/schema\\\/person\\\/f24688c26be666f9001ed7cb3d7d2e3a\",\"name\":\"Clive Muir\",\"image\":{\"@type\":\"ImageObject\",\"inLanguage\":\"en-US\",\"@id\":\"https:\\\/\\\/secure.gravatar.com\\\/avatar\\\/0cd1ec277564b2e62b29d49d1c588efa39fbdeed25940f60cb667d96e5c29e1e?s=96&d=mm&r=g\",\"url\":\"https:\\\/\\\/secure.gravatar.com\\\/avatar\\\/0cd1ec277564b2e62b29d49d1c588efa39fbdeed25940f60cb667d96e5c29e1e?s=96&d=mm&r=g\",\"contentUrl\":\"https:\\\/\\\/secure.gravatar.com\\\/avatar\\\/0cd1ec277564b2e62b29d49d1c588efa39fbdeed25940f60cb667d96e5c29e1e?s=96&d=mm&r=g\",\"caption\":\"Clive Muir\"},\"logo\":{\"@id\":\"https:\\\/\\\/secure.gravatar.com\\\/avatar\\\/0cd1ec277564b2e62b29d49d1c588efa39fbdeed25940f60cb667d96e5c29e1e?s=96&d=mm&r=g\"},\"description\":\"I\u2019ve been living in this lovely area of Western Andalucia for the last 20 years or so and dedicate most of my time to the running of English language tourist information websites for the towns of C\u00e1diz, Ronda, Grazalema, the famous or infamous Caminito del Rey, and also Wildside Holidays, which promotes sustainable and eco-friendly businesses running wildlife and walking holidays in Spain. My articles contain affiliate links that will help you reserve a hotel, bus, train or activity in the area. You don't pay more, but by using them you do support this website. Thankyou!\",\"sameAs\":[\"https:\\\/\\\/grazalemaguide.com\\\/\",\"https:\\\/\\\/www.facebook.com\\\/wildsideholidays\\\/\",\"https:\\\/\\\/www.linkedin.com\\\/in\\\/wildsideholidays\\\/\",\"https:\\\/\\\/x.com\\\/https:\\\/\\\/twitter.com\\\/GrazalemaGuide\",\"https:\\\/\\\/www.youtube.com\\\/channel\\\/UC6VDf8hywG6O6F1wgMtfMDw\"]}]}<\/script>\n<!-- \/ Yoast SEO plugin. -->","yoast_head_json":{"title":"Benaocaz - Calendario de eventos en las sierras, serran\u00edas y sus pueblos","description":"Benaocaz es un municipio de la provincia de C\u00e1diz, Se encuentra al noreste de la provincia de C\u00e1diz, en la zona m\u00e1s occidental de la Cordillera B\u00e9tica","robots":{"index":"index","follow":"follow","max-snippet":"max-snippet:-1","max-image-preview":"max-image-preview:large","max-video-preview":"max-video-preview:-1"},"canonical":"https:\/\/grazalemaguide.com\/quehacerenlasierras\/benaocaz\/","og_locale":"en_US","og_type":"article","og_title":"Benaocaz - Calendario de eventos en las sierras, serran\u00edas y sus pueblos","og_description":"Benaocaz es un municipio de la provincia de C\u00e1diz, Se encuentra al noreste de la provincia de C\u00e1diz, en la zona m\u00e1s occidental de la Cordillera B\u00e9tica","og_url":"https:\/\/grazalemaguide.com\/quehacerenlasierras\/benaocaz\/","og_site_name":"Calendario de eventos en las sierras, serran\u00edas y sus pueblos","article_publisher":"https:\/\/www.facebook.com\/wildsideholidays\/","article_modified_time":"2020-06-11T08:40:41+00:00","og_image":[{"width":1024,"height":768,"url":"https:\/\/grazalemaguide.com\/quehacerenlasierras\/wp-content\/uploads\/sites\/2\/2020\/06\/Benaocaz.jpg","type":"image\/jpeg"}],"twitter_card":"summary_large_image","twitter_site":"@GrazalemaGuide","twitter_misc":{"Est. reading time":"2 minutes"},"schema":{"@context":"https:\/\/schema.org","@graph":[{"@type":"WebPage","@id":"https:\/\/grazalemaguide.com\/quehacerenlasierras\/benaocaz\/","url":"https:\/\/grazalemaguide.com\/quehacerenlasierras\/benaocaz\/","name":"Benaocaz - Calendario de eventos en las sierras, serran\u00edas y sus pueblos","isPartOf":{"@id":"https:\/\/grazalemaguide.com\/quehacerenlasierras\/#website"},"primaryImageOfPage":{"@id":"https:\/\/grazalemaguide.com\/quehacerenlasierras\/benaocaz\/#primaryimage"},"image":{"@id":"https:\/\/grazalemaguide.com\/quehacerenlasierras\/benaocaz\/#primaryimage"},"thumbnailUrl":"https:\/\/grazalemaguide.com\/quehacerenlasierras\/wp-content\/uploads\/sites\/2\/2020\/06\/Benaocaz.jpg","datePublished":"2020-06-11T08:40:40+00:00","dateModified":"2020-06-11T08:40:41+00:00","description":"Benaocaz es un municipio de la provincia de C\u00e1diz, Se encuentra al noreste de la provincia de C\u00e1diz, en la zona m\u00e1s occidental de la Cordillera B\u00e9tica","breadcrumb":{"@id":"https:\/\/grazalemaguide.com\/quehacerenlasierras\/benaocaz\/#breadcrumb"},"inLanguage":"en-US","potentialAction":[{"@type":"ReadAction","target":["https:\/\/grazalemaguide.com\/quehacerenlasierras\/benaocaz\/"]}]},{"@type":"ImageObject","inLanguage":"en-US","@id":"https:\/\/grazalemaguide.com\/quehacerenlasierras\/benaocaz\/#primaryimage","url":"https:\/\/grazalemaguide.com\/quehacerenlasierras\/wp-content\/uploads\/sites\/2\/2020\/06\/Benaocaz.jpg","contentUrl":"https:\/\/grazalemaguide.com\/quehacerenlasierras\/wp-content\/uploads\/sites\/2\/2020\/06\/Benaocaz.jpg","width":1024,"height":768,"caption":"Benaocaz"},{"@type":"BreadcrumbList","@id":"https:\/\/grazalemaguide.com\/quehacerenlasierras\/benaocaz\/#breadcrumb","itemListElement":[{"@type":"ListItem","position":1,"name":"Home","item":"https:\/\/grazalemaguide.com\/quehacerenlasierras\/"},{"@type":"ListItem","position":2,"name":"Benaocaz"}]},{"@type":"WebSite","@id":"https:\/\/grazalemaguide.com\/quehacerenlasierras\/#website","url":"https:\/\/grazalemaguide.com\/quehacerenlasierras\/","name":"Calendario de eventos en las sierras, serran\u00edas y sus pueblos","description":"\u00bfQu\u00e9 hacer en las Sierras, Serran\u00edas y sus pueblos? Ferias, fiestas, recreaciones hist\u00f3ricas, rutas de tapas, teatro, rally, deportes, gu\u00edas y actividades","publisher":{"@id":"https:\/\/grazalemaguide.com\/quehacerenlasierras\/#\/schema\/person\/f24688c26be666f9001ed7cb3d7d2e3a"},"potentialAction":[{"@type":"SearchAction","target":{"@type":"EntryPoint","urlTemplate":"https:\/\/grazalemaguide.com\/quehacerenlasierras\/?s={search_term_string}"},"query-input":{"@type":"PropertyValueSpecification","valueRequired":true,"valueName":"search_term_string"}}],"inLanguage":"en-US"},{"@type":["Person","Organization"],"@id":"https:\/\/grazalemaguide.com\/quehacerenlasierras\/#\/schema\/person\/f24688c26be666f9001ed7cb3d7d2e3a","name":"Clive Muir","image":{"@type":"ImageObject","inLanguage":"en-US","@id":"https:\/\/secure.gravatar.com\/avatar\/0cd1ec277564b2e62b29d49d1c588efa39fbdeed25940f60cb667d96e5c29e1e?s=96&d=mm&r=g","url":"https:\/\/secure.gravatar.com\/avatar\/0cd1ec277564b2e62b29d49d1c588efa39fbdeed25940f60cb667d96e5c29e1e?s=96&d=mm&r=g","contentUrl":"https:\/\/secure.gravatar.com\/avatar\/0cd1ec277564b2e62b29d49d1c588efa39fbdeed25940f60cb667d96e5c29e1e?s=96&d=mm&r=g","caption":"Clive Muir"},"logo":{"@id":"https:\/\/secure.gravatar.com\/avatar\/0cd1ec277564b2e62b29d49d1c588efa39fbdeed25940f60cb667d96e5c29e1e?s=96&d=mm&r=g"},"description":"I\u2019ve been living in this lovely area of Western Andalucia for the last 20 years or so and dedicate most of my time to the running of English language tourist information websites for the towns of C\u00e1diz, Ronda, Grazalema, the famous or infamous Caminito del Rey, and also Wildside Holidays, which promotes sustainable and eco-friendly businesses running wildlife and walking holidays in Spain. My articles contain affiliate links that will help you reserve a hotel, bus, train or activity in the area. You don't pay more, but by using them you do support this website. Thankyou!","sameAs":["https:\/\/grazalemaguide.com\/","https:\/\/www.facebook.com\/wildsideholidays\/","https:\/\/www.linkedin.com\/in\/wildsideholidays\/","https:\/\/x.com\/https:\/\/twitter.com\/GrazalemaGuide","https:\/\/www.youtube.com\/channel\/UC6VDf8hywG6O6F1wgMtfMDw"]}]}},"_links":{"self":[{"href":"https:\/\/grazalemaguide.com\/quehacerenlasierras\/wp-json\/wp\/v2\/pages\/310","targetHints":{"allow":["GET"]}}],"collection":[{"href":"https:\/\/grazalemaguide.com\/quehacerenlasierras\/wp-json\/wp\/v2\/pages"}],"about":[{"href":"https:\/\/grazalemaguide.com\/quehacerenlasierras\/wp-json\/wp\/v2\/types\/page"}],"author":[{"embeddable":true,"href":"https:\/\/grazalemaguide.com\/quehacerenlasierras\/wp-json\/wp\/v2\/users\/1"}],"replies":[{"embeddable":true,"href":"https:\/\/grazalemaguide.com\/quehacerenlasierras\/wp-json\/wp\/v2\/comments?post=310"}],"version-history":[{"count":0,"href":"https:\/\/grazalemaguide.com\/quehacerenlasierras\/wp-json\/wp\/v2\/pages\/310\/revisions"}],"wp:featuredmedia":[{"embeddable":true,"href":"https:\/\/grazalemaguide.com\/quehacerenlasierras\/wp-json\/wp\/v2\/media\/311"}],"wp:attachment":[{"href":"https:\/\/grazalemaguide.com\/quehacerenlasierras\/wp-json\/wp\/v2\/media?parent=310"}],"curies":[{"name":"wp","href":"https:\/\/api.w.org\/{rel}","templated":true}]}}