{"id":326,"date":"2020-06-12T08:31:33","date_gmt":"2020-06-12T08:31:33","guid":{"rendered":"http:\/\/grazalemaguide.com\/quehacerenlasierras\/?page_id=326"},"modified":"2020-06-12T08:31:35","modified_gmt":"2020-06-12T08:31:35","slug":"benaojan","status":"publish","type":"page","link":"https:\/\/grazalemaguide.com\/quehacerenlasierras\/benaojan\/","title":{"rendered":"Benaoj\u00e1n"},"content":{"rendered":"\n<div class=\"wp-block-image\"><figure class=\"alignleft size-large is-resized\"><img decoding=\"async\" src=\"https:\/\/grazalemaguide.com\/quehacerenlasierras\/wp-content\/uploads\/sites\/2\/2020\/06\/Escudo-Benaoj\u00e1n.png\" alt=\"Benaoj\u00e1n es un municipio de la provincia de M\u00e1laga, Andaluc\u00eda, localizado dentro del Parque Natural de Grazalema.\" class=\"wp-image-328\" width=\"250\" srcset=\"https:\/\/grazalemaguide.com\/quehacerenlasierras\/wp-content\/uploads\/sites\/2\/2020\/06\/Escudo-Benaoj\u00e1n.png 320w, https:\/\/grazalemaguide.com\/quehacerenlasierras\/wp-content\/uploads\/sites\/2\/2020\/06\/Escudo-Benaoj\u00e1n-172x300.png 172w\" sizes=\"(max-width: 320px) 100vw, 320px\" \/><figcaption>De Erlenmeyer, CC BY-SA 4.0, https:\/\/commons.wikimedia.org\/w\/index.php?curid=83503692<\/figcaption><\/figure><\/div>\n\n\n\n<p>Benaoj\u00e1n es un municipio de la provincia de M\u00e1laga, Andaluc\u00eda, localizado dentro del Parque Natural de Grazalema. Su nombre, de evidente origen \u00e1rabe, unos lo hacen significar &#8220;hijos de Oj\u00e1n&#8221;, tribu bereber, y otros &#8220;casa de panadero&#8221;. El municipio presenta dos n\u00facleos de poblaci\u00f3n: Benaoj\u00e1n y la Estaci\u00f3n de Benaoj\u00e1n, siendo el primero el n\u00facleo principal.<\/p>\n\n\n\n<p>Su relieve es muy accidentado destacando los cerros k\u00e1rsticos en los que se encuentran dos formaciones geol\u00f3gicas de gran importancia: el sistema hundidero-Gato y Cueva de la Pileta, de gran importancia por sus pinturas prehist\u00f3ricas que datan del Paleol\u00edtico superior, motivo por el que ha sido declarada Monumento Nacional de Arte Rupestre. As\u00ed mismo, existen otras cavidades de mayor o menor importancia repartidas por el t\u00e9rmino municipal.<\/p>\n\n\n\n<p>Accidentado por las sierras de L\u00edbar y Montalate y avenado por el r\u00edo Guadiaro, destacan sus encinares y pastos, cultivos de secano mediterr\u00e1neos y ganader\u00eda lanar. En su gastronom\u00eda destacan las chacinas y otros productos derivados del cerdo as\u00ed como los frutos secos (principalmente almendras).<\/p>\n\n\n\n<p><a rel=\"noreferrer noopener\" href=\"https:\/\/es.wikipedia.org\/wiki\/Benaoj%C3%A1n\" target=\"_blank\">M\u00e1s informaci\u00f3n en wikipedia<\/a><\/p>\n\n\n\n<h4 class=\"wp-block-heading\">Ayuntamiento.<\/h4>\n\n\n\n<p>Web: <a href=\"http:\/\/www.benaojan.es\/\" target=\"_blank\" rel=\"noreferrer noopener\">http:\/\/www.benaojan.es\/<\/a><br>Facebook: <a href=\"https:\/\/www.facebook.com\/AytoBenaojan\/\" target=\"_blank\" rel=\"noreferrer noopener\">https:\/\/www.facebook.com\/AytoBenaojan\/<\/a><\/p>\n\n\n\n<h6 class=\"wp-block-heading\">Otra enlaces.<\/h6>\n\n\n\n<p><a rel=\"noreferrer noopener\" href=\"http:\/\/colegiopublico.benaojan.es\" target=\"_blank\">P\u00e1gina web del Colegio P\u00fablico<\/a><br><a rel=\"noreferrer noopener\" href=\"http:\/\/policialocal.benaojan.es\" target=\"_blank\">P\u00e1gina web de la Polic\u00eda Local<\/a><br><a rel=\"noreferrer noopener\" href=\"http:\/\/marchaelgato.benaojan.es\" target=\"_blank\">P\u00e1gina web de la Marcha Cueva del Gato<\/a><br><a href=\"http:\/\/feriadelachacina.benaojan.es\" target=\"_blank\" rel=\"noreferrer noopener\">P\u00e1gina web de la Feria de las Chacinas<\/a><\/p>\n\n\n\n<h4 class=\"wp-block-heading\">Fiestas.<\/h4>\n\n\n\n<ul class=\"wp-block-list\"><li><strong>Feria de San Marcos.<\/strong> Se celebra el d\u00eda 25 de abril. Es el Patr\u00f3n de Benaoj\u00e1n y adem\u00e1s lo es de Venecia y de otras poblaciones de Espa\u00f1a y se le representa con un le\u00f3n. Se desconoce desde cuando es Patr\u00f3n de Benaoj\u00e1n. La organizaci\u00f3n de estos festejos corre a cargo de seis mayordomos, que son nombrados en la misa de un a\u00f1o para otro y que se encargan de ir trabajando durante un a\u00f1o para conseguir el dinero y as\u00ed poder organizar la feria (papeletas, libro de anuncios, alquiler de locales para celebraci\u00f3n de d\u00edas especiales etc.).<\/li><li><strong>Feria de Nuestra Se\u00f1ora del Rosario<\/strong>. Las fiestas en honor a Ntra. Sra. del rosario se celebra el d\u00eda 7 de Octubre, es la patrona de Benaoj\u00e1n. Se desconoce la fecha cuando se estableci\u00f3 como Patrona de dicho pueblo. La organizaci\u00f3n de estos festejos corre a cargo de cuatro mayordomas, que son nombradas en la misa de un a\u00f1o para otro y que se encargan de ir trabajando durante un a\u00f1o para conseguir el dinero y as\u00ed poder organizar la feria (papeletas, libro de anuncios, alquiler de locales para celebraci\u00f3n de d\u00edas especiales etc.).<\/li><li><strong>Verbena del Tren<\/strong>. Se celebra a finales de Julio o principio de Agosto, tiene lugar en la estaci\u00f3n de Benaoj\u00e1n, dicha fiesta se ha hecho muy popular tanto a nivel local como a nivel comarcal. Su comienzo fue en el a\u00f1o 1987. Cabe destacar \u201cla fiesta del agua\u201d que se celebra el domingo como colof\u00f3n final y la degustaci\u00f3n ese mismo de d\u00eda de chorizos al vino y sangr\u00eda de manera gratuita.<\/li><li><strong>Feria de la Chacina.<\/strong> Esta Feria es conocida debido a su tradicional sector industrial de transformaci\u00f3n de productos c\u00e1rnicos, desde hace m\u00e1s de cien a\u00f1os, suministra los mercados a nivel nacional e internacional. Se celebra en el mes de Diciembre. Su comienzo fue en el a\u00f1o 2002. En dicha feria adem\u00e1s se encuentran distintos stands que ponen a nuestra disposici\u00f3n sus productos artesanales procedentes de distintos municipios de la comarca, cabe destacar las chacinas y los embutidos, mieles, dulces, panes, conservas y postres. En dicha feria adem\u00e1s se puede disfrutar de las degustaciones de lomo frito, chorizos al vino y callo.<\/li><\/ul>\n\n\n\n<hr class=\"wp-block-separator has-text-color has-background has-green-background-color has-green-color\"\/>\n\n\n<p>[booking_product_helper shortname=&#8221;benaoj\u00e1n&#8221;]<\/p>\n\n\n\n<hr class=\"wp-block-separator has-text-color has-background has-green-background-color has-green-color\"\/>\n\n\n\n<p>\u00bfQu\u00e9 hacer en las Sierras, Serran\u00edas y sus pueblos?<\/p>\n\n\n\n<p>Ferias, fiestas, recreaciones hist\u00f3ricas, rutas de tapas, teatro, rally, deportes, gu\u00edas y actividades<\/p>\n\n\n\n<p><a href=\"https:\/\/grazalemaguide.com\/quehacerenlasierras\/\">Ver el Calendario de Eventos aqui.<\/a><\/p>\n","protected":false},"excerpt":{"rendered":"<p>Benaoj\u00e1n es un municipio de la provincia de M\u00e1laga, Andaluc\u00eda, localizado dentro del Parque Natural de Grazalema. Su nombre, de evidente origen \u00e1rabe, unos lo hacen significar &#8220;hijos de Oj\u00e1n&#8221;, tribu bereber, y otros &#8220;casa de panadero&#8221;. El municipio presenta dos n\u00facleos de poblaci\u00f3n: Benaoj\u00e1n y la Estaci\u00f3n de Benaoj\u00e1n, siendo el primero el n\u00facleo &hellip; <a href=\"https:\/\/grazalemaguide.com\/quehacerenlasierras\/benaojan\/\" class=\"more-link\">Continue reading <span class=\"screen-reader-text\">Benaoj\u00e1n<\/span> <span class=\"meta-nav\">&rarr;<\/span><\/a><\/p>\n","protected":false},"author":1,"featured_media":327,"parent":0,"menu_order":0,"comment_status":"open","ping_status":"closed","template":"","meta":{"footnotes":""},"class_list":["post-326","page","type-page","status-publish","has-post-thumbnail","hentry"],"yoast_head":"<!-- This site is optimized with the Yoast SEO plugin v27.4 - https:\/\/yoast.com\/product\/yoast-seo-wordpress\/ -->\n<title>Benaoj\u00e1n - Calendario de eventos en las sierras, serran\u00edas y sus pueblos<\/title>\n<meta name=\"description\" content=\"Benaoj\u00e1n es un municipio de la provincia de M\u00e1laga, Andaluc\u00eda, localizado dentro del Parque Natural de Grazalema.\" \/>\n<meta name=\"robots\" content=\"index, follow, max-snippet:-1, max-image-preview:large, max-video-preview:-1\" \/>\n<link rel=\"canonical\" href=\"https:\/\/grazalemaguide.com\/quehacerenlasierras\/benaojan\/\" \/>\n<meta property=\"og:locale\" content=\"en_US\" \/>\n<meta property=\"og:type\" content=\"article\" \/>\n<meta property=\"og:title\" content=\"Benaoj\u00e1n - Calendario de eventos en las sierras, serran\u00edas y sus pueblos\" \/>\n<meta property=\"og:description\" content=\"Benaoj\u00e1n es un municipio de la provincia de M\u00e1laga, Andaluc\u00eda, localizado dentro del Parque Natural de Grazalema.\" \/>\n<meta property=\"og:url\" content=\"https:\/\/grazalemaguide.com\/quehacerenlasierras\/benaojan\/\" \/>\n<meta property=\"og:site_name\" content=\"Calendario de eventos en las sierras, serran\u00edas y sus pueblos\" \/>\n<meta property=\"article:publisher\" content=\"https:\/\/www.facebook.com\/wildsideholidays\/\" \/>\n<meta property=\"article:modified_time\" content=\"2020-06-12T08:31:35+00:00\" \/>\n<meta property=\"og:image\" content=\"https:\/\/grazalemaguide.com\/quehacerenlasierras\/wp-content\/uploads\/sites\/2\/2020\/06\/Benaojan.jpg\" \/>\n\t<meta property=\"og:image:width\" content=\"1024\" \/>\n\t<meta property=\"og:image:height\" content=\"576\" \/>\n\t<meta property=\"og:image:type\" content=\"image\/jpeg\" \/>\n<meta name=\"twitter:card\" content=\"summary_large_image\" \/>\n<meta name=\"twitter:site\" content=\"@GrazalemaGuide\" \/>\n<meta name=\"twitter:label1\" content=\"Est. reading time\" \/>\n\t<meta name=\"twitter:data1\" content=\"3 minutes\" \/>\n<script type=\"application\/ld+json\" class=\"yoast-schema-graph\">{\"@context\":\"https:\\\/\\\/schema.org\",\"@graph\":[{\"@type\":\"WebPage\",\"@id\":\"https:\\\/\\\/grazalemaguide.com\\\/quehacerenlasierras\\\/benaojan\\\/\",\"url\":\"https:\\\/\\\/grazalemaguide.com\\\/quehacerenlasierras\\\/benaojan\\\/\",\"name\":\"Benaoj\u00e1n - Calendario de eventos en las sierras, serran\u00edas y sus pueblos\",\"isPartOf\":{\"@id\":\"https:\\\/\\\/grazalemaguide.com\\\/quehacerenlasierras\\\/#website\"},\"primaryImageOfPage\":{\"@id\":\"https:\\\/\\\/grazalemaguide.com\\\/quehacerenlasierras\\\/benaojan\\\/#primaryimage\"},\"image\":{\"@id\":\"https:\\\/\\\/grazalemaguide.com\\\/quehacerenlasierras\\\/benaojan\\\/#primaryimage\"},\"thumbnailUrl\":\"https:\\\/\\\/grazalemaguide.com\\\/quehacerenlasierras\\\/wp-content\\\/uploads\\\/sites\\\/2\\\/2020\\\/06\\\/Benaojan.jpg\",\"datePublished\":\"2020-06-12T08:31:33+00:00\",\"dateModified\":\"2020-06-12T08:31:35+00:00\",\"description\":\"Benaoj\u00e1n es un municipio de la provincia de M\u00e1laga, Andaluc\u00eda, localizado dentro del Parque Natural de Grazalema.\",\"breadcrumb\":{\"@id\":\"https:\\\/\\\/grazalemaguide.com\\\/quehacerenlasierras\\\/benaojan\\\/#breadcrumb\"},\"inLanguage\":\"en-US\",\"potentialAction\":[{\"@type\":\"ReadAction\",\"target\":[\"https:\\\/\\\/grazalemaguide.com\\\/quehacerenlasierras\\\/benaojan\\\/\"]}]},{\"@type\":\"ImageObject\",\"inLanguage\":\"en-US\",\"@id\":\"https:\\\/\\\/grazalemaguide.com\\\/quehacerenlasierras\\\/benaojan\\\/#primaryimage\",\"url\":\"https:\\\/\\\/grazalemaguide.com\\\/quehacerenlasierras\\\/wp-content\\\/uploads\\\/sites\\\/2\\\/2020\\\/06\\\/Benaojan.jpg\",\"contentUrl\":\"https:\\\/\\\/grazalemaguide.com\\\/quehacerenlasierras\\\/wp-content\\\/uploads\\\/sites\\\/2\\\/2020\\\/06\\\/Benaojan.jpg\",\"width\":1024,\"height\":576,\"caption\":\"Benaoj\u00e1n es un municipio de la provincia de M\u00e1laga, Andaluc\u00eda, localizado dentro del Parque Natural de Grazalema.\"},{\"@type\":\"BreadcrumbList\",\"@id\":\"https:\\\/\\\/grazalemaguide.com\\\/quehacerenlasierras\\\/benaojan\\\/#breadcrumb\",\"itemListElement\":[{\"@type\":\"ListItem\",\"position\":1,\"name\":\"Home\",\"item\":\"https:\\\/\\\/grazalemaguide.com\\\/quehacerenlasierras\\\/\"},{\"@type\":\"ListItem\",\"position\":2,\"name\":\"Benaoj\u00e1n\"}]},{\"@type\":\"WebSite\",\"@id\":\"https:\\\/\\\/grazalemaguide.com\\\/quehacerenlasierras\\\/#website\",\"url\":\"https:\\\/\\\/grazalemaguide.com\\\/quehacerenlasierras\\\/\",\"name\":\"Calendario de eventos en las sierras, serran\u00edas y sus pueblos\",\"description\":\"\u00bfQu\u00e9 hacer en las Sierras, Serran\u00edas y sus pueblos? Ferias, fiestas, recreaciones hist\u00f3ricas, rutas de tapas, teatro, rally, deportes, gu\u00edas y actividades\",\"publisher\":{\"@id\":\"https:\\\/\\\/grazalemaguide.com\\\/quehacerenlasierras\\\/#\\\/schema\\\/person\\\/f24688c26be666f9001ed7cb3d7d2e3a\"},\"potentialAction\":[{\"@type\":\"SearchAction\",\"target\":{\"@type\":\"EntryPoint\",\"urlTemplate\":\"https:\\\/\\\/grazalemaguide.com\\\/quehacerenlasierras\\\/?s={search_term_string}\"},\"query-input\":{\"@type\":\"PropertyValueSpecification\",\"valueRequired\":true,\"valueName\":\"search_term_string\"}}],\"inLanguage\":\"en-US\"},{\"@type\":[\"Person\",\"Organization\"],\"@id\":\"https:\\\/\\\/grazalemaguide.com\\\/quehacerenlasierras\\\/#\\\/schema\\\/person\\\/f24688c26be666f9001ed7cb3d7d2e3a\",\"name\":\"Clive Muir\",\"image\":{\"@type\":\"ImageObject\",\"inLanguage\":\"en-US\",\"@id\":\"https:\\\/\\\/secure.gravatar.com\\\/avatar\\\/0cd1ec277564b2e62b29d49d1c588efa39fbdeed25940f60cb667d96e5c29e1e?s=96&d=mm&r=g\",\"url\":\"https:\\\/\\\/secure.gravatar.com\\\/avatar\\\/0cd1ec277564b2e62b29d49d1c588efa39fbdeed25940f60cb667d96e5c29e1e?s=96&d=mm&r=g\",\"contentUrl\":\"https:\\\/\\\/secure.gravatar.com\\\/avatar\\\/0cd1ec277564b2e62b29d49d1c588efa39fbdeed25940f60cb667d96e5c29e1e?s=96&d=mm&r=g\",\"caption\":\"Clive Muir\"},\"logo\":{\"@id\":\"https:\\\/\\\/secure.gravatar.com\\\/avatar\\\/0cd1ec277564b2e62b29d49d1c588efa39fbdeed25940f60cb667d96e5c29e1e?s=96&d=mm&r=g\"},\"description\":\"I\u2019ve been living in this lovely area of Western Andalucia for the last 20 years or so and dedicate most of my time to the running of English language tourist information websites for the towns of C\u00e1diz, Ronda, Grazalema, the famous or infamous Caminito del Rey, and also Wildside Holidays, which promotes sustainable and eco-friendly businesses running wildlife and walking holidays in Spain. My articles contain affiliate links that will help you reserve a hotel, bus, train or activity in the area. You don't pay more, but by using them you do support this website. Thankyou!\",\"sameAs\":[\"https:\\\/\\\/grazalemaguide.com\\\/\",\"https:\\\/\\\/www.facebook.com\\\/wildsideholidays\\\/\",\"https:\\\/\\\/www.linkedin.com\\\/in\\\/wildsideholidays\\\/\",\"https:\\\/\\\/x.com\\\/https:\\\/\\\/twitter.com\\\/GrazalemaGuide\",\"https:\\\/\\\/www.youtube.com\\\/channel\\\/UC6VDf8hywG6O6F1wgMtfMDw\"]}]}<\/script>\n<!-- \/ Yoast SEO plugin. -->","yoast_head_json":{"title":"Benaoj\u00e1n - Calendario de eventos en las sierras, serran\u00edas y sus pueblos","description":"Benaoj\u00e1n es un municipio de la provincia de M\u00e1laga, Andaluc\u00eda, localizado dentro del Parque Natural de Grazalema.","robots":{"index":"index","follow":"follow","max-snippet":"max-snippet:-1","max-image-preview":"max-image-preview:large","max-video-preview":"max-video-preview:-1"},"canonical":"https:\/\/grazalemaguide.com\/quehacerenlasierras\/benaojan\/","og_locale":"en_US","og_type":"article","og_title":"Benaoj\u00e1n - Calendario de eventos en las sierras, serran\u00edas y sus pueblos","og_description":"Benaoj\u00e1n es un municipio de la provincia de M\u00e1laga, Andaluc\u00eda, localizado dentro del Parque Natural de Grazalema.","og_url":"https:\/\/grazalemaguide.com\/quehacerenlasierras\/benaojan\/","og_site_name":"Calendario de eventos en las sierras, serran\u00edas y sus pueblos","article_publisher":"https:\/\/www.facebook.com\/wildsideholidays\/","article_modified_time":"2020-06-12T08:31:35+00:00","og_image":[{"width":1024,"height":576,"url":"https:\/\/grazalemaguide.com\/quehacerenlasierras\/wp-content\/uploads\/sites\/2\/2020\/06\/Benaojan.jpg","type":"image\/jpeg"}],"twitter_card":"summary_large_image","twitter_site":"@GrazalemaGuide","twitter_misc":{"Est. reading time":"3 minutes"},"schema":{"@context":"https:\/\/schema.org","@graph":[{"@type":"WebPage","@id":"https:\/\/grazalemaguide.com\/quehacerenlasierras\/benaojan\/","url":"https:\/\/grazalemaguide.com\/quehacerenlasierras\/benaojan\/","name":"Benaoj\u00e1n - Calendario de eventos en las sierras, serran\u00edas y sus pueblos","isPartOf":{"@id":"https:\/\/grazalemaguide.com\/quehacerenlasierras\/#website"},"primaryImageOfPage":{"@id":"https:\/\/grazalemaguide.com\/quehacerenlasierras\/benaojan\/#primaryimage"},"image":{"@id":"https:\/\/grazalemaguide.com\/quehacerenlasierras\/benaojan\/#primaryimage"},"thumbnailUrl":"https:\/\/grazalemaguide.com\/quehacerenlasierras\/wp-content\/uploads\/sites\/2\/2020\/06\/Benaojan.jpg","datePublished":"2020-06-12T08:31:33+00:00","dateModified":"2020-06-12T08:31:35+00:00","description":"Benaoj\u00e1n es un municipio de la provincia de M\u00e1laga, Andaluc\u00eda, localizado dentro del Parque Natural de Grazalema.","breadcrumb":{"@id":"https:\/\/grazalemaguide.com\/quehacerenlasierras\/benaojan\/#breadcrumb"},"inLanguage":"en-US","potentialAction":[{"@type":"ReadAction","target":["https:\/\/grazalemaguide.com\/quehacerenlasierras\/benaojan\/"]}]},{"@type":"ImageObject","inLanguage":"en-US","@id":"https:\/\/grazalemaguide.com\/quehacerenlasierras\/benaojan\/#primaryimage","url":"https:\/\/grazalemaguide.com\/quehacerenlasierras\/wp-content\/uploads\/sites\/2\/2020\/06\/Benaojan.jpg","contentUrl":"https:\/\/grazalemaguide.com\/quehacerenlasierras\/wp-content\/uploads\/sites\/2\/2020\/06\/Benaojan.jpg","width":1024,"height":576,"caption":"Benaoj\u00e1n es un municipio de la provincia de M\u00e1laga, Andaluc\u00eda, localizado dentro del Parque Natural de Grazalema."},{"@type":"BreadcrumbList","@id":"https:\/\/grazalemaguide.com\/quehacerenlasierras\/benaojan\/#breadcrumb","itemListElement":[{"@type":"ListItem","position":1,"name":"Home","item":"https:\/\/grazalemaguide.com\/quehacerenlasierras\/"},{"@type":"ListItem","position":2,"name":"Benaoj\u00e1n"}]},{"@type":"WebSite","@id":"https:\/\/grazalemaguide.com\/quehacerenlasierras\/#website","url":"https:\/\/grazalemaguide.com\/quehacerenlasierras\/","name":"Calendario de eventos en las sierras, serran\u00edas y sus pueblos","description":"\u00bfQu\u00e9 hacer en las Sierras, Serran\u00edas y sus pueblos? Ferias, fiestas, recreaciones hist\u00f3ricas, rutas de tapas, teatro, rally, deportes, gu\u00edas y actividades","publisher":{"@id":"https:\/\/grazalemaguide.com\/quehacerenlasierras\/#\/schema\/person\/f24688c26be666f9001ed7cb3d7d2e3a"},"potentialAction":[{"@type":"SearchAction","target":{"@type":"EntryPoint","urlTemplate":"https:\/\/grazalemaguide.com\/quehacerenlasierras\/?s={search_term_string}"},"query-input":{"@type":"PropertyValueSpecification","valueRequired":true,"valueName":"search_term_string"}}],"inLanguage":"en-US"},{"@type":["Person","Organization"],"@id":"https:\/\/grazalemaguide.com\/quehacerenlasierras\/#\/schema\/person\/f24688c26be666f9001ed7cb3d7d2e3a","name":"Clive Muir","image":{"@type":"ImageObject","inLanguage":"en-US","@id":"https:\/\/secure.gravatar.com\/avatar\/0cd1ec277564b2e62b29d49d1c588efa39fbdeed25940f60cb667d96e5c29e1e?s=96&d=mm&r=g","url":"https:\/\/secure.gravatar.com\/avatar\/0cd1ec277564b2e62b29d49d1c588efa39fbdeed25940f60cb667d96e5c29e1e?s=96&d=mm&r=g","contentUrl":"https:\/\/secure.gravatar.com\/avatar\/0cd1ec277564b2e62b29d49d1c588efa39fbdeed25940f60cb667d96e5c29e1e?s=96&d=mm&r=g","caption":"Clive Muir"},"logo":{"@id":"https:\/\/secure.gravatar.com\/avatar\/0cd1ec277564b2e62b29d49d1c588efa39fbdeed25940f60cb667d96e5c29e1e?s=96&d=mm&r=g"},"description":"I\u2019ve been living in this lovely area of Western Andalucia for the last 20 years or so and dedicate most of my time to the running of English language tourist information websites for the towns of C\u00e1diz, Ronda, Grazalema, the famous or infamous Caminito del Rey, and also Wildside Holidays, which promotes sustainable and eco-friendly businesses running wildlife and walking holidays in Spain. My articles contain affiliate links that will help you reserve a hotel, bus, train or activity in the area. You don't pay more, but by using them you do support this website. Thankyou!","sameAs":["https:\/\/grazalemaguide.com\/","https:\/\/www.facebook.com\/wildsideholidays\/","https:\/\/www.linkedin.com\/in\/wildsideholidays\/","https:\/\/x.com\/https:\/\/twitter.com\/GrazalemaGuide","https:\/\/www.youtube.com\/channel\/UC6VDf8hywG6O6F1wgMtfMDw"]}]}},"_links":{"self":[{"href":"https:\/\/grazalemaguide.com\/quehacerenlasierras\/wp-json\/wp\/v2\/pages\/326","targetHints":{"allow":["GET"]}}],"collection":[{"href":"https:\/\/grazalemaguide.com\/quehacerenlasierras\/wp-json\/wp\/v2\/pages"}],"about":[{"href":"https:\/\/grazalemaguide.com\/quehacerenlasierras\/wp-json\/wp\/v2\/types\/page"}],"author":[{"embeddable":true,"href":"https:\/\/grazalemaguide.com\/quehacerenlasierras\/wp-json\/wp\/v2\/users\/1"}],"replies":[{"embeddable":true,"href":"https:\/\/grazalemaguide.com\/quehacerenlasierras\/wp-json\/wp\/v2\/comments?post=326"}],"version-history":[{"count":0,"href":"https:\/\/grazalemaguide.com\/quehacerenlasierras\/wp-json\/wp\/v2\/pages\/326\/revisions"}],"wp:featuredmedia":[{"embeddable":true,"href":"https:\/\/grazalemaguide.com\/quehacerenlasierras\/wp-json\/wp\/v2\/media\/327"}],"wp:attachment":[{"href":"https:\/\/grazalemaguide.com\/quehacerenlasierras\/wp-json\/wp\/v2\/media?parent=326"}],"curies":[{"name":"wp","href":"https:\/\/api.w.org\/{rel}","templated":true}]}}