{"id":343,"date":"2020-06-12T18:33:02","date_gmt":"2020-06-12T18:33:02","guid":{"rendered":"http:\/\/grazalemaguide.com\/quehacerenlasierras\/?page_id=343"},"modified":"2020-06-12T18:33:04","modified_gmt":"2020-06-12T18:33:04","slug":"cartajima","status":"publish","type":"page","link":"https:\/\/grazalemaguide.com\/quehacerenlasierras\/cartajima\/","title":{"rendered":"Cartajima"},"content":{"rendered":"\n<div class=\"wp-block-image\"><figure class=\"alignleft size-large is-resized\"><img decoding=\"async\" src=\"https:\/\/grazalemaguide.com\/quehacerenlasierras\/wp-content\/uploads\/sites\/2\/2020\/06\/Escud-de-Cartajima.png\" alt=\"Escudo de Cartajima\" class=\"wp-image-344\" width=\"250\" srcset=\"https:\/\/grazalemaguide.com\/quehacerenlasierras\/wp-content\/uploads\/sites\/2\/2020\/06\/Escud-de-Cartajima.png 320w, https:\/\/grazalemaguide.com\/quehacerenlasierras\/wp-content\/uploads\/sites\/2\/2020\/06\/Escud-de-Cartajima-169x300.png 169w\" sizes=\"(max-width: 320px) 100vw, 320px\" \/><figcaption>De Miguel \u00c1ngel &#8220;fot\u00f3grafo&#8221;, CC BY-SA 3.0, https:\/\/commons.wikimedia.org\/w\/index.php?curid=23767192<\/figcaption><\/figure><\/div>\n\n\n\n<p>Cartajima es un municipio de la provincia de M\u00e1laga, situado en el oeste de la provincia en el Valle del Genal, siendo una de las poblaciones que conforman la comarca de la Serran\u00eda de Ronda.<\/p>\n\n\n\n<p>Se levanta como una atalaya a 846 metros de altitud, en vista general de Cartajimalos riscos de su mismo nombre, sobre el Alto Genal en la Serran\u00eda de Ronda. Sus tierras ofrecen un paisaje de fuerte contraste entre las blancas calizas desnudas de la sierra del Oreganal al norte y los montes cubiertos de bosque de casta\u00f1os, encinas y alcornoques, al sur. Tanto la situaci\u00f3n que ocupa la poblaci\u00f3n como el trazado de la carretera que recorre la ladera de la sierra del Oreganal, permiten disfrutar de bellas panor\u00e1micas de la serran\u00eda y, especialmente, del Valle del Genal.<\/p>\n\n\n\n<p>Dentro de la escarpada sierra del Oreganal, en la zona alta del Valle del Genal, se puede visitar uno de los parajes geol\u00f3gicos de mayor belleza de la Serran\u00eda de Ronda, los Riscos de Cartajima. Se trata de un conjunto de rocas calizas de similares caracter\u00edsticas al Torcal de Antequera, aunque en este caso se extiende apenas por dos kil\u00f3metros cuadrados de superficie. La erosi\u00f3n de la lluvia y el viento ha esculpido en estas piedras originales formas que, por capricho de la natualeza, se han transformado en originales esculturas, en un proceso de desgaste durante miles de a\u00f1os.<\/p>\n\n\n\n<h6 class=\"wp-block-heading\">Los principales accesos al municipio de Cartajima se derivan:<\/h6>\n\n\n\n<ul class=\"wp-block-list\"><li>De la carretera A-397 Ronda-San Pedro de Alcantara. Junto al \u00e1rea de servicios de La Ventilla, unos 100m antes llegando desde Ronda se encuentra el desv\u00edo hacia Cartajima, tomando la carretera el nombre de MA-525.<\/li><li>De la carretera A-369 Ronda-Gauc\u00edn. A unos diez kil\u00f3metros de Ronda, despu\u00e9s del Puerto de los Perdigones, se desv\u00eda la carretera en direcci\u00f3n Alpandeire (MA-515), teniendo continuidad a los municipios de Faraj\u00e1n, J\u00fazcar y Cartajima.<\/li><\/ul>\n\n\n\n<p>M\u00e1s informaci\u00f3n en wikipedia<\/p>\n\n\n\n<h4 class=\"wp-block-heading\">Ayuntamiento.<\/h4>\n\n\n\n<p>Web: <a href=\"http:\/\/www.cartajima.es\/\" target=\"_blank\" rel=\"noreferrer noopener\">http:\/\/www.cartajima.es\/<\/a><br>Facebook: <a href=\"https:\/\/www.facebook.com\/Ayuntamiento-Cartajima-Cartajima-196515670880907\/\" target=\"_blank\" rel=\"noreferrer noopener\">https:\/\/www.facebook.com\/Ayuntamiento-Cartajima-Cartajima-196515670880907\/<\/a><\/p>\n\n\n\n<p><strong>Alojamiento<\/strong>:<a href=\"https:\/\/www.facebook.com\/hotelloscastanos\/\" target=\"_blank\" rel=\"noreferrer noopener\"> https:\/\/www.facebook.com\/hotelloscastanos\/<\/a><\/p>\n\n\n\n<h4 class=\"wp-block-heading\">Fiestas.<\/h4>\n\n\n\n<ul class=\"wp-block-list\"><li>NAVIDAD Y REYES (22 diciembre \/ 6 enero) Talleres, aguinaldos, cine, m\u00fasica, actos religiosos, fiesta, meriendas y Cabalgata de Reyes.<\/li><li>D\u00cdA DE ANDALUC\u00cdA (28 febrero) La Asociaci\u00f3n de Mujeres Almola celebra el este d\u00eda con todos los vecinos del municipio que se quieran unir a la celebraci\u00f3n del d\u00eda de la Comunidad.<\/li><li>CARNAVAL (Febrero) Los vecinos del municipio salen a celebrar este d\u00eda con sus mejores disfraces.<\/li><li>SEMANA SANTA (De jueves a domingo) Destaca el \u201cDomingo de Resurrecci\u00f3n\u201d como Fiesta de Singularidad Tur\u00edstica Provincial.<\/li><li>ROMER\u00cdA (Primer s\u00e1bado de junio) Todos los vecinos acompa\u00f1an al Ni\u00f1o Jes\u00fas hasta El Mirador del 15 para disfrutar de un d\u00eda en el campo.<\/li><li>FIESTA DEL ROSARIO (15 de agosto) Fiestas Patronales del Municipio precedida de la Semana Cultural y continuada por d\u00edas de fiesta y j\u00fabilo.<\/li><li>VERBENA VIRGEN DEL ROSARIO (7 de octubre) Celebraci\u00f3n del D\u00eda de la Patrona con Verbena en la Plaza de la Iglesia.<\/li><li>TOST\u00d3N D\u00cdA DE TODOS LOS SANTOS (1 de noviembre) Degustaci\u00f3n de casta\u00f1as en las calles del pueblo.<\/li><li>FIESTA DEL MOSTO (\u00daltimo s\u00e1bado de noviembre) Verbena popular donde se degusta el mosto realizado por los propios vecinos y el cual es acompa\u00f1ando por platos t\u00edpicos.<\/li><\/ul>\n\n\n\n<hr class=\"wp-block-separator has-text-color has-background has-green-background-color has-green-color\"\/>\n\n\n<p>[booking_product_helper shortname=&#8221;cartajima&#8221;]<\/p>\n\n\n\n<hr class=\"wp-block-separator has-text-color has-background has-green-background-color has-green-color\"\/>\n\n\n\n<p>\u00bfQu\u00e9 hacer en las Sierras, Serran\u00edas y sus pueblos?<\/p>\n\n\n\n<p>Ferias, fiestas, recreaciones hist\u00f3ricas, rutas de tapas, teatro, rally, deportes, gu\u00edas y actividades<\/p>\n\n\n\n<p><a href=\"https:\/\/grazalemaguide.com\/quehacerenlasierras\/\">Ver el Calendario de Eventos aqui.<\/a><\/p>\n","protected":false},"excerpt":{"rendered":"<p>Cartajima es un municipio de la provincia de M\u00e1laga, situado en el oeste de la provincia en el Valle del Genal, siendo una de las poblaciones que conforman la comarca de la Serran\u00eda de Ronda. Se levanta como una atalaya a 846 metros de altitud, en vista general de Cartajimalos riscos de su mismo nombre, &hellip; <a href=\"https:\/\/grazalemaguide.com\/quehacerenlasierras\/cartajima\/\" class=\"more-link\">Continue reading <span class=\"screen-reader-text\">Cartajima<\/span> <span class=\"meta-nav\">&rarr;<\/span><\/a><\/p>\n","protected":false},"author":1,"featured_media":345,"parent":0,"menu_order":0,"comment_status":"open","ping_status":"closed","template":"","meta":{"footnotes":""},"class_list":["post-343","page","type-page","status-publish","has-post-thumbnail","hentry"],"yoast_head":"<!-- This site is optimized with the Yoast SEO plugin v27.3 - https:\/\/yoast.com\/product\/yoast-seo-wordpress\/ -->\n<title>Cartajima - Calendario de eventos en las sierras, serran\u00edas y sus pueblos<\/title>\n<meta name=\"description\" content=\"Cartajima es un municipio de la provincia de M\u00e1laga, en el oeste de la provincia en el Valle del Genal, una de las poblaciones de la Serran\u00eda de Ronda.\" \/>\n<meta name=\"robots\" content=\"index, follow, max-snippet:-1, max-image-preview:large, max-video-preview:-1\" \/>\n<link rel=\"canonical\" href=\"https:\/\/grazalemaguide.com\/quehacerenlasierras\/cartajima\/\" \/>\n<meta property=\"og:locale\" content=\"en_US\" \/>\n<meta property=\"og:type\" content=\"article\" \/>\n<meta property=\"og:title\" content=\"Cartajima - Calendario de eventos en las sierras, serran\u00edas y sus pueblos\" \/>\n<meta property=\"og:description\" content=\"Cartajima es un municipio de la provincia de M\u00e1laga, en el oeste de la provincia en el Valle del Genal, una de las poblaciones de la Serran\u00eda de Ronda.\" \/>\n<meta property=\"og:url\" content=\"https:\/\/grazalemaguide.com\/quehacerenlasierras\/cartajima\/\" \/>\n<meta property=\"og:site_name\" content=\"Calendario de eventos en las sierras, serran\u00edas y sus pueblos\" \/>\n<meta property=\"article:publisher\" content=\"https:\/\/www.facebook.com\/wildsideholidays\/\" \/>\n<meta property=\"article:modified_time\" content=\"2020-06-12T18:33:04+00:00\" \/>\n<meta property=\"og:image\" content=\"https:\/\/grazalemaguide.com\/quehacerenlasierras\/wp-content\/uploads\/sites\/2\/2020\/06\/Cartajima.jpg\" \/>\n\t<meta property=\"og:image:width\" content=\"1024\" \/>\n\t<meta property=\"og:image:height\" content=\"647\" \/>\n\t<meta property=\"og:image:type\" content=\"image\/jpeg\" \/>\n<meta name=\"twitter:card\" content=\"summary_large_image\" \/>\n<meta name=\"twitter:site\" content=\"@GrazalemaGuide\" \/>\n<meta name=\"twitter:label1\" content=\"Est. reading time\" \/>\n\t<meta name=\"twitter:data1\" content=\"3 minutes\" \/>\n<script type=\"application\/ld+json\" class=\"yoast-schema-graph\">{\"@context\":\"https:\\\/\\\/schema.org\",\"@graph\":[{\"@type\":\"WebPage\",\"@id\":\"https:\\\/\\\/grazalemaguide.com\\\/quehacerenlasierras\\\/cartajima\\\/\",\"url\":\"https:\\\/\\\/grazalemaguide.com\\\/quehacerenlasierras\\\/cartajima\\\/\",\"name\":\"Cartajima - Calendario de eventos en las sierras, serran\u00edas y sus pueblos\",\"isPartOf\":{\"@id\":\"https:\\\/\\\/grazalemaguide.com\\\/quehacerenlasierras\\\/#website\"},\"primaryImageOfPage\":{\"@id\":\"https:\\\/\\\/grazalemaguide.com\\\/quehacerenlasierras\\\/cartajima\\\/#primaryimage\"},\"image\":{\"@id\":\"https:\\\/\\\/grazalemaguide.com\\\/quehacerenlasierras\\\/cartajima\\\/#primaryimage\"},\"thumbnailUrl\":\"https:\\\/\\\/grazalemaguide.com\\\/quehacerenlasierras\\\/wp-content\\\/uploads\\\/sites\\\/2\\\/2020\\\/06\\\/Cartajima.jpg\",\"datePublished\":\"2020-06-12T18:33:02+00:00\",\"dateModified\":\"2020-06-12T18:33:04+00:00\",\"description\":\"Cartajima es un municipio de la provincia de M\u00e1laga, en el oeste de la provincia en el Valle del Genal, una de las poblaciones de la Serran\u00eda de Ronda.\",\"breadcrumb\":{\"@id\":\"https:\\\/\\\/grazalemaguide.com\\\/quehacerenlasierras\\\/cartajima\\\/#breadcrumb\"},\"inLanguage\":\"en-US\",\"potentialAction\":[{\"@type\":\"ReadAction\",\"target\":[\"https:\\\/\\\/grazalemaguide.com\\\/quehacerenlasierras\\\/cartajima\\\/\"]}]},{\"@type\":\"ImageObject\",\"inLanguage\":\"en-US\",\"@id\":\"https:\\\/\\\/grazalemaguide.com\\\/quehacerenlasierras\\\/cartajima\\\/#primaryimage\",\"url\":\"https:\\\/\\\/grazalemaguide.com\\\/quehacerenlasierras\\\/wp-content\\\/uploads\\\/sites\\\/2\\\/2020\\\/06\\\/Cartajima.jpg\",\"contentUrl\":\"https:\\\/\\\/grazalemaguide.com\\\/quehacerenlasierras\\\/wp-content\\\/uploads\\\/sites\\\/2\\\/2020\\\/06\\\/Cartajima.jpg\",\"width\":1024,\"height\":647,\"caption\":\"Cartajima es un municipio de la provincia de M\u00e1laga, situado en el oeste de la provincia en el Valle del Genal, siendo una de las poblaciones que conforman la comarca de la Serran\u00eda de Ronda.\"},{\"@type\":\"BreadcrumbList\",\"@id\":\"https:\\\/\\\/grazalemaguide.com\\\/quehacerenlasierras\\\/cartajima\\\/#breadcrumb\",\"itemListElement\":[{\"@type\":\"ListItem\",\"position\":1,\"name\":\"Home\",\"item\":\"https:\\\/\\\/grazalemaguide.com\\\/quehacerenlasierras\\\/\"},{\"@type\":\"ListItem\",\"position\":2,\"name\":\"Cartajima\"}]},{\"@type\":\"WebSite\",\"@id\":\"https:\\\/\\\/grazalemaguide.com\\\/quehacerenlasierras\\\/#website\",\"url\":\"https:\\\/\\\/grazalemaguide.com\\\/quehacerenlasierras\\\/\",\"name\":\"Calendario de eventos en las sierras, serran\u00edas y sus pueblos\",\"description\":\"\u00bfQu\u00e9 hacer en las Sierras, Serran\u00edas y sus pueblos? Ferias, fiestas, recreaciones hist\u00f3ricas, rutas de tapas, teatro, rally, deportes, gu\u00edas y actividades\",\"publisher\":{\"@id\":\"https:\\\/\\\/grazalemaguide.com\\\/quehacerenlasierras\\\/#\\\/schema\\\/person\\\/f24688c26be666f9001ed7cb3d7d2e3a\"},\"potentialAction\":[{\"@type\":\"SearchAction\",\"target\":{\"@type\":\"EntryPoint\",\"urlTemplate\":\"https:\\\/\\\/grazalemaguide.com\\\/quehacerenlasierras\\\/?s={search_term_string}\"},\"query-input\":{\"@type\":\"PropertyValueSpecification\",\"valueRequired\":true,\"valueName\":\"search_term_string\"}}],\"inLanguage\":\"en-US\"},{\"@type\":[\"Person\",\"Organization\"],\"@id\":\"https:\\\/\\\/grazalemaguide.com\\\/quehacerenlasierras\\\/#\\\/schema\\\/person\\\/f24688c26be666f9001ed7cb3d7d2e3a\",\"name\":\"Clive Muir\",\"image\":{\"@type\":\"ImageObject\",\"inLanguage\":\"en-US\",\"@id\":\"https:\\\/\\\/secure.gravatar.com\\\/avatar\\\/0cd1ec277564b2e62b29d49d1c588efa39fbdeed25940f60cb667d96e5c29e1e?s=96&d=mm&r=g\",\"url\":\"https:\\\/\\\/secure.gravatar.com\\\/avatar\\\/0cd1ec277564b2e62b29d49d1c588efa39fbdeed25940f60cb667d96e5c29e1e?s=96&d=mm&r=g\",\"contentUrl\":\"https:\\\/\\\/secure.gravatar.com\\\/avatar\\\/0cd1ec277564b2e62b29d49d1c588efa39fbdeed25940f60cb667d96e5c29e1e?s=96&d=mm&r=g\",\"caption\":\"Clive Muir\"},\"logo\":{\"@id\":\"https:\\\/\\\/secure.gravatar.com\\\/avatar\\\/0cd1ec277564b2e62b29d49d1c588efa39fbdeed25940f60cb667d96e5c29e1e?s=96&d=mm&r=g\"},\"description\":\"I\u2019ve been living in this lovely area of Western Andalucia for the last 20 years or so and dedicate most of my time to the running of English language tourist information websites for the towns of C\u00e1diz, Ronda, Grazalema, the famous or infamous Caminito del Rey, and also Wildside Holidays, which promotes sustainable and eco-friendly businesses running wildlife and walking holidays in Spain. My articles contain affiliate links that will help you reserve a hotel, bus, train or activity in the area. You don't pay more, but by using them you do support this website. Thankyou!\",\"sameAs\":[\"https:\\\/\\\/grazalemaguide.com\\\/\",\"https:\\\/\\\/www.facebook.com\\\/wildsideholidays\\\/\",\"https:\\\/\\\/www.linkedin.com\\\/in\\\/wildsideholidays\\\/\",\"https:\\\/\\\/x.com\\\/https:\\\/\\\/twitter.com\\\/GrazalemaGuide\",\"https:\\\/\\\/www.youtube.com\\\/channel\\\/UC6VDf8hywG6O6F1wgMtfMDw\"]}]}<\/script>\n<!-- \/ Yoast SEO plugin. -->","yoast_head_json":{"title":"Cartajima - Calendario de eventos en las sierras, serran\u00edas y sus pueblos","description":"Cartajima es un municipio de la provincia de M\u00e1laga, en el oeste de la provincia en el Valle del Genal, una de las poblaciones de la Serran\u00eda de Ronda.","robots":{"index":"index","follow":"follow","max-snippet":"max-snippet:-1","max-image-preview":"max-image-preview:large","max-video-preview":"max-video-preview:-1"},"canonical":"https:\/\/grazalemaguide.com\/quehacerenlasierras\/cartajima\/","og_locale":"en_US","og_type":"article","og_title":"Cartajima - Calendario de eventos en las sierras, serran\u00edas y sus pueblos","og_description":"Cartajima es un municipio de la provincia de M\u00e1laga, en el oeste de la provincia en el Valle del Genal, una de las poblaciones de la Serran\u00eda de Ronda.","og_url":"https:\/\/grazalemaguide.com\/quehacerenlasierras\/cartajima\/","og_site_name":"Calendario de eventos en las sierras, serran\u00edas y sus pueblos","article_publisher":"https:\/\/www.facebook.com\/wildsideholidays\/","article_modified_time":"2020-06-12T18:33:04+00:00","og_image":[{"width":1024,"height":647,"url":"https:\/\/grazalemaguide.com\/quehacerenlasierras\/wp-content\/uploads\/sites\/2\/2020\/06\/Cartajima.jpg","type":"image\/jpeg"}],"twitter_card":"summary_large_image","twitter_site":"@GrazalemaGuide","twitter_misc":{"Est. reading time":"3 minutes"},"schema":{"@context":"https:\/\/schema.org","@graph":[{"@type":"WebPage","@id":"https:\/\/grazalemaguide.com\/quehacerenlasierras\/cartajima\/","url":"https:\/\/grazalemaguide.com\/quehacerenlasierras\/cartajima\/","name":"Cartajima - Calendario de eventos en las sierras, serran\u00edas y sus pueblos","isPartOf":{"@id":"https:\/\/grazalemaguide.com\/quehacerenlasierras\/#website"},"primaryImageOfPage":{"@id":"https:\/\/grazalemaguide.com\/quehacerenlasierras\/cartajima\/#primaryimage"},"image":{"@id":"https:\/\/grazalemaguide.com\/quehacerenlasierras\/cartajima\/#primaryimage"},"thumbnailUrl":"https:\/\/grazalemaguide.com\/quehacerenlasierras\/wp-content\/uploads\/sites\/2\/2020\/06\/Cartajima.jpg","datePublished":"2020-06-12T18:33:02+00:00","dateModified":"2020-06-12T18:33:04+00:00","description":"Cartajima es un municipio de la provincia de M\u00e1laga, en el oeste de la provincia en el Valle del Genal, una de las poblaciones de la Serran\u00eda de Ronda.","breadcrumb":{"@id":"https:\/\/grazalemaguide.com\/quehacerenlasierras\/cartajima\/#breadcrumb"},"inLanguage":"en-US","potentialAction":[{"@type":"ReadAction","target":["https:\/\/grazalemaguide.com\/quehacerenlasierras\/cartajima\/"]}]},{"@type":"ImageObject","inLanguage":"en-US","@id":"https:\/\/grazalemaguide.com\/quehacerenlasierras\/cartajima\/#primaryimage","url":"https:\/\/grazalemaguide.com\/quehacerenlasierras\/wp-content\/uploads\/sites\/2\/2020\/06\/Cartajima.jpg","contentUrl":"https:\/\/grazalemaguide.com\/quehacerenlasierras\/wp-content\/uploads\/sites\/2\/2020\/06\/Cartajima.jpg","width":1024,"height":647,"caption":"Cartajima es un municipio de la provincia de M\u00e1laga, situado en el oeste de la provincia en el Valle del Genal, siendo una de las poblaciones que conforman la comarca de la Serran\u00eda de Ronda."},{"@type":"BreadcrumbList","@id":"https:\/\/grazalemaguide.com\/quehacerenlasierras\/cartajima\/#breadcrumb","itemListElement":[{"@type":"ListItem","position":1,"name":"Home","item":"https:\/\/grazalemaguide.com\/quehacerenlasierras\/"},{"@type":"ListItem","position":2,"name":"Cartajima"}]},{"@type":"WebSite","@id":"https:\/\/grazalemaguide.com\/quehacerenlasierras\/#website","url":"https:\/\/grazalemaguide.com\/quehacerenlasierras\/","name":"Calendario de eventos en las sierras, serran\u00edas y sus pueblos","description":"\u00bfQu\u00e9 hacer en las Sierras, Serran\u00edas y sus pueblos? Ferias, fiestas, recreaciones hist\u00f3ricas, rutas de tapas, teatro, rally, deportes, gu\u00edas y actividades","publisher":{"@id":"https:\/\/grazalemaguide.com\/quehacerenlasierras\/#\/schema\/person\/f24688c26be666f9001ed7cb3d7d2e3a"},"potentialAction":[{"@type":"SearchAction","target":{"@type":"EntryPoint","urlTemplate":"https:\/\/grazalemaguide.com\/quehacerenlasierras\/?s={search_term_string}"},"query-input":{"@type":"PropertyValueSpecification","valueRequired":true,"valueName":"search_term_string"}}],"inLanguage":"en-US"},{"@type":["Person","Organization"],"@id":"https:\/\/grazalemaguide.com\/quehacerenlasierras\/#\/schema\/person\/f24688c26be666f9001ed7cb3d7d2e3a","name":"Clive Muir","image":{"@type":"ImageObject","inLanguage":"en-US","@id":"https:\/\/secure.gravatar.com\/avatar\/0cd1ec277564b2e62b29d49d1c588efa39fbdeed25940f60cb667d96e5c29e1e?s=96&d=mm&r=g","url":"https:\/\/secure.gravatar.com\/avatar\/0cd1ec277564b2e62b29d49d1c588efa39fbdeed25940f60cb667d96e5c29e1e?s=96&d=mm&r=g","contentUrl":"https:\/\/secure.gravatar.com\/avatar\/0cd1ec277564b2e62b29d49d1c588efa39fbdeed25940f60cb667d96e5c29e1e?s=96&d=mm&r=g","caption":"Clive Muir"},"logo":{"@id":"https:\/\/secure.gravatar.com\/avatar\/0cd1ec277564b2e62b29d49d1c588efa39fbdeed25940f60cb667d96e5c29e1e?s=96&d=mm&r=g"},"description":"I\u2019ve been living in this lovely area of Western Andalucia for the last 20 years or so and dedicate most of my time to the running of English language tourist information websites for the towns of C\u00e1diz, Ronda, Grazalema, the famous or infamous Caminito del Rey, and also Wildside Holidays, which promotes sustainable and eco-friendly businesses running wildlife and walking holidays in Spain. My articles contain affiliate links that will help you reserve a hotel, bus, train or activity in the area. You don't pay more, but by using them you do support this website. Thankyou!","sameAs":["https:\/\/grazalemaguide.com\/","https:\/\/www.facebook.com\/wildsideholidays\/","https:\/\/www.linkedin.com\/in\/wildsideholidays\/","https:\/\/x.com\/https:\/\/twitter.com\/GrazalemaGuide","https:\/\/www.youtube.com\/channel\/UC6VDf8hywG6O6F1wgMtfMDw"]}]}},"_links":{"self":[{"href":"https:\/\/grazalemaguide.com\/quehacerenlasierras\/wp-json\/wp\/v2\/pages\/343","targetHints":{"allow":["GET"]}}],"collection":[{"href":"https:\/\/grazalemaguide.com\/quehacerenlasierras\/wp-json\/wp\/v2\/pages"}],"about":[{"href":"https:\/\/grazalemaguide.com\/quehacerenlasierras\/wp-json\/wp\/v2\/types\/page"}],"author":[{"embeddable":true,"href":"https:\/\/grazalemaguide.com\/quehacerenlasierras\/wp-json\/wp\/v2\/users\/1"}],"replies":[{"embeddable":true,"href":"https:\/\/grazalemaguide.com\/quehacerenlasierras\/wp-json\/wp\/v2\/comments?post=343"}],"version-history":[{"count":0,"href":"https:\/\/grazalemaguide.com\/quehacerenlasierras\/wp-json\/wp\/v2\/pages\/343\/revisions"}],"wp:featuredmedia":[{"embeddable":true,"href":"https:\/\/grazalemaguide.com\/quehacerenlasierras\/wp-json\/wp\/v2\/media\/345"}],"wp:attachment":[{"href":"https:\/\/grazalemaguide.com\/quehacerenlasierras\/wp-json\/wp\/v2\/media?parent=343"}],"curies":[{"name":"wp","href":"https:\/\/api.w.org\/{rel}","templated":true}]}}