{"id":349,"date":"2020-06-13T07:47:21","date_gmt":"2020-06-13T07:47:21","guid":{"rendered":"http:\/\/grazalemaguide.com\/quehacerenlasierras\/?page_id=349"},"modified":"2020-06-24T09:58:58","modified_gmt":"2020-06-24T09:58:58","slug":"cortes-de-la-frontera","status":"publish","type":"page","link":"https:\/\/grazalemaguide.com\/quehacerenlasierras\/cortes-de-la-frontera\/","title":{"rendered":"Cortes de la Frontera"},"content":{"rendered":"\n<div class=\"wp-block-image\"><figure class=\"alignleft size-large is-resized\"><img decoding=\"async\" src=\"https:\/\/grazalemaguide.com\/quehacerenlasierras\/wp-content\/uploads\/sites\/2\/2020\/06\/Escudo-Cortes-de-la-Frontera.png\" alt=\"De Erlenmeyer, CC BY-SA 4.0, https:\/\/commons.wikimedia.org\/w\/index.php?curid=83466416\" class=\"wp-image-351\" width=\"250\" srcset=\"https:\/\/grazalemaguide.com\/quehacerenlasierras\/wp-content\/uploads\/sites\/2\/2020\/06\/Escudo-Cortes-de-la-Frontera.png 320w, https:\/\/grazalemaguide.com\/quehacerenlasierras\/wp-content\/uploads\/sites\/2\/2020\/06\/Escudo-Cortes-de-la-Frontera-172x300.png 172w\" sizes=\"(max-width: 320px) 100vw, 320px\" \/><figcaption>De Erlenmeyer, CC BY-SA 4.0, https:\/\/commons.wikimedia.org\/w\/index.php?curid=83466416<\/figcaption><\/figure><\/div>\n\n\n\n<p>Cortes de la Frontera es un municipio situado en el oeste de la provincia de M\u00e1laga, en el Valle del Guadiaro, siendo una de las poblaciones que conforman la comarca de la Serran\u00eda de Ronda.<\/p>\n\n\n\n<p>Se accede por la carretera Ronda-Algeciras (A-369), por las ramales cruce Jimera de L\u00edbar (14,4 km) y la comarcal MA-555. Otras comunicaciones son por la A-373 Villamart\u00edn-Gauc\u00edn. Tambi\u00e9n por la l\u00ednea f\u00e9rrea Bobadilla-Algeciras que est\u00e1 a 5 km del casco urbano.<\/p>\n\n\n\n<p>El t\u00e9rmino municipal de Cortes de la Frontera al estar entablonado entre dos Parques Naturales, (&#8220;Sierra de Grazalema&#8221; y &#8220;Los Alcornocales&#8221;) y por sus peculiares caracter\u00edsticas topogr\u00e1ficas, hace que sea de un gran inter\u00e9s bot\u00e1nico, faun\u00edstico y paisaj\u00edstico. El microclima de esta zona, ha creado un particular paisaje \u2026. vegetal de encinares, alcornocales, quejigales, pinares y bosque de ribera, con un matorral florido muy rico, que contrasta con el verde gris y el bosque.<\/p>\n\n\n\n<p>Entre las Sierras insertadas en el municipio podemos destacar: Sierra de Libar (1.302 m.), Sierra de los Pinos (1.397 m.), el Pe\u00f1\u00f3n del Berrueco (899 m.), El Castillo (937 m.) y el Cerro Pajarraquera (701 m.).<\/p>\n\n\n\n<h4 class=\"wp-block-heading\">Ayuntamiento<\/h4>\n\n\n\n<p>Web: <a href=\"http:\/\/www.cortesdelafrontera.es\/\" target=\"_blank\" rel=\"noreferrer noopener\">http:\/\/www.cortesdelafrontera.es\/<\/a><br>Facebook: <a href=\"https:\/\/www.facebook.com\/Ayuntamiento-Cortes-de-la-Frontera-1583713188556163\/\" target=\"_blank\" aria-label=\"undefined (abre en una nueva pesta\u00f1a)\" rel=\"noreferrer noopener\">https:\/\/www.facebook.com\/Ayuntamiento-Cortes-de-la-Frontera-1583713188556163\/<\/a><\/p>\n\n\n\n<h6 class=\"wp-block-heading\">Facebooks de inter\u00e9s<\/h6>\n\n\n\n<p>Centro de visitantes Cortes de la Frontera:<br><a href=\"https:\/\/www.facebook.com\/CV.CortesdelaFronteraAND\/\" target=\"_blank\" aria-label=\"undefined (abre en una nueva pesta\u00f1a)\" rel=\"noreferrer noopener\">https:\/\/www.facebook.com\/CV.CortesdelaFronteraAND\/<\/a><\/p>\n\n\n\n<h4 class=\"wp-block-heading\">Alojamientos en Cortes de la Frontera<\/h4>\n\n\n<p>[booking_product_helper shortname=&#8221;cortes de la frontera&#8221;]<\/p>\n\n\n\n<hr class=\"wp-block-separator has-text-color has-background has-green-background-color has-green-color\"\/>\n\n\n\n<h4 class=\"wp-block-heading\">Centro de visitantes.<\/h4>\n\n\n\n<p>El Centro de Visitantes de Cortes de la Frontera te presenta la mejor oportunidad para conocer y disfrutar los Parques Naturales &#8220;Sierra de Grazalema&#8221; y &#8220;Los Alcornocales&#8221;, una cita obligada antes de iniciar tu viaje por ambos. Por un lado, una interesante exposici\u00f3n y un audiovisual permiten obtener una amplia visi\u00f3n de todos los valores naturales y culturales que se encuentran en los Parques Naturales.<\/p>\n\n\n\n<p><strong>Direcci\u00f3n: <\/strong>Avda. de la Democracia s\/n. 29380<br>Cortes de la Frontera (M\u00e1laga).<br><strong>Tel\u00e9fono<\/strong>: 952 15 45 99.<br><strong>Tel\u00e9fono de informaci\u00f3n tur\u00edstica del municipio:<\/strong> 952 154547.<\/p>\n\n\n\n<p>Los Centros de Visitantes son los principales equipamientos de recepci\u00f3n e informaci\u00f3n de Espacios Naturales Protegidos que forman parte de la RENPA. En sus instalaciones se ofrecen distintos servicios:<\/p>\n\n\n\n<ul class=\"wp-block-list\"><li>Sala de exposiciones: en ella se ofrece una muestra para conocer la historia y caracter\u00edsticas del espacio y la influencia de las actividades humanas.<\/li><li>Atenci\u00f3n personalizada: para obtener informaci\u00f3n sobre qu\u00e9 ver, d\u00f3nde ir y c\u00f3mo acceder a los lugares m\u00e1s interesantes del espacio de que se trate.<\/li><li>Sala RENPA: en ella se recopilan y describen los principales ecosistemas andaluces, para dar a conocer m\u00e1s sobre el medio natural de la regi\u00f3n.<\/li><li>\u00c1rea RENPANET: mediante aplicaciones inform\u00e1ticas se puede obtener m\u00e1s informaci\u00f3n de las instalaciones y servicios ofertados, fauna, flora y datos relevantes del medio ambiente andaluz.<\/li><li>Tienda RENPA: para la compra de productos artesanales con la &#8220;Marca Parque Natural de Andaluc\u00eda&#8221; y recuerdos (publicaciones, camisetas, art\u00edculos infantiles etc.)<\/li><\/ul>\n\n\n\n<p>Antes de acudir a un Centro de Visitantes del espacio natural protegido que desee visitar, se recomienda que consulte previamente el r\u00e9gimen de apertura, el horario y los servicios disponibles.<\/p>\n\n\n\n<hr class=\"wp-block-separator has-text-color has-background has-green-background-color has-green-color\"\/>\n\n\n\n<p>\u00bfQu\u00e9 hacer en las Sierras, Serran\u00edas y sus pueblos?<\/p>\n\n\n\n<p>Ferias, fiestas, recreaciones hist\u00f3ricas, rutas de tapas, teatro, rally, deportes, gu\u00edas y actividades<\/p>\n\n\n\n<p><a href=\"https:\/\/grazalemaguide.com\/quehacerenlasierras\/\">Ver el Calendario de Eventos aqui.<\/a><\/p>\n","protected":false},"excerpt":{"rendered":"<p>Cortes de la Frontera es un municipio situado en el oeste de la provincia de M\u00e1laga, en el Valle del Guadiaro, siendo una de las poblaciones que conforman la comarca de la Serran\u00eda de Ronda. Se accede por la carretera Ronda-Algeciras (A-369), por las ramales cruce Jimera de L\u00edbar (14,4 km) y la comarcal MA-555. &hellip; <a href=\"https:\/\/grazalemaguide.com\/quehacerenlasierras\/cortes-de-la-frontera\/\" class=\"more-link\">Continue reading <span class=\"screen-reader-text\">Cortes de la Frontera<\/span> <span class=\"meta-nav\">&rarr;<\/span><\/a><\/p>\n","protected":false},"author":1,"featured_media":350,"parent":0,"menu_order":0,"comment_status":"open","ping_status":"closed","template":"","meta":{"footnotes":""},"class_list":["post-349","page","type-page","status-publish","has-post-thumbnail","hentry"],"yoast_head":"<!-- This site is optimized with the Yoast SEO plugin v27.4 - https:\/\/yoast.com\/product\/yoast-seo-wordpress\/ -->\n<title>Cortes de la Frontera - Calendario de eventos en las sierras, serran\u00edas y sus pueblos<\/title>\n<meta name=\"description\" content=\"Cortes de la Frontera es un municipio situado en el oeste de la provincia de M\u00e1laga, en el Valle del Guadiaro (Serran\u00eda de Ronda.)\" \/>\n<meta name=\"robots\" content=\"index, follow, max-snippet:-1, max-image-preview:large, max-video-preview:-1\" \/>\n<link rel=\"canonical\" href=\"https:\/\/grazalemaguide.com\/quehacerenlasierras\/cortes-de-la-frontera\/\" \/>\n<meta property=\"og:locale\" content=\"en_US\" \/>\n<meta property=\"og:type\" content=\"article\" \/>\n<meta property=\"og:title\" content=\"Cortes de la Frontera - Calendario de eventos en las sierras, serran\u00edas y sus pueblos\" \/>\n<meta property=\"og:description\" content=\"Cortes de la Frontera es un municipio situado en el oeste de la provincia de M\u00e1laga, en el Valle del Guadiaro (Serran\u00eda de Ronda.)\" \/>\n<meta property=\"og:url\" content=\"https:\/\/grazalemaguide.com\/quehacerenlasierras\/cortes-de-la-frontera\/\" \/>\n<meta property=\"og:site_name\" content=\"Calendario de eventos en las sierras, serran\u00edas y sus pueblos\" \/>\n<meta property=\"article:publisher\" content=\"https:\/\/www.facebook.com\/wildsideholidays\/\" \/>\n<meta property=\"article:modified_time\" content=\"2020-06-24T09:58:58+00:00\" \/>\n<meta property=\"og:image\" content=\"https:\/\/grazalemaguide.com\/quehacerenlasierras\/wp-content\/uploads\/sites\/2\/2020\/06\/Cortes-de-la-Frontera.jpg\" \/>\n\t<meta property=\"og:image:width\" content=\"1024\" \/>\n\t<meta property=\"og:image:height\" content=\"685\" \/>\n\t<meta property=\"og:image:type\" content=\"image\/jpeg\" \/>\n<meta name=\"twitter:card\" content=\"summary_large_image\" \/>\n<meta name=\"twitter:site\" content=\"@GrazalemaGuide\" \/>\n<meta name=\"twitter:label1\" content=\"Est. reading time\" \/>\n\t<meta name=\"twitter:data1\" content=\"3 minutes\" \/>\n<script type=\"application\/ld+json\" class=\"yoast-schema-graph\">{\"@context\":\"https:\\\/\\\/schema.org\",\"@graph\":[{\"@type\":\"WebPage\",\"@id\":\"https:\\\/\\\/grazalemaguide.com\\\/quehacerenlasierras\\\/cortes-de-la-frontera\\\/\",\"url\":\"https:\\\/\\\/grazalemaguide.com\\\/quehacerenlasierras\\\/cortes-de-la-frontera\\\/\",\"name\":\"Cortes de la Frontera - Calendario de eventos en las sierras, serran\u00edas y sus pueblos\",\"isPartOf\":{\"@id\":\"https:\\\/\\\/grazalemaguide.com\\\/quehacerenlasierras\\\/#website\"},\"primaryImageOfPage\":{\"@id\":\"https:\\\/\\\/grazalemaguide.com\\\/quehacerenlasierras\\\/cortes-de-la-frontera\\\/#primaryimage\"},\"image\":{\"@id\":\"https:\\\/\\\/grazalemaguide.com\\\/quehacerenlasierras\\\/cortes-de-la-frontera\\\/#primaryimage\"},\"thumbnailUrl\":\"https:\\\/\\\/grazalemaguide.com\\\/quehacerenlasierras\\\/wp-content\\\/uploads\\\/sites\\\/2\\\/2020\\\/06\\\/Cortes-de-la-Frontera.jpg\",\"datePublished\":\"2020-06-13T07:47:21+00:00\",\"dateModified\":\"2020-06-24T09:58:58+00:00\",\"description\":\"Cortes de la Frontera es un municipio situado en el oeste de la provincia de M\u00e1laga, en el Valle del Guadiaro (Serran\u00eda de Ronda.)\",\"breadcrumb\":{\"@id\":\"https:\\\/\\\/grazalemaguide.com\\\/quehacerenlasierras\\\/cortes-de-la-frontera\\\/#breadcrumb\"},\"inLanguage\":\"en-US\",\"potentialAction\":[{\"@type\":\"ReadAction\",\"target\":[\"https:\\\/\\\/grazalemaguide.com\\\/quehacerenlasierras\\\/cortes-de-la-frontera\\\/\"]}]},{\"@type\":\"ImageObject\",\"inLanguage\":\"en-US\",\"@id\":\"https:\\\/\\\/grazalemaguide.com\\\/quehacerenlasierras\\\/cortes-de-la-frontera\\\/#primaryimage\",\"url\":\"https:\\\/\\\/grazalemaguide.com\\\/quehacerenlasierras\\\/wp-content\\\/uploads\\\/sites\\\/2\\\/2020\\\/06\\\/Cortes-de-la-Frontera.jpg\",\"contentUrl\":\"https:\\\/\\\/grazalemaguide.com\\\/quehacerenlasierras\\\/wp-content\\\/uploads\\\/sites\\\/2\\\/2020\\\/06\\\/Cortes-de-la-Frontera.jpg\",\"width\":1024,\"height\":685,\"caption\":\"De El Pantera - Trabajo propio, CC BY-SA 4.0, https:\\\/\\\/commons.wikimedia.org\\\/w\\\/index.php?curid=6351927\"},{\"@type\":\"BreadcrumbList\",\"@id\":\"https:\\\/\\\/grazalemaguide.com\\\/quehacerenlasierras\\\/cortes-de-la-frontera\\\/#breadcrumb\",\"itemListElement\":[{\"@type\":\"ListItem\",\"position\":1,\"name\":\"Home\",\"item\":\"https:\\\/\\\/grazalemaguide.com\\\/quehacerenlasierras\\\/\"},{\"@type\":\"ListItem\",\"position\":2,\"name\":\"Cortes de la Frontera\"}]},{\"@type\":\"WebSite\",\"@id\":\"https:\\\/\\\/grazalemaguide.com\\\/quehacerenlasierras\\\/#website\",\"url\":\"https:\\\/\\\/grazalemaguide.com\\\/quehacerenlasierras\\\/\",\"name\":\"Calendario de eventos en las sierras, serran\u00edas y sus pueblos\",\"description\":\"\u00bfQu\u00e9 hacer en las Sierras, Serran\u00edas y sus pueblos? Ferias, fiestas, recreaciones hist\u00f3ricas, rutas de tapas, teatro, rally, deportes, gu\u00edas y actividades\",\"publisher\":{\"@id\":\"https:\\\/\\\/grazalemaguide.com\\\/quehacerenlasierras\\\/#\\\/schema\\\/person\\\/f24688c26be666f9001ed7cb3d7d2e3a\"},\"potentialAction\":[{\"@type\":\"SearchAction\",\"target\":{\"@type\":\"EntryPoint\",\"urlTemplate\":\"https:\\\/\\\/grazalemaguide.com\\\/quehacerenlasierras\\\/?s={search_term_string}\"},\"query-input\":{\"@type\":\"PropertyValueSpecification\",\"valueRequired\":true,\"valueName\":\"search_term_string\"}}],\"inLanguage\":\"en-US\"},{\"@type\":[\"Person\",\"Organization\"],\"@id\":\"https:\\\/\\\/grazalemaguide.com\\\/quehacerenlasierras\\\/#\\\/schema\\\/person\\\/f24688c26be666f9001ed7cb3d7d2e3a\",\"name\":\"Clive Muir\",\"image\":{\"@type\":\"ImageObject\",\"inLanguage\":\"en-US\",\"@id\":\"https:\\\/\\\/secure.gravatar.com\\\/avatar\\\/0cd1ec277564b2e62b29d49d1c588efa39fbdeed25940f60cb667d96e5c29e1e?s=96&d=mm&r=g\",\"url\":\"https:\\\/\\\/secure.gravatar.com\\\/avatar\\\/0cd1ec277564b2e62b29d49d1c588efa39fbdeed25940f60cb667d96e5c29e1e?s=96&d=mm&r=g\",\"contentUrl\":\"https:\\\/\\\/secure.gravatar.com\\\/avatar\\\/0cd1ec277564b2e62b29d49d1c588efa39fbdeed25940f60cb667d96e5c29e1e?s=96&d=mm&r=g\",\"caption\":\"Clive Muir\"},\"logo\":{\"@id\":\"https:\\\/\\\/secure.gravatar.com\\\/avatar\\\/0cd1ec277564b2e62b29d49d1c588efa39fbdeed25940f60cb667d96e5c29e1e?s=96&d=mm&r=g\"},\"description\":\"I\u2019ve been living in this lovely area of Western Andalucia for the last 20 years or so and dedicate most of my time to the running of English language tourist information websites for the towns of C\u00e1diz, Ronda, Grazalema, the famous or infamous Caminito del Rey, and also Wildside Holidays, which promotes sustainable and eco-friendly businesses running wildlife and walking holidays in Spain. My articles contain affiliate links that will help you reserve a hotel, bus, train or activity in the area. You don't pay more, but by using them you do support this website. Thankyou!\",\"sameAs\":[\"https:\\\/\\\/grazalemaguide.com\\\/\",\"https:\\\/\\\/www.facebook.com\\\/wildsideholidays\\\/\",\"https:\\\/\\\/www.linkedin.com\\\/in\\\/wildsideholidays\\\/\",\"https:\\\/\\\/x.com\\\/https:\\\/\\\/twitter.com\\\/GrazalemaGuide\",\"https:\\\/\\\/www.youtube.com\\\/channel\\\/UC6VDf8hywG6O6F1wgMtfMDw\"]}]}<\/script>\n<!-- \/ Yoast SEO plugin. -->","yoast_head_json":{"title":"Cortes de la Frontera - Calendario de eventos en las sierras, serran\u00edas y sus pueblos","description":"Cortes de la Frontera es un municipio situado en el oeste de la provincia de M\u00e1laga, en el Valle del Guadiaro (Serran\u00eda de Ronda.)","robots":{"index":"index","follow":"follow","max-snippet":"max-snippet:-1","max-image-preview":"max-image-preview:large","max-video-preview":"max-video-preview:-1"},"canonical":"https:\/\/grazalemaguide.com\/quehacerenlasierras\/cortes-de-la-frontera\/","og_locale":"en_US","og_type":"article","og_title":"Cortes de la Frontera - Calendario de eventos en las sierras, serran\u00edas y sus pueblos","og_description":"Cortes de la Frontera es un municipio situado en el oeste de la provincia de M\u00e1laga, en el Valle del Guadiaro (Serran\u00eda de Ronda.)","og_url":"https:\/\/grazalemaguide.com\/quehacerenlasierras\/cortes-de-la-frontera\/","og_site_name":"Calendario de eventos en las sierras, serran\u00edas y sus pueblos","article_publisher":"https:\/\/www.facebook.com\/wildsideholidays\/","article_modified_time":"2020-06-24T09:58:58+00:00","og_image":[{"width":1024,"height":685,"url":"https:\/\/grazalemaguide.com\/quehacerenlasierras\/wp-content\/uploads\/sites\/2\/2020\/06\/Cortes-de-la-Frontera.jpg","type":"image\/jpeg"}],"twitter_card":"summary_large_image","twitter_site":"@GrazalemaGuide","twitter_misc":{"Est. reading time":"3 minutes"},"schema":{"@context":"https:\/\/schema.org","@graph":[{"@type":"WebPage","@id":"https:\/\/grazalemaguide.com\/quehacerenlasierras\/cortes-de-la-frontera\/","url":"https:\/\/grazalemaguide.com\/quehacerenlasierras\/cortes-de-la-frontera\/","name":"Cortes de la Frontera - Calendario de eventos en las sierras, serran\u00edas y sus pueblos","isPartOf":{"@id":"https:\/\/grazalemaguide.com\/quehacerenlasierras\/#website"},"primaryImageOfPage":{"@id":"https:\/\/grazalemaguide.com\/quehacerenlasierras\/cortes-de-la-frontera\/#primaryimage"},"image":{"@id":"https:\/\/grazalemaguide.com\/quehacerenlasierras\/cortes-de-la-frontera\/#primaryimage"},"thumbnailUrl":"https:\/\/grazalemaguide.com\/quehacerenlasierras\/wp-content\/uploads\/sites\/2\/2020\/06\/Cortes-de-la-Frontera.jpg","datePublished":"2020-06-13T07:47:21+00:00","dateModified":"2020-06-24T09:58:58+00:00","description":"Cortes de la Frontera es un municipio situado en el oeste de la provincia de M\u00e1laga, en el Valle del Guadiaro (Serran\u00eda de Ronda.)","breadcrumb":{"@id":"https:\/\/grazalemaguide.com\/quehacerenlasierras\/cortes-de-la-frontera\/#breadcrumb"},"inLanguage":"en-US","potentialAction":[{"@type":"ReadAction","target":["https:\/\/grazalemaguide.com\/quehacerenlasierras\/cortes-de-la-frontera\/"]}]},{"@type":"ImageObject","inLanguage":"en-US","@id":"https:\/\/grazalemaguide.com\/quehacerenlasierras\/cortes-de-la-frontera\/#primaryimage","url":"https:\/\/grazalemaguide.com\/quehacerenlasierras\/wp-content\/uploads\/sites\/2\/2020\/06\/Cortes-de-la-Frontera.jpg","contentUrl":"https:\/\/grazalemaguide.com\/quehacerenlasierras\/wp-content\/uploads\/sites\/2\/2020\/06\/Cortes-de-la-Frontera.jpg","width":1024,"height":685,"caption":"De El Pantera - Trabajo propio, CC BY-SA 4.0, https:\/\/commons.wikimedia.org\/w\/index.php?curid=6351927"},{"@type":"BreadcrumbList","@id":"https:\/\/grazalemaguide.com\/quehacerenlasierras\/cortes-de-la-frontera\/#breadcrumb","itemListElement":[{"@type":"ListItem","position":1,"name":"Home","item":"https:\/\/grazalemaguide.com\/quehacerenlasierras\/"},{"@type":"ListItem","position":2,"name":"Cortes de la Frontera"}]},{"@type":"WebSite","@id":"https:\/\/grazalemaguide.com\/quehacerenlasierras\/#website","url":"https:\/\/grazalemaguide.com\/quehacerenlasierras\/","name":"Calendario de eventos en las sierras, serran\u00edas y sus pueblos","description":"\u00bfQu\u00e9 hacer en las Sierras, Serran\u00edas y sus pueblos? Ferias, fiestas, recreaciones hist\u00f3ricas, rutas de tapas, teatro, rally, deportes, gu\u00edas y actividades","publisher":{"@id":"https:\/\/grazalemaguide.com\/quehacerenlasierras\/#\/schema\/person\/f24688c26be666f9001ed7cb3d7d2e3a"},"potentialAction":[{"@type":"SearchAction","target":{"@type":"EntryPoint","urlTemplate":"https:\/\/grazalemaguide.com\/quehacerenlasierras\/?s={search_term_string}"},"query-input":{"@type":"PropertyValueSpecification","valueRequired":true,"valueName":"search_term_string"}}],"inLanguage":"en-US"},{"@type":["Person","Organization"],"@id":"https:\/\/grazalemaguide.com\/quehacerenlasierras\/#\/schema\/person\/f24688c26be666f9001ed7cb3d7d2e3a","name":"Clive Muir","image":{"@type":"ImageObject","inLanguage":"en-US","@id":"https:\/\/secure.gravatar.com\/avatar\/0cd1ec277564b2e62b29d49d1c588efa39fbdeed25940f60cb667d96e5c29e1e?s=96&d=mm&r=g","url":"https:\/\/secure.gravatar.com\/avatar\/0cd1ec277564b2e62b29d49d1c588efa39fbdeed25940f60cb667d96e5c29e1e?s=96&d=mm&r=g","contentUrl":"https:\/\/secure.gravatar.com\/avatar\/0cd1ec277564b2e62b29d49d1c588efa39fbdeed25940f60cb667d96e5c29e1e?s=96&d=mm&r=g","caption":"Clive Muir"},"logo":{"@id":"https:\/\/secure.gravatar.com\/avatar\/0cd1ec277564b2e62b29d49d1c588efa39fbdeed25940f60cb667d96e5c29e1e?s=96&d=mm&r=g"},"description":"I\u2019ve been living in this lovely area of Western Andalucia for the last 20 years or so and dedicate most of my time to the running of English language tourist information websites for the towns of C\u00e1diz, Ronda, Grazalema, the famous or infamous Caminito del Rey, and also Wildside Holidays, which promotes sustainable and eco-friendly businesses running wildlife and walking holidays in Spain. My articles contain affiliate links that will help you reserve a hotel, bus, train or activity in the area. You don't pay more, but by using them you do support this website. Thankyou!","sameAs":["https:\/\/grazalemaguide.com\/","https:\/\/www.facebook.com\/wildsideholidays\/","https:\/\/www.linkedin.com\/in\/wildsideholidays\/","https:\/\/x.com\/https:\/\/twitter.com\/GrazalemaGuide","https:\/\/www.youtube.com\/channel\/UC6VDf8hywG6O6F1wgMtfMDw"]}]}},"_links":{"self":[{"href":"https:\/\/grazalemaguide.com\/quehacerenlasierras\/wp-json\/wp\/v2\/pages\/349","targetHints":{"allow":["GET"]}}],"collection":[{"href":"https:\/\/grazalemaguide.com\/quehacerenlasierras\/wp-json\/wp\/v2\/pages"}],"about":[{"href":"https:\/\/grazalemaguide.com\/quehacerenlasierras\/wp-json\/wp\/v2\/types\/page"}],"author":[{"embeddable":true,"href":"https:\/\/grazalemaguide.com\/quehacerenlasierras\/wp-json\/wp\/v2\/users\/1"}],"replies":[{"embeddable":true,"href":"https:\/\/grazalemaguide.com\/quehacerenlasierras\/wp-json\/wp\/v2\/comments?post=349"}],"version-history":[{"count":0,"href":"https:\/\/grazalemaguide.com\/quehacerenlasierras\/wp-json\/wp\/v2\/pages\/349\/revisions"}],"wp:featuredmedia":[{"embeddable":true,"href":"https:\/\/grazalemaguide.com\/quehacerenlasierras\/wp-json\/wp\/v2\/media\/350"}],"wp:attachment":[{"href":"https:\/\/grazalemaguide.com\/quehacerenlasierras\/wp-json\/wp\/v2\/media?parent=349"}],"curies":[{"name":"wp","href":"https:\/\/api.w.org\/{rel}","templated":true}]}}