{"id":355,"date":"2020-06-13T08:54:11","date_gmt":"2020-06-13T08:54:11","guid":{"rendered":"http:\/\/grazalemaguide.com\/quehacerenlasierras\/?page_id=355"},"modified":"2020-07-01T16:09:57","modified_gmt":"2020-07-01T16:09:57","slug":"cuevas-del-becerro","status":"publish","type":"page","link":"https:\/\/grazalemaguide.com\/quehacerenlasierras\/cuevas-del-becerro\/","title":{"rendered":"Cuevas del Becerro"},"content":{"rendered":"\n<div class=\"wp-block-image\"><figure class=\"alignleft size-large is-resized\"><img decoding=\"async\" src=\"https:\/\/grazalemaguide.com\/quehacerenlasierras\/wp-content\/uploads\/sites\/2\/2020\/06\/Escudo-Cuevas-del-Becerro.png\" alt=\"Escudo Cuevas del Becerro\" class=\"wp-image-357\" width=\"250\" srcset=\"https:\/\/grazalemaguide.com\/quehacerenlasierras\/wp-content\/uploads\/sites\/2\/2020\/06\/Escudo-Cuevas-del-Becerro.png 320w, https:\/\/grazalemaguide.com\/quehacerenlasierras\/wp-content\/uploads\/sites\/2\/2020\/06\/Escudo-Cuevas-del-Becerro-169x300.png 169w\" sizes=\"(max-width: 320px) 100vw, 320px\" \/><figcaption>De Tyk, based on File:Escudo de Benicaz\u00f3n.svg by user:Miguillen &#8211; Trabajo propio, CC BY-SA 3.0, https:\/\/commons.wikimedia.org\/w\/index.php?curid=11604574<\/figcaption><\/figure><\/div>\n\n\n\n<p>Cuevas del Becerro es un municipio espa\u00f1ol de la provincia de M\u00e1laga, Andaluc\u00eda, se encuentra en el norte de Ronda y es el l\u00edmite de Guadalteba. Por carretera se halla situado a 20 km de Ronda, 97 km de M\u00e1laga y a 576 km de Madrid. El pueblo se encuentra a m\u00e1s 724 metros de altitud sobre el nivel del mar.<\/p>\n\n\n\n<p>Dice la leyenda que el pueblo recibe su nombre de un becerro de oro que encontraron en una de sus cuevas, que en la actualidad quedan ubicadas en la ladera Norte del pueblo, sobre el r\u00edo de las cuevas. Otra leyenda cuenta que el origen del nombre se debe a un becerro que qued\u00f3 atrapado en una de las cuevas de la localidad y que fue localizado gracias a los mugidos del animal\u200b. Sea como fuere, de momento todo son meras especulaciones sobre el posible origen, sin que se sepa a ciencia cierta la verdad.<\/p>\n\n\n\n<p>Las sierras que rodean al pueblo son muy ricas en fauna. Los d\u00edas soleados podemos ver cazando al \u00e1guila perdicera, y pastando junto a los riscos a la cabra mont\u00e9s. Existen aves nocturna tales como el b\u00faho real, el c\u00e1rabo, la lechuza, el mochuelo y el b\u00faho com\u00fan. Otros animales silvestres son el tej\u00f3n, el zorro, la gineta, el meloncillo, el tur\u00f3n, la gardu\u00f1a, el conejo y la liebre.<\/p>\n\n\n\n<p><a href=\"https:\/\/es.wikipedia.org\/wiki\/Cuevas_del_Becerro\" target=\"_blank\" rel=\"noreferrer noopener\">M\u00e1s informaci\u00f3n en Wikipedia<\/a><\/p>\n\n\n\n<h4 class=\"wp-block-heading\">Ayuntamiento.<\/h4>\n\n\n\n<p>Web: <a href=\"http:\/\/www.cuevasdelbecerro.es\/\" target=\"_blank\" rel=\"noreferrer noopener\">http:\/\/www.cuevasdelbecerro.es\/<\/a><br>Facebook: <a href=\"https:\/\/www.facebook.com\/Ayuntamiento-de-Cuevas-del-Becerro-346568885362189\/\" target=\"_blank\" rel=\"noreferrer noopener\">https:\/\/www.facebook.com\/Ayuntamiento-de-Cuevas-del-Becerro-346568885362189\/<\/a><\/p>\n\n\n\n<hr class=\"wp-block-separator has-text-color has-background has-green-background-color has-green-color\"\/>\n\n\n\n<h4 class=\"wp-block-heading\">Alojamientos en Cuevas del Becerro<\/h4>\n\n\n<p>[booking_product_helper shortname=&#8221;cuevas del becerro&#8221;]<\/p>\n\n\n\n<hr class=\"wp-block-separator has-text-color has-background has-green-background-color has-green-color\"\/>\n\n\n\n<h4 class=\"wp-block-heading\">Fiestas<\/h4>\n\n\n\n<ul class=\"wp-block-list\"><li>Fiesta Patronales en honor a &#8220;San Antonio Abad&#8221;: El 17 de enero. Es muy com\u00fan bendecir a los animales y sacar una procesi\u00f3n en honor al Patr\u00f3n del pueblo,<\/li><li>Fiesta de &#8220;las Candelarias&#8221;: El 2 de febrero. Trata de hacer una hoguera con olivos. Las llamas alcanzan una gran altitud, cuando reduce los m\u00e1s j\u00f3venes saltan la candela.<\/li><li>Carnavales: Finales de febrero.<\/li><li>Fiesta de &#8220;partir la Vieja&#8221;: En marzo. Se rompe la tradici\u00f3n de no comer carne en Semana Santa. En esta fiesta se re\u00fanen todos en el campo a comer carne, acompa\u00f1ados de unas mu\u00f1ecas con aspecto de mujer vieja.<\/li><li>Romer\u00eda en honor de san Isidro: S\u00e1bado m\u00e1s pr\u00f3ximo al 15 de mayo. Trasladan el Santo del pueblo al lugar donde se celebra la romer\u00eda<\/li><li>Noche en Pie: Primer fin de semana de Julio<\/li><li>Verbena de Verano: En julio.<\/li><li>Feria del pueblo en honor a su Patr\u00f3n San Antonio Abad: \u00daltima semana de agosto.<\/li><\/ul>\n\n\n\n<hr class=\"wp-block-separator has-text-color has-background has-green-background-color has-green-color\"\/>\n\n\n\n<p>\u00bfQu\u00e9 hacer en las Sierras, Serran\u00edas y sus pueblos?<\/p>\n\n\n\n<p>Ferias, fiestas, recreaciones hist\u00f3ricas, rutas de tapas, teatro, rally, deportes, gu\u00edas y actividades<\/p>\n\n\n\n<p><a href=\"https:\/\/grazalemaguide.com\/quehacerenlasierras\/\">Ver el Calendario de Eventos aqui.<\/a><\/p>\n","protected":false},"excerpt":{"rendered":"<p>Cuevas del Becerro es un municipio espa\u00f1ol de la provincia de M\u00e1laga, Andaluc\u00eda, se encuentra en el norte de Ronda y es el l\u00edmite de Guadalteba. Por carretera se halla situado a 20 km de Ronda, 97 km de M\u00e1laga y a 576 km de Madrid. El pueblo se encuentra a m\u00e1s 724 metros de &hellip; <a href=\"https:\/\/grazalemaguide.com\/quehacerenlasierras\/cuevas-del-becerro\/\" class=\"more-link\">Continue reading <span class=\"screen-reader-text\">Cuevas del Becerro<\/span> <span class=\"meta-nav\">&rarr;<\/span><\/a><\/p>\n","protected":false},"author":1,"featured_media":356,"parent":0,"menu_order":0,"comment_status":"open","ping_status":"closed","template":"","meta":{"footnotes":""},"class_list":["post-355","page","type-page","status-publish","has-post-thumbnail","hentry"],"yoast_head":"<!-- This site is optimized with the Yoast SEO plugin v27.4 - https:\/\/yoast.com\/product\/yoast-seo-wordpress\/ -->\n<title>Cuevas del Becerro - Calendario de eventos en las sierras, serran\u00edas y sus pueblos<\/title>\n<meta name=\"description\" content=\"Cuevas del Becerro es un municipio espa\u00f1ol de la provincia de M\u00e1laga, Andaluc\u00eda, se encuentra en el norte de Ronda y es el l\u00edmite de Guadalteba.\" \/>\n<meta name=\"robots\" content=\"index, follow, max-snippet:-1, max-image-preview:large, max-video-preview:-1\" \/>\n<link rel=\"canonical\" href=\"https:\/\/grazalemaguide.com\/quehacerenlasierras\/cuevas-del-becerro\/\" \/>\n<meta property=\"og:locale\" content=\"en_US\" \/>\n<meta property=\"og:type\" content=\"article\" \/>\n<meta property=\"og:title\" content=\"Cuevas del Becerro - Calendario de eventos en las sierras, serran\u00edas y sus pueblos\" \/>\n<meta property=\"og:description\" content=\"Cuevas del Becerro es un municipio espa\u00f1ol de la provincia de M\u00e1laga, Andaluc\u00eda, se encuentra en el norte de Ronda y es el l\u00edmite de Guadalteba.\" \/>\n<meta property=\"og:url\" content=\"https:\/\/grazalemaguide.com\/quehacerenlasierras\/cuevas-del-becerro\/\" \/>\n<meta property=\"og:site_name\" content=\"Calendario de eventos en las sierras, serran\u00edas y sus pueblos\" \/>\n<meta property=\"article:publisher\" content=\"https:\/\/www.facebook.com\/wildsideholidays\/\" \/>\n<meta property=\"article:modified_time\" content=\"2020-07-01T16:09:57+00:00\" \/>\n<meta property=\"og:image\" content=\"https:\/\/grazalemaguide.com\/quehacerenlasierras\/wp-content\/uploads\/sites\/2\/2020\/06\/Cuevas-del-Becerro.jpg\" \/>\n\t<meta property=\"og:image:width\" content=\"1024\" \/>\n\t<meta property=\"og:image:height\" content=\"439\" \/>\n\t<meta property=\"og:image:type\" content=\"image\/jpeg\" \/>\n<meta name=\"twitter:card\" content=\"summary_large_image\" \/>\n<meta name=\"twitter:site\" content=\"@GrazalemaGuide\" \/>\n<meta name=\"twitter:label1\" content=\"Est. reading time\" \/>\n\t<meta name=\"twitter:data1\" content=\"2 minutes\" \/>\n<script type=\"application\/ld+json\" class=\"yoast-schema-graph\">{\"@context\":\"https:\\\/\\\/schema.org\",\"@graph\":[{\"@type\":\"WebPage\",\"@id\":\"https:\\\/\\\/grazalemaguide.com\\\/quehacerenlasierras\\\/cuevas-del-becerro\\\/\",\"url\":\"https:\\\/\\\/grazalemaguide.com\\\/quehacerenlasierras\\\/cuevas-del-becerro\\\/\",\"name\":\"Cuevas del Becerro - Calendario de eventos en las sierras, serran\u00edas y sus pueblos\",\"isPartOf\":{\"@id\":\"https:\\\/\\\/grazalemaguide.com\\\/quehacerenlasierras\\\/#website\"},\"primaryImageOfPage\":{\"@id\":\"https:\\\/\\\/grazalemaguide.com\\\/quehacerenlasierras\\\/cuevas-del-becerro\\\/#primaryimage\"},\"image\":{\"@id\":\"https:\\\/\\\/grazalemaguide.com\\\/quehacerenlasierras\\\/cuevas-del-becerro\\\/#primaryimage\"},\"thumbnailUrl\":\"https:\\\/\\\/grazalemaguide.com\\\/quehacerenlasierras\\\/wp-content\\\/uploads\\\/sites\\\/2\\\/2020\\\/06\\\/Cuevas-del-Becerro.jpg\",\"datePublished\":\"2020-06-13T08:54:11+00:00\",\"dateModified\":\"2020-07-01T16:09:57+00:00\",\"description\":\"Cuevas del Becerro es un municipio espa\u00f1ol de la provincia de M\u00e1laga, Andaluc\u00eda, se encuentra en el norte de Ronda y es el l\u00edmite de Guadalteba.\",\"breadcrumb\":{\"@id\":\"https:\\\/\\\/grazalemaguide.com\\\/quehacerenlasierras\\\/cuevas-del-becerro\\\/#breadcrumb\"},\"inLanguage\":\"en-US\",\"potentialAction\":[{\"@type\":\"ReadAction\",\"target\":[\"https:\\\/\\\/grazalemaguide.com\\\/quehacerenlasierras\\\/cuevas-del-becerro\\\/\"]}]},{\"@type\":\"ImageObject\",\"inLanguage\":\"en-US\",\"@id\":\"https:\\\/\\\/grazalemaguide.com\\\/quehacerenlasierras\\\/cuevas-del-becerro\\\/#primaryimage\",\"url\":\"https:\\\/\\\/grazalemaguide.com\\\/quehacerenlasierras\\\/wp-content\\\/uploads\\\/sites\\\/2\\\/2020\\\/06\\\/Cuevas-del-Becerro.jpg\",\"contentUrl\":\"https:\\\/\\\/grazalemaguide.com\\\/quehacerenlasierras\\\/wp-content\\\/uploads\\\/sites\\\/2\\\/2020\\\/06\\\/Cuevas-del-Becerro.jpg\",\"width\":1024,\"height\":439,\"caption\":\"Cuevas del Becerro\"},{\"@type\":\"BreadcrumbList\",\"@id\":\"https:\\\/\\\/grazalemaguide.com\\\/quehacerenlasierras\\\/cuevas-del-becerro\\\/#breadcrumb\",\"itemListElement\":[{\"@type\":\"ListItem\",\"position\":1,\"name\":\"Home\",\"item\":\"https:\\\/\\\/grazalemaguide.com\\\/quehacerenlasierras\\\/\"},{\"@type\":\"ListItem\",\"position\":2,\"name\":\"Cuevas del Becerro\"}]},{\"@type\":\"WebSite\",\"@id\":\"https:\\\/\\\/grazalemaguide.com\\\/quehacerenlasierras\\\/#website\",\"url\":\"https:\\\/\\\/grazalemaguide.com\\\/quehacerenlasierras\\\/\",\"name\":\"Calendario de eventos en las sierras, serran\u00edas y sus pueblos\",\"description\":\"\u00bfQu\u00e9 hacer en las Sierras, Serran\u00edas y sus pueblos? Ferias, fiestas, recreaciones hist\u00f3ricas, rutas de tapas, teatro, rally, deportes, gu\u00edas y actividades\",\"publisher\":{\"@id\":\"https:\\\/\\\/grazalemaguide.com\\\/quehacerenlasierras\\\/#\\\/schema\\\/person\\\/f24688c26be666f9001ed7cb3d7d2e3a\"},\"potentialAction\":[{\"@type\":\"SearchAction\",\"target\":{\"@type\":\"EntryPoint\",\"urlTemplate\":\"https:\\\/\\\/grazalemaguide.com\\\/quehacerenlasierras\\\/?s={search_term_string}\"},\"query-input\":{\"@type\":\"PropertyValueSpecification\",\"valueRequired\":true,\"valueName\":\"search_term_string\"}}],\"inLanguage\":\"en-US\"},{\"@type\":[\"Person\",\"Organization\"],\"@id\":\"https:\\\/\\\/grazalemaguide.com\\\/quehacerenlasierras\\\/#\\\/schema\\\/person\\\/f24688c26be666f9001ed7cb3d7d2e3a\",\"name\":\"Clive Muir\",\"image\":{\"@type\":\"ImageObject\",\"inLanguage\":\"en-US\",\"@id\":\"https:\\\/\\\/secure.gravatar.com\\\/avatar\\\/0cd1ec277564b2e62b29d49d1c588efa39fbdeed25940f60cb667d96e5c29e1e?s=96&d=mm&r=g\",\"url\":\"https:\\\/\\\/secure.gravatar.com\\\/avatar\\\/0cd1ec277564b2e62b29d49d1c588efa39fbdeed25940f60cb667d96e5c29e1e?s=96&d=mm&r=g\",\"contentUrl\":\"https:\\\/\\\/secure.gravatar.com\\\/avatar\\\/0cd1ec277564b2e62b29d49d1c588efa39fbdeed25940f60cb667d96e5c29e1e?s=96&d=mm&r=g\",\"caption\":\"Clive Muir\"},\"logo\":{\"@id\":\"https:\\\/\\\/secure.gravatar.com\\\/avatar\\\/0cd1ec277564b2e62b29d49d1c588efa39fbdeed25940f60cb667d96e5c29e1e?s=96&d=mm&r=g\"},\"description\":\"I\u2019ve been living in this lovely area of Western Andalucia for the last 20 years or so and dedicate most of my time to the running of English language tourist information websites for the towns of C\u00e1diz, Ronda, Grazalema, the famous or infamous Caminito del Rey, and also Wildside Holidays, which promotes sustainable and eco-friendly businesses running wildlife and walking holidays in Spain. My articles contain affiliate links that will help you reserve a hotel, bus, train or activity in the area. You don't pay more, but by using them you do support this website. Thankyou!\",\"sameAs\":[\"https:\\\/\\\/grazalemaguide.com\\\/\",\"https:\\\/\\\/www.facebook.com\\\/wildsideholidays\\\/\",\"https:\\\/\\\/www.linkedin.com\\\/in\\\/wildsideholidays\\\/\",\"https:\\\/\\\/x.com\\\/https:\\\/\\\/twitter.com\\\/GrazalemaGuide\",\"https:\\\/\\\/www.youtube.com\\\/channel\\\/UC6VDf8hywG6O6F1wgMtfMDw\"]}]}<\/script>\n<!-- \/ Yoast SEO plugin. -->","yoast_head_json":{"title":"Cuevas del Becerro - Calendario de eventos en las sierras, serran\u00edas y sus pueblos","description":"Cuevas del Becerro es un municipio espa\u00f1ol de la provincia de M\u00e1laga, Andaluc\u00eda, se encuentra en el norte de Ronda y es el l\u00edmite de Guadalteba.","robots":{"index":"index","follow":"follow","max-snippet":"max-snippet:-1","max-image-preview":"max-image-preview:large","max-video-preview":"max-video-preview:-1"},"canonical":"https:\/\/grazalemaguide.com\/quehacerenlasierras\/cuevas-del-becerro\/","og_locale":"en_US","og_type":"article","og_title":"Cuevas del Becerro - Calendario de eventos en las sierras, serran\u00edas y sus pueblos","og_description":"Cuevas del Becerro es un municipio espa\u00f1ol de la provincia de M\u00e1laga, Andaluc\u00eda, se encuentra en el norte de Ronda y es el l\u00edmite de Guadalteba.","og_url":"https:\/\/grazalemaguide.com\/quehacerenlasierras\/cuevas-del-becerro\/","og_site_name":"Calendario de eventos en las sierras, serran\u00edas y sus pueblos","article_publisher":"https:\/\/www.facebook.com\/wildsideholidays\/","article_modified_time":"2020-07-01T16:09:57+00:00","og_image":[{"width":1024,"height":439,"url":"https:\/\/grazalemaguide.com\/quehacerenlasierras\/wp-content\/uploads\/sites\/2\/2020\/06\/Cuevas-del-Becerro.jpg","type":"image\/jpeg"}],"twitter_card":"summary_large_image","twitter_site":"@GrazalemaGuide","twitter_misc":{"Est. reading time":"2 minutes"},"schema":{"@context":"https:\/\/schema.org","@graph":[{"@type":"WebPage","@id":"https:\/\/grazalemaguide.com\/quehacerenlasierras\/cuevas-del-becerro\/","url":"https:\/\/grazalemaguide.com\/quehacerenlasierras\/cuevas-del-becerro\/","name":"Cuevas del Becerro - Calendario de eventos en las sierras, serran\u00edas y sus pueblos","isPartOf":{"@id":"https:\/\/grazalemaguide.com\/quehacerenlasierras\/#website"},"primaryImageOfPage":{"@id":"https:\/\/grazalemaguide.com\/quehacerenlasierras\/cuevas-del-becerro\/#primaryimage"},"image":{"@id":"https:\/\/grazalemaguide.com\/quehacerenlasierras\/cuevas-del-becerro\/#primaryimage"},"thumbnailUrl":"https:\/\/grazalemaguide.com\/quehacerenlasierras\/wp-content\/uploads\/sites\/2\/2020\/06\/Cuevas-del-Becerro.jpg","datePublished":"2020-06-13T08:54:11+00:00","dateModified":"2020-07-01T16:09:57+00:00","description":"Cuevas del Becerro es un municipio espa\u00f1ol de la provincia de M\u00e1laga, Andaluc\u00eda, se encuentra en el norte de Ronda y es el l\u00edmite de Guadalteba.","breadcrumb":{"@id":"https:\/\/grazalemaguide.com\/quehacerenlasierras\/cuevas-del-becerro\/#breadcrumb"},"inLanguage":"en-US","potentialAction":[{"@type":"ReadAction","target":["https:\/\/grazalemaguide.com\/quehacerenlasierras\/cuevas-del-becerro\/"]}]},{"@type":"ImageObject","inLanguage":"en-US","@id":"https:\/\/grazalemaguide.com\/quehacerenlasierras\/cuevas-del-becerro\/#primaryimage","url":"https:\/\/grazalemaguide.com\/quehacerenlasierras\/wp-content\/uploads\/sites\/2\/2020\/06\/Cuevas-del-Becerro.jpg","contentUrl":"https:\/\/grazalemaguide.com\/quehacerenlasierras\/wp-content\/uploads\/sites\/2\/2020\/06\/Cuevas-del-Becerro.jpg","width":1024,"height":439,"caption":"Cuevas del Becerro"},{"@type":"BreadcrumbList","@id":"https:\/\/grazalemaguide.com\/quehacerenlasierras\/cuevas-del-becerro\/#breadcrumb","itemListElement":[{"@type":"ListItem","position":1,"name":"Home","item":"https:\/\/grazalemaguide.com\/quehacerenlasierras\/"},{"@type":"ListItem","position":2,"name":"Cuevas del Becerro"}]},{"@type":"WebSite","@id":"https:\/\/grazalemaguide.com\/quehacerenlasierras\/#website","url":"https:\/\/grazalemaguide.com\/quehacerenlasierras\/","name":"Calendario de eventos en las sierras, serran\u00edas y sus pueblos","description":"\u00bfQu\u00e9 hacer en las Sierras, Serran\u00edas y sus pueblos? Ferias, fiestas, recreaciones hist\u00f3ricas, rutas de tapas, teatro, rally, deportes, gu\u00edas y actividades","publisher":{"@id":"https:\/\/grazalemaguide.com\/quehacerenlasierras\/#\/schema\/person\/f24688c26be666f9001ed7cb3d7d2e3a"},"potentialAction":[{"@type":"SearchAction","target":{"@type":"EntryPoint","urlTemplate":"https:\/\/grazalemaguide.com\/quehacerenlasierras\/?s={search_term_string}"},"query-input":{"@type":"PropertyValueSpecification","valueRequired":true,"valueName":"search_term_string"}}],"inLanguage":"en-US"},{"@type":["Person","Organization"],"@id":"https:\/\/grazalemaguide.com\/quehacerenlasierras\/#\/schema\/person\/f24688c26be666f9001ed7cb3d7d2e3a","name":"Clive Muir","image":{"@type":"ImageObject","inLanguage":"en-US","@id":"https:\/\/secure.gravatar.com\/avatar\/0cd1ec277564b2e62b29d49d1c588efa39fbdeed25940f60cb667d96e5c29e1e?s=96&d=mm&r=g","url":"https:\/\/secure.gravatar.com\/avatar\/0cd1ec277564b2e62b29d49d1c588efa39fbdeed25940f60cb667d96e5c29e1e?s=96&d=mm&r=g","contentUrl":"https:\/\/secure.gravatar.com\/avatar\/0cd1ec277564b2e62b29d49d1c588efa39fbdeed25940f60cb667d96e5c29e1e?s=96&d=mm&r=g","caption":"Clive Muir"},"logo":{"@id":"https:\/\/secure.gravatar.com\/avatar\/0cd1ec277564b2e62b29d49d1c588efa39fbdeed25940f60cb667d96e5c29e1e?s=96&d=mm&r=g"},"description":"I\u2019ve been living in this lovely area of Western Andalucia for the last 20 years or so and dedicate most of my time to the running of English language tourist information websites for the towns of C\u00e1diz, Ronda, Grazalema, the famous or infamous Caminito del Rey, and also Wildside Holidays, which promotes sustainable and eco-friendly businesses running wildlife and walking holidays in Spain. My articles contain affiliate links that will help you reserve a hotel, bus, train or activity in the area. You don't pay more, but by using them you do support this website. Thankyou!","sameAs":["https:\/\/grazalemaguide.com\/","https:\/\/www.facebook.com\/wildsideholidays\/","https:\/\/www.linkedin.com\/in\/wildsideholidays\/","https:\/\/x.com\/https:\/\/twitter.com\/GrazalemaGuide","https:\/\/www.youtube.com\/channel\/UC6VDf8hywG6O6F1wgMtfMDw"]}]}},"_links":{"self":[{"href":"https:\/\/grazalemaguide.com\/quehacerenlasierras\/wp-json\/wp\/v2\/pages\/355","targetHints":{"allow":["GET"]}}],"collection":[{"href":"https:\/\/grazalemaguide.com\/quehacerenlasierras\/wp-json\/wp\/v2\/pages"}],"about":[{"href":"https:\/\/grazalemaguide.com\/quehacerenlasierras\/wp-json\/wp\/v2\/types\/page"}],"author":[{"embeddable":true,"href":"https:\/\/grazalemaguide.com\/quehacerenlasierras\/wp-json\/wp\/v2\/users\/1"}],"replies":[{"embeddable":true,"href":"https:\/\/grazalemaguide.com\/quehacerenlasierras\/wp-json\/wp\/v2\/comments?post=355"}],"version-history":[{"count":0,"href":"https:\/\/grazalemaguide.com\/quehacerenlasierras\/wp-json\/wp\/v2\/pages\/355\/revisions"}],"wp:featuredmedia":[{"embeddable":true,"href":"https:\/\/grazalemaguide.com\/quehacerenlasierras\/wp-json\/wp\/v2\/media\/356"}],"wp:attachment":[{"href":"https:\/\/grazalemaguide.com\/quehacerenlasierras\/wp-json\/wp\/v2\/media?parent=355"}],"curies":[{"name":"wp","href":"https:\/\/api.w.org\/{rel}","templated":true}]}}