{"id":362,"date":"2020-06-13T10:06:03","date_gmt":"2020-06-13T10:06:03","guid":{"rendered":"http:\/\/grazalemaguide.com\/quehacerenlasierras\/?page_id=362"},"modified":"2020-06-13T10:06:04","modified_gmt":"2020-06-13T10:06:04","slug":"el-burgo","status":"publish","type":"page","link":"https:\/\/grazalemaguide.com\/quehacerenlasierras\/el-burgo\/","title":{"rendered":"El Burgo"},"content":{"rendered":"\n<div class=\"wp-block-image\"><figure class=\"alignleft size-large is-resized\"><img decoding=\"async\" src=\"https:\/\/grazalemaguide.com\/quehacerenlasierras\/wp-content\/uploads\/sites\/2\/2020\/06\/Escudo-El-Burgo.png\" alt=\"Escudo El Burgo\" class=\"wp-image-364\" width=\"250\" srcset=\"https:\/\/grazalemaguide.com\/quehacerenlasierras\/wp-content\/uploads\/sites\/2\/2020\/06\/Escudo-El-Burgo.png 320w, https:\/\/grazalemaguide.com\/quehacerenlasierras\/wp-content\/uploads\/sites\/2\/2020\/06\/Escudo-El-Burgo-169x300.png 169w\" sizes=\"(max-width: 320px) 100vw, 320px\" \/><figcaption>De Tyk, based on File:Escudo de Benalm\u00e1dena.svg by User:HansenBCN &#8211; Trabajo propio, basado en: , Junta de Andaluc\u00eda \u2013 Simbolos de las entidades locales de la provincia de M\u00e1laga. BOJA n\u00ba 246, de 20 de diciembre de 2004.http:\/\/www.elburgo.es\/es\/Ayuntamiento\/Heraldica\/, CC BY-SA 3.0, https:\/\/commons.wikimedia.org\/w\/index.php?curid=10048787<\/figcaption><\/figure><\/div>\n\n\n\n<p>El Burgo es un municipio y localidad de Espa\u00f1a, en la provincia de M\u00e1laga, enclavado en el entorno del Parque Nacional Sierra de las Nieves (declarado Reserva de la Biosfera por la Unesco). Se extiende por la zona centro-occidental de la provincia de M\u00e1laga.<\/p>\n\n\n\n<p>A menos de 1h de M\u00e1laga o Marbella y a 25 minutos de Ronda, El Burgo es el lugar perfecto para los amantes de la Naturaleza y la tranquilidad.<\/p>\n\n\n\n<p>El Municipio cuenta con numerosos bares y restaurantes, as\u00ed como hoteles rurales. La calle principal del Municipio, est\u00e1 llena de bares, tiendas y restaurantes.<\/p>\n\n\n\n<p><a rel=\"noreferrer noopener\" href=\"https:\/\/es.wikipedia.org\/wiki\/El_Burgo\" target=\"_blank\">M\u00e1s informaci\u00f3n en Wikipedia.<\/a><\/p>\n\n\n\n<p>Situado en el borde oriental de la Serran\u00eda de Ronda. Enclavado en la Reserva de la Biosfera de la Sierra de las Nieves, el paraje natural que lo rodea es de una belleza incomparable. Rodeado de pinsapos y encinas, que se mezclan con quejigos de alta monta\u00f1a y pinos.<\/p>\n\n\n\n<p>Si hay algo de El Burgo de lo que se sienten orgullosos los burgue\u00f1os, es de su r\u00edo, el Tur\u00f3n y de los arroyos que vierten en \u00e9l sus aguas.<\/p>\n\n\n\n<p>Del castillo medieval que diera origen al pueblo quedan los restos de lienzos de sus murallas, enlazadas ya con las casas del barrio alto; dentro de lo que debi\u00f3 ser el recinto de la fortaleza se levanta la Iglesia de la Encarnaci\u00f3n.<\/p>\n\n\n\n<p>Fuera del casco urbano hay senderos que permiten disfrutar de bellas vistas: siguiendo la carretera de El Burgo a Ronda, el mirador en el que se encuentra el monumento al guarda forestal, desde el que se contemplan magn\u00edficas panor\u00e1micas del tajo del valle de Lifa; las ruinas del convento Virgen de las Nieves, la cascada y el molino de la Fuensanta.<\/p>\n\n\n\n<h4 class=\"wp-block-heading\">Ayuntamiento<\/h4>\n\n\n\n<p>Web: <a href=\"http:\/\/www.elburgo.es\/\" target=\"_blank\" rel=\"noreferrer noopener\">http:\/\/www.elburgo.es\/<\/a><br>Facebook: <a href=\"https:\/\/www.facebook.com\/AyuntamientodeElBurgo\/\" target=\"_blank\" rel=\"noreferrer noopener\">https:\/\/www.facebook.com\/AyuntamientodeElBurgo\/<\/a><\/p>\n\n\n\n<h4 class=\"wp-block-heading\">Alojamientos en El Burgo<\/h4>\n\n\n<p>[booking_product_helper shortname=&#8221;el burgo&#8221;]<\/p>\n\n\n\n<hr class=\"wp-block-separator has-text-color has-background has-green-background-color has-green-color\"\/>\n\n\n\n<h4 class=\"wp-block-heading\">Fiestas<\/h4>\n\n\n\n<p>La principal fiesta es la &#8220;Feria y Fiestas en Honor a &#8220;San Agust\u00edn&#8221; y suele durar unos cinco d\u00edas, se celebra la semana del 28 de agosto, coincidiendo con el d\u00eda del patr\u00f3n de la poblaci\u00f3n San Agust\u00edn.<\/p>\n\n\n\n<p>Otras fiestas son:<\/p>\n\n\n\n<p> la Quema de Judas, que est\u00e1 declarada de inter\u00e9s tur\u00edstico Andaluz y coincide con el domingo de Resurrecci\u00f3n en Semana Santa; <\/p>\n\n\n\n<p>La romer\u00eda de la Virgen de las Nieves, que se festeja el primer fin de semana del mes de agosto; <\/p>\n\n\n\n<p>La Sopa de los siete ramales que coincide con el d\u00eda de Andaluc\u00eda, y est\u00e1 declarada de inter\u00e9s tur\u00edstico provincial de M\u00e1laga.<\/p>\n\n\n\n<p> Las fiestas de carnaval a principios de marzo. <\/p>\n\n\n\n<p>En el puente del pilar 12 de octubre se realiza la Recreaci\u00f3n hist\u00f3tica &#8220;Pasi\u00f3n Bandolera&#8221;, m\u00e1s de 300 vecinos se visten de 1840 para recrear la vida de los bandoleros de la zona, hacen actuaciones y una zona del pueblo la restauran para hacer un poblado.<\/p>\n\n\n\n<hr class=\"wp-block-separator has-text-color has-background has-green-background-color has-green-color\"\/>\n\n\n\n<p>\u00bfQu\u00e9 hacer en las Sierras, Serran\u00edas y sus pueblos?<\/p>\n\n\n\n<p>Ferias, fiestas, recreaciones hist\u00f3ricas, rutas de tapas, teatro, rally, deportes, gu\u00edas y actividades<\/p>\n\n\n\n<p><a href=\"https:\/\/grazalemaguide.com\/quehacerenlasierras\/\">Ver el Calendario de Eventos aqui.<\/a><\/p>\n","protected":false},"excerpt":{"rendered":"<p>El Burgo es un municipio y localidad de Espa\u00f1a, en la provincia de M\u00e1laga, enclavado en el entorno del Parque Nacional Sierra de las Nieves (declarado Reserva de la Biosfera por la Unesco). Se extiende por la zona centro-occidental de la provincia de M\u00e1laga. A menos de 1h de M\u00e1laga o Marbella y a 25 &hellip; <a href=\"https:\/\/grazalemaguide.com\/quehacerenlasierras\/el-burgo\/\" class=\"more-link\">Continue reading <span class=\"screen-reader-text\">El Burgo<\/span> <span class=\"meta-nav\">&rarr;<\/span><\/a><\/p>\n","protected":false},"author":1,"featured_media":363,"parent":0,"menu_order":0,"comment_status":"open","ping_status":"closed","template":"","meta":{"footnotes":""},"class_list":["post-362","page","type-page","status-publish","has-post-thumbnail","hentry"],"yoast_head":"<!-- This site is optimized with the Yoast SEO plugin v27.3 - https:\/\/yoast.com\/product\/yoast-seo-wordpress\/ -->\n<title>El Burgo - Calendario de eventos en las sierras, serran\u00edas y sus pueblos<\/title>\n<meta name=\"description\" content=\"El Burgo es un municipio y localidad de Espa\u00f1a, en la provincia de M\u00e1laga, enclavado en el entorno del Parque Nacional Sierra de las Nieves\" \/>\n<meta name=\"robots\" content=\"index, follow, max-snippet:-1, max-image-preview:large, max-video-preview:-1\" \/>\n<link rel=\"canonical\" href=\"https:\/\/grazalemaguide.com\/quehacerenlasierras\/el-burgo\/\" \/>\n<meta property=\"og:locale\" content=\"en_US\" \/>\n<meta property=\"og:type\" content=\"article\" \/>\n<meta property=\"og:title\" content=\"El Burgo - Calendario de eventos en las sierras, serran\u00edas y sus pueblos\" \/>\n<meta property=\"og:description\" content=\"El Burgo es un municipio y localidad de Espa\u00f1a, en la provincia de M\u00e1laga, enclavado en el entorno del Parque Nacional Sierra de las Nieves\" \/>\n<meta property=\"og:url\" content=\"https:\/\/grazalemaguide.com\/quehacerenlasierras\/el-burgo\/\" \/>\n<meta property=\"og:site_name\" content=\"Calendario de eventos en las sierras, serran\u00edas y sus pueblos\" \/>\n<meta property=\"article:publisher\" content=\"https:\/\/www.facebook.com\/wildsideholidays\/\" \/>\n<meta property=\"article:modified_time\" content=\"2020-06-13T10:06:04+00:00\" \/>\n<meta property=\"og:image\" content=\"https:\/\/grazalemaguide.com\/quehacerenlasierras\/wp-content\/uploads\/sites\/2\/2020\/06\/El-Burgo.jpg\" \/>\n\t<meta property=\"og:image:width\" content=\"1024\" \/>\n\t<meta property=\"og:image:height\" content=\"578\" \/>\n\t<meta property=\"og:image:type\" content=\"image\/jpeg\" \/>\n<meta name=\"twitter:card\" content=\"summary_large_image\" \/>\n<meta name=\"twitter:site\" content=\"@GrazalemaGuide\" \/>\n<meta name=\"twitter:label1\" content=\"Est. reading time\" \/>\n\t<meta name=\"twitter:data1\" content=\"3 minutes\" \/>\n<script type=\"application\/ld+json\" class=\"yoast-schema-graph\">{\"@context\":\"https:\\\/\\\/schema.org\",\"@graph\":[{\"@type\":\"WebPage\",\"@id\":\"https:\\\/\\\/grazalemaguide.com\\\/quehacerenlasierras\\\/el-burgo\\\/\",\"url\":\"https:\\\/\\\/grazalemaguide.com\\\/quehacerenlasierras\\\/el-burgo\\\/\",\"name\":\"El Burgo - Calendario de eventos en las sierras, serran\u00edas y sus pueblos\",\"isPartOf\":{\"@id\":\"https:\\\/\\\/grazalemaguide.com\\\/quehacerenlasierras\\\/#website\"},\"primaryImageOfPage\":{\"@id\":\"https:\\\/\\\/grazalemaguide.com\\\/quehacerenlasierras\\\/el-burgo\\\/#primaryimage\"},\"image\":{\"@id\":\"https:\\\/\\\/grazalemaguide.com\\\/quehacerenlasierras\\\/el-burgo\\\/#primaryimage\"},\"thumbnailUrl\":\"https:\\\/\\\/grazalemaguide.com\\\/quehacerenlasierras\\\/wp-content\\\/uploads\\\/sites\\\/2\\\/2020\\\/06\\\/El-Burgo.jpg\",\"datePublished\":\"2020-06-13T10:06:03+00:00\",\"dateModified\":\"2020-06-13T10:06:04+00:00\",\"description\":\"El Burgo es un municipio y localidad de Espa\u00f1a, en la provincia de M\u00e1laga, enclavado en el entorno del Parque Nacional Sierra de las Nieves\",\"breadcrumb\":{\"@id\":\"https:\\\/\\\/grazalemaguide.com\\\/quehacerenlasierras\\\/el-burgo\\\/#breadcrumb\"},\"inLanguage\":\"en-US\",\"potentialAction\":[{\"@type\":\"ReadAction\",\"target\":[\"https:\\\/\\\/grazalemaguide.com\\\/quehacerenlasierras\\\/el-burgo\\\/\"]}]},{\"@type\":\"ImageObject\",\"inLanguage\":\"en-US\",\"@id\":\"https:\\\/\\\/grazalemaguide.com\\\/quehacerenlasierras\\\/el-burgo\\\/#primaryimage\",\"url\":\"https:\\\/\\\/grazalemaguide.com\\\/quehacerenlasierras\\\/wp-content\\\/uploads\\\/sites\\\/2\\\/2020\\\/06\\\/El-Burgo.jpg\",\"contentUrl\":\"https:\\\/\\\/grazalemaguide.com\\\/quehacerenlasierras\\\/wp-content\\\/uploads\\\/sites\\\/2\\\/2020\\\/06\\\/El-Burgo.jpg\",\"width\":1024,\"height\":578,\"caption\":\"El Burgo es un municipio y localidad de Espa\u00f1a, en la provincia de M\u00e1laga, Andaluc\u00eda,\"},{\"@type\":\"BreadcrumbList\",\"@id\":\"https:\\\/\\\/grazalemaguide.com\\\/quehacerenlasierras\\\/el-burgo\\\/#breadcrumb\",\"itemListElement\":[{\"@type\":\"ListItem\",\"position\":1,\"name\":\"Home\",\"item\":\"https:\\\/\\\/grazalemaguide.com\\\/quehacerenlasierras\\\/\"},{\"@type\":\"ListItem\",\"position\":2,\"name\":\"El Burgo\"}]},{\"@type\":\"WebSite\",\"@id\":\"https:\\\/\\\/grazalemaguide.com\\\/quehacerenlasierras\\\/#website\",\"url\":\"https:\\\/\\\/grazalemaguide.com\\\/quehacerenlasierras\\\/\",\"name\":\"Calendario de eventos en las sierras, serran\u00edas y sus pueblos\",\"description\":\"\u00bfQu\u00e9 hacer en las Sierras, Serran\u00edas y sus pueblos? Ferias, fiestas, recreaciones hist\u00f3ricas, rutas de tapas, teatro, rally, deportes, gu\u00edas y actividades\",\"publisher\":{\"@id\":\"https:\\\/\\\/grazalemaguide.com\\\/quehacerenlasierras\\\/#\\\/schema\\\/person\\\/f24688c26be666f9001ed7cb3d7d2e3a\"},\"potentialAction\":[{\"@type\":\"SearchAction\",\"target\":{\"@type\":\"EntryPoint\",\"urlTemplate\":\"https:\\\/\\\/grazalemaguide.com\\\/quehacerenlasierras\\\/?s={search_term_string}\"},\"query-input\":{\"@type\":\"PropertyValueSpecification\",\"valueRequired\":true,\"valueName\":\"search_term_string\"}}],\"inLanguage\":\"en-US\"},{\"@type\":[\"Person\",\"Organization\"],\"@id\":\"https:\\\/\\\/grazalemaguide.com\\\/quehacerenlasierras\\\/#\\\/schema\\\/person\\\/f24688c26be666f9001ed7cb3d7d2e3a\",\"name\":\"Clive Muir\",\"image\":{\"@type\":\"ImageObject\",\"inLanguage\":\"en-US\",\"@id\":\"https:\\\/\\\/secure.gravatar.com\\\/avatar\\\/0cd1ec277564b2e62b29d49d1c588efa39fbdeed25940f60cb667d96e5c29e1e?s=96&d=mm&r=g\",\"url\":\"https:\\\/\\\/secure.gravatar.com\\\/avatar\\\/0cd1ec277564b2e62b29d49d1c588efa39fbdeed25940f60cb667d96e5c29e1e?s=96&d=mm&r=g\",\"contentUrl\":\"https:\\\/\\\/secure.gravatar.com\\\/avatar\\\/0cd1ec277564b2e62b29d49d1c588efa39fbdeed25940f60cb667d96e5c29e1e?s=96&d=mm&r=g\",\"caption\":\"Clive Muir\"},\"logo\":{\"@id\":\"https:\\\/\\\/secure.gravatar.com\\\/avatar\\\/0cd1ec277564b2e62b29d49d1c588efa39fbdeed25940f60cb667d96e5c29e1e?s=96&d=mm&r=g\"},\"description\":\"I\u2019ve been living in this lovely area of Western Andalucia for the last 20 years or so and dedicate most of my time to the running of English language tourist information websites for the towns of C\u00e1diz, Ronda, Grazalema, the famous or infamous Caminito del Rey, and also Wildside Holidays, which promotes sustainable and eco-friendly businesses running wildlife and walking holidays in Spain. My articles contain affiliate links that will help you reserve a hotel, bus, train or activity in the area. You don't pay more, but by using them you do support this website. Thankyou!\",\"sameAs\":[\"https:\\\/\\\/grazalemaguide.com\\\/\",\"https:\\\/\\\/www.facebook.com\\\/wildsideholidays\\\/\",\"https:\\\/\\\/www.linkedin.com\\\/in\\\/wildsideholidays\\\/\",\"https:\\\/\\\/x.com\\\/https:\\\/\\\/twitter.com\\\/GrazalemaGuide\",\"https:\\\/\\\/www.youtube.com\\\/channel\\\/UC6VDf8hywG6O6F1wgMtfMDw\"]}]}<\/script>\n<!-- \/ Yoast SEO plugin. -->","yoast_head_json":{"title":"El Burgo - Calendario de eventos en las sierras, serran\u00edas y sus pueblos","description":"El Burgo es un municipio y localidad de Espa\u00f1a, en la provincia de M\u00e1laga, enclavado en el entorno del Parque Nacional Sierra de las Nieves","robots":{"index":"index","follow":"follow","max-snippet":"max-snippet:-1","max-image-preview":"max-image-preview:large","max-video-preview":"max-video-preview:-1"},"canonical":"https:\/\/grazalemaguide.com\/quehacerenlasierras\/el-burgo\/","og_locale":"en_US","og_type":"article","og_title":"El Burgo - Calendario de eventos en las sierras, serran\u00edas y sus pueblos","og_description":"El Burgo es un municipio y localidad de Espa\u00f1a, en la provincia de M\u00e1laga, enclavado en el entorno del Parque Nacional Sierra de las Nieves","og_url":"https:\/\/grazalemaguide.com\/quehacerenlasierras\/el-burgo\/","og_site_name":"Calendario de eventos en las sierras, serran\u00edas y sus pueblos","article_publisher":"https:\/\/www.facebook.com\/wildsideholidays\/","article_modified_time":"2020-06-13T10:06:04+00:00","og_image":[{"width":1024,"height":578,"url":"https:\/\/grazalemaguide.com\/quehacerenlasierras\/wp-content\/uploads\/sites\/2\/2020\/06\/El-Burgo.jpg","type":"image\/jpeg"}],"twitter_card":"summary_large_image","twitter_site":"@GrazalemaGuide","twitter_misc":{"Est. reading time":"3 minutes"},"schema":{"@context":"https:\/\/schema.org","@graph":[{"@type":"WebPage","@id":"https:\/\/grazalemaguide.com\/quehacerenlasierras\/el-burgo\/","url":"https:\/\/grazalemaguide.com\/quehacerenlasierras\/el-burgo\/","name":"El Burgo - Calendario de eventos en las sierras, serran\u00edas y sus pueblos","isPartOf":{"@id":"https:\/\/grazalemaguide.com\/quehacerenlasierras\/#website"},"primaryImageOfPage":{"@id":"https:\/\/grazalemaguide.com\/quehacerenlasierras\/el-burgo\/#primaryimage"},"image":{"@id":"https:\/\/grazalemaguide.com\/quehacerenlasierras\/el-burgo\/#primaryimage"},"thumbnailUrl":"https:\/\/grazalemaguide.com\/quehacerenlasierras\/wp-content\/uploads\/sites\/2\/2020\/06\/El-Burgo.jpg","datePublished":"2020-06-13T10:06:03+00:00","dateModified":"2020-06-13T10:06:04+00:00","description":"El Burgo es un municipio y localidad de Espa\u00f1a, en la provincia de M\u00e1laga, enclavado en el entorno del Parque Nacional Sierra de las Nieves","breadcrumb":{"@id":"https:\/\/grazalemaguide.com\/quehacerenlasierras\/el-burgo\/#breadcrumb"},"inLanguage":"en-US","potentialAction":[{"@type":"ReadAction","target":["https:\/\/grazalemaguide.com\/quehacerenlasierras\/el-burgo\/"]}]},{"@type":"ImageObject","inLanguage":"en-US","@id":"https:\/\/grazalemaguide.com\/quehacerenlasierras\/el-burgo\/#primaryimage","url":"https:\/\/grazalemaguide.com\/quehacerenlasierras\/wp-content\/uploads\/sites\/2\/2020\/06\/El-Burgo.jpg","contentUrl":"https:\/\/grazalemaguide.com\/quehacerenlasierras\/wp-content\/uploads\/sites\/2\/2020\/06\/El-Burgo.jpg","width":1024,"height":578,"caption":"El Burgo es un municipio y localidad de Espa\u00f1a, en la provincia de M\u00e1laga, Andaluc\u00eda,"},{"@type":"BreadcrumbList","@id":"https:\/\/grazalemaguide.com\/quehacerenlasierras\/el-burgo\/#breadcrumb","itemListElement":[{"@type":"ListItem","position":1,"name":"Home","item":"https:\/\/grazalemaguide.com\/quehacerenlasierras\/"},{"@type":"ListItem","position":2,"name":"El Burgo"}]},{"@type":"WebSite","@id":"https:\/\/grazalemaguide.com\/quehacerenlasierras\/#website","url":"https:\/\/grazalemaguide.com\/quehacerenlasierras\/","name":"Calendario de eventos en las sierras, serran\u00edas y sus pueblos","description":"\u00bfQu\u00e9 hacer en las Sierras, Serran\u00edas y sus pueblos? Ferias, fiestas, recreaciones hist\u00f3ricas, rutas de tapas, teatro, rally, deportes, gu\u00edas y actividades","publisher":{"@id":"https:\/\/grazalemaguide.com\/quehacerenlasierras\/#\/schema\/person\/f24688c26be666f9001ed7cb3d7d2e3a"},"potentialAction":[{"@type":"SearchAction","target":{"@type":"EntryPoint","urlTemplate":"https:\/\/grazalemaguide.com\/quehacerenlasierras\/?s={search_term_string}"},"query-input":{"@type":"PropertyValueSpecification","valueRequired":true,"valueName":"search_term_string"}}],"inLanguage":"en-US"},{"@type":["Person","Organization"],"@id":"https:\/\/grazalemaguide.com\/quehacerenlasierras\/#\/schema\/person\/f24688c26be666f9001ed7cb3d7d2e3a","name":"Clive Muir","image":{"@type":"ImageObject","inLanguage":"en-US","@id":"https:\/\/secure.gravatar.com\/avatar\/0cd1ec277564b2e62b29d49d1c588efa39fbdeed25940f60cb667d96e5c29e1e?s=96&d=mm&r=g","url":"https:\/\/secure.gravatar.com\/avatar\/0cd1ec277564b2e62b29d49d1c588efa39fbdeed25940f60cb667d96e5c29e1e?s=96&d=mm&r=g","contentUrl":"https:\/\/secure.gravatar.com\/avatar\/0cd1ec277564b2e62b29d49d1c588efa39fbdeed25940f60cb667d96e5c29e1e?s=96&d=mm&r=g","caption":"Clive Muir"},"logo":{"@id":"https:\/\/secure.gravatar.com\/avatar\/0cd1ec277564b2e62b29d49d1c588efa39fbdeed25940f60cb667d96e5c29e1e?s=96&d=mm&r=g"},"description":"I\u2019ve been living in this lovely area of Western Andalucia for the last 20 years or so and dedicate most of my time to the running of English language tourist information websites for the towns of C\u00e1diz, Ronda, Grazalema, the famous or infamous Caminito del Rey, and also Wildside Holidays, which promotes sustainable and eco-friendly businesses running wildlife and walking holidays in Spain. My articles contain affiliate links that will help you reserve a hotel, bus, train or activity in the area. You don't pay more, but by using them you do support this website. Thankyou!","sameAs":["https:\/\/grazalemaguide.com\/","https:\/\/www.facebook.com\/wildsideholidays\/","https:\/\/www.linkedin.com\/in\/wildsideholidays\/","https:\/\/x.com\/https:\/\/twitter.com\/GrazalemaGuide","https:\/\/www.youtube.com\/channel\/UC6VDf8hywG6O6F1wgMtfMDw"]}]}},"_links":{"self":[{"href":"https:\/\/grazalemaguide.com\/quehacerenlasierras\/wp-json\/wp\/v2\/pages\/362","targetHints":{"allow":["GET"]}}],"collection":[{"href":"https:\/\/grazalemaguide.com\/quehacerenlasierras\/wp-json\/wp\/v2\/pages"}],"about":[{"href":"https:\/\/grazalemaguide.com\/quehacerenlasierras\/wp-json\/wp\/v2\/types\/page"}],"author":[{"embeddable":true,"href":"https:\/\/grazalemaguide.com\/quehacerenlasierras\/wp-json\/wp\/v2\/users\/1"}],"replies":[{"embeddable":true,"href":"https:\/\/grazalemaguide.com\/quehacerenlasierras\/wp-json\/wp\/v2\/comments?post=362"}],"version-history":[{"count":0,"href":"https:\/\/grazalemaguide.com\/quehacerenlasierras\/wp-json\/wp\/v2\/pages\/362\/revisions"}],"wp:featuredmedia":[{"embeddable":true,"href":"https:\/\/grazalemaguide.com\/quehacerenlasierras\/wp-json\/wp\/v2\/media\/363"}],"wp:attachment":[{"href":"https:\/\/grazalemaguide.com\/quehacerenlasierras\/wp-json\/wp\/v2\/media?parent=362"}],"curies":[{"name":"wp","href":"https:\/\/api.w.org\/{rel}","templated":true}]}}