{"id":367,"date":"2020-06-13T10:41:55","date_gmt":"2020-06-13T10:41:55","guid":{"rendered":"http:\/\/grazalemaguide.com\/quehacerenlasierras\/?page_id=367"},"modified":"2020-06-13T10:41:56","modified_gmt":"2020-06-13T10:41:56","slug":"el-gastor","status":"publish","type":"page","link":"https:\/\/grazalemaguide.com\/quehacerenlasierras\/el-gastor\/","title":{"rendered":"El Gastor"},"content":{"rendered":"\n<div class=\"wp-block-image\"><figure class=\"alignleft size-large is-resized\"><img decoding=\"async\" src=\"https:\/\/grazalemaguide.com\/quehacerenlasierras\/wp-content\/uploads\/sites\/2\/2020\/06\/800px-Escudo_de_El_Gastor.svg_.png\" alt=\"Escudo El Gastor\" class=\"wp-image-368\" width=\"250\" srcset=\"https:\/\/grazalemaguide.com\/quehacerenlasierras\/wp-content\/uploads\/sites\/2\/2020\/06\/800px-Escudo_de_El_Gastor.svg_.png 800w, https:\/\/grazalemaguide.com\/quehacerenlasierras\/wp-content\/uploads\/sites\/2\/2020\/06\/800px-Escudo_de_El_Gastor.svg_-237x300.png 237w, https:\/\/grazalemaguide.com\/quehacerenlasierras\/wp-content\/uploads\/sites\/2\/2020\/06\/800px-Escudo_de_El_Gastor.svg_-768x973.png 768w\" sizes=\"(max-width: 800px) 100vw, 800px\" \/><figcaption>De SanchoPanzaXXI &#8211; Trabajo propio, CC BY-SA 4.0, https:\/\/commons.wikimedia.org\/w\/index.php?curid=4266431<\/figcaption><\/figure><\/div>\n\n\n\n<p>El Gastor es un municipio en la provincia de C\u00e1diz, Andaluc\u00eda. Forma parte de la Ruta de los Pueblos Blancos y su t\u00e9rmino municipal limita al norte con Algodonales; al sur con Grazalema; al Este con Montecorto (M\u00e1laga); y al Oeste con Zahara de la Sierra. Se encuentra situada a una altitud de 590 metros y a 131 kil\u00f3metros de la capital de provincia, C\u00e1diz.<\/p>\n\n\n\n<p>Las calles de El Gastor se convierten en el mayor atractivo del municipio, su arquitectura t\u00edpica serrana de calles estrechas, empinadas y casas de blancas fachadas decoradas con cientos de macetas de colores resultan un espect\u00e1culo bell\u00edsimo para el visitante.<\/p>\n\n\n\n<p>Plazas, fuentes como la fuente del Gato, la de la calle Fuente o la dedicada a Diego del Gastor, callejones, arcos y coquetos rincones representan al t\u00edpico pueblo blanco de la serran\u00eda gaditana.<\/p>\n\n\n\n<p>Es destacable la fabricaci\u00f3n y uso de un tipo de gaita aut\u00f3ctona, la gaita gastore\u00f1a, instrumento relacionado con otros tipos de gaita de Madrid, Guadalajara y Pa\u00eds Vasco, la alboka. <\/p>\n\n\n\n<p>La gaita gastore\u00f1a es conocida en toda el \u00e1rea de El Gastor y la Sierra de C\u00e1diz.<\/p>\n\n\n\n<hr class=\"wp-block-separator has-text-color has-background has-green-background-color has-green-color\"\/>\n\n\n\n<h2 class=\"wp-block-heading\">Alojamientos en El Gastor<\/h2>\n\n\n<p>[booking_product_helper shortname=&#8221;el gastor&#8221;]<\/p>\n\n\n\n<hr class=\"wp-block-separator has-text-color has-background has-green-background-color has-green-color\"\/>\n\n\n\n<h4 class=\"wp-block-heading\">Dolmen del Gigante<\/h4>\n\n\n\n<p>Es una gran tumba de arquitectura megal\u00edtica, de corredor con c\u00e1mara ensanchada, existente en el Pe\u00f1\u00f3n Algar\u00edn, dentro del t\u00e9rmino municipal de El Gastor. Es el dolmen de mayor tama\u00f1o de la provincia de C\u00e1diz, con grandes ortostatos verticales y cubiertas menol\u00edticas, en buen estado de conservaci\u00f3n, a pesar de haber sido objeto de excavaciones incontroladas. Sus coordenadas, interpretables en Google Maps, son: 36.844102,-5.323236.<\/p>\n\n\n\n<p><a rel=\"noreferrer noopener\" href=\"https:\/\/es.wikipedia.org\/wiki\/El_Gastor\" target=\"_blank\">Mas informaci\u00f3n en Wikipedia.<\/a><\/p>\n\n\n\n<h4 class=\"wp-block-heading\">Ayuntamiento<\/h4>\n\n\n\n<p>Web: <a href=\"https:\/\/www.elgastor.es\/\" target=\"_blank\" rel=\"noreferrer noopener\">https:\/\/www.elgastor.es\/<\/a><br>Facebook: <a href=\"https:\/\/www.facebook.com\/Ayuntamiento.El.Gastor\/\" target=\"_blank\" rel=\"noreferrer noopener\">https:\/\/www.facebook.com\/Ayuntamiento.El.Gastor\/<\/a><\/p>\n\n\n\n<h4 class=\"wp-block-heading\">Fiestas<\/h4>\n\n\n\n<p>La fiesta que m\u00e1s destaca por su belleza es el Corpus Christi, declarado de Inter\u00e9s Tur\u00edstico Nacional. En este d\u00eda de junio todo el pueblo amanece cubierto con un manto verde de ramas de olivos, eucaliptos, chopos, retamas y juncias. Arcos de flores y fachadas engalanadas compiten noblemente por ser la m\u00e1s bonita. Los balcones se decoran con hermosas colchas hechas a mano con finos hilos. En los portales, los vecinos levantan altares y, en la plaza, se hace un cuadro de flores. Todos los vecinos\/as acompa\u00f1an al Sant\u00edsimo en procesi\u00f3n ataviados con trajes de espigadores del siglo XVII.<\/p>\n\n\n\n<p>Para vivir y disfrutar de la fiesta de Corpus te aconsejo venir el d\u00eda anterior, de esta forma ver\u00e1s la labor de los gastore\u00f1os\/as para vestir las fachadas con los ramos y juncias y observar como poco a poco se va transformando.<\/p>\n\n\n\n<p>Este modo tan peculiar de adornar las calles tiene su origen, posiblemente, en la limpieza de \u00e1rboles, aprovech\u00e1ndose las ramas sobrantes para engalanar las calles del pueblo y celebrar as\u00ed la llegada de la primavera.<\/p>\n\n\n\n<p>En este d\u00eda tambi\u00e9n se celebra el Certamen de Gaita Gastore\u00f1a, instrumento musical \u00fanico en Espa\u00f1a de procedencia ibera.<\/p>\n\n\n\n<h6 class=\"wp-block-heading\">Leer m\u00e1s de las fiestas de inter\u00e9s en El Gastor aqui.<\/h6>\n\n\n\n<p><a href=\"https:\/\/www.elgastor.es\/turismo-y-ocio\/fiestas-de-interes\">https:\/\/www.elgastor.es\/turismo-y-ocio\/fiestas-de-interes<\/a><\/p>\n\n\n\n<hr class=\"wp-block-separator has-text-color has-background has-green-background-color has-green-color\"\/>\n\n\n\n<p>\u00bfQu\u00e9 hacer en las Sierras, Serran\u00edas y sus pueblos?<\/p>\n\n\n\n<p>Ferias, fiestas, recreaciones hist\u00f3ricas, rutas de tapas, teatro, rally, deportes, gu\u00edas y actividades<\/p>\n\n\n\n<p><a href=\"https:\/\/grazalemaguide.com\/quehacerenlasierras\/\">Ver el Calendario de Eventos aqui.<\/a><\/p>\n","protected":false},"excerpt":{"rendered":"<p>El Gastor es un municipio en la provincia de C\u00e1diz, Andaluc\u00eda. Forma parte de la Ruta de los Pueblos Blancos y su t\u00e9rmino municipal limita al norte con Algodonales; al sur con Grazalema; al Este con Montecorto (M\u00e1laga); y al Oeste con Zahara de la Sierra. Se encuentra situada a una altitud de 590 metros &hellip; <a href=\"https:\/\/grazalemaguide.com\/quehacerenlasierras\/el-gastor\/\" class=\"more-link\">Continue reading <span class=\"screen-reader-text\">El Gastor<\/span> <span class=\"meta-nav\">&rarr;<\/span><\/a><\/p>\n","protected":false},"author":1,"featured_media":369,"parent":0,"menu_order":0,"comment_status":"closed","ping_status":"closed","template":"","meta":{"footnotes":""},"class_list":["post-367","page","type-page","status-publish","has-post-thumbnail","hentry"],"yoast_head":"<!-- This site is optimized with the Yoast SEO plugin v27.4 - https:\/\/yoast.com\/product\/yoast-seo-wordpress\/ -->\n<title>El Gastor - Calendario de eventos en las sierras, serran\u00edas y sus pueblos<\/title>\n<meta name=\"description\" content=\"El Gastor es un municipio en la provincia de C\u00e1diz, Andaluc\u00eda. Forma parte de la Ruta de los Pueblos Blancos en Andalucia\" \/>\n<meta name=\"robots\" content=\"index, follow, max-snippet:-1, max-image-preview:large, max-video-preview:-1\" \/>\n<link rel=\"canonical\" href=\"https:\/\/grazalemaguide.com\/quehacerenlasierras\/el-gastor\/\" \/>\n<meta property=\"og:locale\" content=\"en_US\" \/>\n<meta property=\"og:type\" content=\"article\" \/>\n<meta property=\"og:title\" content=\"El Gastor - Calendario de eventos en las sierras, serran\u00edas y sus pueblos\" \/>\n<meta property=\"og:description\" content=\"El Gastor es un municipio en la provincia de C\u00e1diz, Andaluc\u00eda. Forma parte de la Ruta de los Pueblos Blancos en Andalucia\" \/>\n<meta property=\"og:url\" content=\"https:\/\/grazalemaguide.com\/quehacerenlasierras\/el-gastor\/\" \/>\n<meta property=\"og:site_name\" content=\"Calendario de eventos en las sierras, serran\u00edas y sus pueblos\" \/>\n<meta property=\"article:publisher\" content=\"https:\/\/www.facebook.com\/wildsideholidays\/\" \/>\n<meta property=\"article:modified_time\" content=\"2020-06-13T10:41:56+00:00\" \/>\n<meta property=\"og:image\" content=\"https:\/\/grazalemaguide.com\/quehacerenlasierras\/wp-content\/uploads\/sites\/2\/2020\/06\/El-Gastor.jpg\" \/>\n\t<meta property=\"og:image:width\" content=\"1024\" \/>\n\t<meta property=\"og:image:height\" content=\"576\" \/>\n\t<meta property=\"og:image:type\" content=\"image\/jpeg\" \/>\n<meta name=\"twitter:card\" content=\"summary_large_image\" \/>\n<meta name=\"twitter:site\" content=\"@GrazalemaGuide\" \/>\n<meta name=\"twitter:label1\" content=\"Est. reading time\" \/>\n\t<meta name=\"twitter:data1\" content=\"3 minutes\" \/>\n<script type=\"application\/ld+json\" class=\"yoast-schema-graph\">{\"@context\":\"https:\\\/\\\/schema.org\",\"@graph\":[{\"@type\":\"WebPage\",\"@id\":\"https:\\\/\\\/grazalemaguide.com\\\/quehacerenlasierras\\\/el-gastor\\\/\",\"url\":\"https:\\\/\\\/grazalemaguide.com\\\/quehacerenlasierras\\\/el-gastor\\\/\",\"name\":\"El Gastor - Calendario de eventos en las sierras, serran\u00edas y sus pueblos\",\"isPartOf\":{\"@id\":\"https:\\\/\\\/grazalemaguide.com\\\/quehacerenlasierras\\\/#website\"},\"primaryImageOfPage\":{\"@id\":\"https:\\\/\\\/grazalemaguide.com\\\/quehacerenlasierras\\\/el-gastor\\\/#primaryimage\"},\"image\":{\"@id\":\"https:\\\/\\\/grazalemaguide.com\\\/quehacerenlasierras\\\/el-gastor\\\/#primaryimage\"},\"thumbnailUrl\":\"https:\\\/\\\/grazalemaguide.com\\\/quehacerenlasierras\\\/wp-content\\\/uploads\\\/sites\\\/2\\\/2020\\\/06\\\/El-Gastor.jpg\",\"datePublished\":\"2020-06-13T10:41:55+00:00\",\"dateModified\":\"2020-06-13T10:41:56+00:00\",\"description\":\"El Gastor es un municipio en la provincia de C\u00e1diz, Andaluc\u00eda. Forma parte de la Ruta de los Pueblos Blancos en Andalucia\",\"breadcrumb\":{\"@id\":\"https:\\\/\\\/grazalemaguide.com\\\/quehacerenlasierras\\\/el-gastor\\\/#breadcrumb\"},\"inLanguage\":\"en-US\",\"potentialAction\":[{\"@type\":\"ReadAction\",\"target\":[\"https:\\\/\\\/grazalemaguide.com\\\/quehacerenlasierras\\\/el-gastor\\\/\"]}]},{\"@type\":\"ImageObject\",\"inLanguage\":\"en-US\",\"@id\":\"https:\\\/\\\/grazalemaguide.com\\\/quehacerenlasierras\\\/el-gastor\\\/#primaryimage\",\"url\":\"https:\\\/\\\/grazalemaguide.com\\\/quehacerenlasierras\\\/wp-content\\\/uploads\\\/sites\\\/2\\\/2020\\\/06\\\/El-Gastor.jpg\",\"contentUrl\":\"https:\\\/\\\/grazalemaguide.com\\\/quehacerenlasierras\\\/wp-content\\\/uploads\\\/sites\\\/2\\\/2020\\\/06\\\/El-Gastor.jpg\",\"width\":1024,\"height\":576,\"caption\":\"El Gastor es un municipio en la provincia de C\u00e1diz, Andaluc\u00eda.\"},{\"@type\":\"BreadcrumbList\",\"@id\":\"https:\\\/\\\/grazalemaguide.com\\\/quehacerenlasierras\\\/el-gastor\\\/#breadcrumb\",\"itemListElement\":[{\"@type\":\"ListItem\",\"position\":1,\"name\":\"Home\",\"item\":\"https:\\\/\\\/grazalemaguide.com\\\/quehacerenlasierras\\\/\"},{\"@type\":\"ListItem\",\"position\":2,\"name\":\"El Gastor\"}]},{\"@type\":\"WebSite\",\"@id\":\"https:\\\/\\\/grazalemaguide.com\\\/quehacerenlasierras\\\/#website\",\"url\":\"https:\\\/\\\/grazalemaguide.com\\\/quehacerenlasierras\\\/\",\"name\":\"Calendario de eventos en las sierras, serran\u00edas y sus pueblos\",\"description\":\"\u00bfQu\u00e9 hacer en las Sierras, Serran\u00edas y sus pueblos? Ferias, fiestas, recreaciones hist\u00f3ricas, rutas de tapas, teatro, rally, deportes, gu\u00edas y actividades\",\"publisher\":{\"@id\":\"https:\\\/\\\/grazalemaguide.com\\\/quehacerenlasierras\\\/#\\\/schema\\\/person\\\/f24688c26be666f9001ed7cb3d7d2e3a\"},\"potentialAction\":[{\"@type\":\"SearchAction\",\"target\":{\"@type\":\"EntryPoint\",\"urlTemplate\":\"https:\\\/\\\/grazalemaguide.com\\\/quehacerenlasierras\\\/?s={search_term_string}\"},\"query-input\":{\"@type\":\"PropertyValueSpecification\",\"valueRequired\":true,\"valueName\":\"search_term_string\"}}],\"inLanguage\":\"en-US\"},{\"@type\":[\"Person\",\"Organization\"],\"@id\":\"https:\\\/\\\/grazalemaguide.com\\\/quehacerenlasierras\\\/#\\\/schema\\\/person\\\/f24688c26be666f9001ed7cb3d7d2e3a\",\"name\":\"Clive Muir\",\"image\":{\"@type\":\"ImageObject\",\"inLanguage\":\"en-US\",\"@id\":\"https:\\\/\\\/secure.gravatar.com\\\/avatar\\\/0cd1ec277564b2e62b29d49d1c588efa39fbdeed25940f60cb667d96e5c29e1e?s=96&d=mm&r=g\",\"url\":\"https:\\\/\\\/secure.gravatar.com\\\/avatar\\\/0cd1ec277564b2e62b29d49d1c588efa39fbdeed25940f60cb667d96e5c29e1e?s=96&d=mm&r=g\",\"contentUrl\":\"https:\\\/\\\/secure.gravatar.com\\\/avatar\\\/0cd1ec277564b2e62b29d49d1c588efa39fbdeed25940f60cb667d96e5c29e1e?s=96&d=mm&r=g\",\"caption\":\"Clive Muir\"},\"logo\":{\"@id\":\"https:\\\/\\\/secure.gravatar.com\\\/avatar\\\/0cd1ec277564b2e62b29d49d1c588efa39fbdeed25940f60cb667d96e5c29e1e?s=96&d=mm&r=g\"},\"description\":\"I\u2019ve been living in this lovely area of Western Andalucia for the last 20 years or so and dedicate most of my time to the running of English language tourist information websites for the towns of C\u00e1diz, Ronda, Grazalema, the famous or infamous Caminito del Rey, and also Wildside Holidays, which promotes sustainable and eco-friendly businesses running wildlife and walking holidays in Spain. My articles contain affiliate links that will help you reserve a hotel, bus, train or activity in the area. You don't pay more, but by using them you do support this website. Thankyou!\",\"sameAs\":[\"https:\\\/\\\/grazalemaguide.com\\\/\",\"https:\\\/\\\/www.facebook.com\\\/wildsideholidays\\\/\",\"https:\\\/\\\/www.linkedin.com\\\/in\\\/wildsideholidays\\\/\",\"https:\\\/\\\/x.com\\\/https:\\\/\\\/twitter.com\\\/GrazalemaGuide\",\"https:\\\/\\\/www.youtube.com\\\/channel\\\/UC6VDf8hywG6O6F1wgMtfMDw\"]}]}<\/script>\n<!-- \/ Yoast SEO plugin. -->","yoast_head_json":{"title":"El Gastor - Calendario de eventos en las sierras, serran\u00edas y sus pueblos","description":"El Gastor es un municipio en la provincia de C\u00e1diz, Andaluc\u00eda. Forma parte de la Ruta de los Pueblos Blancos en Andalucia","robots":{"index":"index","follow":"follow","max-snippet":"max-snippet:-1","max-image-preview":"max-image-preview:large","max-video-preview":"max-video-preview:-1"},"canonical":"https:\/\/grazalemaguide.com\/quehacerenlasierras\/el-gastor\/","og_locale":"en_US","og_type":"article","og_title":"El Gastor - Calendario de eventos en las sierras, serran\u00edas y sus pueblos","og_description":"El Gastor es un municipio en la provincia de C\u00e1diz, Andaluc\u00eda. Forma parte de la Ruta de los Pueblos Blancos en Andalucia","og_url":"https:\/\/grazalemaguide.com\/quehacerenlasierras\/el-gastor\/","og_site_name":"Calendario de eventos en las sierras, serran\u00edas y sus pueblos","article_publisher":"https:\/\/www.facebook.com\/wildsideholidays\/","article_modified_time":"2020-06-13T10:41:56+00:00","og_image":[{"width":1024,"height":576,"url":"https:\/\/grazalemaguide.com\/quehacerenlasierras\/wp-content\/uploads\/sites\/2\/2020\/06\/El-Gastor.jpg","type":"image\/jpeg"}],"twitter_card":"summary_large_image","twitter_site":"@GrazalemaGuide","twitter_misc":{"Est. reading time":"3 minutes"},"schema":{"@context":"https:\/\/schema.org","@graph":[{"@type":"WebPage","@id":"https:\/\/grazalemaguide.com\/quehacerenlasierras\/el-gastor\/","url":"https:\/\/grazalemaguide.com\/quehacerenlasierras\/el-gastor\/","name":"El Gastor - Calendario de eventos en las sierras, serran\u00edas y sus pueblos","isPartOf":{"@id":"https:\/\/grazalemaguide.com\/quehacerenlasierras\/#website"},"primaryImageOfPage":{"@id":"https:\/\/grazalemaguide.com\/quehacerenlasierras\/el-gastor\/#primaryimage"},"image":{"@id":"https:\/\/grazalemaguide.com\/quehacerenlasierras\/el-gastor\/#primaryimage"},"thumbnailUrl":"https:\/\/grazalemaguide.com\/quehacerenlasierras\/wp-content\/uploads\/sites\/2\/2020\/06\/El-Gastor.jpg","datePublished":"2020-06-13T10:41:55+00:00","dateModified":"2020-06-13T10:41:56+00:00","description":"El Gastor es un municipio en la provincia de C\u00e1diz, Andaluc\u00eda. Forma parte de la Ruta de los Pueblos Blancos en Andalucia","breadcrumb":{"@id":"https:\/\/grazalemaguide.com\/quehacerenlasierras\/el-gastor\/#breadcrumb"},"inLanguage":"en-US","potentialAction":[{"@type":"ReadAction","target":["https:\/\/grazalemaguide.com\/quehacerenlasierras\/el-gastor\/"]}]},{"@type":"ImageObject","inLanguage":"en-US","@id":"https:\/\/grazalemaguide.com\/quehacerenlasierras\/el-gastor\/#primaryimage","url":"https:\/\/grazalemaguide.com\/quehacerenlasierras\/wp-content\/uploads\/sites\/2\/2020\/06\/El-Gastor.jpg","contentUrl":"https:\/\/grazalemaguide.com\/quehacerenlasierras\/wp-content\/uploads\/sites\/2\/2020\/06\/El-Gastor.jpg","width":1024,"height":576,"caption":"El Gastor es un municipio en la provincia de C\u00e1diz, Andaluc\u00eda."},{"@type":"BreadcrumbList","@id":"https:\/\/grazalemaguide.com\/quehacerenlasierras\/el-gastor\/#breadcrumb","itemListElement":[{"@type":"ListItem","position":1,"name":"Home","item":"https:\/\/grazalemaguide.com\/quehacerenlasierras\/"},{"@type":"ListItem","position":2,"name":"El Gastor"}]},{"@type":"WebSite","@id":"https:\/\/grazalemaguide.com\/quehacerenlasierras\/#website","url":"https:\/\/grazalemaguide.com\/quehacerenlasierras\/","name":"Calendario de eventos en las sierras, serran\u00edas y sus pueblos","description":"\u00bfQu\u00e9 hacer en las Sierras, Serran\u00edas y sus pueblos? Ferias, fiestas, recreaciones hist\u00f3ricas, rutas de tapas, teatro, rally, deportes, gu\u00edas y actividades","publisher":{"@id":"https:\/\/grazalemaguide.com\/quehacerenlasierras\/#\/schema\/person\/f24688c26be666f9001ed7cb3d7d2e3a"},"potentialAction":[{"@type":"SearchAction","target":{"@type":"EntryPoint","urlTemplate":"https:\/\/grazalemaguide.com\/quehacerenlasierras\/?s={search_term_string}"},"query-input":{"@type":"PropertyValueSpecification","valueRequired":true,"valueName":"search_term_string"}}],"inLanguage":"en-US"},{"@type":["Person","Organization"],"@id":"https:\/\/grazalemaguide.com\/quehacerenlasierras\/#\/schema\/person\/f24688c26be666f9001ed7cb3d7d2e3a","name":"Clive Muir","image":{"@type":"ImageObject","inLanguage":"en-US","@id":"https:\/\/secure.gravatar.com\/avatar\/0cd1ec277564b2e62b29d49d1c588efa39fbdeed25940f60cb667d96e5c29e1e?s=96&d=mm&r=g","url":"https:\/\/secure.gravatar.com\/avatar\/0cd1ec277564b2e62b29d49d1c588efa39fbdeed25940f60cb667d96e5c29e1e?s=96&d=mm&r=g","contentUrl":"https:\/\/secure.gravatar.com\/avatar\/0cd1ec277564b2e62b29d49d1c588efa39fbdeed25940f60cb667d96e5c29e1e?s=96&d=mm&r=g","caption":"Clive Muir"},"logo":{"@id":"https:\/\/secure.gravatar.com\/avatar\/0cd1ec277564b2e62b29d49d1c588efa39fbdeed25940f60cb667d96e5c29e1e?s=96&d=mm&r=g"},"description":"I\u2019ve been living in this lovely area of Western Andalucia for the last 20 years or so and dedicate most of my time to the running of English language tourist information websites for the towns of C\u00e1diz, Ronda, Grazalema, the famous or infamous Caminito del Rey, and also Wildside Holidays, which promotes sustainable and eco-friendly businesses running wildlife and walking holidays in Spain. My articles contain affiliate links that will help you reserve a hotel, bus, train or activity in the area. You don't pay more, but by using them you do support this website. Thankyou!","sameAs":["https:\/\/grazalemaguide.com\/","https:\/\/www.facebook.com\/wildsideholidays\/","https:\/\/www.linkedin.com\/in\/wildsideholidays\/","https:\/\/x.com\/https:\/\/twitter.com\/GrazalemaGuide","https:\/\/www.youtube.com\/channel\/UC6VDf8hywG6O6F1wgMtfMDw"]}]}},"_links":{"self":[{"href":"https:\/\/grazalemaguide.com\/quehacerenlasierras\/wp-json\/wp\/v2\/pages\/367","targetHints":{"allow":["GET"]}}],"collection":[{"href":"https:\/\/grazalemaguide.com\/quehacerenlasierras\/wp-json\/wp\/v2\/pages"}],"about":[{"href":"https:\/\/grazalemaguide.com\/quehacerenlasierras\/wp-json\/wp\/v2\/types\/page"}],"author":[{"embeddable":true,"href":"https:\/\/grazalemaguide.com\/quehacerenlasierras\/wp-json\/wp\/v2\/users\/1"}],"replies":[{"embeddable":true,"href":"https:\/\/grazalemaguide.com\/quehacerenlasierras\/wp-json\/wp\/v2\/comments?post=367"}],"version-history":[{"count":0,"href":"https:\/\/grazalemaguide.com\/quehacerenlasierras\/wp-json\/wp\/v2\/pages\/367\/revisions"}],"wp:featuredmedia":[{"embeddable":true,"href":"https:\/\/grazalemaguide.com\/quehacerenlasierras\/wp-json\/wp\/v2\/media\/369"}],"wp:attachment":[{"href":"https:\/\/grazalemaguide.com\/quehacerenlasierras\/wp-json\/wp\/v2\/media?parent=367"}],"curies":[{"name":"wp","href":"https:\/\/api.w.org\/{rel}","templated":true}]}}