{"id":373,"date":"2020-06-15T15:09:19","date_gmt":"2020-06-15T15:09:19","guid":{"rendered":"http:\/\/grazalemaguide.com\/quehacerenlasierras\/?page_id=373"},"modified":"2020-06-15T15:09:20","modified_gmt":"2020-06-15T15:09:20","slug":"estacion-de-gaucin-el-colmenar","status":"publish","type":"page","link":"https:\/\/grazalemaguide.com\/quehacerenlasierras\/estacion-de-gaucin-el-colmenar\/","title":{"rendered":"Estaci\u00f3n de Gauc\u00edn &#8211; El Colmenar"},"content":{"rendered":"\n<p>La estaci\u00f3n de Gauc\u00edn &#8211; El Colmenar es una estaci\u00f3n de ferrocarril situada en la pedan\u00eda de El Colmenar, que depende del municipio <a href=\"https:\/\/grazalemaguide.com\/quehacerenlasierras\/cortes-de-la-frontera\/\">Cortes de la Frontera<\/a>.  Desde el 6 de diciembre de 2019, el pueblo goza de cierta autonom\u00eda tras serle concedida la condici\u00f3n de Entidad Local Aut\u00f3noma(ELA). Hay una distancia de unos trece kil\u00f3metros desde Gauc\u00edn hasta El Colmenar. Y desde el cruce, unos once kil\u00f3metros.<\/p>\n\n\n\n<p>Gauc\u00edn se encuentra en la provincia de M\u00e1laga, comunidad aut\u00f3noma de Andaluc\u00eda. Cuenta con servicios de media distancia operados por Renfe. Se accede a ella por la carretera MA-9300, que la une con Gauc\u00edn.<\/p>\n\n\n\n<p>La estaci\u00f3n se encuentra en el valle del r\u00edo Guadiaro, a una altitud mucho menor que el n\u00facleo urbano. El r\u00edo cuenta con tres zonas de ba\u00f1o: el charco de las Pepas, el Molino y el Polvor\u00edn.<\/p>\n\n\n\n<p><a rel=\"noreferrer noopener\" href=\"https:\/\/es.wikipedia.org\/wiki\/Estaci%C3%B3n_de_Gauc%C3%ADn\" target=\"_blank\">M\u00e1s informaci\u00f3n en Wikipedia<\/a><\/p>\n\n\n\n<h4 class=\"wp-block-heading\">Ayuntamiento de Cortes de la Frontera<\/h4>\n\n\n\n<p>Web: <a href=\"http:\/\/www.cortesdelafrontera.es\/10769\/el-colmenar-estacion-de-gaucin\" target=\"_blank\" rel=\"noreferrer noopener\">http:\/\/www.cortesdelafrontera.es\/10769\/el-colmenar-estacion-de-gaucin<\/a><br>Facebook: <a href=\"https:\/\/www.facebook.com\/Ayuntamiento-Cortes-de-la-Frontera-1583713188556163\/\" target=\"_blank\" rel=\"noreferrer noopener\">https:\/\/www.facebook.com\/Ayuntamiento-Cortes-de-la-Frontera-1583713188556163\/<\/a><\/p>\n\n\n\n<p>Facebook de Estaci\u00f3n de Gauc\u00edn: <a href=\"https:\/\/www.facebook.com\/EstaciondeGaucin.ElColmenar\/\" target=\"_blank\" rel=\"noreferrer noopener\">https:\/\/www.facebook.com\/EstaciondeGaucin.ElColmenar\/<\/a><\/p>\n\n\n\n<h4 class=\"wp-block-heading\">Fiestas<\/h4>\n\n\n\n<ul class=\"wp-block-list\"><li>Carnavales. Normalmente a finales de febrero.<\/li><li>Feria en honor al patr\u00f3n Santiago Ap\u00f3stol.<\/li><li>Romer\u00eda en honor a la Virgen de F\u00e1tima y se celebra el 2\u00ba domingo de mayo.<\/li><li>Semana Cultural. Se organiza en la semana del 15 de Agosto (que es festivo nacional).<\/li><li>Semana Santa.<\/li><\/ul>\n\n\n\n<hr class=\"wp-block-separator has-text-color has-background has-green-background-color has-green-color\"\/>\n\n\n\n<h2 class=\"wp-block-heading\">Alojamientos en La estaci\u00f3n de Gauc\u00edn &#8211; El Colmenar<\/h2>\n\n\n<p>[booking_product_helper shortname=&#8221;la estaci\u00f3n de gauc\u00edn &#8211; el colmenar&#8221;]<\/p>\n\n\n\n<hr class=\"wp-block-separator has-text-color has-background has-green-background-color has-green-color\"\/>\n\n\n\n<h4 class=\"wp-block-heading\">Que hacer en Estaci\u00f3n de Gauc\u00edn &#8211; El Colmenar?<\/h4>\n\n\n\n<h6 class=\"wp-block-heading\">La Berrea (en oto\u00f1o)<\/h6>\n\n\n\n<p>Se conoce com\u00fanmente como berrea al periodo de celo del ciervo rojo, debido al sonido gutural que emiten los machos.<br>Este per\u00edodo se inicia a comienzos del oto\u00f1o boreal, normalmente a finales de septiembre. Los machos se encuentran en su m\u00e1ximo esplendor al comenzar la temporada, e intentan adue\u00f1arse de un territorio.<\/p>\n\n\n\n<p>Las demostraciones de poder de los machos incluyen los berreos y luchas rituales, en las que utilizan su cornamenta. Los territorios preferidos son en los que las hembras deban beber o alimentarse. Los machos ganadores re\u00fanen harenes de hasta 50 hembras. Normalmente despu\u00e9s de un par de intentos, el macho monta a la hembra por breves momentos. De no haber fecundaci\u00f3n, la hembra vuelve a ovular luego de unos 18 d\u00edas. La gestaci\u00f3n dura unos 235 d\u00edas, tras la cual nace un \u00fanico cervatillo. Las astas, la principal arma del macho, caen en marzo, y vuelven a crecer, proceso que se repite anualmente, se identifica con un est\u00edmulo de la reproducci\u00f3n.<\/p>\n\n\n\n<h6 class=\"wp-block-heading\">La Saca (en verano)<\/h6>\n\n\n\n<p>El aprovechamiento tradicional por excelencia de los recursos del Parque Natural lo constituye la extracci\u00f3n de corcho. <\/p>\n\n\n\n<p>Su uso estuvo relacionado desde anta\u00f1o con la artesan\u00eda comarcal (elaboraci\u00f3n de colmenas, raseras etc.), y no es hasta el segundo tercio del pasado siglo cuando comienza su extracci\u00f3n intensiva y planificada, la cual vino motivada por la demanda de la industria vitivin\u00edcola. <\/p>\n\n\n\n<p>Descorche es el nombre que reciben las operaciones necesarias para la extracci\u00f3n del corcho, las cuales se llevan a cabo desde el mes de junio hasta mediados de agosto. <\/p>\n\n\n\n<p>En la actualidad las labores del descorche se mantiene igual que hace 100 a\u00f1os, dado la orograf\u00eda del terreno, los mulos son indispensables para la saca( arrieros), as\u00ed como la extracci\u00f3n del \u00e1rbol (corcheros). <\/p>\n\n\n\n<p>Durante los meses de Junio a Agosto se puede presenciar las labores de estos trabajos<\/p>\n\n\n\n<hr class=\"wp-block-separator has-text-color has-background has-green-background-color has-green-color\"\/>\n\n\n\n<h6 class=\"wp-block-heading\">\u00bfQu\u00e9 hacer en las Sierras, Serran\u00edas y sus pueblos?<\/h6>\n\n\n\n<p>Ferias, fiestas, recreaciones hist\u00f3ricas, rutas de tapas, teatro, rally, deportes, gu\u00edas y actividades<\/p>\n\n\n\n<p><a href=\"https:\/\/grazalemaguide.com\/quehacerenlasierras\/\">Ver el Calendario de Eventos aqui.<\/a><\/p>\n","protected":false},"excerpt":{"rendered":"<p>La estaci\u00f3n de Gauc\u00edn &#8211; El Colmenar es una estaci\u00f3n de ferrocarril situada en la pedan\u00eda de El Colmenar, que depende del municipio Cortes de la Frontera. Desde el 6 de diciembre de 2019, el pueblo goza de cierta autonom\u00eda tras serle concedida la condici\u00f3n de Entidad Local Aut\u00f3noma(ELA). Hay una distancia de unos trece &hellip; <a href=\"https:\/\/grazalemaguide.com\/quehacerenlasierras\/estacion-de-gaucin-el-colmenar\/\" class=\"more-link\">Continue reading <span class=\"screen-reader-text\">Estaci\u00f3n de Gauc\u00edn &#8211; El Colmenar<\/span> <span class=\"meta-nav\">&rarr;<\/span><\/a><\/p>\n","protected":false},"author":1,"featured_media":374,"parent":0,"menu_order":0,"comment_status":"open","ping_status":"closed","template":"","meta":{"footnotes":""},"class_list":["post-373","page","type-page","status-publish","has-post-thumbnail","hentry"],"yoast_head":"<!-- This site is optimized with the Yoast SEO plugin v27.3 - https:\/\/yoast.com\/product\/yoast-seo-wordpress\/ -->\n<title>Estaci\u00f3n de Gauc\u00edn - El Colmenar - Calendario de eventos en las sierras, serran\u00edas y sus pueblos<\/title>\n<meta name=\"description\" content=\"La estaci\u00f3n de Gauc\u00edn - El Colmenar es una estaci\u00f3n de ferrocarril situada en la pedan\u00eda de El Colmenar, que depende del municipio Cortes de la Frontera.\" \/>\n<meta name=\"robots\" content=\"index, follow, max-snippet:-1, max-image-preview:large, max-video-preview:-1\" \/>\n<link rel=\"canonical\" href=\"https:\/\/grazalemaguide.com\/quehacerenlasierras\/estacion-de-gaucin-el-colmenar\/\" \/>\n<meta property=\"og:locale\" content=\"en_US\" \/>\n<meta property=\"og:type\" content=\"article\" \/>\n<meta property=\"og:title\" content=\"Estaci\u00f3n de Gauc\u00edn - El Colmenar - Calendario de eventos en las sierras, serran\u00edas y sus pueblos\" \/>\n<meta property=\"og:description\" content=\"La estaci\u00f3n de Gauc\u00edn - El Colmenar es una estaci\u00f3n de ferrocarril situada en la pedan\u00eda de El Colmenar, que depende del municipio Cortes de la Frontera.\" \/>\n<meta property=\"og:url\" content=\"https:\/\/grazalemaguide.com\/quehacerenlasierras\/estacion-de-gaucin-el-colmenar\/\" \/>\n<meta property=\"og:site_name\" content=\"Calendario de eventos en las sierras, serran\u00edas y sus pueblos\" \/>\n<meta property=\"article:publisher\" content=\"https:\/\/www.facebook.com\/wildsideholidays\/\" \/>\n<meta property=\"article:modified_time\" content=\"2020-06-15T15:09:20+00:00\" \/>\n<meta property=\"og:image\" content=\"https:\/\/grazalemaguide.com\/quehacerenlasierras\/wp-content\/uploads\/sites\/2\/2020\/06\/Estaci\u00f3n-de-Gauc\u00edn-El-Colmenar.jpg\" \/>\n\t<meta property=\"og:image:width\" content=\"1024\" \/>\n\t<meta property=\"og:image:height\" content=\"685\" \/>\n\t<meta property=\"og:image:type\" content=\"image\/jpeg\" \/>\n<meta name=\"twitter:card\" content=\"summary_large_image\" \/>\n<meta name=\"twitter:site\" content=\"@GrazalemaGuide\" \/>\n<meta name=\"twitter:label1\" content=\"Est. reading time\" \/>\n\t<meta name=\"twitter:data1\" content=\"3 minutes\" \/>\n<script type=\"application\/ld+json\" class=\"yoast-schema-graph\">{\"@context\":\"https:\\\/\\\/schema.org\",\"@graph\":[{\"@type\":\"WebPage\",\"@id\":\"https:\\\/\\\/grazalemaguide.com\\\/quehacerenlasierras\\\/estacion-de-gaucin-el-colmenar\\\/\",\"url\":\"https:\\\/\\\/grazalemaguide.com\\\/quehacerenlasierras\\\/estacion-de-gaucin-el-colmenar\\\/\",\"name\":\"Estaci\u00f3n de Gauc\u00edn - El Colmenar - Calendario de eventos en las sierras, serran\u00edas y sus pueblos\",\"isPartOf\":{\"@id\":\"https:\\\/\\\/grazalemaguide.com\\\/quehacerenlasierras\\\/#website\"},\"primaryImageOfPage\":{\"@id\":\"https:\\\/\\\/grazalemaguide.com\\\/quehacerenlasierras\\\/estacion-de-gaucin-el-colmenar\\\/#primaryimage\"},\"image\":{\"@id\":\"https:\\\/\\\/grazalemaguide.com\\\/quehacerenlasierras\\\/estacion-de-gaucin-el-colmenar\\\/#primaryimage\"},\"thumbnailUrl\":\"https:\\\/\\\/grazalemaguide.com\\\/quehacerenlasierras\\\/wp-content\\\/uploads\\\/sites\\\/2\\\/2020\\\/06\\\/Estaci\u00f3n-de-Gauc\u00edn-El-Colmenar.jpg\",\"datePublished\":\"2020-06-15T15:09:19+00:00\",\"dateModified\":\"2020-06-15T15:09:20+00:00\",\"description\":\"La estaci\u00f3n de Gauc\u00edn - El Colmenar es una estaci\u00f3n de ferrocarril situada en la pedan\u00eda de El Colmenar, que depende del municipio Cortes de la Frontera.\",\"breadcrumb\":{\"@id\":\"https:\\\/\\\/grazalemaguide.com\\\/quehacerenlasierras\\\/estacion-de-gaucin-el-colmenar\\\/#breadcrumb\"},\"inLanguage\":\"en-US\",\"potentialAction\":[{\"@type\":\"ReadAction\",\"target\":[\"https:\\\/\\\/grazalemaguide.com\\\/quehacerenlasierras\\\/estacion-de-gaucin-el-colmenar\\\/\"]}]},{\"@type\":\"ImageObject\",\"inLanguage\":\"en-US\",\"@id\":\"https:\\\/\\\/grazalemaguide.com\\\/quehacerenlasierras\\\/estacion-de-gaucin-el-colmenar\\\/#primaryimage\",\"url\":\"https:\\\/\\\/grazalemaguide.com\\\/quehacerenlasierras\\\/wp-content\\\/uploads\\\/sites\\\/2\\\/2020\\\/06\\\/Estaci\u00f3n-de-Gauc\u00edn-El-Colmenar.jpg\",\"contentUrl\":\"https:\\\/\\\/grazalemaguide.com\\\/quehacerenlasierras\\\/wp-content\\\/uploads\\\/sites\\\/2\\\/2020\\\/06\\\/Estaci\u00f3n-de-Gauc\u00edn-El-Colmenar.jpg\",\"width\":1024,\"height\":685,\"caption\":\"La estaci\u00f3n de Gauc\u00edn - El Colmenar es una estaci\u00f3n de ferrocarril situada en la pedan\u00eda de El Colmenar, que depende del municipio Cortes de la Frontera. Desde el 6 de diciembre de 2019, el pueblo goza de cierta autonom\u00eda tras serle concedida la condici\u00f3n de Entidad Local Aut\u00f3noma(ELA).\"},{\"@type\":\"BreadcrumbList\",\"@id\":\"https:\\\/\\\/grazalemaguide.com\\\/quehacerenlasierras\\\/estacion-de-gaucin-el-colmenar\\\/#breadcrumb\",\"itemListElement\":[{\"@type\":\"ListItem\",\"position\":1,\"name\":\"Home\",\"item\":\"https:\\\/\\\/grazalemaguide.com\\\/quehacerenlasierras\\\/\"},{\"@type\":\"ListItem\",\"position\":2,\"name\":\"Estaci\u00f3n de Gauc\u00edn &#8211; El Colmenar\"}]},{\"@type\":\"WebSite\",\"@id\":\"https:\\\/\\\/grazalemaguide.com\\\/quehacerenlasierras\\\/#website\",\"url\":\"https:\\\/\\\/grazalemaguide.com\\\/quehacerenlasierras\\\/\",\"name\":\"Calendario de eventos en las sierras, serran\u00edas y sus pueblos\",\"description\":\"\u00bfQu\u00e9 hacer en las Sierras, Serran\u00edas y sus pueblos? Ferias, fiestas, recreaciones hist\u00f3ricas, rutas de tapas, teatro, rally, deportes, gu\u00edas y actividades\",\"publisher\":{\"@id\":\"https:\\\/\\\/grazalemaguide.com\\\/quehacerenlasierras\\\/#\\\/schema\\\/person\\\/f24688c26be666f9001ed7cb3d7d2e3a\"},\"potentialAction\":[{\"@type\":\"SearchAction\",\"target\":{\"@type\":\"EntryPoint\",\"urlTemplate\":\"https:\\\/\\\/grazalemaguide.com\\\/quehacerenlasierras\\\/?s={search_term_string}\"},\"query-input\":{\"@type\":\"PropertyValueSpecification\",\"valueRequired\":true,\"valueName\":\"search_term_string\"}}],\"inLanguage\":\"en-US\"},{\"@type\":[\"Person\",\"Organization\"],\"@id\":\"https:\\\/\\\/grazalemaguide.com\\\/quehacerenlasierras\\\/#\\\/schema\\\/person\\\/f24688c26be666f9001ed7cb3d7d2e3a\",\"name\":\"Clive Muir\",\"image\":{\"@type\":\"ImageObject\",\"inLanguage\":\"en-US\",\"@id\":\"https:\\\/\\\/secure.gravatar.com\\\/avatar\\\/0cd1ec277564b2e62b29d49d1c588efa39fbdeed25940f60cb667d96e5c29e1e?s=96&d=mm&r=g\",\"url\":\"https:\\\/\\\/secure.gravatar.com\\\/avatar\\\/0cd1ec277564b2e62b29d49d1c588efa39fbdeed25940f60cb667d96e5c29e1e?s=96&d=mm&r=g\",\"contentUrl\":\"https:\\\/\\\/secure.gravatar.com\\\/avatar\\\/0cd1ec277564b2e62b29d49d1c588efa39fbdeed25940f60cb667d96e5c29e1e?s=96&d=mm&r=g\",\"caption\":\"Clive Muir\"},\"logo\":{\"@id\":\"https:\\\/\\\/secure.gravatar.com\\\/avatar\\\/0cd1ec277564b2e62b29d49d1c588efa39fbdeed25940f60cb667d96e5c29e1e?s=96&d=mm&r=g\"},\"description\":\"I\u2019ve been living in this lovely area of Western Andalucia for the last 20 years or so and dedicate most of my time to the running of English language tourist information websites for the towns of C\u00e1diz, Ronda, Grazalema, the famous or infamous Caminito del Rey, and also Wildside Holidays, which promotes sustainable and eco-friendly businesses running wildlife and walking holidays in Spain. My articles contain affiliate links that will help you reserve a hotel, bus, train or activity in the area. You don't pay more, but by using them you do support this website. Thankyou!\",\"sameAs\":[\"https:\\\/\\\/grazalemaguide.com\\\/\",\"https:\\\/\\\/www.facebook.com\\\/wildsideholidays\\\/\",\"https:\\\/\\\/www.linkedin.com\\\/in\\\/wildsideholidays\\\/\",\"https:\\\/\\\/x.com\\\/https:\\\/\\\/twitter.com\\\/GrazalemaGuide\",\"https:\\\/\\\/www.youtube.com\\\/channel\\\/UC6VDf8hywG6O6F1wgMtfMDw\"]}]}<\/script>\n<!-- \/ Yoast SEO plugin. -->","yoast_head_json":{"title":"Estaci\u00f3n de Gauc\u00edn - El Colmenar - Calendario de eventos en las sierras, serran\u00edas y sus pueblos","description":"La estaci\u00f3n de Gauc\u00edn - El Colmenar es una estaci\u00f3n de ferrocarril situada en la pedan\u00eda de El Colmenar, que depende del municipio Cortes de la Frontera.","robots":{"index":"index","follow":"follow","max-snippet":"max-snippet:-1","max-image-preview":"max-image-preview:large","max-video-preview":"max-video-preview:-1"},"canonical":"https:\/\/grazalemaguide.com\/quehacerenlasierras\/estacion-de-gaucin-el-colmenar\/","og_locale":"en_US","og_type":"article","og_title":"Estaci\u00f3n de Gauc\u00edn - El Colmenar - Calendario de eventos en las sierras, serran\u00edas y sus pueblos","og_description":"La estaci\u00f3n de Gauc\u00edn - El Colmenar es una estaci\u00f3n de ferrocarril situada en la pedan\u00eda de El Colmenar, que depende del municipio Cortes de la Frontera.","og_url":"https:\/\/grazalemaguide.com\/quehacerenlasierras\/estacion-de-gaucin-el-colmenar\/","og_site_name":"Calendario de eventos en las sierras, serran\u00edas y sus pueblos","article_publisher":"https:\/\/www.facebook.com\/wildsideholidays\/","article_modified_time":"2020-06-15T15:09:20+00:00","og_image":[{"width":1024,"height":685,"url":"https:\/\/grazalemaguide.com\/quehacerenlasierras\/wp-content\/uploads\/sites\/2\/2020\/06\/Estaci\u00f3n-de-Gauc\u00edn-El-Colmenar.jpg","type":"image\/jpeg"}],"twitter_card":"summary_large_image","twitter_site":"@GrazalemaGuide","twitter_misc":{"Est. reading time":"3 minutes"},"schema":{"@context":"https:\/\/schema.org","@graph":[{"@type":"WebPage","@id":"https:\/\/grazalemaguide.com\/quehacerenlasierras\/estacion-de-gaucin-el-colmenar\/","url":"https:\/\/grazalemaguide.com\/quehacerenlasierras\/estacion-de-gaucin-el-colmenar\/","name":"Estaci\u00f3n de Gauc\u00edn - El Colmenar - Calendario de eventos en las sierras, serran\u00edas y sus pueblos","isPartOf":{"@id":"https:\/\/grazalemaguide.com\/quehacerenlasierras\/#website"},"primaryImageOfPage":{"@id":"https:\/\/grazalemaguide.com\/quehacerenlasierras\/estacion-de-gaucin-el-colmenar\/#primaryimage"},"image":{"@id":"https:\/\/grazalemaguide.com\/quehacerenlasierras\/estacion-de-gaucin-el-colmenar\/#primaryimage"},"thumbnailUrl":"https:\/\/grazalemaguide.com\/quehacerenlasierras\/wp-content\/uploads\/sites\/2\/2020\/06\/Estaci\u00f3n-de-Gauc\u00edn-El-Colmenar.jpg","datePublished":"2020-06-15T15:09:19+00:00","dateModified":"2020-06-15T15:09:20+00:00","description":"La estaci\u00f3n de Gauc\u00edn - El Colmenar es una estaci\u00f3n de ferrocarril situada en la pedan\u00eda de El Colmenar, que depende del municipio Cortes de la Frontera.","breadcrumb":{"@id":"https:\/\/grazalemaguide.com\/quehacerenlasierras\/estacion-de-gaucin-el-colmenar\/#breadcrumb"},"inLanguage":"en-US","potentialAction":[{"@type":"ReadAction","target":["https:\/\/grazalemaguide.com\/quehacerenlasierras\/estacion-de-gaucin-el-colmenar\/"]}]},{"@type":"ImageObject","inLanguage":"en-US","@id":"https:\/\/grazalemaguide.com\/quehacerenlasierras\/estacion-de-gaucin-el-colmenar\/#primaryimage","url":"https:\/\/grazalemaguide.com\/quehacerenlasierras\/wp-content\/uploads\/sites\/2\/2020\/06\/Estaci\u00f3n-de-Gauc\u00edn-El-Colmenar.jpg","contentUrl":"https:\/\/grazalemaguide.com\/quehacerenlasierras\/wp-content\/uploads\/sites\/2\/2020\/06\/Estaci\u00f3n-de-Gauc\u00edn-El-Colmenar.jpg","width":1024,"height":685,"caption":"La estaci\u00f3n de Gauc\u00edn - El Colmenar es una estaci\u00f3n de ferrocarril situada en la pedan\u00eda de El Colmenar, que depende del municipio Cortes de la Frontera. Desde el 6 de diciembre de 2019, el pueblo goza de cierta autonom\u00eda tras serle concedida la condici\u00f3n de Entidad Local Aut\u00f3noma(ELA)."},{"@type":"BreadcrumbList","@id":"https:\/\/grazalemaguide.com\/quehacerenlasierras\/estacion-de-gaucin-el-colmenar\/#breadcrumb","itemListElement":[{"@type":"ListItem","position":1,"name":"Home","item":"https:\/\/grazalemaguide.com\/quehacerenlasierras\/"},{"@type":"ListItem","position":2,"name":"Estaci\u00f3n de Gauc\u00edn &#8211; El Colmenar"}]},{"@type":"WebSite","@id":"https:\/\/grazalemaguide.com\/quehacerenlasierras\/#website","url":"https:\/\/grazalemaguide.com\/quehacerenlasierras\/","name":"Calendario de eventos en las sierras, serran\u00edas y sus pueblos","description":"\u00bfQu\u00e9 hacer en las Sierras, Serran\u00edas y sus pueblos? Ferias, fiestas, recreaciones hist\u00f3ricas, rutas de tapas, teatro, rally, deportes, gu\u00edas y actividades","publisher":{"@id":"https:\/\/grazalemaguide.com\/quehacerenlasierras\/#\/schema\/person\/f24688c26be666f9001ed7cb3d7d2e3a"},"potentialAction":[{"@type":"SearchAction","target":{"@type":"EntryPoint","urlTemplate":"https:\/\/grazalemaguide.com\/quehacerenlasierras\/?s={search_term_string}"},"query-input":{"@type":"PropertyValueSpecification","valueRequired":true,"valueName":"search_term_string"}}],"inLanguage":"en-US"},{"@type":["Person","Organization"],"@id":"https:\/\/grazalemaguide.com\/quehacerenlasierras\/#\/schema\/person\/f24688c26be666f9001ed7cb3d7d2e3a","name":"Clive Muir","image":{"@type":"ImageObject","inLanguage":"en-US","@id":"https:\/\/secure.gravatar.com\/avatar\/0cd1ec277564b2e62b29d49d1c588efa39fbdeed25940f60cb667d96e5c29e1e?s=96&d=mm&r=g","url":"https:\/\/secure.gravatar.com\/avatar\/0cd1ec277564b2e62b29d49d1c588efa39fbdeed25940f60cb667d96e5c29e1e?s=96&d=mm&r=g","contentUrl":"https:\/\/secure.gravatar.com\/avatar\/0cd1ec277564b2e62b29d49d1c588efa39fbdeed25940f60cb667d96e5c29e1e?s=96&d=mm&r=g","caption":"Clive Muir"},"logo":{"@id":"https:\/\/secure.gravatar.com\/avatar\/0cd1ec277564b2e62b29d49d1c588efa39fbdeed25940f60cb667d96e5c29e1e?s=96&d=mm&r=g"},"description":"I\u2019ve been living in this lovely area of Western Andalucia for the last 20 years or so and dedicate most of my time to the running of English language tourist information websites for the towns of C\u00e1diz, Ronda, Grazalema, the famous or infamous Caminito del Rey, and also Wildside Holidays, which promotes sustainable and eco-friendly businesses running wildlife and walking holidays in Spain. My articles contain affiliate links that will help you reserve a hotel, bus, train or activity in the area. You don't pay more, but by using them you do support this website. Thankyou!","sameAs":["https:\/\/grazalemaguide.com\/","https:\/\/www.facebook.com\/wildsideholidays\/","https:\/\/www.linkedin.com\/in\/wildsideholidays\/","https:\/\/x.com\/https:\/\/twitter.com\/GrazalemaGuide","https:\/\/www.youtube.com\/channel\/UC6VDf8hywG6O6F1wgMtfMDw"]}]}},"_links":{"self":[{"href":"https:\/\/grazalemaguide.com\/quehacerenlasierras\/wp-json\/wp\/v2\/pages\/373","targetHints":{"allow":["GET"]}}],"collection":[{"href":"https:\/\/grazalemaguide.com\/quehacerenlasierras\/wp-json\/wp\/v2\/pages"}],"about":[{"href":"https:\/\/grazalemaguide.com\/quehacerenlasierras\/wp-json\/wp\/v2\/types\/page"}],"author":[{"embeddable":true,"href":"https:\/\/grazalemaguide.com\/quehacerenlasierras\/wp-json\/wp\/v2\/users\/1"}],"replies":[{"embeddable":true,"href":"https:\/\/grazalemaguide.com\/quehacerenlasierras\/wp-json\/wp\/v2\/comments?post=373"}],"version-history":[{"count":0,"href":"https:\/\/grazalemaguide.com\/quehacerenlasierras\/wp-json\/wp\/v2\/pages\/373\/revisions"}],"wp:featuredmedia":[{"embeddable":true,"href":"https:\/\/grazalemaguide.com\/quehacerenlasierras\/wp-json\/wp\/v2\/media\/374"}],"wp:attachment":[{"href":"https:\/\/grazalemaguide.com\/quehacerenlasierras\/wp-json\/wp\/v2\/media?parent=373"}],"curies":[{"name":"wp","href":"https:\/\/api.w.org\/{rel}","templated":true}]}}