{"id":390,"date":"2020-06-16T08:28:08","date_gmt":"2020-06-16T08:28:08","guid":{"rendered":"http:\/\/grazalemaguide.com\/quehacerenlasierras\/?page_id=390"},"modified":"2020-06-16T08:28:09","modified_gmt":"2020-06-16T08:28:09","slug":"genalguacil","status":"publish","type":"page","link":"https:\/\/grazalemaguide.com\/quehacerenlasierras\/genalguacil\/","title":{"rendered":"Genalguacil"},"content":{"rendered":"\n<div class=\"wp-block-image\"><figure class=\"alignleft size-large is-resized\"><img decoding=\"async\" src=\"https:\/\/grazalemaguide.com\/quehacerenlasierras\/wp-content\/uploads\/sites\/2\/2020\/06\/Escudo-Genalguacil.png\" alt=\"Escudo Genalguacil\" class=\"wp-image-392\" width=\"250\" srcset=\"https:\/\/grazalemaguide.com\/quehacerenlasierras\/wp-content\/uploads\/sites\/2\/2020\/06\/Escudo-Genalguacil.png 320w, https:\/\/grazalemaguide.com\/quehacerenlasierras\/wp-content\/uploads\/sites\/2\/2020\/06\/Escudo-Genalguacil-169x300.png 169w\" sizes=\"(max-width: 320px) 100vw, 320px\" \/><figcaption>De SanchoPanzaXXI &#8211; Trabajo propio, CC BY-SA 4.0, https:\/\/commons.wikimedia.org\/w\/index.php?curid=4168823<\/figcaption><\/figure><\/div>\n\n\n\n<p>Genalguacil es un municipio de la provincia de M\u00e1laga. Est\u00e1 situado en el oeste de la provincia, en el Valle del Genal, siendo una de las poblaciones que conforman la comarca de la Serran\u00eda de Ronda.<\/p>\n\n\n\n<p>El principal atractivo de este pueblo es que es un &#8220;pueblo museo&#8221;. Cada dos a\u00f1os, artistas de todas partes se re\u00fanen aqu\u00ed para, durante una semana, hacer distintas piezas de arte que luego dejar\u00e1n expuestas de manera permanente en las calles del pueblo. Genalguacil es, pues, un museo al aire libre, y caminando por sus callejuelas empedradas uno se encuentra pinturas en las paredes, esculturas, troncos tallados\u2026; que se integran con el entorno (como una escultura de una viejecilla debajo de una cuesta, que se llama Hasta el mo\u00f1o de tanta cuesta). Cada detalle (n\u00fameros de las casas, nombres de las calles, bancos para sentarse, chimeneas) est\u00e1 terminado de alguna manera algo art\u00edstica u original, convirtiendo el pasear por las calles en un aut\u00e9ntico pasillo de museo.<\/p>\n\n\n\n<h4 class=\"wp-block-heading\">Museo de Arte Contempor\u00e1neo Fernando Centeno L\u00f3pez<\/h4>\n\n\n\n<p>Fue inaugurado en 1994 y lleva su nombre en honor al exalcalde Fernando Centeno L\u00f3pez. Las obras expuestas en este Museo Municipal pertenecen a los artistas participantes en los \u201cEncuentros de Arte\u201d que organiza cada a\u00f1o el Ayuntamiento de Genalguacil. Las obras reflejan el entorno del Valle del Genal, ya sea a trav\u00e9s del empleo de materiales y recursos aut\u00f3ctonos del lugar, o por la tem\u00e1tica, motivo o planteamientos desarrollados.4\u200b<\/p>\n\n\n\n<p><a rel=\"noreferrer noopener\" href=\"https:\/\/es.wikipedia.org\/wiki\/Genalguacil\" target=\"_blank\">M\u00e1s informaci\u00f3n en Wikipedia<\/a><\/p>\n\n\n\n<h4 class=\"wp-block-heading\">Ayuntamiento<\/h4>\n\n\n\n<p>Web: <a href=\"http:\/\/www.genalguacil.es\/\" target=\"_blank\" rel=\"noreferrer noopener\">http:\/\/www.genalguacil.es\/<\/a><\/p>\n\n\n\n<h4 class=\"wp-block-heading\">Genalguacil Pueblo Museo.<\/h4>\n\n\n\n<p>Web: <a href=\"https:\/\/pueblomuseo.com\/\" target=\"_blank\" rel=\"noreferrer noopener\">https:\/\/pueblomuseo.com\/<\/a><br>Facebook: <a href=\"https:\/\/www.facebook.com\/Genalguacil-Pueblo-Museo-1105681036198159\/\" target=\"_blank\" rel=\"noreferrer noopener\">https:\/\/www.facebook.com\/Genalguacil-Pueblo-Museo-1105681036198159\/<\/a><\/p>\n\n\n\n<hr class=\"wp-block-separator has-text-color has-background has-green-background-color has-green-color\"\/>\n\n\n\n<h4 class=\"wp-block-heading\">Alojamientos en Genalguacil<\/h4>\n\n\n<p>[booking_product_helper shortname=&#8221;genalguacil&#8221;]<\/p>\n\n\n\n<hr class=\"wp-block-separator has-text-color has-background has-green-background-color has-green-color\"\/>\n\n\n\n<h4 class=\"wp-block-heading\">Fiestas.<\/h4>\n\n\n\n<p>Genalguacil cuenta con un amplio calendario de fiestas a lo largo de todo el a\u00f1o que se inicia el 2 de febrero con la Candelaria. Posteriormente, el 29 de abril tiene lugar la Feria en honor del patr\u00f3n, San Pedro M\u00e1rtir de Verona. Como es costumbre, cuando pasa el santo por las calles se le arroja arroz desde los balcones al tiempo que se lanzan cohetes.<\/p>\n\n\n\n<p>Durante la Semana Santa uno de sus momentos m\u00e1s significativos es el Domingo de Resurrecci\u00f3n, con la celebraci\u00f3n del Huerto del Ni\u00f1o, en la que la tradici\u00f3n del trabajo agr\u00edcola se une a la devoci\u00f3n por la resurrecci\u00f3n de Cristo, que se hace visible en el encuentro entre la Virgen y el Ni\u00f1o Jes\u00fas. Es un acto muy emotivo en el que existe una gran participaci\u00f3n popular.<\/p>\n\n\n\n<p>Con la llegada del verano, tambi\u00e9n es tradicional la celebraci\u00f3n de lo que se llama el primer ba\u00f1o de la temporada, en el que los vecinos bajan hasta el r\u00edo Genal para darse un chapuz\u00f3n y pasar el d\u00eda entre amigos.<\/p>\n\n\n\n<p>Desde 1994 se viene desarrollando en la primera quincena de agosto el Encuentro de arte Valle del Genal, ahora de car\u00e1cter bienal. El Ayuntamiento ofrece a los participantes alojamiento, comida y materiales y \u00e9stos, a su vez, dejan en el pueblo las obras que realizan en las dos semanas que dura la actividad.<\/p>\n\n\n\n<p>El tost\u00f3n de casta\u00f1as en noviembre y las comparsas en Navidad cierran el calendario festivo<\/p>\n\n\n\n<hr class=\"wp-block-separator has-text-color has-background has-green-background-color has-green-color\"\/>\n\n\n\n<h6 class=\"wp-block-heading\">\u00bfQu\u00e9 hacer en las Sierras, Serran\u00edas y sus pueblos?<\/h6>\n\n\n\n<p>Ferias, fiestas, recreaciones hist\u00f3ricas, rutas de tapas, teatro, rally, deportes, gu\u00edas y actividades<\/p>\n\n\n\n<p><a href=\"https:\/\/grazalemaguide.com\/quehacerenlasierras\/\">Ver el Calendario de Eventos aqui.<\/a><\/p>\n","protected":false},"excerpt":{"rendered":"<p>Genalguacil es un municipio de la provincia de M\u00e1laga. Est\u00e1 situado en el oeste de la provincia, en el Valle del Genal, siendo una de las poblaciones que conforman la comarca de la Serran\u00eda de Ronda. El principal atractivo de este pueblo es que es un &#8220;pueblo museo&#8221;. Cada dos a\u00f1os, artistas de todas partes &hellip; <a href=\"https:\/\/grazalemaguide.com\/quehacerenlasierras\/genalguacil\/\" class=\"more-link\">Continue reading <span class=\"screen-reader-text\">Genalguacil<\/span> <span class=\"meta-nav\">&rarr;<\/span><\/a><\/p>\n","protected":false},"author":1,"featured_media":393,"parent":0,"menu_order":0,"comment_status":"closed","ping_status":"closed","template":"","meta":{"footnotes":""},"class_list":["post-390","page","type-page","status-publish","has-post-thumbnail","hentry"],"yoast_head":"<!-- This site is optimized with the Yoast SEO plugin v27.4 - https:\/\/yoast.com\/product\/yoast-seo-wordpress\/ -->\n<title>Genalguacil - Calendario de eventos en las sierras, serran\u00edas y sus pueblos<\/title>\n<meta name=\"description\" content=\"Genalguacil es un municipio de la provincia de M\u00e1laga, Andalucia. Est\u00e1 situado en el oeste de la provincia, en el Valle del Genal\" \/>\n<meta name=\"robots\" content=\"index, follow, max-snippet:-1, max-image-preview:large, max-video-preview:-1\" \/>\n<link rel=\"canonical\" href=\"https:\/\/grazalemaguide.com\/quehacerenlasierras\/genalguacil\/\" \/>\n<meta property=\"og:locale\" content=\"en_US\" \/>\n<meta property=\"og:type\" content=\"article\" \/>\n<meta property=\"og:title\" content=\"Genalguacil - Calendario de eventos en las sierras, serran\u00edas y sus pueblos\" \/>\n<meta property=\"og:description\" content=\"Genalguacil es un municipio de la provincia de M\u00e1laga, Andalucia. Est\u00e1 situado en el oeste de la provincia, en el Valle del Genal\" \/>\n<meta property=\"og:url\" content=\"https:\/\/grazalemaguide.com\/quehacerenlasierras\/genalguacil\/\" \/>\n<meta property=\"og:site_name\" content=\"Calendario de eventos en las sierras, serran\u00edas y sus pueblos\" \/>\n<meta property=\"article:publisher\" content=\"https:\/\/www.facebook.com\/wildsideholidays\/\" \/>\n<meta property=\"article:modified_time\" content=\"2020-06-16T08:28:09+00:00\" \/>\n<meta property=\"og:image\" content=\"https:\/\/grazalemaguide.com\/quehacerenlasierras\/wp-content\/uploads\/sites\/2\/2020\/06\/Genalguacil.jpg\" \/>\n\t<meta property=\"og:image:width\" content=\"1024\" \/>\n\t<meta property=\"og:image:height\" content=\"768\" \/>\n\t<meta property=\"og:image:type\" content=\"image\/jpeg\" \/>\n<meta name=\"twitter:card\" content=\"summary_large_image\" \/>\n<meta name=\"twitter:site\" content=\"@GrazalemaGuide\" \/>\n<meta name=\"twitter:label1\" content=\"Est. reading time\" \/>\n\t<meta name=\"twitter:data1\" content=\"3 minutes\" \/>\n<script type=\"application\/ld+json\" class=\"yoast-schema-graph\">{\"@context\":\"https:\\\/\\\/schema.org\",\"@graph\":[{\"@type\":\"WebPage\",\"@id\":\"https:\\\/\\\/grazalemaguide.com\\\/quehacerenlasierras\\\/genalguacil\\\/\",\"url\":\"https:\\\/\\\/grazalemaguide.com\\\/quehacerenlasierras\\\/genalguacil\\\/\",\"name\":\"Genalguacil - Calendario de eventos en las sierras, serran\u00edas y sus pueblos\",\"isPartOf\":{\"@id\":\"https:\\\/\\\/grazalemaguide.com\\\/quehacerenlasierras\\\/#website\"},\"primaryImageOfPage\":{\"@id\":\"https:\\\/\\\/grazalemaguide.com\\\/quehacerenlasierras\\\/genalguacil\\\/#primaryimage\"},\"image\":{\"@id\":\"https:\\\/\\\/grazalemaguide.com\\\/quehacerenlasierras\\\/genalguacil\\\/#primaryimage\"},\"thumbnailUrl\":\"https:\\\/\\\/grazalemaguide.com\\\/quehacerenlasierras\\\/wp-content\\\/uploads\\\/sites\\\/2\\\/2020\\\/06\\\/Genalguacil.jpg\",\"datePublished\":\"2020-06-16T08:28:08+00:00\",\"dateModified\":\"2020-06-16T08:28:09+00:00\",\"description\":\"Genalguacil es un municipio de la provincia de M\u00e1laga, Andalucia. Est\u00e1 situado en el oeste de la provincia, en el Valle del Genal\",\"breadcrumb\":{\"@id\":\"https:\\\/\\\/grazalemaguide.com\\\/quehacerenlasierras\\\/genalguacil\\\/#breadcrumb\"},\"inLanguage\":\"en-US\",\"potentialAction\":[{\"@type\":\"ReadAction\",\"target\":[\"https:\\\/\\\/grazalemaguide.com\\\/quehacerenlasierras\\\/genalguacil\\\/\"]}]},{\"@type\":\"ImageObject\",\"inLanguage\":\"en-US\",\"@id\":\"https:\\\/\\\/grazalemaguide.com\\\/quehacerenlasierras\\\/genalguacil\\\/#primaryimage\",\"url\":\"https:\\\/\\\/grazalemaguide.com\\\/quehacerenlasierras\\\/wp-content\\\/uploads\\\/sites\\\/2\\\/2020\\\/06\\\/Genalguacil.jpg\",\"contentUrl\":\"https:\\\/\\\/grazalemaguide.com\\\/quehacerenlasierras\\\/wp-content\\\/uploads\\\/sites\\\/2\\\/2020\\\/06\\\/Genalguacil.jpg\",\"width\":1024,\"height\":768,\"caption\":\"De teclasorg - Flickr [1], CC BY 2.0, https:\\\/\\\/commons.wikimedia.org\\\/w\\\/index.php?curid=6447330\"},{\"@type\":\"BreadcrumbList\",\"@id\":\"https:\\\/\\\/grazalemaguide.com\\\/quehacerenlasierras\\\/genalguacil\\\/#breadcrumb\",\"itemListElement\":[{\"@type\":\"ListItem\",\"position\":1,\"name\":\"Home\",\"item\":\"https:\\\/\\\/grazalemaguide.com\\\/quehacerenlasierras\\\/\"},{\"@type\":\"ListItem\",\"position\":2,\"name\":\"Genalguacil\"}]},{\"@type\":\"WebSite\",\"@id\":\"https:\\\/\\\/grazalemaguide.com\\\/quehacerenlasierras\\\/#website\",\"url\":\"https:\\\/\\\/grazalemaguide.com\\\/quehacerenlasierras\\\/\",\"name\":\"Calendario de eventos en las sierras, serran\u00edas y sus pueblos\",\"description\":\"\u00bfQu\u00e9 hacer en las Sierras, Serran\u00edas y sus pueblos? Ferias, fiestas, recreaciones hist\u00f3ricas, rutas de tapas, teatro, rally, deportes, gu\u00edas y actividades\",\"publisher\":{\"@id\":\"https:\\\/\\\/grazalemaguide.com\\\/quehacerenlasierras\\\/#\\\/schema\\\/person\\\/f24688c26be666f9001ed7cb3d7d2e3a\"},\"potentialAction\":[{\"@type\":\"SearchAction\",\"target\":{\"@type\":\"EntryPoint\",\"urlTemplate\":\"https:\\\/\\\/grazalemaguide.com\\\/quehacerenlasierras\\\/?s={search_term_string}\"},\"query-input\":{\"@type\":\"PropertyValueSpecification\",\"valueRequired\":true,\"valueName\":\"search_term_string\"}}],\"inLanguage\":\"en-US\"},{\"@type\":[\"Person\",\"Organization\"],\"@id\":\"https:\\\/\\\/grazalemaguide.com\\\/quehacerenlasierras\\\/#\\\/schema\\\/person\\\/f24688c26be666f9001ed7cb3d7d2e3a\",\"name\":\"Clive Muir\",\"image\":{\"@type\":\"ImageObject\",\"inLanguage\":\"en-US\",\"@id\":\"https:\\\/\\\/secure.gravatar.com\\\/avatar\\\/0cd1ec277564b2e62b29d49d1c588efa39fbdeed25940f60cb667d96e5c29e1e?s=96&d=mm&r=g\",\"url\":\"https:\\\/\\\/secure.gravatar.com\\\/avatar\\\/0cd1ec277564b2e62b29d49d1c588efa39fbdeed25940f60cb667d96e5c29e1e?s=96&d=mm&r=g\",\"contentUrl\":\"https:\\\/\\\/secure.gravatar.com\\\/avatar\\\/0cd1ec277564b2e62b29d49d1c588efa39fbdeed25940f60cb667d96e5c29e1e?s=96&d=mm&r=g\",\"caption\":\"Clive Muir\"},\"logo\":{\"@id\":\"https:\\\/\\\/secure.gravatar.com\\\/avatar\\\/0cd1ec277564b2e62b29d49d1c588efa39fbdeed25940f60cb667d96e5c29e1e?s=96&d=mm&r=g\"},\"description\":\"I\u2019ve been living in this lovely area of Western Andalucia for the last 20 years or so and dedicate most of my time to the running of English language tourist information websites for the towns of C\u00e1diz, Ronda, Grazalema, the famous or infamous Caminito del Rey, and also Wildside Holidays, which promotes sustainable and eco-friendly businesses running wildlife and walking holidays in Spain. My articles contain affiliate links that will help you reserve a hotel, bus, train or activity in the area. You don't pay more, but by using them you do support this website. Thankyou!\",\"sameAs\":[\"https:\\\/\\\/grazalemaguide.com\\\/\",\"https:\\\/\\\/www.facebook.com\\\/wildsideholidays\\\/\",\"https:\\\/\\\/www.linkedin.com\\\/in\\\/wildsideholidays\\\/\",\"https:\\\/\\\/x.com\\\/https:\\\/\\\/twitter.com\\\/GrazalemaGuide\",\"https:\\\/\\\/www.youtube.com\\\/channel\\\/UC6VDf8hywG6O6F1wgMtfMDw\"]}]}<\/script>\n<!-- \/ Yoast SEO plugin. -->","yoast_head_json":{"title":"Genalguacil - Calendario de eventos en las sierras, serran\u00edas y sus pueblos","description":"Genalguacil es un municipio de la provincia de M\u00e1laga, Andalucia. Est\u00e1 situado en el oeste de la provincia, en el Valle del Genal","robots":{"index":"index","follow":"follow","max-snippet":"max-snippet:-1","max-image-preview":"max-image-preview:large","max-video-preview":"max-video-preview:-1"},"canonical":"https:\/\/grazalemaguide.com\/quehacerenlasierras\/genalguacil\/","og_locale":"en_US","og_type":"article","og_title":"Genalguacil - Calendario de eventos en las sierras, serran\u00edas y sus pueblos","og_description":"Genalguacil es un municipio de la provincia de M\u00e1laga, Andalucia. Est\u00e1 situado en el oeste de la provincia, en el Valle del Genal","og_url":"https:\/\/grazalemaguide.com\/quehacerenlasierras\/genalguacil\/","og_site_name":"Calendario de eventos en las sierras, serran\u00edas y sus pueblos","article_publisher":"https:\/\/www.facebook.com\/wildsideholidays\/","article_modified_time":"2020-06-16T08:28:09+00:00","og_image":[{"width":1024,"height":768,"url":"https:\/\/grazalemaguide.com\/quehacerenlasierras\/wp-content\/uploads\/sites\/2\/2020\/06\/Genalguacil.jpg","type":"image\/jpeg"}],"twitter_card":"summary_large_image","twitter_site":"@GrazalemaGuide","twitter_misc":{"Est. reading time":"3 minutes"},"schema":{"@context":"https:\/\/schema.org","@graph":[{"@type":"WebPage","@id":"https:\/\/grazalemaguide.com\/quehacerenlasierras\/genalguacil\/","url":"https:\/\/grazalemaguide.com\/quehacerenlasierras\/genalguacil\/","name":"Genalguacil - Calendario de eventos en las sierras, serran\u00edas y sus pueblos","isPartOf":{"@id":"https:\/\/grazalemaguide.com\/quehacerenlasierras\/#website"},"primaryImageOfPage":{"@id":"https:\/\/grazalemaguide.com\/quehacerenlasierras\/genalguacil\/#primaryimage"},"image":{"@id":"https:\/\/grazalemaguide.com\/quehacerenlasierras\/genalguacil\/#primaryimage"},"thumbnailUrl":"https:\/\/grazalemaguide.com\/quehacerenlasierras\/wp-content\/uploads\/sites\/2\/2020\/06\/Genalguacil.jpg","datePublished":"2020-06-16T08:28:08+00:00","dateModified":"2020-06-16T08:28:09+00:00","description":"Genalguacil es un municipio de la provincia de M\u00e1laga, Andalucia. Est\u00e1 situado en el oeste de la provincia, en el Valle del Genal","breadcrumb":{"@id":"https:\/\/grazalemaguide.com\/quehacerenlasierras\/genalguacil\/#breadcrumb"},"inLanguage":"en-US","potentialAction":[{"@type":"ReadAction","target":["https:\/\/grazalemaguide.com\/quehacerenlasierras\/genalguacil\/"]}]},{"@type":"ImageObject","inLanguage":"en-US","@id":"https:\/\/grazalemaguide.com\/quehacerenlasierras\/genalguacil\/#primaryimage","url":"https:\/\/grazalemaguide.com\/quehacerenlasierras\/wp-content\/uploads\/sites\/2\/2020\/06\/Genalguacil.jpg","contentUrl":"https:\/\/grazalemaguide.com\/quehacerenlasierras\/wp-content\/uploads\/sites\/2\/2020\/06\/Genalguacil.jpg","width":1024,"height":768,"caption":"De teclasorg - Flickr [1], CC BY 2.0, https:\/\/commons.wikimedia.org\/w\/index.php?curid=6447330"},{"@type":"BreadcrumbList","@id":"https:\/\/grazalemaguide.com\/quehacerenlasierras\/genalguacil\/#breadcrumb","itemListElement":[{"@type":"ListItem","position":1,"name":"Home","item":"https:\/\/grazalemaguide.com\/quehacerenlasierras\/"},{"@type":"ListItem","position":2,"name":"Genalguacil"}]},{"@type":"WebSite","@id":"https:\/\/grazalemaguide.com\/quehacerenlasierras\/#website","url":"https:\/\/grazalemaguide.com\/quehacerenlasierras\/","name":"Calendario de eventos en las sierras, serran\u00edas y sus pueblos","description":"\u00bfQu\u00e9 hacer en las Sierras, Serran\u00edas y sus pueblos? Ferias, fiestas, recreaciones hist\u00f3ricas, rutas de tapas, teatro, rally, deportes, gu\u00edas y actividades","publisher":{"@id":"https:\/\/grazalemaguide.com\/quehacerenlasierras\/#\/schema\/person\/f24688c26be666f9001ed7cb3d7d2e3a"},"potentialAction":[{"@type":"SearchAction","target":{"@type":"EntryPoint","urlTemplate":"https:\/\/grazalemaguide.com\/quehacerenlasierras\/?s={search_term_string}"},"query-input":{"@type":"PropertyValueSpecification","valueRequired":true,"valueName":"search_term_string"}}],"inLanguage":"en-US"},{"@type":["Person","Organization"],"@id":"https:\/\/grazalemaguide.com\/quehacerenlasierras\/#\/schema\/person\/f24688c26be666f9001ed7cb3d7d2e3a","name":"Clive Muir","image":{"@type":"ImageObject","inLanguage":"en-US","@id":"https:\/\/secure.gravatar.com\/avatar\/0cd1ec277564b2e62b29d49d1c588efa39fbdeed25940f60cb667d96e5c29e1e?s=96&d=mm&r=g","url":"https:\/\/secure.gravatar.com\/avatar\/0cd1ec277564b2e62b29d49d1c588efa39fbdeed25940f60cb667d96e5c29e1e?s=96&d=mm&r=g","contentUrl":"https:\/\/secure.gravatar.com\/avatar\/0cd1ec277564b2e62b29d49d1c588efa39fbdeed25940f60cb667d96e5c29e1e?s=96&d=mm&r=g","caption":"Clive Muir"},"logo":{"@id":"https:\/\/secure.gravatar.com\/avatar\/0cd1ec277564b2e62b29d49d1c588efa39fbdeed25940f60cb667d96e5c29e1e?s=96&d=mm&r=g"},"description":"I\u2019ve been living in this lovely area of Western Andalucia for the last 20 years or so and dedicate most of my time to the running of English language tourist information websites for the towns of C\u00e1diz, Ronda, Grazalema, the famous or infamous Caminito del Rey, and also Wildside Holidays, which promotes sustainable and eco-friendly businesses running wildlife and walking holidays in Spain. My articles contain affiliate links that will help you reserve a hotel, bus, train or activity in the area. You don't pay more, but by using them you do support this website. Thankyou!","sameAs":["https:\/\/grazalemaguide.com\/","https:\/\/www.facebook.com\/wildsideholidays\/","https:\/\/www.linkedin.com\/in\/wildsideholidays\/","https:\/\/x.com\/https:\/\/twitter.com\/GrazalemaGuide","https:\/\/www.youtube.com\/channel\/UC6VDf8hywG6O6F1wgMtfMDw"]}]}},"_links":{"self":[{"href":"https:\/\/grazalemaguide.com\/quehacerenlasierras\/wp-json\/wp\/v2\/pages\/390","targetHints":{"allow":["GET"]}}],"collection":[{"href":"https:\/\/grazalemaguide.com\/quehacerenlasierras\/wp-json\/wp\/v2\/pages"}],"about":[{"href":"https:\/\/grazalemaguide.com\/quehacerenlasierras\/wp-json\/wp\/v2\/types\/page"}],"author":[{"embeddable":true,"href":"https:\/\/grazalemaguide.com\/quehacerenlasierras\/wp-json\/wp\/v2\/users\/1"}],"replies":[{"embeddable":true,"href":"https:\/\/grazalemaguide.com\/quehacerenlasierras\/wp-json\/wp\/v2\/comments?post=390"}],"version-history":[{"count":0,"href":"https:\/\/grazalemaguide.com\/quehacerenlasierras\/wp-json\/wp\/v2\/pages\/390\/revisions"}],"wp:featuredmedia":[{"embeddable":true,"href":"https:\/\/grazalemaguide.com\/quehacerenlasierras\/wp-json\/wp\/v2\/media\/393"}],"wp:attachment":[{"href":"https:\/\/grazalemaguide.com\/quehacerenlasierras\/wp-json\/wp\/v2\/media?parent=390"}],"curies":[{"name":"wp","href":"https:\/\/api.w.org\/{rel}","templated":true}]}}