{"id":402,"date":"2020-06-16T09:52:33","date_gmt":"2020-06-16T09:52:33","guid":{"rendered":"http:\/\/grazalemaguide.com\/quehacerenlasierras\/?page_id=402"},"modified":"2020-06-16T10:28:23","modified_gmt":"2020-06-16T10:28:23","slug":"igualeja","status":"publish","type":"page","link":"https:\/\/grazalemaguide.com\/quehacerenlasierras\/igualeja\/","title":{"rendered":"Igualeja"},"content":{"rendered":"\n<div class=\"wp-block-image\"><figure class=\"alignleft size-large is-resized\"><img decoding=\"async\" src=\"https:\/\/grazalemaguide.com\/quehacerenlasierras\/wp-content\/uploads\/sites\/2\/2020\/06\/Escudo-Igualeja.png\" alt=\"Escudo Igualeja\" class=\"wp-image-403\" width=\"250\" srcset=\"https:\/\/grazalemaguide.com\/quehacerenlasierras\/wp-content\/uploads\/sites\/2\/2020\/06\/Escudo-Igualeja.png 320w, https:\/\/grazalemaguide.com\/quehacerenlasierras\/wp-content\/uploads\/sites\/2\/2020\/06\/Escudo-Igualeja-172x300.png 172w\" sizes=\"(max-width: 320px) 100vw, 320px\" \/><figcaption>De Erlenmeyer, CC BY-SA 3.0, https:\/\/commons.wikimedia.org\/w\/index.php?curid=16954721<\/figcaption><\/figure><\/div>\n\n\n\n<p>Igualeja es un municipio de la provincia de M\u00e1laga, Andaluc\u00eda, situado en el oeste de la provincia, en el Valle del Genal, siendo una de la poblaciones que conforman la comarca de la Serran\u00eda de Ronda. <\/p>\n\n\n\n<p>Se asienta a unos 690 metros sobre el nivel del mar en la cabecera del Valle del Genal. Un paraje escarpado, aislado y de gran belleza paisaj\u00edstica por los cultivos de casta\u00f1o. <\/p>\n\n\n\n<p>El pueblo se encuentra a unos 20 km de la ciudad de Ronda, a 8 kil\u00f3metros de Pujerra y a 36 km de la Costa del Sol por la carretera de San Pedro.<\/p>\n\n\n\n<p>Como monumentos destacados est\u00e1n la Iglesia de Santa Rosa de Lima, que ha sido reformada varias veces a lo largo de la historia pero que a\u00fan conserva el campanario proveniente del alminar de la mezquita primitiva, la ermita del Divino Pastor y el nicho de la plaza donde se encuentra el se\u00f1or de la misericordia. <\/p>\n\n\n\n<p>Parajes de singular belleza son el manantial del r\u00edo Genal conocido como &#8220;El Nacimiento&#8221; y la cueva de la Fuensanta y la cueva exc\u00e9ntrica.<\/p>\n\n\n\n<p><a href=\"https:\/\/es.wikipedia.org\/wiki\/Igualeja\" target=\"_blank\" rel=\"noreferrer noopener\">M\u00e1s informaci\u00f3n en Wikipedia<\/a><\/p>\n\n\n\n<h4 class=\"wp-block-heading\">Ayuntamiento<\/h4>\n\n\n\n<p>Web: <a href=\"http:\/\/www.igualeja.es\/\" target=\"_blank\" rel=\"noreferrer noopener\">http:\/\/www.igualeja.es\/<\/a><br>Facebook: <a href=\"https:\/\/www.facebook.com\/ayuntamientodeigualeja.ayuntamientodeigualeja.7\/\" target=\"_blank\" rel=\"noreferrer noopener\">https:\/\/www.facebook.com\/ayuntamientodeigualeja.ayuntamientodeigualeja.7\/<\/a><\/p>\n\n\n\n<hr class=\"wp-block-separator has-text-color has-background has-green-background-color has-green-color\"\/>\n\n\n\n<h4 class=\"wp-block-heading\">Alojamientos en Igualeja y aldrederores<\/h4>\n\n\n<p>[booking_product_helper shortname=&#8221;igualeja&#8221;]<\/p>\n\n\n\n<hr class=\"wp-block-separator has-text-color has-background has-green-background-color has-green-color\"\/>\n\n\n\n<h4 class=\"wp-block-heading\">Fiestas.<\/h4>\n\n\n\n<p>Es tradici\u00f3n en Igualeja que las fiestas sean pagadas por donativos de voluntarios, conocidos como mayordomos, y que sean disfrutadas por todos. La fiesta m\u00e1s importante es la Feria, celebrada a finales de agosto durante la semana del 23, en honor a la patrona Santa Rosa de Lima. <\/p>\n\n\n\n<p>Otras fiestas se celebran el 12 de marzo en honor al patr\u00f3n San Gregorio Magno, el d\u00eda del Corpus, el d\u00eda de la Octava, que es una semana despu\u00e9s del anterior, y el domingo de Resurrecci\u00f3n.<\/p>\n\n\n\n<h4 class=\"wp-block-heading\">Francisco Flores Arrocha &#8211; Bandolero<\/h4>\n\n\n\n<p>Francisco Flores Arrocha nace en Igualeja en 1887. Seg\u00fan cuentan su suegro no quiso venderle una finca de su propiedad, y acaba vendi\u00e9ndosela a su cu\u00f1ado Salvador. <\/p>\n\n\n\n<p>En 1931 Flores Arrocha va a hablar con su cu\u00f1ado Salvador para convencerlo de que le venda la finca que le hab\u00eda comprado a su suegro. Ambos se ensalzan en una discusi\u00f3n que acaba con la muerte de la hija de Salvador de 18 a\u00f1os. <\/p>\n\n\n\n<p>Desde ese momento Flores Arrocha huye a la sierra y es perseguido por la Guardia Civil. En 1932 Flores Arrocha vuelve a la finca y acaba matando a Salvador, a su esposa y los hijos de ambos, sobreviendo solo una hija que ten\u00eda meses, aunque result\u00f3 herida. <\/p>\n\n\n\n<p>Flores Arrocha tras estos hechos, vuelve a la sierra, y en diciembre de 1934 la Guardia Civil logra dar con su paradero y van en su b\u00fasqueda, tras un duro enfrentamiento, ofreciendo gran resistencia y sin querer rendirse, y tras la muerte de varios guardia civiles, estos logran cercarle y darle muerte.<\/p>\n\n\n\n<hr class=\"wp-block-separator has-text-color has-background has-green-background-color has-green-color\"\/>\n\n\n\n<p>\u00bfQu\u00e9 hacer en las Sierras, Serran\u00edas y sus pueblos?<\/p>\n\n\n\n<p>Ferias, fiestas, recreaciones hist\u00f3ricas, rutas de tapas, teatro, rally, deportes, gu\u00edas y actividades<\/p>\n\n\n\n<p><a href=\"https:\/\/grazalemaguide.com\/quehacerenlasierras\/\">Ver el Calendario de Eventos aqui.<\/a><\/p>\n","protected":false},"excerpt":{"rendered":"<p>Igualeja es un municipio de la provincia de M\u00e1laga, Andaluc\u00eda, situado en el oeste de la provincia, en el Valle del Genal, siendo una de la poblaciones que conforman la comarca de la Serran\u00eda de Ronda. Se asienta a unos 690 metros sobre el nivel del mar en la cabecera del Valle del Genal. Un &hellip; <a href=\"https:\/\/grazalemaguide.com\/quehacerenlasierras\/igualeja\/\" class=\"more-link\">Continue reading <span class=\"screen-reader-text\">Igualeja<\/span> <span class=\"meta-nav\">&rarr;<\/span><\/a><\/p>\n","protected":false},"author":1,"featured_media":404,"parent":0,"menu_order":0,"comment_status":"open","ping_status":"closed","template":"","meta":{"footnotes":""},"class_list":["post-402","page","type-page","status-publish","has-post-thumbnail","hentry"],"yoast_head":"<!-- This site is optimized with the Yoast SEO plugin v27.4 - https:\/\/yoast.com\/product\/yoast-seo-wordpress\/ -->\n<title>Igualeja - Calendario de eventos en las sierras, serran\u00edas y sus pueblos<\/title>\n<meta name=\"description\" content=\"Igualeja es un municipio de la provincia de M\u00e1laga, Andaluc\u00eda, situado en el oeste de la provincia, en el Valle del Genal,\" \/>\n<meta name=\"robots\" content=\"index, follow, max-snippet:-1, max-image-preview:large, max-video-preview:-1\" \/>\n<link rel=\"canonical\" href=\"https:\/\/grazalemaguide.com\/quehacerenlasierras\/igualeja\/\" \/>\n<meta property=\"og:locale\" content=\"en_US\" \/>\n<meta property=\"og:type\" content=\"article\" \/>\n<meta property=\"og:title\" content=\"Igualeja - Calendario de eventos en las sierras, serran\u00edas y sus pueblos\" \/>\n<meta property=\"og:description\" content=\"Igualeja es un municipio de la provincia de M\u00e1laga, Andaluc\u00eda, situado en el oeste de la provincia, en el Valle del Genal,\" \/>\n<meta property=\"og:url\" content=\"https:\/\/grazalemaguide.com\/quehacerenlasierras\/igualeja\/\" \/>\n<meta property=\"og:site_name\" content=\"Calendario de eventos en las sierras, serran\u00edas y sus pueblos\" \/>\n<meta property=\"article:publisher\" content=\"https:\/\/www.facebook.com\/wildsideholidays\/\" \/>\n<meta property=\"article:modified_time\" content=\"2020-06-16T10:28:23+00:00\" \/>\n<meta property=\"og:image\" content=\"https:\/\/grazalemaguide.com\/quehacerenlasierras\/wp-content\/uploads\/sites\/2\/2020\/06\/Igualeja.jpg\" \/>\n\t<meta property=\"og:image:width\" content=\"1024\" \/>\n\t<meta property=\"og:image:height\" content=\"768\" \/>\n\t<meta property=\"og:image:type\" content=\"image\/jpeg\" \/>\n<meta name=\"twitter:card\" content=\"summary_large_image\" \/>\n<meta name=\"twitter:site\" content=\"@GrazalemaGuide\" \/>\n<meta name=\"twitter:label1\" content=\"Est. reading time\" \/>\n\t<meta name=\"twitter:data1\" content=\"3 minutes\" \/>\n<script type=\"application\/ld+json\" class=\"yoast-schema-graph\">{\"@context\":\"https:\\\/\\\/schema.org\",\"@graph\":[{\"@type\":\"WebPage\",\"@id\":\"https:\\\/\\\/grazalemaguide.com\\\/quehacerenlasierras\\\/igualeja\\\/\",\"url\":\"https:\\\/\\\/grazalemaguide.com\\\/quehacerenlasierras\\\/igualeja\\\/\",\"name\":\"Igualeja - Calendario de eventos en las sierras, serran\u00edas y sus pueblos\",\"isPartOf\":{\"@id\":\"https:\\\/\\\/grazalemaguide.com\\\/quehacerenlasierras\\\/#website\"},\"primaryImageOfPage\":{\"@id\":\"https:\\\/\\\/grazalemaguide.com\\\/quehacerenlasierras\\\/igualeja\\\/#primaryimage\"},\"image\":{\"@id\":\"https:\\\/\\\/grazalemaguide.com\\\/quehacerenlasierras\\\/igualeja\\\/#primaryimage\"},\"thumbnailUrl\":\"https:\\\/\\\/grazalemaguide.com\\\/quehacerenlasierras\\\/wp-content\\\/uploads\\\/sites\\\/2\\\/2020\\\/06\\\/Igualeja.jpg\",\"datePublished\":\"2020-06-16T09:52:33+00:00\",\"dateModified\":\"2020-06-16T10:28:23+00:00\",\"description\":\"Igualeja es un municipio de la provincia de M\u00e1laga, Andaluc\u00eda, situado en el oeste de la provincia, en el Valle del Genal,\",\"breadcrumb\":{\"@id\":\"https:\\\/\\\/grazalemaguide.com\\\/quehacerenlasierras\\\/igualeja\\\/#breadcrumb\"},\"inLanguage\":\"en-US\",\"potentialAction\":[{\"@type\":\"ReadAction\",\"target\":[\"https:\\\/\\\/grazalemaguide.com\\\/quehacerenlasierras\\\/igualeja\\\/\"]}]},{\"@type\":\"ImageObject\",\"inLanguage\":\"en-US\",\"@id\":\"https:\\\/\\\/grazalemaguide.com\\\/quehacerenlasierras\\\/igualeja\\\/#primaryimage\",\"url\":\"https:\\\/\\\/grazalemaguide.com\\\/quehacerenlasierras\\\/wp-content\\\/uploads\\\/sites\\\/2\\\/2020\\\/06\\\/Igualeja.jpg\",\"contentUrl\":\"https:\\\/\\\/grazalemaguide.com\\\/quehacerenlasierras\\\/wp-content\\\/uploads\\\/sites\\\/2\\\/2020\\\/06\\\/Igualeja.jpg\",\"width\":1024,\"height\":768,\"caption\":\"Igualeja es un municipio de la provincia de M\u00e1laga, Andaluc\u00eda, situado en el oeste de la provincia, en el Valle del Genal\"},{\"@type\":\"BreadcrumbList\",\"@id\":\"https:\\\/\\\/grazalemaguide.com\\\/quehacerenlasierras\\\/igualeja\\\/#breadcrumb\",\"itemListElement\":[{\"@type\":\"ListItem\",\"position\":1,\"name\":\"Home\",\"item\":\"https:\\\/\\\/grazalemaguide.com\\\/quehacerenlasierras\\\/\"},{\"@type\":\"ListItem\",\"position\":2,\"name\":\"Igualeja\"}]},{\"@type\":\"WebSite\",\"@id\":\"https:\\\/\\\/grazalemaguide.com\\\/quehacerenlasierras\\\/#website\",\"url\":\"https:\\\/\\\/grazalemaguide.com\\\/quehacerenlasierras\\\/\",\"name\":\"Calendario de eventos en las sierras, serran\u00edas y sus pueblos\",\"description\":\"\u00bfQu\u00e9 hacer en las Sierras, Serran\u00edas y sus pueblos? Ferias, fiestas, recreaciones hist\u00f3ricas, rutas de tapas, teatro, rally, deportes, gu\u00edas y actividades\",\"publisher\":{\"@id\":\"https:\\\/\\\/grazalemaguide.com\\\/quehacerenlasierras\\\/#\\\/schema\\\/person\\\/f24688c26be666f9001ed7cb3d7d2e3a\"},\"potentialAction\":[{\"@type\":\"SearchAction\",\"target\":{\"@type\":\"EntryPoint\",\"urlTemplate\":\"https:\\\/\\\/grazalemaguide.com\\\/quehacerenlasierras\\\/?s={search_term_string}\"},\"query-input\":{\"@type\":\"PropertyValueSpecification\",\"valueRequired\":true,\"valueName\":\"search_term_string\"}}],\"inLanguage\":\"en-US\"},{\"@type\":[\"Person\",\"Organization\"],\"@id\":\"https:\\\/\\\/grazalemaguide.com\\\/quehacerenlasierras\\\/#\\\/schema\\\/person\\\/f24688c26be666f9001ed7cb3d7d2e3a\",\"name\":\"Clive Muir\",\"image\":{\"@type\":\"ImageObject\",\"inLanguage\":\"en-US\",\"@id\":\"https:\\\/\\\/secure.gravatar.com\\\/avatar\\\/0cd1ec277564b2e62b29d49d1c588efa39fbdeed25940f60cb667d96e5c29e1e?s=96&d=mm&r=g\",\"url\":\"https:\\\/\\\/secure.gravatar.com\\\/avatar\\\/0cd1ec277564b2e62b29d49d1c588efa39fbdeed25940f60cb667d96e5c29e1e?s=96&d=mm&r=g\",\"contentUrl\":\"https:\\\/\\\/secure.gravatar.com\\\/avatar\\\/0cd1ec277564b2e62b29d49d1c588efa39fbdeed25940f60cb667d96e5c29e1e?s=96&d=mm&r=g\",\"caption\":\"Clive Muir\"},\"logo\":{\"@id\":\"https:\\\/\\\/secure.gravatar.com\\\/avatar\\\/0cd1ec277564b2e62b29d49d1c588efa39fbdeed25940f60cb667d96e5c29e1e?s=96&d=mm&r=g\"},\"description\":\"I\u2019ve been living in this lovely area of Western Andalucia for the last 20 years or so and dedicate most of my time to the running of English language tourist information websites for the towns of C\u00e1diz, Ronda, Grazalema, the famous or infamous Caminito del Rey, and also Wildside Holidays, which promotes sustainable and eco-friendly businesses running wildlife and walking holidays in Spain. My articles contain affiliate links that will help you reserve a hotel, bus, train or activity in the area. You don't pay more, but by using them you do support this website. Thankyou!\",\"sameAs\":[\"https:\\\/\\\/grazalemaguide.com\\\/\",\"https:\\\/\\\/www.facebook.com\\\/wildsideholidays\\\/\",\"https:\\\/\\\/www.linkedin.com\\\/in\\\/wildsideholidays\\\/\",\"https:\\\/\\\/x.com\\\/https:\\\/\\\/twitter.com\\\/GrazalemaGuide\",\"https:\\\/\\\/www.youtube.com\\\/channel\\\/UC6VDf8hywG6O6F1wgMtfMDw\"]}]}<\/script>\n<!-- \/ Yoast SEO plugin. -->","yoast_head_json":{"title":"Igualeja - Calendario de eventos en las sierras, serran\u00edas y sus pueblos","description":"Igualeja es un municipio de la provincia de M\u00e1laga, Andaluc\u00eda, situado en el oeste de la provincia, en el Valle del Genal,","robots":{"index":"index","follow":"follow","max-snippet":"max-snippet:-1","max-image-preview":"max-image-preview:large","max-video-preview":"max-video-preview:-1"},"canonical":"https:\/\/grazalemaguide.com\/quehacerenlasierras\/igualeja\/","og_locale":"en_US","og_type":"article","og_title":"Igualeja - Calendario de eventos en las sierras, serran\u00edas y sus pueblos","og_description":"Igualeja es un municipio de la provincia de M\u00e1laga, Andaluc\u00eda, situado en el oeste de la provincia, en el Valle del Genal,","og_url":"https:\/\/grazalemaguide.com\/quehacerenlasierras\/igualeja\/","og_site_name":"Calendario de eventos en las sierras, serran\u00edas y sus pueblos","article_publisher":"https:\/\/www.facebook.com\/wildsideholidays\/","article_modified_time":"2020-06-16T10:28:23+00:00","og_image":[{"width":1024,"height":768,"url":"https:\/\/grazalemaguide.com\/quehacerenlasierras\/wp-content\/uploads\/sites\/2\/2020\/06\/Igualeja.jpg","type":"image\/jpeg"}],"twitter_card":"summary_large_image","twitter_site":"@GrazalemaGuide","twitter_misc":{"Est. reading time":"3 minutes"},"schema":{"@context":"https:\/\/schema.org","@graph":[{"@type":"WebPage","@id":"https:\/\/grazalemaguide.com\/quehacerenlasierras\/igualeja\/","url":"https:\/\/grazalemaguide.com\/quehacerenlasierras\/igualeja\/","name":"Igualeja - Calendario de eventos en las sierras, serran\u00edas y sus pueblos","isPartOf":{"@id":"https:\/\/grazalemaguide.com\/quehacerenlasierras\/#website"},"primaryImageOfPage":{"@id":"https:\/\/grazalemaguide.com\/quehacerenlasierras\/igualeja\/#primaryimage"},"image":{"@id":"https:\/\/grazalemaguide.com\/quehacerenlasierras\/igualeja\/#primaryimage"},"thumbnailUrl":"https:\/\/grazalemaguide.com\/quehacerenlasierras\/wp-content\/uploads\/sites\/2\/2020\/06\/Igualeja.jpg","datePublished":"2020-06-16T09:52:33+00:00","dateModified":"2020-06-16T10:28:23+00:00","description":"Igualeja es un municipio de la provincia de M\u00e1laga, Andaluc\u00eda, situado en el oeste de la provincia, en el Valle del Genal,","breadcrumb":{"@id":"https:\/\/grazalemaguide.com\/quehacerenlasierras\/igualeja\/#breadcrumb"},"inLanguage":"en-US","potentialAction":[{"@type":"ReadAction","target":["https:\/\/grazalemaguide.com\/quehacerenlasierras\/igualeja\/"]}]},{"@type":"ImageObject","inLanguage":"en-US","@id":"https:\/\/grazalemaguide.com\/quehacerenlasierras\/igualeja\/#primaryimage","url":"https:\/\/grazalemaguide.com\/quehacerenlasierras\/wp-content\/uploads\/sites\/2\/2020\/06\/Igualeja.jpg","contentUrl":"https:\/\/grazalemaguide.com\/quehacerenlasierras\/wp-content\/uploads\/sites\/2\/2020\/06\/Igualeja.jpg","width":1024,"height":768,"caption":"Igualeja es un municipio de la provincia de M\u00e1laga, Andaluc\u00eda, situado en el oeste de la provincia, en el Valle del Genal"},{"@type":"BreadcrumbList","@id":"https:\/\/grazalemaguide.com\/quehacerenlasierras\/igualeja\/#breadcrumb","itemListElement":[{"@type":"ListItem","position":1,"name":"Home","item":"https:\/\/grazalemaguide.com\/quehacerenlasierras\/"},{"@type":"ListItem","position":2,"name":"Igualeja"}]},{"@type":"WebSite","@id":"https:\/\/grazalemaguide.com\/quehacerenlasierras\/#website","url":"https:\/\/grazalemaguide.com\/quehacerenlasierras\/","name":"Calendario de eventos en las sierras, serran\u00edas y sus pueblos","description":"\u00bfQu\u00e9 hacer en las Sierras, Serran\u00edas y sus pueblos? Ferias, fiestas, recreaciones hist\u00f3ricas, rutas de tapas, teatro, rally, deportes, gu\u00edas y actividades","publisher":{"@id":"https:\/\/grazalemaguide.com\/quehacerenlasierras\/#\/schema\/person\/f24688c26be666f9001ed7cb3d7d2e3a"},"potentialAction":[{"@type":"SearchAction","target":{"@type":"EntryPoint","urlTemplate":"https:\/\/grazalemaguide.com\/quehacerenlasierras\/?s={search_term_string}"},"query-input":{"@type":"PropertyValueSpecification","valueRequired":true,"valueName":"search_term_string"}}],"inLanguage":"en-US"},{"@type":["Person","Organization"],"@id":"https:\/\/grazalemaguide.com\/quehacerenlasierras\/#\/schema\/person\/f24688c26be666f9001ed7cb3d7d2e3a","name":"Clive Muir","image":{"@type":"ImageObject","inLanguage":"en-US","@id":"https:\/\/secure.gravatar.com\/avatar\/0cd1ec277564b2e62b29d49d1c588efa39fbdeed25940f60cb667d96e5c29e1e?s=96&d=mm&r=g","url":"https:\/\/secure.gravatar.com\/avatar\/0cd1ec277564b2e62b29d49d1c588efa39fbdeed25940f60cb667d96e5c29e1e?s=96&d=mm&r=g","contentUrl":"https:\/\/secure.gravatar.com\/avatar\/0cd1ec277564b2e62b29d49d1c588efa39fbdeed25940f60cb667d96e5c29e1e?s=96&d=mm&r=g","caption":"Clive Muir"},"logo":{"@id":"https:\/\/secure.gravatar.com\/avatar\/0cd1ec277564b2e62b29d49d1c588efa39fbdeed25940f60cb667d96e5c29e1e?s=96&d=mm&r=g"},"description":"I\u2019ve been living in this lovely area of Western Andalucia for the last 20 years or so and dedicate most of my time to the running of English language tourist information websites for the towns of C\u00e1diz, Ronda, Grazalema, the famous or infamous Caminito del Rey, and also Wildside Holidays, which promotes sustainable and eco-friendly businesses running wildlife and walking holidays in Spain. My articles contain affiliate links that will help you reserve a hotel, bus, train or activity in the area. You don't pay more, but by using them you do support this website. Thankyou!","sameAs":["https:\/\/grazalemaguide.com\/","https:\/\/www.facebook.com\/wildsideholidays\/","https:\/\/www.linkedin.com\/in\/wildsideholidays\/","https:\/\/x.com\/https:\/\/twitter.com\/GrazalemaGuide","https:\/\/www.youtube.com\/channel\/UC6VDf8hywG6O6F1wgMtfMDw"]}]}},"_links":{"self":[{"href":"https:\/\/grazalemaguide.com\/quehacerenlasierras\/wp-json\/wp\/v2\/pages\/402","targetHints":{"allow":["GET"]}}],"collection":[{"href":"https:\/\/grazalemaguide.com\/quehacerenlasierras\/wp-json\/wp\/v2\/pages"}],"about":[{"href":"https:\/\/grazalemaguide.com\/quehacerenlasierras\/wp-json\/wp\/v2\/types\/page"}],"author":[{"embeddable":true,"href":"https:\/\/grazalemaguide.com\/quehacerenlasierras\/wp-json\/wp\/v2\/users\/1"}],"replies":[{"embeddable":true,"href":"https:\/\/grazalemaguide.com\/quehacerenlasierras\/wp-json\/wp\/v2\/comments?post=402"}],"version-history":[{"count":0,"href":"https:\/\/grazalemaguide.com\/quehacerenlasierras\/wp-json\/wp\/v2\/pages\/402\/revisions"}],"wp:featuredmedia":[{"embeddable":true,"href":"https:\/\/grazalemaguide.com\/quehacerenlasierras\/wp-json\/wp\/v2\/media\/404"}],"wp:attachment":[{"href":"https:\/\/grazalemaguide.com\/quehacerenlasierras\/wp-json\/wp\/v2\/media?parent=402"}],"curies":[{"name":"wp","href":"https:\/\/api.w.org\/{rel}","templated":true}]}}