{"id":418,"date":"2020-06-16T15:10:37","date_gmt":"2020-06-16T15:10:37","guid":{"rendered":"http:\/\/grazalemaguide.com\/quehacerenlasierras\/?page_id=418"},"modified":"2020-09-24T10:17:34","modified_gmt":"2020-09-24T08:17:34","slug":"jubrique","status":"publish","type":"page","link":"https:\/\/grazalemaguide.com\/quehacerenlasierras\/jubrique\/","title":{"rendered":"Jubrique"},"content":{"rendered":"\n<p>Jubrique es un municipio de la provincia de M\u00e1laga, Andaluc\u00eda, situado en el oeste de la provincia en el Valle del Genal, siendo una de las poblaciones que conforman la comarca de la Serran\u00eda de Ronda. Se encuentra a 559 metros de altura, y a 38 km de Ronda, la capital de la comarca.<\/p>\n\n\n\n<h4 class=\"wp-block-heading\">Ayuntamiento<\/h4>\n\n\n\n<p>Web: <a rel=\"noreferrer noopener\" href=\"http:\/\/www.jubrique.es\/\" target=\"_blank\">http:\/\/www.jubrique.es\/<\/a><br>Facebook: <a rel=\"noreferrer noopener\" href=\"https:\/\/www.facebook.com\/ayuntamientodejubrique\/\" target=\"_blank\">https:\/\/www.facebook.com\/ayuntamientodejubrique\/<\/a><\/p>\n\n\n\n<hr class=\"wp-block-separator has-text-color has-background has-green-background-color has-green-color\"\/>\n\n\n<p>[booking_product_helper shortname=&#8221;jubrique&#8221;]<\/p>\n\n\n\n<hr class=\"wp-block-separator has-text-color has-background has-green-background-color has-green-color\"\/>\n\n\n\n<figure class=\"wp-block-embed-youtube wp-block-embed is-type-video is-provider-youtube wp-embed-aspect-16-9 wp-has-aspect-ratio\"><div class=\"wp-block-embed__wrapper\">\n<iframe loading=\"lazy\" title=\"PROMO CENTRO INTERPRETACI\u00d3N TUR\u00cdSTICA JUBRIQUE\" width=\"474\" height=\"267\" src=\"https:\/\/www.youtube.com\/embed\/BM-oFe1o4P4?feature=oembed\" frameborder=\"0\" allow=\"accelerometer; autoplay; clipboard-write; encrypted-media; gyroscope; picture-in-picture; web-share\" referrerpolicy=\"strict-origin-when-cross-origin\" allowfullscreen><\/iframe>\n<\/div><figcaption>PROMO CENTRO INTERPRETACI\u00d3N TUR\u00cdSTICA JUBRIQUE<\/figcaption><\/figure>\n\n\n\n<hr class=\"wp-block-separator has-text-color has-background has-green-background-color has-green-color\"\/>\n\n\n\n<h4 class=\"wp-block-heading\">Un paseo por Jubrique.<\/h4>\n\n\n\n<p>Saliendo por la calle Algatoc\u00edn, en direcci\u00f3n oeste por la carretera que nos conduce a la vecina poblaci\u00f3n de mismo nombre, como a un kil\u00f3metro se bifurca a nuestra derecha un carril asfaltado por el que comenzaremos a ascender durante unos 500 metros. Al coronar estaremos situados en el lugar conocido como la &#8220;ermita de la Santa Cruz del Chorrillo&#8221;, en honor a la Virgen de F\u00e1tima. Este lugar es una de las m\u00e1s destacadas celebraciones de este pueblo, dicha imagen es llevada en procesi\u00f3n, en el mes de Mayo, hasta dicho recinto, comenzando as\u00ed su romer\u00eda.<\/p>\n\n\n\n<h6 class=\"wp-block-heading\">Olivo y los chaparrros<\/h6>\n\n\n\n<p>Siguiendo el carril de la derecha continuamos camino en direcci\u00f3n al pueblo, la vegetaci\u00f3n predominante es el olivo y los chaparrros. Justo antes de entrar en el mismo el camino se bifurca, tomaremos el camino que sigue ascendiendo, pronto aparecer\u00e1n ante nuestros ojos una fuente que los lugare\u00f1os denominan &#8220;Fuente Armona&#8221;, antiguamente aqui estaba situado el dep\u00f3sito del agua que abastec\u00eda a toda poblaci\u00f3n.<\/p>\n\n\n\n<h6 class=\"wp-block-heading\">Continuaremos!<\/h6>\n\n\n\n<p>Continuaremos el camino, siempre en l\u00ednea recta, cuando este comience a descender estaremos frente a la ermita denominada &#8220;La Llanada&#8221;, tambi\u00e9n dedicada a la Santa Cruz, la reconoceremos porque justo a su lado existe otra fuente.<\/p>\n\n\n\n<p>Seguiremos el descenso, bastante pronunciado, popularmente esta cuesta se denomina &#8220;La Angarilla&#8221;, y llegaremos hasta la carretera que une Jubrique con la poblaci\u00f3n de Estepona, recorreremos esta carretera unos 700 metros hasta llegar a la denominada &#8220;Ermita del Casta\u00f1uelo&#8221;, esta ermita es en honor de la Santa Cruz.<\/p>\n\n\n\n<h6 class=\"wp-block-heading\">El R\u00edo Lavar<\/h6>\n\n\n\n<p>Fuente R\u00edo L\u00e1var \/ El regreso a Jubrique lo haremos por una vereda que parte de la izquierda de la carretera a unos 30 metros de la ermita en direcci\u00f3n a Jubrique. Este camino desciende vertiginosamente hasta otro punto muy t\u00edpico del lugar denominado &#8220;R\u00edo Lavar&#8221;, era el antiguo lavadero p\u00fablico, hoy s\u00f3lo queda la fuente. Tambi\u00e9n a all\u00ed se dirig\u00edan las mujeres a recoger el agua que era necesaria para la vida cotidiana, hasta hoy incluso puede verse a algunas lugare\u00f1as con sus c\u00e1ntaras para recoger agua.<\/p>\n\n\n\n<p>Siguiendo el camino comenzaremos una ascensi\u00f3n muy suave que nos conducir\u00e1 de nuevo cerca de la cuesta &#8220;La Angarilla&#8221;, esta vez no ascenderemos por ella, sino que iremos por la calle que queda justo enfrente denominada &#8220;calle La Cruz&#8221;, siguiendola llegaremos a la Plaza de Andaluc\u00eda, donde se encuentra el monumento m\u00e1s caracter\u00edstico de Jubrique, la Iglesia Parroquial en honor de San Francisco de As\u00eds, asentada sobre una antigua mezquita \u00c1rabe, desde el siglo XVI hasta nuestros d\u00edas ha sufrido varias remodelaciones convirti\u00e9ndose en una iglesia de cruz latina, con un crucero de b\u00f3veda aristas.<\/p>\n\n\n\n<p>Continuamos nuestro recorrido, ascendiendo por unas de las calles m\u00e1s t\u00edpicas del pueblo, calle Altillo, calle \u00c1nimas hasta entroncar con la calle Pradete, a lo largo de estas calles podremos apreciar varias algorfas y adarves como muestra de la tradicional arquitectura \u00c1rabe de este pueblo.<\/p>\n\n\n\n<h4 class=\"wp-block-heading\">Fiestas.<\/h4>\n\n\n\n<ul class=\"wp-block-list\"><li>Primer fin de semana de mayo, Fiesta de las M\u00e1scaras.2\u200b<\/li><li>\u00daltimo fin de semana de mayo, Romer\u00eda en la ermita del Chorrillo.<\/li><li>24 de junio, Romer\u00eda de San Juan.<\/li><li>A principios de agosto se celebra una verbena en la plaza de la iglesia.<\/li><li>Primera semana de mayo, semana cultural.<\/li><li>4 al 8 de octubre, Fiestas patronales en honor a San Francisco de As\u00eds.<\/li><li>\u00daltimo s\u00e1bado del a\u00f1o, entre Navidad y fin de a\u00f1o, Concurso del Aguardiente en la Plaza de la Iglesia.<\/li><\/ul>\n\n\n\n<hr class=\"wp-block-separator has-text-color has-background has-green-background-color has-green-color\"\/>\n\n\n\n<p>\u00bfQu\u00e9 hacer en las Sierras, Serran\u00edas y sus pueblos?<\/p>\n\n\n\n<p>Ferias, fiestas, recreaciones hist\u00f3ricas, rutas de tapas, teatro, rally, deportes, gu\u00edas y actividades<\/p>\n\n\n\n<p><a href=\"https:\/\/grazalemaguide.com\/quehacerenlasierras\/\">Ver el Calendario de Eventos aqui.<\/a><\/p>\n","protected":false},"excerpt":{"rendered":"<p>Jubrique es un municipio de la provincia de M\u00e1laga, Andaluc\u00eda, situado en el oeste de la provincia en el Valle del Genal, siendo una de las poblaciones que conforman la comarca de la Serran\u00eda de Ronda. Se encuentra a 559 metros de altura, y a 38 km de Ronda, la capital de la comarca. Ayuntamiento &hellip; <a href=\"https:\/\/grazalemaguide.com\/quehacerenlasierras\/jubrique\/\" class=\"more-link\">Continue reading <span class=\"screen-reader-text\">Jubrique<\/span> <span class=\"meta-nav\">&rarr;<\/span><\/a><\/p>\n","protected":false},"author":1,"featured_media":419,"parent":0,"menu_order":0,"comment_status":"open","ping_status":"closed","template":"","meta":{"footnotes":""},"class_list":["post-418","page","type-page","status-publish","has-post-thumbnail","hentry"],"yoast_head":"<!-- This site is optimized with the Yoast SEO plugin v27.3 - https:\/\/yoast.com\/product\/yoast-seo-wordpress\/ -->\n<title>Jubrique - Calendario de eventos en las sierras, serran\u00edas y sus pueblos<\/title>\n<meta name=\"description\" content=\"Jubrique es un municipio de la provincia de M\u00e1laga, Andaluc\u00eda, situado en el oeste de la provincia en el Valle del Genal.\" \/>\n<meta name=\"robots\" content=\"index, follow, max-snippet:-1, max-image-preview:large, max-video-preview:-1\" \/>\n<link rel=\"canonical\" href=\"https:\/\/grazalemaguide.com\/quehacerenlasierras\/jubrique\/\" \/>\n<meta property=\"og:locale\" content=\"en_US\" \/>\n<meta property=\"og:type\" content=\"article\" \/>\n<meta property=\"og:title\" content=\"Jubrique - Calendario de eventos en las sierras, serran\u00edas y sus pueblos\" \/>\n<meta property=\"og:description\" content=\"Jubrique es un municipio de la provincia de M\u00e1laga, Andaluc\u00eda, situado en el oeste de la provincia en el Valle del Genal.\" \/>\n<meta property=\"og:url\" content=\"https:\/\/grazalemaguide.com\/quehacerenlasierras\/jubrique\/\" \/>\n<meta property=\"og:site_name\" content=\"Calendario de eventos en las sierras, serran\u00edas y sus pueblos\" \/>\n<meta property=\"article:publisher\" content=\"https:\/\/www.facebook.com\/wildsideholidays\/\" \/>\n<meta property=\"article:modified_time\" content=\"2020-09-24T08:17:34+00:00\" \/>\n<meta property=\"og:image\" content=\"https:\/\/grazalemaguide.com\/quehacerenlasierras\/wp-content\/uploads\/sites\/2\/2020\/06\/Jubrique.jpg\" \/>\n\t<meta property=\"og:image:width\" content=\"1024\" \/>\n\t<meta property=\"og:image:height\" content=\"567\" \/>\n\t<meta property=\"og:image:type\" content=\"image\/jpeg\" \/>\n<meta name=\"twitter:card\" content=\"summary_large_image\" \/>\n<meta name=\"twitter:site\" content=\"@GrazalemaGuide\" \/>\n<meta name=\"twitter:label1\" content=\"Est. reading time\" \/>\n\t<meta name=\"twitter:data1\" content=\"4 minutes\" \/>\n<script type=\"application\/ld+json\" class=\"yoast-schema-graph\">{\"@context\":\"https:\\\/\\\/schema.org\",\"@graph\":[{\"@type\":\"WebPage\",\"@id\":\"https:\\\/\\\/grazalemaguide.com\\\/quehacerenlasierras\\\/jubrique\\\/\",\"url\":\"https:\\\/\\\/grazalemaguide.com\\\/quehacerenlasierras\\\/jubrique\\\/\",\"name\":\"Jubrique - Calendario de eventos en las sierras, serran\u00edas y sus pueblos\",\"isPartOf\":{\"@id\":\"https:\\\/\\\/grazalemaguide.com\\\/quehacerenlasierras\\\/#website\"},\"primaryImageOfPage\":{\"@id\":\"https:\\\/\\\/grazalemaguide.com\\\/quehacerenlasierras\\\/jubrique\\\/#primaryimage\"},\"image\":{\"@id\":\"https:\\\/\\\/grazalemaguide.com\\\/quehacerenlasierras\\\/jubrique\\\/#primaryimage\"},\"thumbnailUrl\":\"https:\\\/\\\/grazalemaguide.com\\\/quehacerenlasierras\\\/wp-content\\\/uploads\\\/sites\\\/2\\\/2020\\\/06\\\/Jubrique.jpg\",\"datePublished\":\"2020-06-16T15:10:37+00:00\",\"dateModified\":\"2020-09-24T08:17:34+00:00\",\"description\":\"Jubrique es un municipio de la provincia de M\u00e1laga, Andaluc\u00eda, situado en el oeste de la provincia en el Valle del Genal.\",\"breadcrumb\":{\"@id\":\"https:\\\/\\\/grazalemaguide.com\\\/quehacerenlasierras\\\/jubrique\\\/#breadcrumb\"},\"inLanguage\":\"en-US\",\"potentialAction\":[{\"@type\":\"ReadAction\",\"target\":[\"https:\\\/\\\/grazalemaguide.com\\\/quehacerenlasierras\\\/jubrique\\\/\"]}]},{\"@type\":\"ImageObject\",\"inLanguage\":\"en-US\",\"@id\":\"https:\\\/\\\/grazalemaguide.com\\\/quehacerenlasierras\\\/jubrique\\\/#primaryimage\",\"url\":\"https:\\\/\\\/grazalemaguide.com\\\/quehacerenlasierras\\\/wp-content\\\/uploads\\\/sites\\\/2\\\/2020\\\/06\\\/Jubrique.jpg\",\"contentUrl\":\"https:\\\/\\\/grazalemaguide.com\\\/quehacerenlasierras\\\/wp-content\\\/uploads\\\/sites\\\/2\\\/2020\\\/06\\\/Jubrique.jpg\",\"width\":1024,\"height\":567,\"caption\":\"Jubrique es un municipio de la provincia de M\u00e1laga, Andaluc\u00eda\"},{\"@type\":\"BreadcrumbList\",\"@id\":\"https:\\\/\\\/grazalemaguide.com\\\/quehacerenlasierras\\\/jubrique\\\/#breadcrumb\",\"itemListElement\":[{\"@type\":\"ListItem\",\"position\":1,\"name\":\"Home\",\"item\":\"https:\\\/\\\/grazalemaguide.com\\\/quehacerenlasierras\\\/\"},{\"@type\":\"ListItem\",\"position\":2,\"name\":\"Jubrique\"}]},{\"@type\":\"WebSite\",\"@id\":\"https:\\\/\\\/grazalemaguide.com\\\/quehacerenlasierras\\\/#website\",\"url\":\"https:\\\/\\\/grazalemaguide.com\\\/quehacerenlasierras\\\/\",\"name\":\"Calendario de eventos en las sierras, serran\u00edas y sus pueblos\",\"description\":\"\u00bfQu\u00e9 hacer en las Sierras, Serran\u00edas y sus pueblos? Ferias, fiestas, recreaciones hist\u00f3ricas, rutas de tapas, teatro, rally, deportes, gu\u00edas y actividades\",\"publisher\":{\"@id\":\"https:\\\/\\\/grazalemaguide.com\\\/quehacerenlasierras\\\/#\\\/schema\\\/person\\\/f24688c26be666f9001ed7cb3d7d2e3a\"},\"potentialAction\":[{\"@type\":\"SearchAction\",\"target\":{\"@type\":\"EntryPoint\",\"urlTemplate\":\"https:\\\/\\\/grazalemaguide.com\\\/quehacerenlasierras\\\/?s={search_term_string}\"},\"query-input\":{\"@type\":\"PropertyValueSpecification\",\"valueRequired\":true,\"valueName\":\"search_term_string\"}}],\"inLanguage\":\"en-US\"},{\"@type\":[\"Person\",\"Organization\"],\"@id\":\"https:\\\/\\\/grazalemaguide.com\\\/quehacerenlasierras\\\/#\\\/schema\\\/person\\\/f24688c26be666f9001ed7cb3d7d2e3a\",\"name\":\"Clive Muir\",\"image\":{\"@type\":\"ImageObject\",\"inLanguage\":\"en-US\",\"@id\":\"https:\\\/\\\/secure.gravatar.com\\\/avatar\\\/0cd1ec277564b2e62b29d49d1c588efa39fbdeed25940f60cb667d96e5c29e1e?s=96&d=mm&r=g\",\"url\":\"https:\\\/\\\/secure.gravatar.com\\\/avatar\\\/0cd1ec277564b2e62b29d49d1c588efa39fbdeed25940f60cb667d96e5c29e1e?s=96&d=mm&r=g\",\"contentUrl\":\"https:\\\/\\\/secure.gravatar.com\\\/avatar\\\/0cd1ec277564b2e62b29d49d1c588efa39fbdeed25940f60cb667d96e5c29e1e?s=96&d=mm&r=g\",\"caption\":\"Clive Muir\"},\"logo\":{\"@id\":\"https:\\\/\\\/secure.gravatar.com\\\/avatar\\\/0cd1ec277564b2e62b29d49d1c588efa39fbdeed25940f60cb667d96e5c29e1e?s=96&d=mm&r=g\"},\"description\":\"I\u2019ve been living in this lovely area of Western Andalucia for the last 20 years or so and dedicate most of my time to the running of English language tourist information websites for the towns of C\u00e1diz, Ronda, Grazalema, the famous or infamous Caminito del Rey, and also Wildside Holidays, which promotes sustainable and eco-friendly businesses running wildlife and walking holidays in Spain. My articles contain affiliate links that will help you reserve a hotel, bus, train or activity in the area. You don't pay more, but by using them you do support this website. Thankyou!\",\"sameAs\":[\"https:\\\/\\\/grazalemaguide.com\\\/\",\"https:\\\/\\\/www.facebook.com\\\/wildsideholidays\\\/\",\"https:\\\/\\\/www.linkedin.com\\\/in\\\/wildsideholidays\\\/\",\"https:\\\/\\\/x.com\\\/https:\\\/\\\/twitter.com\\\/GrazalemaGuide\",\"https:\\\/\\\/www.youtube.com\\\/channel\\\/UC6VDf8hywG6O6F1wgMtfMDw\"]}]}<\/script>\n<!-- \/ Yoast SEO plugin. -->","yoast_head_json":{"title":"Jubrique - Calendario de eventos en las sierras, serran\u00edas y sus pueblos","description":"Jubrique es un municipio de la provincia de M\u00e1laga, Andaluc\u00eda, situado en el oeste de la provincia en el Valle del Genal.","robots":{"index":"index","follow":"follow","max-snippet":"max-snippet:-1","max-image-preview":"max-image-preview:large","max-video-preview":"max-video-preview:-1"},"canonical":"https:\/\/grazalemaguide.com\/quehacerenlasierras\/jubrique\/","og_locale":"en_US","og_type":"article","og_title":"Jubrique - Calendario de eventos en las sierras, serran\u00edas y sus pueblos","og_description":"Jubrique es un municipio de la provincia de M\u00e1laga, Andaluc\u00eda, situado en el oeste de la provincia en el Valle del Genal.","og_url":"https:\/\/grazalemaguide.com\/quehacerenlasierras\/jubrique\/","og_site_name":"Calendario de eventos en las sierras, serran\u00edas y sus pueblos","article_publisher":"https:\/\/www.facebook.com\/wildsideholidays\/","article_modified_time":"2020-09-24T08:17:34+00:00","og_image":[{"width":1024,"height":567,"url":"https:\/\/grazalemaguide.com\/quehacerenlasierras\/wp-content\/uploads\/sites\/2\/2020\/06\/Jubrique.jpg","type":"image\/jpeg"}],"twitter_card":"summary_large_image","twitter_site":"@GrazalemaGuide","twitter_misc":{"Est. reading time":"4 minutes"},"schema":{"@context":"https:\/\/schema.org","@graph":[{"@type":"WebPage","@id":"https:\/\/grazalemaguide.com\/quehacerenlasierras\/jubrique\/","url":"https:\/\/grazalemaguide.com\/quehacerenlasierras\/jubrique\/","name":"Jubrique - Calendario de eventos en las sierras, serran\u00edas y sus pueblos","isPartOf":{"@id":"https:\/\/grazalemaguide.com\/quehacerenlasierras\/#website"},"primaryImageOfPage":{"@id":"https:\/\/grazalemaguide.com\/quehacerenlasierras\/jubrique\/#primaryimage"},"image":{"@id":"https:\/\/grazalemaguide.com\/quehacerenlasierras\/jubrique\/#primaryimage"},"thumbnailUrl":"https:\/\/grazalemaguide.com\/quehacerenlasierras\/wp-content\/uploads\/sites\/2\/2020\/06\/Jubrique.jpg","datePublished":"2020-06-16T15:10:37+00:00","dateModified":"2020-09-24T08:17:34+00:00","description":"Jubrique es un municipio de la provincia de M\u00e1laga, Andaluc\u00eda, situado en el oeste de la provincia en el Valle del Genal.","breadcrumb":{"@id":"https:\/\/grazalemaguide.com\/quehacerenlasierras\/jubrique\/#breadcrumb"},"inLanguage":"en-US","potentialAction":[{"@type":"ReadAction","target":["https:\/\/grazalemaguide.com\/quehacerenlasierras\/jubrique\/"]}]},{"@type":"ImageObject","inLanguage":"en-US","@id":"https:\/\/grazalemaguide.com\/quehacerenlasierras\/jubrique\/#primaryimage","url":"https:\/\/grazalemaguide.com\/quehacerenlasierras\/wp-content\/uploads\/sites\/2\/2020\/06\/Jubrique.jpg","contentUrl":"https:\/\/grazalemaguide.com\/quehacerenlasierras\/wp-content\/uploads\/sites\/2\/2020\/06\/Jubrique.jpg","width":1024,"height":567,"caption":"Jubrique es un municipio de la provincia de M\u00e1laga, Andaluc\u00eda"},{"@type":"BreadcrumbList","@id":"https:\/\/grazalemaguide.com\/quehacerenlasierras\/jubrique\/#breadcrumb","itemListElement":[{"@type":"ListItem","position":1,"name":"Home","item":"https:\/\/grazalemaguide.com\/quehacerenlasierras\/"},{"@type":"ListItem","position":2,"name":"Jubrique"}]},{"@type":"WebSite","@id":"https:\/\/grazalemaguide.com\/quehacerenlasierras\/#website","url":"https:\/\/grazalemaguide.com\/quehacerenlasierras\/","name":"Calendario de eventos en las sierras, serran\u00edas y sus pueblos","description":"\u00bfQu\u00e9 hacer en las Sierras, Serran\u00edas y sus pueblos? Ferias, fiestas, recreaciones hist\u00f3ricas, rutas de tapas, teatro, rally, deportes, gu\u00edas y actividades","publisher":{"@id":"https:\/\/grazalemaguide.com\/quehacerenlasierras\/#\/schema\/person\/f24688c26be666f9001ed7cb3d7d2e3a"},"potentialAction":[{"@type":"SearchAction","target":{"@type":"EntryPoint","urlTemplate":"https:\/\/grazalemaguide.com\/quehacerenlasierras\/?s={search_term_string}"},"query-input":{"@type":"PropertyValueSpecification","valueRequired":true,"valueName":"search_term_string"}}],"inLanguage":"en-US"},{"@type":["Person","Organization"],"@id":"https:\/\/grazalemaguide.com\/quehacerenlasierras\/#\/schema\/person\/f24688c26be666f9001ed7cb3d7d2e3a","name":"Clive Muir","image":{"@type":"ImageObject","inLanguage":"en-US","@id":"https:\/\/secure.gravatar.com\/avatar\/0cd1ec277564b2e62b29d49d1c588efa39fbdeed25940f60cb667d96e5c29e1e?s=96&d=mm&r=g","url":"https:\/\/secure.gravatar.com\/avatar\/0cd1ec277564b2e62b29d49d1c588efa39fbdeed25940f60cb667d96e5c29e1e?s=96&d=mm&r=g","contentUrl":"https:\/\/secure.gravatar.com\/avatar\/0cd1ec277564b2e62b29d49d1c588efa39fbdeed25940f60cb667d96e5c29e1e?s=96&d=mm&r=g","caption":"Clive Muir"},"logo":{"@id":"https:\/\/secure.gravatar.com\/avatar\/0cd1ec277564b2e62b29d49d1c588efa39fbdeed25940f60cb667d96e5c29e1e?s=96&d=mm&r=g"},"description":"I\u2019ve been living in this lovely area of Western Andalucia for the last 20 years or so and dedicate most of my time to the running of English language tourist information websites for the towns of C\u00e1diz, Ronda, Grazalema, the famous or infamous Caminito del Rey, and also Wildside Holidays, which promotes sustainable and eco-friendly businesses running wildlife and walking holidays in Spain. My articles contain affiliate links that will help you reserve a hotel, bus, train or activity in the area. You don't pay more, but by using them you do support this website. Thankyou!","sameAs":["https:\/\/grazalemaguide.com\/","https:\/\/www.facebook.com\/wildsideholidays\/","https:\/\/www.linkedin.com\/in\/wildsideholidays\/","https:\/\/x.com\/https:\/\/twitter.com\/GrazalemaGuide","https:\/\/www.youtube.com\/channel\/UC6VDf8hywG6O6F1wgMtfMDw"]}]}},"_links":{"self":[{"href":"https:\/\/grazalemaguide.com\/quehacerenlasierras\/wp-json\/wp\/v2\/pages\/418","targetHints":{"allow":["GET"]}}],"collection":[{"href":"https:\/\/grazalemaguide.com\/quehacerenlasierras\/wp-json\/wp\/v2\/pages"}],"about":[{"href":"https:\/\/grazalemaguide.com\/quehacerenlasierras\/wp-json\/wp\/v2\/types\/page"}],"author":[{"embeddable":true,"href":"https:\/\/grazalemaguide.com\/quehacerenlasierras\/wp-json\/wp\/v2\/users\/1"}],"replies":[{"embeddable":true,"href":"https:\/\/grazalemaguide.com\/quehacerenlasierras\/wp-json\/wp\/v2\/comments?post=418"}],"version-history":[{"count":0,"href":"https:\/\/grazalemaguide.com\/quehacerenlasierras\/wp-json\/wp\/v2\/pages\/418\/revisions"}],"wp:featuredmedia":[{"embeddable":true,"href":"https:\/\/grazalemaguide.com\/quehacerenlasierras\/wp-json\/wp\/v2\/media\/419"}],"wp:attachment":[{"href":"https:\/\/grazalemaguide.com\/quehacerenlasierras\/wp-json\/wp\/v2\/media?parent=418"}],"curies":[{"name":"wp","href":"https:\/\/api.w.org\/{rel}","templated":true}]}}