{"id":423,"date":"2020-06-16T16:41:07","date_gmt":"2020-06-16T16:41:07","guid":{"rendered":"http:\/\/grazalemaguide.com\/quehacerenlasierras\/?page_id=423"},"modified":"2020-06-16T16:52:31","modified_gmt":"2020-06-16T16:52:31","slug":"juzcar","status":"publish","type":"page","link":"https:\/\/grazalemaguide.com\/quehacerenlasierras\/juzcar\/","title":{"rendered":"J\u00fazcar"},"content":{"rendered":"\n<div class=\"wp-block-image\"><figure class=\"alignleft size-large is-resized\"><img decoding=\"async\" src=\"https:\/\/grazalemaguide.com\/quehacerenlasierras\/wp-content\/uploads\/sites\/2\/2020\/06\/Escudo-J\u00fazcar.png\" alt=\"Escudo J\u00fazcar\" class=\"wp-image-428\" width=\"250\" srcset=\"https:\/\/grazalemaguide.com\/quehacerenlasierras\/wp-content\/uploads\/sites\/2\/2020\/06\/Escudo-J\u00fazcar.png 320w, https:\/\/grazalemaguide.com\/quehacerenlasierras\/wp-content\/uploads\/sites\/2\/2020\/06\/Escudo-J\u00fazcar-165x300.png 165w\" sizes=\"(max-width: 320px) 100vw, 320px\" \/><figcaption>De Erlenmeyer, CC BY-SA 4.0, https:\/\/commons.wikimedia.org\/w\/index.php?curid=83534562<\/figcaption><\/figure><\/div>\n\n\n\n<p>J\u00fazcar es un municipio de la provincia de M\u00e1laga, Andaluc\u00eda, situado en el oeste de la provincia en el Valle del Genal, y es una de las poblaciones que conforman la comarca de la Serran\u00eda de Ronda. Limita al norte con el municipio de Ronda; al este, con Cartajima y Pujerra; al sur con el municipio de Estepona; y al oeste con los municipios de Jubrique, Faraj\u00e1n y Alpandeire.<\/p>\n\n\n\n<p>El pueblo est\u00e1 asentado sobre una hondonada, al norte de la cual se encuentra el Jarastepar (1425 msnm) en la Sierra del Oreganal. Las tierras del t\u00e9rmino est\u00e1n regadas por el r\u00edo Genal y el barranco de las Ca\u00f1adas. Dista 25 km de Ronda y 144 km de M\u00e1laga.<\/p>\n\n\n\n<h4 class=\"wp-block-heading\">La F\u00e1brica de Hojalata<\/h4>\n\n\n\n<p>La primera f\u00e1brica de hojalata de Espa\u00f1a se instal\u00f3 en J\u00fazcar. As\u00ed lo afirma un libro editado por Altos Hornos de Vizcaya. La elecci\u00f3n del lugar obedeci\u00f3 a la riqueza maderera de esta zona de la Serran\u00eda de Ronda, indispensable para el carb\u00f3n vegetal que se necesitaba para la fundici\u00f3n. La f\u00e1brica comenz\u00f3 a producir a mediados del a\u00f1o 1731 bajo el pomposo nombre de &#8220;La nunca vista en Espa\u00f1a REAL F\u00c1BRICA DE HOJA DE LATA Y SUS ADHERENTES, reinando los siempre invictos monarcas y Cat\u00f3licos Reyes don Felipe V y do\u00f1a Isabel de Farnesio&#8221;, seg\u00fan figuraba en la l\u00e1pida del front\u00f3n de entrada.<\/p>\n\n\n\n<p>La factor\u00eda, que estuvo situada junto al r\u00edo en el lugar que hoy se conoce como finca la F\u00e1brica, pose\u00eda un cuarto secreto donde se realizaba el proceso de esta\u00f1ado. Tuvo una plantilla de 200 obreros. Como en Espa\u00f1a no se conoc\u00eda el procedimiento empleado en la elaboraci\u00f3n del producto, vinieron de Alemania una treintena de t\u00e9cnicos al mando de dos ingenieros suizos, Pedro Menr\u00f3n y Emerico Dupasquier. Las cr\u00f3nicas cuentan que los t\u00e9cnicos salieron de Alemania clandestinamente, metidos en barriles, al tener prohibida su marcha al extranjero para evitar la competencia.<\/p>\n\n\n\n<p>A\u00f1aden las cr\u00f3nicas que el transporte de la mercanc\u00eda se hac\u00eda a lomos de camellos, m\u00e1s pr\u00e1cticos que los burros y mulos y superior a su capacidad de carga. Fueron enviados expresamente por el Gobierno de Madrid. La factor\u00eda quebr\u00f3 ante la fuerte competencia de la industria asturiana y vasca.<\/p>\n\n\n\n<hr class=\"wp-block-separator has-text-color has-background has-green-background-color has-green-color\"\/>\n\n\n\n<h4 class=\"wp-block-heading\">Alojamientos en J\u00fazcar<\/h4>\n\n\n<p>[booking_product_helper shortname=&#8221;j\u00fazcar&#8221;]<\/p>\n\n\n\n<hr class=\"wp-block-separator has-text-color has-background has-green-background-color has-green-color\"\/>\n\n\n\n<h4 class=\"wp-block-heading\">Pueblo pitufo<\/h4>\n\n\n\n<p>El 16 de junio de 2011 se produjo en el pueblo el estreno mundial de la pel\u00edcula de Los Pitufos. Bungalow25, una agencia de publicidad madrile\u00f1a que colaboraba en el lanzamiento de la pel\u00edcula con Sony Pictures Releasing, tuvo la idea de pintar de azul todas sus casas y as\u00ed recibir el estreno. El 18 de diciembre de 2011 los juzcare\u00f1os, en consulta popular,4\u200b decidieron prorrogar la pintura de sus fachadas en color azul, al haber encontrado ventajas econ\u00f3micas y l\u00fadicas sobre el tradicional blanco de cal.<\/p>\n\n\n\n<p><a rel=\"noreferrer noopener\" href=\"https:\/\/es.wikipedia.org\/wiki\/J%C3%BAzcar\" target=\"_blank\">M\u00e1s Informaci\u00f3n en Wikipedia<\/a><\/p>\n\n\n\n<h4 class=\"wp-block-heading\">Ayuntamiento<\/h4>\n\n\n\n<p>Web: <a href=\"http:\/\/www.juzcar.es\/\" target=\"_blank\" rel=\"noreferrer noopener\">http:\/\/www.juzcar.es\/<\/a><br>Facebook: <a href=\"https:\/\/www.facebook.com\/juzcarturismo\/\" target=\"_blank\" rel=\"noreferrer noopener\">https:\/\/www.facebook.com\/juzcarturismo\/<\/a><\/p>\n\n\n\n<h4 class=\"wp-block-heading\">Fiestas.<\/h4>\n\n\n\n<ul class=\"wp-block-list\"><li>La Porret\u00e1 (febrero)<\/li><li>Carnavales (febrero)<\/li><li>19 de marzo (San Jos\u00e9, patr\u00f3n del municipio), procesi\u00f3n. Verbena nocturna la v\u00edspera del domingo \u00f3 festivo m\u00e1s cercano.<\/li><li>Jornadas de Historia de la Serran\u00eda de Ronda (finales de abril)<\/li><li>Romer\u00eda Virgen de Mocl\u00f3n: primer fin de semana de julio,<\/li><li>Tercer fin de semana de agosto: fiestas en honor a Ntra. Sra. Virgen de Mocl\u00f3n.<\/li><li>Jornadas Micol\u00f3gicas del Valle del Genal (mediados de noviembre)<\/li><li>Fiesta Pre-fin de A\u00f1oporongo: Fin de semana anterior a Nochebuena<\/li><\/ul>\n\n\n\n<hr class=\"wp-block-separator has-text-color has-background has-green-background-color has-green-color\"\/>\n\n\n\n<p>\u00bfQu\u00e9 hacer en las Sierras, Serran\u00edas y sus pueblos?<\/p>\n\n\n\n<p>Ferias, fiestas, recreaciones hist\u00f3ricas, rutas de tapas, teatro, rally, deportes, gu\u00edas y actividades<\/p>\n\n\n\n<p><a href=\"https:\/\/grazalemaguide.com\/quehacerenlasierras\/\">Ver el Calendario de Eventos aqui.<\/a><\/p>\n","protected":false},"excerpt":{"rendered":"<p>J\u00fazcar es un municipio de la provincia de M\u00e1laga, Andaluc\u00eda, situado en el oeste de la provincia en el Valle del Genal, y es una de las poblaciones que conforman la comarca de la Serran\u00eda de Ronda. Limita al norte con el municipio de Ronda; al este, con Cartajima y Pujerra; al sur con el &hellip; <a href=\"https:\/\/grazalemaguide.com\/quehacerenlasierras\/juzcar\/\" class=\"more-link\">Continue reading <span class=\"screen-reader-text\">J\u00fazcar<\/span> <span class=\"meta-nav\">&rarr;<\/span><\/a><\/p>\n","protected":false},"author":1,"featured_media":429,"parent":0,"menu_order":0,"comment_status":"open","ping_status":"closed","template":"","meta":{"footnotes":""},"class_list":["post-423","page","type-page","status-publish","has-post-thumbnail","hentry"],"yoast_head":"<!-- This site is optimized with the Yoast SEO plugin v27.4 - https:\/\/yoast.com\/product\/yoast-seo-wordpress\/ -->\n<title>J\u00fazcar - Calendario de eventos en las sierras, serran\u00edas y sus pueblos<\/title>\n<meta name=\"description\" content=\"J\u00fazcar es un municipio de la provincia de M\u00e1laga en Andaluc\u00eda, situado en el oeste de la provincia en el Valle del Genal.\" \/>\n<meta name=\"robots\" content=\"index, follow, max-snippet:-1, max-image-preview:large, max-video-preview:-1\" \/>\n<link rel=\"canonical\" href=\"https:\/\/grazalemaguide.com\/quehacerenlasierras\/juzcar\/\" \/>\n<meta property=\"og:locale\" content=\"en_US\" \/>\n<meta property=\"og:type\" content=\"article\" \/>\n<meta property=\"og:title\" content=\"J\u00fazcar - Calendario de eventos en las sierras, serran\u00edas y sus pueblos\" \/>\n<meta property=\"og:description\" content=\"J\u00fazcar es un municipio de la provincia de M\u00e1laga en Andaluc\u00eda, situado en el oeste de la provincia en el Valle del Genal.\" \/>\n<meta property=\"og:url\" content=\"https:\/\/grazalemaguide.com\/quehacerenlasierras\/juzcar\/\" \/>\n<meta property=\"og:site_name\" content=\"Calendario de eventos en las sierras, serran\u00edas y sus pueblos\" \/>\n<meta property=\"article:publisher\" content=\"https:\/\/www.facebook.com\/wildsideholidays\/\" \/>\n<meta property=\"article:modified_time\" content=\"2020-06-16T16:52:31+00:00\" \/>\n<meta property=\"og:image\" content=\"https:\/\/grazalemaguide.com\/quehacerenlasierras\/wp-content\/uploads\/sites\/2\/2020\/06\/J\u00fazgar.jpg\" \/>\n\t<meta property=\"og:image:width\" content=\"1024\" \/>\n\t<meta property=\"og:image:height\" content=\"677\" \/>\n\t<meta property=\"og:image:type\" content=\"image\/jpeg\" \/>\n<meta name=\"twitter:card\" content=\"summary_large_image\" \/>\n<meta name=\"twitter:site\" content=\"@GrazalemaGuide\" \/>\n<meta name=\"twitter:label1\" content=\"Est. reading time\" \/>\n\t<meta name=\"twitter:data1\" content=\"3 minutes\" \/>\n<script type=\"application\/ld+json\" class=\"yoast-schema-graph\">{\"@context\":\"https:\\\/\\\/schema.org\",\"@graph\":[{\"@type\":\"WebPage\",\"@id\":\"https:\\\/\\\/grazalemaguide.com\\\/quehacerenlasierras\\\/juzcar\\\/\",\"url\":\"https:\\\/\\\/grazalemaguide.com\\\/quehacerenlasierras\\\/juzcar\\\/\",\"name\":\"J\u00fazcar - Calendario de eventos en las sierras, serran\u00edas y sus pueblos\",\"isPartOf\":{\"@id\":\"https:\\\/\\\/grazalemaguide.com\\\/quehacerenlasierras\\\/#website\"},\"primaryImageOfPage\":{\"@id\":\"https:\\\/\\\/grazalemaguide.com\\\/quehacerenlasierras\\\/juzcar\\\/#primaryimage\"},\"image\":{\"@id\":\"https:\\\/\\\/grazalemaguide.com\\\/quehacerenlasierras\\\/juzcar\\\/#primaryimage\"},\"thumbnailUrl\":\"https:\\\/\\\/grazalemaguide.com\\\/quehacerenlasierras\\\/wp-content\\\/uploads\\\/sites\\\/2\\\/2020\\\/06\\\/J\u00fazgar.jpg\",\"datePublished\":\"2020-06-16T16:41:07+00:00\",\"dateModified\":\"2020-06-16T16:52:31+00:00\",\"description\":\"J\u00fazcar es un municipio de la provincia de M\u00e1laga en Andaluc\u00eda, situado en el oeste de la provincia en el Valle del Genal.\",\"breadcrumb\":{\"@id\":\"https:\\\/\\\/grazalemaguide.com\\\/quehacerenlasierras\\\/juzcar\\\/#breadcrumb\"},\"inLanguage\":\"en-US\",\"potentialAction\":[{\"@type\":\"ReadAction\",\"target\":[\"https:\\\/\\\/grazalemaguide.com\\\/quehacerenlasierras\\\/juzcar\\\/\"]}]},{\"@type\":\"ImageObject\",\"inLanguage\":\"en-US\",\"@id\":\"https:\\\/\\\/grazalemaguide.com\\\/quehacerenlasierras\\\/juzcar\\\/#primaryimage\",\"url\":\"https:\\\/\\\/grazalemaguide.com\\\/quehacerenlasierras\\\/wp-content\\\/uploads\\\/sites\\\/2\\\/2020\\\/06\\\/J\u00fazgar.jpg\",\"contentUrl\":\"https:\\\/\\\/grazalemaguide.com\\\/quehacerenlasierras\\\/wp-content\\\/uploads\\\/sites\\\/2\\\/2020\\\/06\\\/J\u00fazgar.jpg\",\"width\":1024,\"height\":677,\"caption\":\"De untipografico - Flickr, CC BY 2.0, https:\\\/\\\/commons.wikimedia.org\\\/w\\\/index.php?curid=9084099\"},{\"@type\":\"BreadcrumbList\",\"@id\":\"https:\\\/\\\/grazalemaguide.com\\\/quehacerenlasierras\\\/juzcar\\\/#breadcrumb\",\"itemListElement\":[{\"@type\":\"ListItem\",\"position\":1,\"name\":\"Home\",\"item\":\"https:\\\/\\\/grazalemaguide.com\\\/quehacerenlasierras\\\/\"},{\"@type\":\"ListItem\",\"position\":2,\"name\":\"J\u00fazcar\"}]},{\"@type\":\"WebSite\",\"@id\":\"https:\\\/\\\/grazalemaguide.com\\\/quehacerenlasierras\\\/#website\",\"url\":\"https:\\\/\\\/grazalemaguide.com\\\/quehacerenlasierras\\\/\",\"name\":\"Calendario de eventos en las sierras, serran\u00edas y sus pueblos\",\"description\":\"\u00bfQu\u00e9 hacer en las Sierras, Serran\u00edas y sus pueblos? Ferias, fiestas, recreaciones hist\u00f3ricas, rutas de tapas, teatro, rally, deportes, gu\u00edas y actividades\",\"publisher\":{\"@id\":\"https:\\\/\\\/grazalemaguide.com\\\/quehacerenlasierras\\\/#\\\/schema\\\/person\\\/f24688c26be666f9001ed7cb3d7d2e3a\"},\"potentialAction\":[{\"@type\":\"SearchAction\",\"target\":{\"@type\":\"EntryPoint\",\"urlTemplate\":\"https:\\\/\\\/grazalemaguide.com\\\/quehacerenlasierras\\\/?s={search_term_string}\"},\"query-input\":{\"@type\":\"PropertyValueSpecification\",\"valueRequired\":true,\"valueName\":\"search_term_string\"}}],\"inLanguage\":\"en-US\"},{\"@type\":[\"Person\",\"Organization\"],\"@id\":\"https:\\\/\\\/grazalemaguide.com\\\/quehacerenlasierras\\\/#\\\/schema\\\/person\\\/f24688c26be666f9001ed7cb3d7d2e3a\",\"name\":\"Clive Muir\",\"image\":{\"@type\":\"ImageObject\",\"inLanguage\":\"en-US\",\"@id\":\"https:\\\/\\\/secure.gravatar.com\\\/avatar\\\/0cd1ec277564b2e62b29d49d1c588efa39fbdeed25940f60cb667d96e5c29e1e?s=96&d=mm&r=g\",\"url\":\"https:\\\/\\\/secure.gravatar.com\\\/avatar\\\/0cd1ec277564b2e62b29d49d1c588efa39fbdeed25940f60cb667d96e5c29e1e?s=96&d=mm&r=g\",\"contentUrl\":\"https:\\\/\\\/secure.gravatar.com\\\/avatar\\\/0cd1ec277564b2e62b29d49d1c588efa39fbdeed25940f60cb667d96e5c29e1e?s=96&d=mm&r=g\",\"caption\":\"Clive Muir\"},\"logo\":{\"@id\":\"https:\\\/\\\/secure.gravatar.com\\\/avatar\\\/0cd1ec277564b2e62b29d49d1c588efa39fbdeed25940f60cb667d96e5c29e1e?s=96&d=mm&r=g\"},\"description\":\"I\u2019ve been living in this lovely area of Western Andalucia for the last 20 years or so and dedicate most of my time to the running of English language tourist information websites for the towns of C\u00e1diz, Ronda, Grazalema, the famous or infamous Caminito del Rey, and also Wildside Holidays, which promotes sustainable and eco-friendly businesses running wildlife and walking holidays in Spain. My articles contain affiliate links that will help you reserve a hotel, bus, train or activity in the area. You don't pay more, but by using them you do support this website. Thankyou!\",\"sameAs\":[\"https:\\\/\\\/grazalemaguide.com\\\/\",\"https:\\\/\\\/www.facebook.com\\\/wildsideholidays\\\/\",\"https:\\\/\\\/www.linkedin.com\\\/in\\\/wildsideholidays\\\/\",\"https:\\\/\\\/x.com\\\/https:\\\/\\\/twitter.com\\\/GrazalemaGuide\",\"https:\\\/\\\/www.youtube.com\\\/channel\\\/UC6VDf8hywG6O6F1wgMtfMDw\"]}]}<\/script>\n<!-- \/ Yoast SEO plugin. -->","yoast_head_json":{"title":"J\u00fazcar - Calendario de eventos en las sierras, serran\u00edas y sus pueblos","description":"J\u00fazcar es un municipio de la provincia de M\u00e1laga en Andaluc\u00eda, situado en el oeste de la provincia en el Valle del Genal.","robots":{"index":"index","follow":"follow","max-snippet":"max-snippet:-1","max-image-preview":"max-image-preview:large","max-video-preview":"max-video-preview:-1"},"canonical":"https:\/\/grazalemaguide.com\/quehacerenlasierras\/juzcar\/","og_locale":"en_US","og_type":"article","og_title":"J\u00fazcar - Calendario de eventos en las sierras, serran\u00edas y sus pueblos","og_description":"J\u00fazcar es un municipio de la provincia de M\u00e1laga en Andaluc\u00eda, situado en el oeste de la provincia en el Valle del Genal.","og_url":"https:\/\/grazalemaguide.com\/quehacerenlasierras\/juzcar\/","og_site_name":"Calendario de eventos en las sierras, serran\u00edas y sus pueblos","article_publisher":"https:\/\/www.facebook.com\/wildsideholidays\/","article_modified_time":"2020-06-16T16:52:31+00:00","og_image":[{"width":1024,"height":677,"url":"https:\/\/grazalemaguide.com\/quehacerenlasierras\/wp-content\/uploads\/sites\/2\/2020\/06\/J\u00fazgar.jpg","type":"image\/jpeg"}],"twitter_card":"summary_large_image","twitter_site":"@GrazalemaGuide","twitter_misc":{"Est. reading time":"3 minutes"},"schema":{"@context":"https:\/\/schema.org","@graph":[{"@type":"WebPage","@id":"https:\/\/grazalemaguide.com\/quehacerenlasierras\/juzcar\/","url":"https:\/\/grazalemaguide.com\/quehacerenlasierras\/juzcar\/","name":"J\u00fazcar - Calendario de eventos en las sierras, serran\u00edas y sus pueblos","isPartOf":{"@id":"https:\/\/grazalemaguide.com\/quehacerenlasierras\/#website"},"primaryImageOfPage":{"@id":"https:\/\/grazalemaguide.com\/quehacerenlasierras\/juzcar\/#primaryimage"},"image":{"@id":"https:\/\/grazalemaguide.com\/quehacerenlasierras\/juzcar\/#primaryimage"},"thumbnailUrl":"https:\/\/grazalemaguide.com\/quehacerenlasierras\/wp-content\/uploads\/sites\/2\/2020\/06\/J\u00fazgar.jpg","datePublished":"2020-06-16T16:41:07+00:00","dateModified":"2020-06-16T16:52:31+00:00","description":"J\u00fazcar es un municipio de la provincia de M\u00e1laga en Andaluc\u00eda, situado en el oeste de la provincia en el Valle del Genal.","breadcrumb":{"@id":"https:\/\/grazalemaguide.com\/quehacerenlasierras\/juzcar\/#breadcrumb"},"inLanguage":"en-US","potentialAction":[{"@type":"ReadAction","target":["https:\/\/grazalemaguide.com\/quehacerenlasierras\/juzcar\/"]}]},{"@type":"ImageObject","inLanguage":"en-US","@id":"https:\/\/grazalemaguide.com\/quehacerenlasierras\/juzcar\/#primaryimage","url":"https:\/\/grazalemaguide.com\/quehacerenlasierras\/wp-content\/uploads\/sites\/2\/2020\/06\/J\u00fazgar.jpg","contentUrl":"https:\/\/grazalemaguide.com\/quehacerenlasierras\/wp-content\/uploads\/sites\/2\/2020\/06\/J\u00fazgar.jpg","width":1024,"height":677,"caption":"De untipografico - Flickr, CC BY 2.0, https:\/\/commons.wikimedia.org\/w\/index.php?curid=9084099"},{"@type":"BreadcrumbList","@id":"https:\/\/grazalemaguide.com\/quehacerenlasierras\/juzcar\/#breadcrumb","itemListElement":[{"@type":"ListItem","position":1,"name":"Home","item":"https:\/\/grazalemaguide.com\/quehacerenlasierras\/"},{"@type":"ListItem","position":2,"name":"J\u00fazcar"}]},{"@type":"WebSite","@id":"https:\/\/grazalemaguide.com\/quehacerenlasierras\/#website","url":"https:\/\/grazalemaguide.com\/quehacerenlasierras\/","name":"Calendario de eventos en las sierras, serran\u00edas y sus pueblos","description":"\u00bfQu\u00e9 hacer en las Sierras, Serran\u00edas y sus pueblos? Ferias, fiestas, recreaciones hist\u00f3ricas, rutas de tapas, teatro, rally, deportes, gu\u00edas y actividades","publisher":{"@id":"https:\/\/grazalemaguide.com\/quehacerenlasierras\/#\/schema\/person\/f24688c26be666f9001ed7cb3d7d2e3a"},"potentialAction":[{"@type":"SearchAction","target":{"@type":"EntryPoint","urlTemplate":"https:\/\/grazalemaguide.com\/quehacerenlasierras\/?s={search_term_string}"},"query-input":{"@type":"PropertyValueSpecification","valueRequired":true,"valueName":"search_term_string"}}],"inLanguage":"en-US"},{"@type":["Person","Organization"],"@id":"https:\/\/grazalemaguide.com\/quehacerenlasierras\/#\/schema\/person\/f24688c26be666f9001ed7cb3d7d2e3a","name":"Clive Muir","image":{"@type":"ImageObject","inLanguage":"en-US","@id":"https:\/\/secure.gravatar.com\/avatar\/0cd1ec277564b2e62b29d49d1c588efa39fbdeed25940f60cb667d96e5c29e1e?s=96&d=mm&r=g","url":"https:\/\/secure.gravatar.com\/avatar\/0cd1ec277564b2e62b29d49d1c588efa39fbdeed25940f60cb667d96e5c29e1e?s=96&d=mm&r=g","contentUrl":"https:\/\/secure.gravatar.com\/avatar\/0cd1ec277564b2e62b29d49d1c588efa39fbdeed25940f60cb667d96e5c29e1e?s=96&d=mm&r=g","caption":"Clive Muir"},"logo":{"@id":"https:\/\/secure.gravatar.com\/avatar\/0cd1ec277564b2e62b29d49d1c588efa39fbdeed25940f60cb667d96e5c29e1e?s=96&d=mm&r=g"},"description":"I\u2019ve been living in this lovely area of Western Andalucia for the last 20 years or so and dedicate most of my time to the running of English language tourist information websites for the towns of C\u00e1diz, Ronda, Grazalema, the famous or infamous Caminito del Rey, and also Wildside Holidays, which promotes sustainable and eco-friendly businesses running wildlife and walking holidays in Spain. My articles contain affiliate links that will help you reserve a hotel, bus, train or activity in the area. You don't pay more, but by using them you do support this website. Thankyou!","sameAs":["https:\/\/grazalemaguide.com\/","https:\/\/www.facebook.com\/wildsideholidays\/","https:\/\/www.linkedin.com\/in\/wildsideholidays\/","https:\/\/x.com\/https:\/\/twitter.com\/GrazalemaGuide","https:\/\/www.youtube.com\/channel\/UC6VDf8hywG6O6F1wgMtfMDw"]}]}},"_links":{"self":[{"href":"https:\/\/grazalemaguide.com\/quehacerenlasierras\/wp-json\/wp\/v2\/pages\/423","targetHints":{"allow":["GET"]}}],"collection":[{"href":"https:\/\/grazalemaguide.com\/quehacerenlasierras\/wp-json\/wp\/v2\/pages"}],"about":[{"href":"https:\/\/grazalemaguide.com\/quehacerenlasierras\/wp-json\/wp\/v2\/types\/page"}],"author":[{"embeddable":true,"href":"https:\/\/grazalemaguide.com\/quehacerenlasierras\/wp-json\/wp\/v2\/users\/1"}],"replies":[{"embeddable":true,"href":"https:\/\/grazalemaguide.com\/quehacerenlasierras\/wp-json\/wp\/v2\/comments?post=423"}],"version-history":[{"count":0,"href":"https:\/\/grazalemaguide.com\/quehacerenlasierras\/wp-json\/wp\/v2\/pages\/423\/revisions"}],"wp:featuredmedia":[{"embeddable":true,"href":"https:\/\/grazalemaguide.com\/quehacerenlasierras\/wp-json\/wp\/v2\/media\/429"}],"wp:attachment":[{"href":"https:\/\/grazalemaguide.com\/quehacerenlasierras\/wp-json\/wp\/v2\/media?parent=423"}],"curies":[{"name":"wp","href":"https:\/\/api.w.org\/{rel}","templated":true}]}}