{"id":432,"date":"2020-06-17T08:53:55","date_gmt":"2020-06-17T08:53:55","guid":{"rendered":"http:\/\/grazalemaguide.com\/quehacerenlasierras\/?page_id=432"},"modified":"2020-09-24T10:25:08","modified_gmt":"2020-09-24T08:25:08","slug":"montecorto","status":"publish","type":"page","link":"https:\/\/grazalemaguide.com\/quehacerenlasierras\/montecorto\/","title":{"rendered":"Montecorto"},"content":{"rendered":"\n<div class=\"wp-block-image\"><figure class=\"alignleft size-large is-resized\"><img decoding=\"async\" src=\"https:\/\/grazalemaguide.com\/quehacerenlasierras\/wp-content\/uploads\/sites\/2\/2020\/06\/Escudo-Montecorto.png\" alt=\"Escudo Montecorto\" class=\"wp-image-434\" width=\"250\" srcset=\"https:\/\/grazalemaguide.com\/quehacerenlasierras\/wp-content\/uploads\/sites\/2\/2020\/06\/Escudo-Montecorto.png 800w, https:\/\/grazalemaguide.com\/quehacerenlasierras\/wp-content\/uploads\/sites\/2\/2020\/06\/Escudo-Montecorto-234x300.png 234w, https:\/\/grazalemaguide.com\/quehacerenlasierras\/wp-content\/uploads\/sites\/2\/2020\/06\/Escudo-Montecorto-768x984.png 768w\" sizes=\"(max-width: 800px) 100vw, 800px\" \/><figcaption>De Erlenmeyer, CC BY-SA 4.0, https:\/\/commons.wikimedia.org\/w\/index.php?curid=36613101<\/figcaption><\/figure><\/div>\n\n\n\n<p>Montecorto est\u00e1 enclavado al oeste de la provincia de M\u00e1laga, dentro de la Serran\u00eda de Ronda y a un paso del Parque Natural de Grazalema. La situaci\u00f3n geogr\u00e1fica de Montecorto hace que sea una localidad muy bien comunicada. Estando a 70 Km. de la Costa del Sol, 105 Km. de M\u00e1laga y 110 Km. se Sevilla.<\/p>\n\n\n\n<p>La ciudad de Ronda se encuentra a 20 Km., centro de la serran\u00eda y ciudad hist\u00f3rica, a la que Montecorto est\u00e1 muy vinculada, tanto por la proximidad como por su historia, ya que hasta hace pocos a\u00f1os fue pedan\u00eda de la misma. Montecorto es desde 2002 Entidad Local Aut\u00f3noma de acuerdo con la Ley Reguladora de la Demarcaci\u00f3n Municipal de Andaluc\u00eda.<\/p>\n\n\n\n<p>El termino municipal de Montecorto linda en una gran parte con la provincia de C\u00e1diz. Lo cual hace que este rodeado en un radio de 15 Km. de pueblos de esta provincia, como pueden ser: Grazalema (11km), Zahara de la Sierra (10 Km.), El Gastor (13 Km.), o Algodonales (16 Km.).<\/p>\n\n\n\n<h4 class=\"wp-block-heading\">Ayuntamiento:<\/h4>\n\n\n\n<p>Web: <a rel=\"noreferrer noopener\" href=\"http:\/\/www.montecorto.es\/\" target=\"_blank\">http:\/\/www.montecorto.es\/<\/a><br>Facebook: <a rel=\"noreferrer noopener\" href=\"https:\/\/www.facebook.com\/Ayto.Montecorto\/\" target=\"_blank\">https:\/\/www.facebook.com\/Ayto.Montecorto\/<\/a><\/p>\n\n\n\n<hr class=\"wp-block-separator has-text-color has-background has-green-background-color has-green-color\"\/>\n\n\n\n<h4 class=\"wp-block-heading\">Alojamientos en Montecorto y alrededores<\/h4>\n\n\n<p>[booking_product_helper shortname=&#8221;montecorto&#8221;]<\/p>\n\n\n\n<hr class=\"wp-block-separator has-text-color has-background has-green-background-color has-green-color\"\/>\n\n\n\n<figure class=\"wp-block-embed-youtube wp-block-embed is-type-video is-provider-youtube wp-embed-aspect-16-9 wp-has-aspect-ratio\"><div class=\"wp-block-embed__wrapper\">\n<iframe loading=\"lazy\" title=\"Montecorto y su entorno\" width=\"474\" height=\"267\" src=\"https:\/\/www.youtube.com\/embed\/Z5vHcgVL68M?feature=oembed\" frameborder=\"0\" allow=\"accelerometer; autoplay; clipboard-write; encrypted-media; gyroscope; picture-in-picture; web-share\" referrerpolicy=\"strict-origin-when-cross-origin\" allowfullscreen><\/iframe>\n<\/div><figcaption>V\u00eddeo promocional de Montecorto y su entorno. a\u00f1o 2020.<\/figcaption><\/figure>\n\n\n\n<hr class=\"wp-block-separator has-text-color has-background has-green-background-color has-green-color\"\/>\n\n\n\n<h4 class=\"wp-block-heading\">Fiestas.<\/h4>\n\n\n\n<p><strong>Romer\u00eda:<\/strong> La Romer\u00eda de Montecorto, se celebra a finales de Abril o el primer fin de semana de Mayo. Es una de las fiestas m\u00e1s populares de la localidad, ya que en ella participan la mayor\u00eda de los vecinos del pueblo.<\/p>\n\n\n\n<p><strong>Feria y fiestas Virgen del Carmen:<\/strong>  Feria en Honor a la Virgen del Carmen tiene como d\u00eda grande el 16 de Julio de cada a\u00f1o, nosotros los Montecorte\u00f1os celebramos este d\u00eda con gran ilusi\u00f3n y entusiasmo. Los mayordomos de Montecorto, figura emblem\u00e1tica de estas fiestas, se dedican pr\u00e1cticamente todo el a\u00f1o a buscar fondos para la financiaci\u00f3n de los actos, actuaciones y actividades propios de la festividad ya que son los encargados de organizarla, en colaboraci\u00f3n con el Ayuntamiento de Montecorto.<\/p>\n\n\n\n<p><strong>Feria de Agosto:<\/strong> La feria de agosto se celebra a mediados del mes, en honor a la Virgen del Carmen y a la gente que nos visitan en ese mes. La fiesta se culmina con la tradicional procesi\u00f3n y la verbena organizada por el Ayuntamiento y los mayordomos nombrados para el a\u00f1o siguiente.<\/p>\n\n\n\n<p><strong>San Juan:<\/strong> La fiestas de San Juan se celebra el fin de semana mas cercano al d\u00eda 24 de junio d\u00eda del Santo.<\/p>\n\n\n\n<hr class=\"wp-block-separator has-text-color has-background has-green-background-color has-green-color\"\/>\n\n\n\n<p>\u00bfQu\u00e9 hacer en las Sierras, Serran\u00edas y sus pueblos?<\/p>\n\n\n\n<p>Ferias, fiestas, recreaciones hist\u00f3ricas, rutas de tapas, teatro, rally, deportes, gu\u00edas y actividades<\/p>\n\n\n\n<p><a href=\"https:\/\/grazalemaguide.com\/quehacerenlasierras\/\">Ver el Calendario de Eventos aqui.<\/a><\/p>\n","protected":false},"excerpt":{"rendered":"<p>Montecorto est\u00e1 enclavado al oeste de la provincia de M\u00e1laga, dentro de la Serran\u00eda de Ronda y a un paso del Parque Natural de Grazalema. La situaci\u00f3n geogr\u00e1fica de Montecorto hace que sea una localidad muy bien comunicada. Estando a 70 Km. de la Costa del Sol, 105 Km. de M\u00e1laga y 110 Km. se &hellip; <a href=\"https:\/\/grazalemaguide.com\/quehacerenlasierras\/montecorto\/\" class=\"more-link\">Continue reading <span class=\"screen-reader-text\">Montecorto<\/span> <span class=\"meta-nav\">&rarr;<\/span><\/a><\/p>\n","protected":false},"author":1,"featured_media":435,"parent":0,"menu_order":0,"comment_status":"open","ping_status":"closed","template":"","meta":{"footnotes":""},"class_list":["post-432","page","type-page","status-publish","has-post-thumbnail","hentry"],"yoast_head":"<!-- This site is optimized with the Yoast SEO plugin v27.4 - https:\/\/yoast.com\/product\/yoast-seo-wordpress\/ -->\n<title>Montecorto - Calendario de eventos en las sierras, serran\u00edas y sus pueblos<\/title>\n<meta name=\"description\" content=\"Montecorto est\u00e1 enclavado al oeste de la provincia de M\u00e1laga, dentro de la Serran\u00eda de Ronda y a un paso del Parque Natural de Grazalema.\" \/>\n<meta name=\"robots\" content=\"index, follow, max-snippet:-1, max-image-preview:large, max-video-preview:-1\" \/>\n<link rel=\"canonical\" href=\"https:\/\/grazalemaguide.com\/quehacerenlasierras\/montecorto\/\" \/>\n<meta property=\"og:locale\" content=\"en_US\" \/>\n<meta property=\"og:type\" content=\"article\" \/>\n<meta property=\"og:title\" content=\"Montecorto - Calendario de eventos en las sierras, serran\u00edas y sus pueblos\" \/>\n<meta property=\"og:description\" content=\"Montecorto est\u00e1 enclavado al oeste de la provincia de M\u00e1laga, dentro de la Serran\u00eda de Ronda y a un paso del Parque Natural de Grazalema.\" \/>\n<meta property=\"og:url\" content=\"https:\/\/grazalemaguide.com\/quehacerenlasierras\/montecorto\/\" \/>\n<meta property=\"og:site_name\" content=\"Calendario de eventos en las sierras, serran\u00edas y sus pueblos\" \/>\n<meta property=\"article:publisher\" content=\"https:\/\/www.facebook.com\/wildsideholidays\/\" \/>\n<meta property=\"article:modified_time\" content=\"2020-09-24T08:25:08+00:00\" \/>\n<meta property=\"og:image\" content=\"https:\/\/grazalemaguide.com\/quehacerenlasierras\/wp-content\/uploads\/sites\/2\/2020\/06\/Montecorto.jpg\" \/>\n\t<meta property=\"og:image:width\" content=\"1024\" \/>\n\t<meta property=\"og:image:height\" content=\"768\" \/>\n\t<meta property=\"og:image:type\" content=\"image\/jpeg\" \/>\n<meta name=\"twitter:card\" content=\"summary_large_image\" \/>\n<meta name=\"twitter:site\" content=\"@GrazalemaGuide\" \/>\n<meta name=\"twitter:label1\" content=\"Est. reading time\" \/>\n\t<meta name=\"twitter:data1\" content=\"2 minutes\" \/>\n<script type=\"application\/ld+json\" class=\"yoast-schema-graph\">{\"@context\":\"https:\\\/\\\/schema.org\",\"@graph\":[{\"@type\":\"WebPage\",\"@id\":\"https:\\\/\\\/grazalemaguide.com\\\/quehacerenlasierras\\\/montecorto\\\/\",\"url\":\"https:\\\/\\\/grazalemaguide.com\\\/quehacerenlasierras\\\/montecorto\\\/\",\"name\":\"Montecorto - Calendario de eventos en las sierras, serran\u00edas y sus pueblos\",\"isPartOf\":{\"@id\":\"https:\\\/\\\/grazalemaguide.com\\\/quehacerenlasierras\\\/#website\"},\"primaryImageOfPage\":{\"@id\":\"https:\\\/\\\/grazalemaguide.com\\\/quehacerenlasierras\\\/montecorto\\\/#primaryimage\"},\"image\":{\"@id\":\"https:\\\/\\\/grazalemaguide.com\\\/quehacerenlasierras\\\/montecorto\\\/#primaryimage\"},\"thumbnailUrl\":\"https:\\\/\\\/grazalemaguide.com\\\/quehacerenlasierras\\\/wp-content\\\/uploads\\\/sites\\\/2\\\/2020\\\/06\\\/Montecorto.jpg\",\"datePublished\":\"2020-06-17T08:53:55+00:00\",\"dateModified\":\"2020-09-24T08:25:08+00:00\",\"description\":\"Montecorto est\u00e1 enclavado al oeste de la provincia de M\u00e1laga, dentro de la Serran\u00eda de Ronda y a un paso del Parque Natural de Grazalema.\",\"breadcrumb\":{\"@id\":\"https:\\\/\\\/grazalemaguide.com\\\/quehacerenlasierras\\\/montecorto\\\/#breadcrumb\"},\"inLanguage\":\"en-US\",\"potentialAction\":[{\"@type\":\"ReadAction\",\"target\":[\"https:\\\/\\\/grazalemaguide.com\\\/quehacerenlasierras\\\/montecorto\\\/\"]}]},{\"@type\":\"ImageObject\",\"inLanguage\":\"en-US\",\"@id\":\"https:\\\/\\\/grazalemaguide.com\\\/quehacerenlasierras\\\/montecorto\\\/#primaryimage\",\"url\":\"https:\\\/\\\/grazalemaguide.com\\\/quehacerenlasierras\\\/wp-content\\\/uploads\\\/sites\\\/2\\\/2020\\\/06\\\/Montecorto.jpg\",\"contentUrl\":\"https:\\\/\\\/grazalemaguide.com\\\/quehacerenlasierras\\\/wp-content\\\/uploads\\\/sites\\\/2\\\/2020\\\/06\\\/Montecorto.jpg\",\"width\":1024,\"height\":768,\"caption\":\"De Tango7174 - Trabajo propio, CC BY-SA 4.0, https:\\\/\\\/commons.wikimedia.org\\\/w\\\/index.php?curid=41584363\"},{\"@type\":\"BreadcrumbList\",\"@id\":\"https:\\\/\\\/grazalemaguide.com\\\/quehacerenlasierras\\\/montecorto\\\/#breadcrumb\",\"itemListElement\":[{\"@type\":\"ListItem\",\"position\":1,\"name\":\"Home\",\"item\":\"https:\\\/\\\/grazalemaguide.com\\\/quehacerenlasierras\\\/\"},{\"@type\":\"ListItem\",\"position\":2,\"name\":\"Montecorto\"}]},{\"@type\":\"WebSite\",\"@id\":\"https:\\\/\\\/grazalemaguide.com\\\/quehacerenlasierras\\\/#website\",\"url\":\"https:\\\/\\\/grazalemaguide.com\\\/quehacerenlasierras\\\/\",\"name\":\"Calendario de eventos en las sierras, serran\u00edas y sus pueblos\",\"description\":\"\u00bfQu\u00e9 hacer en las Sierras, Serran\u00edas y sus pueblos? Ferias, fiestas, recreaciones hist\u00f3ricas, rutas de tapas, teatro, rally, deportes, gu\u00edas y actividades\",\"publisher\":{\"@id\":\"https:\\\/\\\/grazalemaguide.com\\\/quehacerenlasierras\\\/#\\\/schema\\\/person\\\/f24688c26be666f9001ed7cb3d7d2e3a\"},\"potentialAction\":[{\"@type\":\"SearchAction\",\"target\":{\"@type\":\"EntryPoint\",\"urlTemplate\":\"https:\\\/\\\/grazalemaguide.com\\\/quehacerenlasierras\\\/?s={search_term_string}\"},\"query-input\":{\"@type\":\"PropertyValueSpecification\",\"valueRequired\":true,\"valueName\":\"search_term_string\"}}],\"inLanguage\":\"en-US\"},{\"@type\":[\"Person\",\"Organization\"],\"@id\":\"https:\\\/\\\/grazalemaguide.com\\\/quehacerenlasierras\\\/#\\\/schema\\\/person\\\/f24688c26be666f9001ed7cb3d7d2e3a\",\"name\":\"Clive Muir\",\"image\":{\"@type\":\"ImageObject\",\"inLanguage\":\"en-US\",\"@id\":\"https:\\\/\\\/secure.gravatar.com\\\/avatar\\\/0cd1ec277564b2e62b29d49d1c588efa39fbdeed25940f60cb667d96e5c29e1e?s=96&d=mm&r=g\",\"url\":\"https:\\\/\\\/secure.gravatar.com\\\/avatar\\\/0cd1ec277564b2e62b29d49d1c588efa39fbdeed25940f60cb667d96e5c29e1e?s=96&d=mm&r=g\",\"contentUrl\":\"https:\\\/\\\/secure.gravatar.com\\\/avatar\\\/0cd1ec277564b2e62b29d49d1c588efa39fbdeed25940f60cb667d96e5c29e1e?s=96&d=mm&r=g\",\"caption\":\"Clive Muir\"},\"logo\":{\"@id\":\"https:\\\/\\\/secure.gravatar.com\\\/avatar\\\/0cd1ec277564b2e62b29d49d1c588efa39fbdeed25940f60cb667d96e5c29e1e?s=96&d=mm&r=g\"},\"description\":\"I\u2019ve been living in this lovely area of Western Andalucia for the last 20 years or so and dedicate most of my time to the running of English language tourist information websites for the towns of C\u00e1diz, Ronda, Grazalema, the famous or infamous Caminito del Rey, and also Wildside Holidays, which promotes sustainable and eco-friendly businesses running wildlife and walking holidays in Spain. My articles contain affiliate links that will help you reserve a hotel, bus, train or activity in the area. You don't pay more, but by using them you do support this website. Thankyou!\",\"sameAs\":[\"https:\\\/\\\/grazalemaguide.com\\\/\",\"https:\\\/\\\/www.facebook.com\\\/wildsideholidays\\\/\",\"https:\\\/\\\/www.linkedin.com\\\/in\\\/wildsideholidays\\\/\",\"https:\\\/\\\/x.com\\\/https:\\\/\\\/twitter.com\\\/GrazalemaGuide\",\"https:\\\/\\\/www.youtube.com\\\/channel\\\/UC6VDf8hywG6O6F1wgMtfMDw\"]}]}<\/script>\n<!-- \/ Yoast SEO plugin. -->","yoast_head_json":{"title":"Montecorto - Calendario de eventos en las sierras, serran\u00edas y sus pueblos","description":"Montecorto est\u00e1 enclavado al oeste de la provincia de M\u00e1laga, dentro de la Serran\u00eda de Ronda y a un paso del Parque Natural de Grazalema.","robots":{"index":"index","follow":"follow","max-snippet":"max-snippet:-1","max-image-preview":"max-image-preview:large","max-video-preview":"max-video-preview:-1"},"canonical":"https:\/\/grazalemaguide.com\/quehacerenlasierras\/montecorto\/","og_locale":"en_US","og_type":"article","og_title":"Montecorto - Calendario de eventos en las sierras, serran\u00edas y sus pueblos","og_description":"Montecorto est\u00e1 enclavado al oeste de la provincia de M\u00e1laga, dentro de la Serran\u00eda de Ronda y a un paso del Parque Natural de Grazalema.","og_url":"https:\/\/grazalemaguide.com\/quehacerenlasierras\/montecorto\/","og_site_name":"Calendario de eventos en las sierras, serran\u00edas y sus pueblos","article_publisher":"https:\/\/www.facebook.com\/wildsideholidays\/","article_modified_time":"2020-09-24T08:25:08+00:00","og_image":[{"width":1024,"height":768,"url":"https:\/\/grazalemaguide.com\/quehacerenlasierras\/wp-content\/uploads\/sites\/2\/2020\/06\/Montecorto.jpg","type":"image\/jpeg"}],"twitter_card":"summary_large_image","twitter_site":"@GrazalemaGuide","twitter_misc":{"Est. reading time":"2 minutes"},"schema":{"@context":"https:\/\/schema.org","@graph":[{"@type":"WebPage","@id":"https:\/\/grazalemaguide.com\/quehacerenlasierras\/montecorto\/","url":"https:\/\/grazalemaguide.com\/quehacerenlasierras\/montecorto\/","name":"Montecorto - Calendario de eventos en las sierras, serran\u00edas y sus pueblos","isPartOf":{"@id":"https:\/\/grazalemaguide.com\/quehacerenlasierras\/#website"},"primaryImageOfPage":{"@id":"https:\/\/grazalemaguide.com\/quehacerenlasierras\/montecorto\/#primaryimage"},"image":{"@id":"https:\/\/grazalemaguide.com\/quehacerenlasierras\/montecorto\/#primaryimage"},"thumbnailUrl":"https:\/\/grazalemaguide.com\/quehacerenlasierras\/wp-content\/uploads\/sites\/2\/2020\/06\/Montecorto.jpg","datePublished":"2020-06-17T08:53:55+00:00","dateModified":"2020-09-24T08:25:08+00:00","description":"Montecorto est\u00e1 enclavado al oeste de la provincia de M\u00e1laga, dentro de la Serran\u00eda de Ronda y a un paso del Parque Natural de Grazalema.","breadcrumb":{"@id":"https:\/\/grazalemaguide.com\/quehacerenlasierras\/montecorto\/#breadcrumb"},"inLanguage":"en-US","potentialAction":[{"@type":"ReadAction","target":["https:\/\/grazalemaguide.com\/quehacerenlasierras\/montecorto\/"]}]},{"@type":"ImageObject","inLanguage":"en-US","@id":"https:\/\/grazalemaguide.com\/quehacerenlasierras\/montecorto\/#primaryimage","url":"https:\/\/grazalemaguide.com\/quehacerenlasierras\/wp-content\/uploads\/sites\/2\/2020\/06\/Montecorto.jpg","contentUrl":"https:\/\/grazalemaguide.com\/quehacerenlasierras\/wp-content\/uploads\/sites\/2\/2020\/06\/Montecorto.jpg","width":1024,"height":768,"caption":"De Tango7174 - Trabajo propio, CC BY-SA 4.0, https:\/\/commons.wikimedia.org\/w\/index.php?curid=41584363"},{"@type":"BreadcrumbList","@id":"https:\/\/grazalemaguide.com\/quehacerenlasierras\/montecorto\/#breadcrumb","itemListElement":[{"@type":"ListItem","position":1,"name":"Home","item":"https:\/\/grazalemaguide.com\/quehacerenlasierras\/"},{"@type":"ListItem","position":2,"name":"Montecorto"}]},{"@type":"WebSite","@id":"https:\/\/grazalemaguide.com\/quehacerenlasierras\/#website","url":"https:\/\/grazalemaguide.com\/quehacerenlasierras\/","name":"Calendario de eventos en las sierras, serran\u00edas y sus pueblos","description":"\u00bfQu\u00e9 hacer en las Sierras, Serran\u00edas y sus pueblos? Ferias, fiestas, recreaciones hist\u00f3ricas, rutas de tapas, teatro, rally, deportes, gu\u00edas y actividades","publisher":{"@id":"https:\/\/grazalemaguide.com\/quehacerenlasierras\/#\/schema\/person\/f24688c26be666f9001ed7cb3d7d2e3a"},"potentialAction":[{"@type":"SearchAction","target":{"@type":"EntryPoint","urlTemplate":"https:\/\/grazalemaguide.com\/quehacerenlasierras\/?s={search_term_string}"},"query-input":{"@type":"PropertyValueSpecification","valueRequired":true,"valueName":"search_term_string"}}],"inLanguage":"en-US"},{"@type":["Person","Organization"],"@id":"https:\/\/grazalemaguide.com\/quehacerenlasierras\/#\/schema\/person\/f24688c26be666f9001ed7cb3d7d2e3a","name":"Clive Muir","image":{"@type":"ImageObject","inLanguage":"en-US","@id":"https:\/\/secure.gravatar.com\/avatar\/0cd1ec277564b2e62b29d49d1c588efa39fbdeed25940f60cb667d96e5c29e1e?s=96&d=mm&r=g","url":"https:\/\/secure.gravatar.com\/avatar\/0cd1ec277564b2e62b29d49d1c588efa39fbdeed25940f60cb667d96e5c29e1e?s=96&d=mm&r=g","contentUrl":"https:\/\/secure.gravatar.com\/avatar\/0cd1ec277564b2e62b29d49d1c588efa39fbdeed25940f60cb667d96e5c29e1e?s=96&d=mm&r=g","caption":"Clive Muir"},"logo":{"@id":"https:\/\/secure.gravatar.com\/avatar\/0cd1ec277564b2e62b29d49d1c588efa39fbdeed25940f60cb667d96e5c29e1e?s=96&d=mm&r=g"},"description":"I\u2019ve been living in this lovely area of Western Andalucia for the last 20 years or so and dedicate most of my time to the running of English language tourist information websites for the towns of C\u00e1diz, Ronda, Grazalema, the famous or infamous Caminito del Rey, and also Wildside Holidays, which promotes sustainable and eco-friendly businesses running wildlife and walking holidays in Spain. My articles contain affiliate links that will help you reserve a hotel, bus, train or activity in the area. You don't pay more, but by using them you do support this website. Thankyou!","sameAs":["https:\/\/grazalemaguide.com\/","https:\/\/www.facebook.com\/wildsideholidays\/","https:\/\/www.linkedin.com\/in\/wildsideholidays\/","https:\/\/x.com\/https:\/\/twitter.com\/GrazalemaGuide","https:\/\/www.youtube.com\/channel\/UC6VDf8hywG6O6F1wgMtfMDw"]}]}},"_links":{"self":[{"href":"https:\/\/grazalemaguide.com\/quehacerenlasierras\/wp-json\/wp\/v2\/pages\/432","targetHints":{"allow":["GET"]}}],"collection":[{"href":"https:\/\/grazalemaguide.com\/quehacerenlasierras\/wp-json\/wp\/v2\/pages"}],"about":[{"href":"https:\/\/grazalemaguide.com\/quehacerenlasierras\/wp-json\/wp\/v2\/types\/page"}],"author":[{"embeddable":true,"href":"https:\/\/grazalemaguide.com\/quehacerenlasierras\/wp-json\/wp\/v2\/users\/1"}],"replies":[{"embeddable":true,"href":"https:\/\/grazalemaguide.com\/quehacerenlasierras\/wp-json\/wp\/v2\/comments?post=432"}],"version-history":[{"count":0,"href":"https:\/\/grazalemaguide.com\/quehacerenlasierras\/wp-json\/wp\/v2\/pages\/432\/revisions"}],"wp:featuredmedia":[{"embeddable":true,"href":"https:\/\/grazalemaguide.com\/quehacerenlasierras\/wp-json\/wp\/v2\/media\/435"}],"wp:attachment":[{"href":"https:\/\/grazalemaguide.com\/quehacerenlasierras\/wp-json\/wp\/v2\/media?parent=432"}],"curies":[{"name":"wp","href":"https:\/\/api.w.org\/{rel}","templated":true}]}}