{"id":451,"date":"2020-06-17T14:49:41","date_gmt":"2020-06-17T14:49:41","guid":{"rendered":"http:\/\/grazalemaguide.com\/quehacerenlasierras\/?page_id=451"},"modified":"2020-10-09T11:02:12","modified_gmt":"2020-10-09T09:02:12","slug":"parauta","status":"publish","type":"page","link":"https:\/\/grazalemaguide.com\/quehacerenlasierras\/parauta\/","title":{"rendered":"Parauta"},"content":{"rendered":"\n<p>Parauta es un municipio situado en el oeste de la provincia de M\u00e1laga, Andaluc\u00eda, en el Valle del Genal, siendo una de las poblaciones que conforman la comarca de la Serran\u00eda de Ronda. <\/p>\n\n\n\n<p>Por carretera se halla situado a 108 kil\u00f3metros de M\u00e1laga y a 643 km de Madrid.<\/p>\n\n\n\n<p>El trazado urbano conserva su fisonom\u00eda \u00e1rabe, aunque con incorporaciones de indudable inter\u00e9s, como el arco de la calle Altillo o la iglesia de la Pur\u00edsima Concepci\u00f3n, del XVI. <\/p>\n\n\n\n<p>Paseando por las calles observaremos que el empedrado est\u00e1 presente en muchas de ellas y las casas son de una sola planta con muros de mamposter\u00eda encalada y ventanas con herrajes. En el pueblo, adem\u00e1s, encontraremos dos plazas y tres fuentes.<\/p>\n\n\n\n<p>El t\u00e9rmino municipal se extiende por apenas 4.450 hect\u00e1reas, de las que gran parte est\u00e1n afectadas por el Parque Natural. Esto hace que sea muy rico en Naturaleza pero con pocos recursos, al tener menos de un 10% de terreno cultivable y ocupar, la masa forestal, el 31% del mismo. La ganader\u00eda tampoco es importante, habiendo algo de ovino y caprino. Es, por tanto, en ese valor ecol\u00f3gico, en el que el pueblo se apoya para revitalizar su econom\u00eda. As\u00ed encontraremos monumentos como la encina Vallecillo de m\u00e1s de tres metros de di\u00e1metro y edad incalculable, la cual conserva todo su ramaje.<\/p>\n\n\n\n<p>En el entorno del pueblo, el paisaje ofrece un fuerte contraste entre los grises cerros en los que la rocas se asoman bajo un escaso manto vegetal, y las colinas cubiertas de pinos, casta\u00f1os, encinares y olivos que se abren al Valle del Genal.<\/p>\n\n\n\n<p><a rel=\"noreferrer noopener\" href=\"https:\/\/es.wikipedia.org\/wiki\/Parauta\" target=\"_blank\">M\u00e1s infomaci\u00f3n en Wikipedia<\/a><\/p>\n\n\n\n<h4 class=\"wp-block-heading\">Ayuntamiento<\/h4>\n\n\n\n<p>Web: <a href=\"http:\/\/www.parauta.es\/\" target=\"_blank\" rel=\"noreferrer noopener\">http:\/\/www.parauta.es\/<\/a><br>Facebook: ???????? Sugerencia ??????<\/p>\n\n\n\n<hr class=\"wp-block-separator has-text-color has-background has-green-background-color has-green-color\"\/>\n\n\n\n<h4 class=\"wp-block-heading\">Alojamientos en Parauta y sus alrededores<\/h4>\n\n\n<p>[booking_product_helper shortname=&#8221;parauta&#8221;]<\/p>\n\n\n\n<hr class=\"wp-block-separator has-text-color has-background has-green-background-color has-green-color\"\/>\n\n\n\n<h4 class=\"wp-block-heading\">Camping Conejeras<\/h4>\n\n\n\n<p>CERRADO DURANTE<strong> LOS MESES DE JULIO Y AGOSTO<\/strong><\/p>\n\n\n\n<p>Desde primeros de octubre se encuentra abierto el Camping Conejeras. Situado en pleno Parque Natural Sierra de las Nieves, en el carril de acceso a los Quejigales.<\/p>\n\n\n\n<ul class=\"wp-block-list\"><li>Caba\u00f1as totalmente equipadas (cocina, chimenea, etc.)<\/li><li>Rutas guiadas<\/li><li>Extraordinario entorno natural<\/li><li>Situado en la entrada del Parque Natural de la Sierra de las Nieves, en las proximidades del camino que lleva hasta el cortijo de los Quejigales. Declarado por la UNESCO Reserva de la Biosfera.Campings &#8211; Las Conejeras<\/li><li>La zona de acampada es de f\u00e1cil acceso y est\u00e1 muy cerca de la carretera entre Ronda y San Pedro.<\/li><\/ul>\n\n\n\n<p>Direcci\u00f3n: Ctra. Ronda-San Pedro. Km. 136. Parque Natural Sierra de las Nieves &#8211; 29451 Parauta<\/p>\n\n\n\n<p>Telf.: 952 181 028 &#8211; 619 180 012<\/p>\n\n\n\n<p>Web: <a href=\"https:\/\/www.campingconejeras.com\/es\/\" target=\"_blank\" rel=\"noreferrer noopener\">https:\/\/www.campingconejeras.com\/es\/<\/a><\/p>\n\n\n\n<hr class=\"wp-block-separator has-text-color has-background has-green-background-color has-green-color\"\/>\n\n\n\n<h2 class=\"has-medium-font-size wp-block-heading\">Caracter\u00edsticas<\/h2>\n\n\n\n<ul class=\"wp-block-list\"><li>Capacidad: 160 plazas<\/li><li>Servicios: dispone de los siguientes servicios<\/li><li>Acceso minusv\u00e1lidos<\/li><li>Admite perros<\/li><li>\u00c1rboles<\/li><li>Barbacoa<\/li><li>Camping con bungalow<\/li><li>Desag\u00fce para caravanas<\/li><li>Duchas de agua caliente<\/li><li>Enchufes el\u00e9ctricos para caravanas<\/li><li>Muy tranquilo<\/li><li>Ofrece actividades complementarias<\/li><li>Rutas 4X4<\/li><li>Senderismo<\/li><li>Situaci\u00f3n aislada<\/li><li>Tel\u00e9fono<\/li><li>Zona de juegos<\/li><li>Zona de monta\u00f1a<\/li><li>Albergue con 24 plazas<\/li><\/ul>\n\n\n\n<hr class=\"wp-block-separator has-text-color has-background has-green-background-color has-green-color\"\/>\n\n\n\n<p>\u00bfQu\u00e9 hacer en las Sierras, Serran\u00edas y sus pueblos?<\/p>\n\n\n\n<p>Ferias, fiestas, recreaciones hist\u00f3ricas, rutas de tapas, teatro, rally, deportes, gu\u00edas y actividades<\/p>\n\n\n\n<p><a href=\"https:\/\/grazalemaguide.com\/quehacerenlasierras\/\">Ver el Calendario de Eventos aqui.<\/a><\/p>\n","protected":false},"excerpt":{"rendered":"<p>Parauta es un municipio situado en el oeste de la provincia de M\u00e1laga, Andaluc\u00eda, en el Valle del Genal, siendo una de las poblaciones que conforman la comarca de la Serran\u00eda de Ronda. Por carretera se halla situado a 108 kil\u00f3metros de M\u00e1laga y a 643 km de Madrid. El trazado urbano conserva su fisonom\u00eda &hellip; <a href=\"https:\/\/grazalemaguide.com\/quehacerenlasierras\/parauta\/\" class=\"more-link\">Continue reading <span class=\"screen-reader-text\">Parauta<\/span> <span class=\"meta-nav\">&rarr;<\/span><\/a><\/p>\n","protected":false},"author":1,"featured_media":452,"parent":0,"menu_order":0,"comment_status":"open","ping_status":"closed","template":"","meta":{"footnotes":""},"class_list":["post-451","page","type-page","status-publish","has-post-thumbnail","hentry"],"yoast_head":"<!-- This site is optimized with the Yoast SEO plugin v27.3 - https:\/\/yoast.com\/product\/yoast-seo-wordpress\/ -->\n<title>Parauta - Calendario de eventos en las sierras, serran\u00edas y sus pueblos<\/title>\n<meta name=\"description\" content=\"Parauta es un municipio situado en el oeste de la provincia de M\u00e1laga, Andaluc\u00eda, en el Valle del Genal y Serran\u00eda de Ronda.\" \/>\n<meta name=\"robots\" content=\"index, follow, max-snippet:-1, max-image-preview:large, max-video-preview:-1\" \/>\n<link rel=\"canonical\" href=\"https:\/\/grazalemaguide.com\/quehacerenlasierras\/parauta\/\" \/>\n<meta property=\"og:locale\" content=\"en_US\" \/>\n<meta property=\"og:type\" content=\"article\" \/>\n<meta property=\"og:title\" content=\"Parauta - Calendario de eventos en las sierras, serran\u00edas y sus pueblos\" \/>\n<meta property=\"og:description\" content=\"Parauta es un municipio situado en el oeste de la provincia de M\u00e1laga, Andaluc\u00eda, en el Valle del Genal y Serran\u00eda de Ronda.\" \/>\n<meta property=\"og:url\" content=\"https:\/\/grazalemaguide.com\/quehacerenlasierras\/parauta\/\" \/>\n<meta property=\"og:site_name\" content=\"Calendario de eventos en las sierras, serran\u00edas y sus pueblos\" \/>\n<meta property=\"article:publisher\" content=\"https:\/\/www.facebook.com\/wildsideholidays\/\" \/>\n<meta property=\"article:modified_time\" content=\"2020-10-09T09:02:12+00:00\" \/>\n<meta property=\"og:image\" content=\"https:\/\/grazalemaguide.com\/quehacerenlasierras\/wp-content\/uploads\/sites\/2\/2020\/06\/Parauta.jpg\" \/>\n\t<meta property=\"og:image:width\" content=\"1024\" \/>\n\t<meta property=\"og:image:height\" content=\"680\" \/>\n\t<meta property=\"og:image:type\" content=\"image\/jpeg\" \/>\n<meta name=\"twitter:card\" content=\"summary_large_image\" \/>\n<meta name=\"twitter:site\" content=\"@GrazalemaGuide\" \/>\n<meta name=\"twitter:label1\" content=\"Est. reading time\" \/>\n\t<meta name=\"twitter:data1\" content=\"3 minutes\" \/>\n<script type=\"application\/ld+json\" class=\"yoast-schema-graph\">{\"@context\":\"https:\\\/\\\/schema.org\",\"@graph\":[{\"@type\":\"WebPage\",\"@id\":\"https:\\\/\\\/grazalemaguide.com\\\/quehacerenlasierras\\\/parauta\\\/\",\"url\":\"https:\\\/\\\/grazalemaguide.com\\\/quehacerenlasierras\\\/parauta\\\/\",\"name\":\"Parauta - Calendario de eventos en las sierras, serran\u00edas y sus pueblos\",\"isPartOf\":{\"@id\":\"https:\\\/\\\/grazalemaguide.com\\\/quehacerenlasierras\\\/#website\"},\"primaryImageOfPage\":{\"@id\":\"https:\\\/\\\/grazalemaguide.com\\\/quehacerenlasierras\\\/parauta\\\/#primaryimage\"},\"image\":{\"@id\":\"https:\\\/\\\/grazalemaguide.com\\\/quehacerenlasierras\\\/parauta\\\/#primaryimage\"},\"thumbnailUrl\":\"https:\\\/\\\/grazalemaguide.com\\\/quehacerenlasierras\\\/wp-content\\\/uploads\\\/sites\\\/2\\\/2020\\\/06\\\/Parauta.jpg\",\"datePublished\":\"2020-06-17T14:49:41+00:00\",\"dateModified\":\"2020-10-09T09:02:12+00:00\",\"description\":\"Parauta es un municipio situado en el oeste de la provincia de M\u00e1laga, Andaluc\u00eda, en el Valle del Genal y Serran\u00eda de Ronda.\",\"breadcrumb\":{\"@id\":\"https:\\\/\\\/grazalemaguide.com\\\/quehacerenlasierras\\\/parauta\\\/#breadcrumb\"},\"inLanguage\":\"en-US\",\"potentialAction\":[{\"@type\":\"ReadAction\",\"target\":[\"https:\\\/\\\/grazalemaguide.com\\\/quehacerenlasierras\\\/parauta\\\/\"]}]},{\"@type\":\"ImageObject\",\"inLanguage\":\"en-US\",\"@id\":\"https:\\\/\\\/grazalemaguide.com\\\/quehacerenlasierras\\\/parauta\\\/#primaryimage\",\"url\":\"https:\\\/\\\/grazalemaguide.com\\\/quehacerenlasierras\\\/wp-content\\\/uploads\\\/sites\\\/2\\\/2020\\\/06\\\/Parauta.jpg\",\"contentUrl\":\"https:\\\/\\\/grazalemaguide.com\\\/quehacerenlasierras\\\/wp-content\\\/uploads\\\/sites\\\/2\\\/2020\\\/06\\\/Parauta.jpg\",\"width\":1024,\"height\":680,\"caption\":\"Parauta es un municipio situado en el oeste de la provincia de M\u00e1laga, Andaluc\u00eda, en el Valle del Genal, siendo una de las poblaciones que conforman la comarca de la Serran\u00eda de Ronda.\"},{\"@type\":\"BreadcrumbList\",\"@id\":\"https:\\\/\\\/grazalemaguide.com\\\/quehacerenlasierras\\\/parauta\\\/#breadcrumb\",\"itemListElement\":[{\"@type\":\"ListItem\",\"position\":1,\"name\":\"Home\",\"item\":\"https:\\\/\\\/grazalemaguide.com\\\/quehacerenlasierras\\\/\"},{\"@type\":\"ListItem\",\"position\":2,\"name\":\"Parauta\"}]},{\"@type\":\"WebSite\",\"@id\":\"https:\\\/\\\/grazalemaguide.com\\\/quehacerenlasierras\\\/#website\",\"url\":\"https:\\\/\\\/grazalemaguide.com\\\/quehacerenlasierras\\\/\",\"name\":\"Calendario de eventos en las sierras, serran\u00edas y sus pueblos\",\"description\":\"\u00bfQu\u00e9 hacer en las Sierras, Serran\u00edas y sus pueblos? Ferias, fiestas, recreaciones hist\u00f3ricas, rutas de tapas, teatro, rally, deportes, gu\u00edas y actividades\",\"publisher\":{\"@id\":\"https:\\\/\\\/grazalemaguide.com\\\/quehacerenlasierras\\\/#\\\/schema\\\/person\\\/f24688c26be666f9001ed7cb3d7d2e3a\"},\"potentialAction\":[{\"@type\":\"SearchAction\",\"target\":{\"@type\":\"EntryPoint\",\"urlTemplate\":\"https:\\\/\\\/grazalemaguide.com\\\/quehacerenlasierras\\\/?s={search_term_string}\"},\"query-input\":{\"@type\":\"PropertyValueSpecification\",\"valueRequired\":true,\"valueName\":\"search_term_string\"}}],\"inLanguage\":\"en-US\"},{\"@type\":[\"Person\",\"Organization\"],\"@id\":\"https:\\\/\\\/grazalemaguide.com\\\/quehacerenlasierras\\\/#\\\/schema\\\/person\\\/f24688c26be666f9001ed7cb3d7d2e3a\",\"name\":\"Clive Muir\",\"image\":{\"@type\":\"ImageObject\",\"inLanguage\":\"en-US\",\"@id\":\"https:\\\/\\\/secure.gravatar.com\\\/avatar\\\/0cd1ec277564b2e62b29d49d1c588efa39fbdeed25940f60cb667d96e5c29e1e?s=96&d=mm&r=g\",\"url\":\"https:\\\/\\\/secure.gravatar.com\\\/avatar\\\/0cd1ec277564b2e62b29d49d1c588efa39fbdeed25940f60cb667d96e5c29e1e?s=96&d=mm&r=g\",\"contentUrl\":\"https:\\\/\\\/secure.gravatar.com\\\/avatar\\\/0cd1ec277564b2e62b29d49d1c588efa39fbdeed25940f60cb667d96e5c29e1e?s=96&d=mm&r=g\",\"caption\":\"Clive Muir\"},\"logo\":{\"@id\":\"https:\\\/\\\/secure.gravatar.com\\\/avatar\\\/0cd1ec277564b2e62b29d49d1c588efa39fbdeed25940f60cb667d96e5c29e1e?s=96&d=mm&r=g\"},\"description\":\"I\u2019ve been living in this lovely area of Western Andalucia for the last 20 years or so and dedicate most of my time to the running of English language tourist information websites for the towns of C\u00e1diz, Ronda, Grazalema, the famous or infamous Caminito del Rey, and also Wildside Holidays, which promotes sustainable and eco-friendly businesses running wildlife and walking holidays in Spain. My articles contain affiliate links that will help you reserve a hotel, bus, train or activity in the area. You don't pay more, but by using them you do support this website. Thankyou!\",\"sameAs\":[\"https:\\\/\\\/grazalemaguide.com\\\/\",\"https:\\\/\\\/www.facebook.com\\\/wildsideholidays\\\/\",\"https:\\\/\\\/www.linkedin.com\\\/in\\\/wildsideholidays\\\/\",\"https:\\\/\\\/x.com\\\/https:\\\/\\\/twitter.com\\\/GrazalemaGuide\",\"https:\\\/\\\/www.youtube.com\\\/channel\\\/UC6VDf8hywG6O6F1wgMtfMDw\"]}]}<\/script>\n<!-- \/ Yoast SEO plugin. -->","yoast_head_json":{"title":"Parauta - Calendario de eventos en las sierras, serran\u00edas y sus pueblos","description":"Parauta es un municipio situado en el oeste de la provincia de M\u00e1laga, Andaluc\u00eda, en el Valle del Genal y Serran\u00eda de Ronda.","robots":{"index":"index","follow":"follow","max-snippet":"max-snippet:-1","max-image-preview":"max-image-preview:large","max-video-preview":"max-video-preview:-1"},"canonical":"https:\/\/grazalemaguide.com\/quehacerenlasierras\/parauta\/","og_locale":"en_US","og_type":"article","og_title":"Parauta - Calendario de eventos en las sierras, serran\u00edas y sus pueblos","og_description":"Parauta es un municipio situado en el oeste de la provincia de M\u00e1laga, Andaluc\u00eda, en el Valle del Genal y Serran\u00eda de Ronda.","og_url":"https:\/\/grazalemaguide.com\/quehacerenlasierras\/parauta\/","og_site_name":"Calendario de eventos en las sierras, serran\u00edas y sus pueblos","article_publisher":"https:\/\/www.facebook.com\/wildsideholidays\/","article_modified_time":"2020-10-09T09:02:12+00:00","og_image":[{"width":1024,"height":680,"url":"https:\/\/grazalemaguide.com\/quehacerenlasierras\/wp-content\/uploads\/sites\/2\/2020\/06\/Parauta.jpg","type":"image\/jpeg"}],"twitter_card":"summary_large_image","twitter_site":"@GrazalemaGuide","twitter_misc":{"Est. reading time":"3 minutes"},"schema":{"@context":"https:\/\/schema.org","@graph":[{"@type":"WebPage","@id":"https:\/\/grazalemaguide.com\/quehacerenlasierras\/parauta\/","url":"https:\/\/grazalemaguide.com\/quehacerenlasierras\/parauta\/","name":"Parauta - Calendario de eventos en las sierras, serran\u00edas y sus pueblos","isPartOf":{"@id":"https:\/\/grazalemaguide.com\/quehacerenlasierras\/#website"},"primaryImageOfPage":{"@id":"https:\/\/grazalemaguide.com\/quehacerenlasierras\/parauta\/#primaryimage"},"image":{"@id":"https:\/\/grazalemaguide.com\/quehacerenlasierras\/parauta\/#primaryimage"},"thumbnailUrl":"https:\/\/grazalemaguide.com\/quehacerenlasierras\/wp-content\/uploads\/sites\/2\/2020\/06\/Parauta.jpg","datePublished":"2020-06-17T14:49:41+00:00","dateModified":"2020-10-09T09:02:12+00:00","description":"Parauta es un municipio situado en el oeste de la provincia de M\u00e1laga, Andaluc\u00eda, en el Valle del Genal y Serran\u00eda de Ronda.","breadcrumb":{"@id":"https:\/\/grazalemaguide.com\/quehacerenlasierras\/parauta\/#breadcrumb"},"inLanguage":"en-US","potentialAction":[{"@type":"ReadAction","target":["https:\/\/grazalemaguide.com\/quehacerenlasierras\/parauta\/"]}]},{"@type":"ImageObject","inLanguage":"en-US","@id":"https:\/\/grazalemaguide.com\/quehacerenlasierras\/parauta\/#primaryimage","url":"https:\/\/grazalemaguide.com\/quehacerenlasierras\/wp-content\/uploads\/sites\/2\/2020\/06\/Parauta.jpg","contentUrl":"https:\/\/grazalemaguide.com\/quehacerenlasierras\/wp-content\/uploads\/sites\/2\/2020\/06\/Parauta.jpg","width":1024,"height":680,"caption":"Parauta es un municipio situado en el oeste de la provincia de M\u00e1laga, Andaluc\u00eda, en el Valle del Genal, siendo una de las poblaciones que conforman la comarca de la Serran\u00eda de Ronda."},{"@type":"BreadcrumbList","@id":"https:\/\/grazalemaguide.com\/quehacerenlasierras\/parauta\/#breadcrumb","itemListElement":[{"@type":"ListItem","position":1,"name":"Home","item":"https:\/\/grazalemaguide.com\/quehacerenlasierras\/"},{"@type":"ListItem","position":2,"name":"Parauta"}]},{"@type":"WebSite","@id":"https:\/\/grazalemaguide.com\/quehacerenlasierras\/#website","url":"https:\/\/grazalemaguide.com\/quehacerenlasierras\/","name":"Calendario de eventos en las sierras, serran\u00edas y sus pueblos","description":"\u00bfQu\u00e9 hacer en las Sierras, Serran\u00edas y sus pueblos? Ferias, fiestas, recreaciones hist\u00f3ricas, rutas de tapas, teatro, rally, deportes, gu\u00edas y actividades","publisher":{"@id":"https:\/\/grazalemaguide.com\/quehacerenlasierras\/#\/schema\/person\/f24688c26be666f9001ed7cb3d7d2e3a"},"potentialAction":[{"@type":"SearchAction","target":{"@type":"EntryPoint","urlTemplate":"https:\/\/grazalemaguide.com\/quehacerenlasierras\/?s={search_term_string}"},"query-input":{"@type":"PropertyValueSpecification","valueRequired":true,"valueName":"search_term_string"}}],"inLanguage":"en-US"},{"@type":["Person","Organization"],"@id":"https:\/\/grazalemaguide.com\/quehacerenlasierras\/#\/schema\/person\/f24688c26be666f9001ed7cb3d7d2e3a","name":"Clive Muir","image":{"@type":"ImageObject","inLanguage":"en-US","@id":"https:\/\/secure.gravatar.com\/avatar\/0cd1ec277564b2e62b29d49d1c588efa39fbdeed25940f60cb667d96e5c29e1e?s=96&d=mm&r=g","url":"https:\/\/secure.gravatar.com\/avatar\/0cd1ec277564b2e62b29d49d1c588efa39fbdeed25940f60cb667d96e5c29e1e?s=96&d=mm&r=g","contentUrl":"https:\/\/secure.gravatar.com\/avatar\/0cd1ec277564b2e62b29d49d1c588efa39fbdeed25940f60cb667d96e5c29e1e?s=96&d=mm&r=g","caption":"Clive Muir"},"logo":{"@id":"https:\/\/secure.gravatar.com\/avatar\/0cd1ec277564b2e62b29d49d1c588efa39fbdeed25940f60cb667d96e5c29e1e?s=96&d=mm&r=g"},"description":"I\u2019ve been living in this lovely area of Western Andalucia for the last 20 years or so and dedicate most of my time to the running of English language tourist information websites for the towns of C\u00e1diz, Ronda, Grazalema, the famous or infamous Caminito del Rey, and also Wildside Holidays, which promotes sustainable and eco-friendly businesses running wildlife and walking holidays in Spain. My articles contain affiliate links that will help you reserve a hotel, bus, train or activity in the area. You don't pay more, but by using them you do support this website. Thankyou!","sameAs":["https:\/\/grazalemaguide.com\/","https:\/\/www.facebook.com\/wildsideholidays\/","https:\/\/www.linkedin.com\/in\/wildsideholidays\/","https:\/\/x.com\/https:\/\/twitter.com\/GrazalemaGuide","https:\/\/www.youtube.com\/channel\/UC6VDf8hywG6O6F1wgMtfMDw"]}]}},"_links":{"self":[{"href":"https:\/\/grazalemaguide.com\/quehacerenlasierras\/wp-json\/wp\/v2\/pages\/451","targetHints":{"allow":["GET"]}}],"collection":[{"href":"https:\/\/grazalemaguide.com\/quehacerenlasierras\/wp-json\/wp\/v2\/pages"}],"about":[{"href":"https:\/\/grazalemaguide.com\/quehacerenlasierras\/wp-json\/wp\/v2\/types\/page"}],"author":[{"embeddable":true,"href":"https:\/\/grazalemaguide.com\/quehacerenlasierras\/wp-json\/wp\/v2\/users\/1"}],"replies":[{"embeddable":true,"href":"https:\/\/grazalemaguide.com\/quehacerenlasierras\/wp-json\/wp\/v2\/comments?post=451"}],"version-history":[{"count":0,"href":"https:\/\/grazalemaguide.com\/quehacerenlasierras\/wp-json\/wp\/v2\/pages\/451\/revisions"}],"wp:featuredmedia":[{"embeddable":true,"href":"https:\/\/grazalemaguide.com\/quehacerenlasierras\/wp-json\/wp\/v2\/media\/452"}],"wp:attachment":[{"href":"https:\/\/grazalemaguide.com\/quehacerenlasierras\/wp-json\/wp\/v2\/media?parent=451"}],"curies":[{"name":"wp","href":"https:\/\/api.w.org\/{rel}","templated":true}]}}