{"id":456,"date":"2020-06-17T16:01:39","date_gmt":"2020-06-17T16:01:39","guid":{"rendered":"http:\/\/grazalemaguide.com\/quehacerenlasierras\/?page_id=456"},"modified":"2020-09-29T10:41:05","modified_gmt":"2020-09-29T08:41:05","slug":"pruna","status":"publish","type":"page","link":"https:\/\/grazalemaguide.com\/quehacerenlasierras\/pruna\/","title":{"rendered":"Pruna"},"content":{"rendered":"\n<div class=\"wp-block-image\"><figure class=\"alignleft size-large is-resized\"><img decoding=\"async\" src=\"https:\/\/grazalemaguide.com\/quehacerenlasierras\/wp-content\/uploads\/sites\/2\/2020\/06\/Escudo-Pruna.png\" alt=\"Escudo Pruna\" class=\"wp-image-458\" width=\"250\" srcset=\"https:\/\/grazalemaguide.com\/quehacerenlasierras\/wp-content\/uploads\/sites\/2\/2020\/06\/Escudo-Pruna.png 320w, https:\/\/grazalemaguide.com\/quehacerenlasierras\/wp-content\/uploads\/sites\/2\/2020\/06\/Escudo-Pruna-172x300.png 172w\" sizes=\"(max-width: 320px) 100vw, 320px\" \/><figcaption>De Erlenmeyer, CC BY-SA 3.0, https:\/\/commons.wikimedia.org\/w\/index.php?curid=8932940<\/figcaption><\/figure><\/div>\n\n\n\n<p>Pruna es un municipio de la provincia de Sevilla, Andaluc\u00eda. Se encuentra situada a una altitud de 663 metros y a 94 kil\u00f3metros de la capital de provincia, Sevilla. En ella se encuentra situada la cumbre m\u00e1s alta de la provincia de Sevilla, el Pico del Terril, con una altura de 1129 metros.<\/p>\n\n\n\n<p><strong>El castillo del Hierro<\/strong> se alza sobre un cerro rocoso de 663 metros cerca de la poblaci\u00f3n de Pruna, permitiendo poseer de unas incomparables vistas y gran riqueza paisaj\u00edstica. <\/p>\n\n\n\n<p>Tambi\u00e9n divisaremos los castillos de Olvera y de Vallehermoso conectados visualmente con este. <\/p>\n\n\n\n<p>El acceso al camino de subida a la cima del cerro se encuentra en la carretera A-363 Olvera-Pruna, a la altura de la Fuente del Pilarillo, a aproximadamente 7 kil\u00f3metros de Olvera y a 1 de Pruna.<\/p>\n\n\n\n<p><a href=\"https:\/\/es.wikipedia.org\/wiki\/Pruna\" target=\"_blank\" rel=\"noreferrer noopener\">M\u00e1s informaci\u00f3n en Wikipedia<\/a><\/p>\n\n\n\n<h4 class=\"wp-block-heading\">Ayuntamiento<\/h4>\n\n\n\n<p>Web: <a rel=\"noreferrer noopener\" href=\"http:\/\/www.pruna.es\/\" target=\"_blank\">http:\/\/www.pruna.es\/<\/a><br>Facebook: <a rel=\"noreferrer noopener\" href=\"https:\/\/www.facebook.com\/ayto.pruna\" target=\"_blank\">https:\/\/www.facebook.com\/ayto.pruna<\/a><br>Facebook (Turismo):<a href=\"https:\/\/www.facebook.com\/TurismoAytoPruna\" target=\"_blank\" rel=\"noreferrer noopener\">https:\/\/www.facebook.com\/TurismoAytoPruna<\/a><\/p>\n\n\n\n<hr class=\"wp-block-separator has-text-color has-background has-green-background-color has-green-color\"\/>\n\n\n\n<h4 class=\"wp-block-heading\">Alojamientos en Pruna<\/h4>\n\n\n<p>[booking_product_helper shortname=&#8221;pruna&#8221;]<\/p>\n\n\n\n<hr class=\"wp-block-separator has-text-color has-background has-green-background-color has-green-color\"\/>\n\n\n\n<h4 class=\"wp-block-heading\">Fiestas<\/h4>\n\n\n\n<h6 class=\"wp-block-heading\">Fiesta de la Matanza del Cerdo Ib\u00e9rico<\/h6>\n\n\n\n<p>Aunque el contenido es meramente gastron\u00f3mico, la jornada se envuelve de contenido hist\u00f3rico, tradici\u00f3n y cultural, puesto que toda la localidad se vuelca con el evento y se prepara para recibir a cientos de for\u00e1neos. Adem\u00e1s de la Ruta Tur\u00edstica de la Tapa Matancera, en la que se pueden disfrutar de productos de matanza en los bares del municipio a precios econ\u00f3micos, se podr\u00e1 asistir a demostraciones en directo de despieces, despringue y elaboraci\u00f3n de chacinas y a exhibiciones de corte de jam\u00f3n.<\/p>\n\n\n\n<h6 class=\"wp-block-heading\">Descendimiento (Viernes Santo)<\/h6>\n\n\n\n<p>Es una de las escenificaciones m\u00e1s destacadas de la Semana Santa de Andaluc\u00eda, donde la imagen del Sant\u00edsimo Cristo de la Vera-Cruz (una extraordinaria talla articulada por los hombros que se fecha entre finales del siglo XVII y el XVIII y es de autor\u00eda an\u00f3nima) es descendido de la cruz por un grupo de nazarenos hermanos y es introducido en el sepulcro, mientras un sacerdote, en el silencio de la multitud, rememora los momentos de la crucifixi\u00f3n.<\/p>\n\n\n\n<h6 class=\"wp-block-heading\">Cruz de Mayo y Romer\u00eda de la Pura y Limpia<\/h6>\n\n\n\n<p>El primer domingo de mayo se celebra la fiesta m\u00e1s representativa y multitudinaria de Pruna. A las 08:30 de la ma\u00f1ana, la Patrona vestida de Divina Pastora sale de su camar\u00edn en su carreta de bueyes bellamente adornada. Se dirige hacia la ermita del Navazo, acompa\u00f1ada por romeros que celebran el momento con cantos y baile, guitarras y palmeos, gritos de alegr\u00eda y respeto a su patrona.<\/p>\n\n\n\n<p>Sobre las 12:00 horas llega a la ermita, ofici\u00e1ndose a continuaci\u00f3n la misa de romeros. M\u00e1s tarde los vecinos del pueblo pasan el d\u00eda en el campo comiendo con la familia y amigos. El regreso es multitudinario, parte a las 18:30 pero es imprevisible la hora de entrada a la Iglesia de San Antonio Abad. La imagen est\u00e1 acompa\u00f1ada en todo momento por miles de prune\u00f1os que celebran devotamente a su patrona.<br>Feria Agrotur\u00edstica, Comercial y Ganadera y Feria del Perro<\/p>\n\n\n\n<p>Se trata de un gran escaparate y un punto de encuentro para todas las personas amantes del caballo, y del ganado equino general. Adem\u00e1s, varios comerciantes ofrecen productos t\u00edpicos como el queso, las chacinas o el singular aceite de la localidad, entre otros. Tambi\u00e9n podremos encontrar una gran diversidad de actividades como: mercado de artesan\u00eda y gastronom\u00eda, exposici\u00f3n de ganados de alta calidad, productos t\u00edpicos de la zona, actividades l\u00fadico culturales, compra-venta agr\u00edcola, talleres, jornadas, actividades, etc.<\/p>\n\n\n\n<h6 class=\"wp-block-heading\">Fiestas de Agosto<\/h6>\n\n\n\n<p>Se celebra el fin de semana posterior al 15 de agosto.<\/p>\n\n\n\n<h6 class=\"wp-block-heading\">Fiesta del Emigrante<\/h6>\n\n\n\n<p>Se celebra el segundo fin de semana de Noviembre. En \u00e9ste acto se hace lectura del manifiesto por parte del Sr. Alcalde y ni\u00f1os\/as del colegio de primaria y, adem\u00e1s, se hace un homenaje a aquellos vecinos que durante muchos a\u00f1os han tenido que emigrar. Posteriormente, la fiesta contin\u00faa en la Caseta Municipal con la tradicional chorizada y m\u00fasica en directo.<\/p>\n\n\n\n<h6 class=\"wp-block-heading\">D\u00eda de la Inmaculada Concepci\u00f3n<\/h6>\n\n\n\n<p>El d\u00eda 8 de diciembre es el d\u00eda de la Patrona de Pruna y tambi\u00e9n es la Patrona de Espa\u00f1a. Previamente al d\u00eda 8, se celebra una solemne Novena en honor de la Patrona, del 28 de noviembre al 6 de diciembre. Este \u00faltimo d\u00eda se le hace una ofrenda floral y la imagen queda expuesta en besamanos. El d\u00eda 8 la Virgen es llevada en procesi\u00f3n gloriosa por el pueblo, vestida de \u201csol\u201d o de reina en su paso de plata va sembrando su alegr\u00eda de rezos y plegarias las calles de su pueblo.<\/p>\n\n\n\n<hr class=\"wp-block-separator has-text-color has-background has-green-background-color has-green-color\"\/>\n\n\n\n<p>\u00bfQu\u00e9 hacer en las Sierras, Serran\u00edas y sus pueblos?<\/p>\n\n\n\n<p>Ferias, fiestas, recreaciones hist\u00f3ricas, rutas de tapas, teatro, rally, deportes, gu\u00edas y actividades<\/p>\n\n\n\n<p><a href=\"https:\/\/grazalemaguide.com\/quehacerenlasierras\/\">Ver el Calendario de Eventos aqui.<\/a><\/p>\n","protected":false},"excerpt":{"rendered":"<p>Pruna es un municipio de la provincia de Sevilla, Andaluc\u00eda. Se encuentra situada a una altitud de 663 metros y a 94 kil\u00f3metros de la capital de provincia, Sevilla. En ella se encuentra situada la cumbre m\u00e1s alta de la provincia de Sevilla, el Pico del Terril, con una altura de 1129 metros. El castillo &hellip; <a href=\"https:\/\/grazalemaguide.com\/quehacerenlasierras\/pruna\/\" class=\"more-link\">Continue reading <span class=\"screen-reader-text\">Pruna<\/span> <span class=\"meta-nav\">&rarr;<\/span><\/a><\/p>\n","protected":false},"author":1,"featured_media":459,"parent":0,"menu_order":0,"comment_status":"open","ping_status":"closed","template":"","meta":{"footnotes":""},"class_list":["post-456","page","type-page","status-publish","has-post-thumbnail","hentry"],"yoast_head":"<!-- This site is optimized with the Yoast SEO plugin v27.5 - https:\/\/yoast.com\/product\/yoast-seo-wordpress\/ -->\n<title>Pruna - Calendario de eventos en las sierras, serran\u00edas y sus pueblos<\/title>\n<meta name=\"description\" content=\"Pruna es un municipio de la provincia de Sevilla, Andaluc\u00eda. Se encuentra situada a una altitud de 663 metros y a 94 kil\u00f3metros de la capital de provincia.\" \/>\n<meta name=\"robots\" content=\"index, follow, max-snippet:-1, max-image-preview:large, max-video-preview:-1\" \/>\n<link rel=\"canonical\" href=\"https:\/\/grazalemaguide.com\/quehacerenlasierras\/pruna\/\" \/>\n<meta property=\"og:locale\" content=\"en_US\" \/>\n<meta property=\"og:type\" content=\"article\" \/>\n<meta property=\"og:title\" content=\"Pruna - Calendario de eventos en las sierras, serran\u00edas y sus pueblos\" \/>\n<meta property=\"og:description\" content=\"Pruna es un municipio de la provincia de Sevilla, Andaluc\u00eda. Se encuentra situada a una altitud de 663 metros y a 94 kil\u00f3metros de la capital de provincia.\" \/>\n<meta property=\"og:url\" content=\"https:\/\/grazalemaguide.com\/quehacerenlasierras\/pruna\/\" \/>\n<meta property=\"og:site_name\" content=\"Calendario de eventos en las sierras, serran\u00edas y sus pueblos\" \/>\n<meta property=\"article:publisher\" content=\"https:\/\/www.facebook.com\/wildsideholidays\/\" \/>\n<meta property=\"article:modified_time\" content=\"2020-09-29T08:41:05+00:00\" \/>\n<meta property=\"og:image\" content=\"https:\/\/grazalemaguide.com\/quehacerenlasierras\/wp-content\/uploads\/sites\/2\/2020\/06\/Pruna.jpg\" \/>\n\t<meta property=\"og:image:width\" content=\"1024\" \/>\n\t<meta property=\"og:image:height\" content=\"497\" \/>\n\t<meta property=\"og:image:type\" content=\"image\/jpeg\" \/>\n<meta name=\"twitter:card\" content=\"summary_large_image\" \/>\n<meta name=\"twitter:site\" content=\"@GrazalemaGuide\" \/>\n<meta name=\"twitter:label1\" content=\"Est. reading time\" \/>\n\t<meta name=\"twitter:data1\" content=\"4 minutes\" \/>\n<script type=\"application\/ld+json\" class=\"yoast-schema-graph\">{\"@context\":\"https:\\\/\\\/schema.org\",\"@graph\":[{\"@type\":\"WebPage\",\"@id\":\"https:\\\/\\\/grazalemaguide.com\\\/quehacerenlasierras\\\/pruna\\\/\",\"url\":\"https:\\\/\\\/grazalemaguide.com\\\/quehacerenlasierras\\\/pruna\\\/\",\"name\":\"Pruna - Calendario de eventos en las sierras, serran\u00edas y sus pueblos\",\"isPartOf\":{\"@id\":\"https:\\\/\\\/grazalemaguide.com\\\/quehacerenlasierras\\\/#website\"},\"primaryImageOfPage\":{\"@id\":\"https:\\\/\\\/grazalemaguide.com\\\/quehacerenlasierras\\\/pruna\\\/#primaryimage\"},\"image\":{\"@id\":\"https:\\\/\\\/grazalemaguide.com\\\/quehacerenlasierras\\\/pruna\\\/#primaryimage\"},\"thumbnailUrl\":\"https:\\\/\\\/grazalemaguide.com\\\/quehacerenlasierras\\\/wp-content\\\/uploads\\\/sites\\\/2\\\/2020\\\/06\\\/Pruna.jpg\",\"datePublished\":\"2020-06-17T16:01:39+00:00\",\"dateModified\":\"2020-09-29T08:41:05+00:00\",\"description\":\"Pruna es un municipio de la provincia de Sevilla, Andaluc\u00eda. Se encuentra situada a una altitud de 663 metros y a 94 kil\u00f3metros de la capital de provincia.\",\"breadcrumb\":{\"@id\":\"https:\\\/\\\/grazalemaguide.com\\\/quehacerenlasierras\\\/pruna\\\/#breadcrumb\"},\"inLanguage\":\"en-US\",\"potentialAction\":[{\"@type\":\"ReadAction\",\"target\":[\"https:\\\/\\\/grazalemaguide.com\\\/quehacerenlasierras\\\/pruna\\\/\"]}]},{\"@type\":\"ImageObject\",\"inLanguage\":\"en-US\",\"@id\":\"https:\\\/\\\/grazalemaguide.com\\\/quehacerenlasierras\\\/pruna\\\/#primaryimage\",\"url\":\"https:\\\/\\\/grazalemaguide.com\\\/quehacerenlasierras\\\/wp-content\\\/uploads\\\/sites\\\/2\\\/2020\\\/06\\\/Pruna.jpg\",\"contentUrl\":\"https:\\\/\\\/grazalemaguide.com\\\/quehacerenlasierras\\\/wp-content\\\/uploads\\\/sites\\\/2\\\/2020\\\/06\\\/Pruna.jpg\",\"width\":1024,\"height\":497,\"caption\":\"Pruna es un municipio de la provincia de Sevilla\"},{\"@type\":\"BreadcrumbList\",\"@id\":\"https:\\\/\\\/grazalemaguide.com\\\/quehacerenlasierras\\\/pruna\\\/#breadcrumb\",\"itemListElement\":[{\"@type\":\"ListItem\",\"position\":1,\"name\":\"Home\",\"item\":\"https:\\\/\\\/grazalemaguide.com\\\/quehacerenlasierras\\\/\"},{\"@type\":\"ListItem\",\"position\":2,\"name\":\"Pruna\"}]},{\"@type\":\"WebSite\",\"@id\":\"https:\\\/\\\/grazalemaguide.com\\\/quehacerenlasierras\\\/#website\",\"url\":\"https:\\\/\\\/grazalemaguide.com\\\/quehacerenlasierras\\\/\",\"name\":\"Calendario de eventos en las sierras, serran\u00edas y sus pueblos\",\"description\":\"\u00bfQu\u00e9 hacer en las Sierras, Serran\u00edas y sus pueblos? Ferias, fiestas, recreaciones hist\u00f3ricas, rutas de tapas, teatro, rally, deportes, gu\u00edas y actividades\",\"publisher\":{\"@id\":\"https:\\\/\\\/grazalemaguide.com\\\/quehacerenlasierras\\\/#\\\/schema\\\/person\\\/f24688c26be666f9001ed7cb3d7d2e3a\"},\"potentialAction\":[{\"@type\":\"SearchAction\",\"target\":{\"@type\":\"EntryPoint\",\"urlTemplate\":\"https:\\\/\\\/grazalemaguide.com\\\/quehacerenlasierras\\\/?s={search_term_string}\"},\"query-input\":{\"@type\":\"PropertyValueSpecification\",\"valueRequired\":true,\"valueName\":\"search_term_string\"}}],\"inLanguage\":\"en-US\"},{\"@type\":[\"Person\",\"Organization\"],\"@id\":\"https:\\\/\\\/grazalemaguide.com\\\/quehacerenlasierras\\\/#\\\/schema\\\/person\\\/f24688c26be666f9001ed7cb3d7d2e3a\",\"name\":\"Clive Muir\",\"image\":{\"@type\":\"ImageObject\",\"inLanguage\":\"en-US\",\"@id\":\"https:\\\/\\\/secure.gravatar.com\\\/avatar\\\/0cd1ec277564b2e62b29d49d1c588efa39fbdeed25940f60cb667d96e5c29e1e?s=96&d=mm&r=g\",\"url\":\"https:\\\/\\\/secure.gravatar.com\\\/avatar\\\/0cd1ec277564b2e62b29d49d1c588efa39fbdeed25940f60cb667d96e5c29e1e?s=96&d=mm&r=g\",\"contentUrl\":\"https:\\\/\\\/secure.gravatar.com\\\/avatar\\\/0cd1ec277564b2e62b29d49d1c588efa39fbdeed25940f60cb667d96e5c29e1e?s=96&d=mm&r=g\",\"caption\":\"Clive Muir\"},\"logo\":{\"@id\":\"https:\\\/\\\/secure.gravatar.com\\\/avatar\\\/0cd1ec277564b2e62b29d49d1c588efa39fbdeed25940f60cb667d96e5c29e1e?s=96&d=mm&r=g\"},\"description\":\"I\u2019ve been living in this lovely area of Western Andalucia for the last 20 years or so and dedicate most of my time to the running of English language tourist information websites for the towns of C\u00e1diz, Ronda, Grazalema, the famous or infamous Caminito del Rey, and also Wildside Holidays, which promotes sustainable and eco-friendly businesses running wildlife and walking holidays in Spain. My articles contain affiliate links that will help you reserve a hotel, bus, train or activity in the area. You don't pay more, but by using them you do support this website. Thankyou!\",\"sameAs\":[\"https:\\\/\\\/grazalemaguide.com\\\/\",\"https:\\\/\\\/www.facebook.com\\\/wildsideholidays\\\/\",\"https:\\\/\\\/www.linkedin.com\\\/in\\\/wildsideholidays\\\/\",\"https:\\\/\\\/x.com\\\/https:\\\/\\\/twitter.com\\\/GrazalemaGuide\",\"https:\\\/\\\/www.youtube.com\\\/channel\\\/UC6VDf8hywG6O6F1wgMtfMDw\"]}]}<\/script>\n<!-- \/ Yoast SEO plugin. -->","yoast_head_json":{"title":"Pruna - Calendario de eventos en las sierras, serran\u00edas y sus pueblos","description":"Pruna es un municipio de la provincia de Sevilla, Andaluc\u00eda. Se encuentra situada a una altitud de 663 metros y a 94 kil\u00f3metros de la capital de provincia.","robots":{"index":"index","follow":"follow","max-snippet":"max-snippet:-1","max-image-preview":"max-image-preview:large","max-video-preview":"max-video-preview:-1"},"canonical":"https:\/\/grazalemaguide.com\/quehacerenlasierras\/pruna\/","og_locale":"en_US","og_type":"article","og_title":"Pruna - Calendario de eventos en las sierras, serran\u00edas y sus pueblos","og_description":"Pruna es un municipio de la provincia de Sevilla, Andaluc\u00eda. Se encuentra situada a una altitud de 663 metros y a 94 kil\u00f3metros de la capital de provincia.","og_url":"https:\/\/grazalemaguide.com\/quehacerenlasierras\/pruna\/","og_site_name":"Calendario de eventos en las sierras, serran\u00edas y sus pueblos","article_publisher":"https:\/\/www.facebook.com\/wildsideholidays\/","article_modified_time":"2020-09-29T08:41:05+00:00","og_image":[{"width":1024,"height":497,"url":"https:\/\/grazalemaguide.com\/quehacerenlasierras\/wp-content\/uploads\/sites\/2\/2020\/06\/Pruna.jpg","type":"image\/jpeg"}],"twitter_card":"summary_large_image","twitter_site":"@GrazalemaGuide","twitter_misc":{"Est. reading time":"4 minutes"},"schema":{"@context":"https:\/\/schema.org","@graph":[{"@type":"WebPage","@id":"https:\/\/grazalemaguide.com\/quehacerenlasierras\/pruna\/","url":"https:\/\/grazalemaguide.com\/quehacerenlasierras\/pruna\/","name":"Pruna - Calendario de eventos en las sierras, serran\u00edas y sus pueblos","isPartOf":{"@id":"https:\/\/grazalemaguide.com\/quehacerenlasierras\/#website"},"primaryImageOfPage":{"@id":"https:\/\/grazalemaguide.com\/quehacerenlasierras\/pruna\/#primaryimage"},"image":{"@id":"https:\/\/grazalemaguide.com\/quehacerenlasierras\/pruna\/#primaryimage"},"thumbnailUrl":"https:\/\/grazalemaguide.com\/quehacerenlasierras\/wp-content\/uploads\/sites\/2\/2020\/06\/Pruna.jpg","datePublished":"2020-06-17T16:01:39+00:00","dateModified":"2020-09-29T08:41:05+00:00","description":"Pruna es un municipio de la provincia de Sevilla, Andaluc\u00eda. Se encuentra situada a una altitud de 663 metros y a 94 kil\u00f3metros de la capital de provincia.","breadcrumb":{"@id":"https:\/\/grazalemaguide.com\/quehacerenlasierras\/pruna\/#breadcrumb"},"inLanguage":"en-US","potentialAction":[{"@type":"ReadAction","target":["https:\/\/grazalemaguide.com\/quehacerenlasierras\/pruna\/"]}]},{"@type":"ImageObject","inLanguage":"en-US","@id":"https:\/\/grazalemaguide.com\/quehacerenlasierras\/pruna\/#primaryimage","url":"https:\/\/grazalemaguide.com\/quehacerenlasierras\/wp-content\/uploads\/sites\/2\/2020\/06\/Pruna.jpg","contentUrl":"https:\/\/grazalemaguide.com\/quehacerenlasierras\/wp-content\/uploads\/sites\/2\/2020\/06\/Pruna.jpg","width":1024,"height":497,"caption":"Pruna es un municipio de la provincia de Sevilla"},{"@type":"BreadcrumbList","@id":"https:\/\/grazalemaguide.com\/quehacerenlasierras\/pruna\/#breadcrumb","itemListElement":[{"@type":"ListItem","position":1,"name":"Home","item":"https:\/\/grazalemaguide.com\/quehacerenlasierras\/"},{"@type":"ListItem","position":2,"name":"Pruna"}]},{"@type":"WebSite","@id":"https:\/\/grazalemaguide.com\/quehacerenlasierras\/#website","url":"https:\/\/grazalemaguide.com\/quehacerenlasierras\/","name":"Calendario de eventos en las sierras, serran\u00edas y sus pueblos","description":"\u00bfQu\u00e9 hacer en las Sierras, Serran\u00edas y sus pueblos? Ferias, fiestas, recreaciones hist\u00f3ricas, rutas de tapas, teatro, rally, deportes, gu\u00edas y actividades","publisher":{"@id":"https:\/\/grazalemaguide.com\/quehacerenlasierras\/#\/schema\/person\/f24688c26be666f9001ed7cb3d7d2e3a"},"potentialAction":[{"@type":"SearchAction","target":{"@type":"EntryPoint","urlTemplate":"https:\/\/grazalemaguide.com\/quehacerenlasierras\/?s={search_term_string}"},"query-input":{"@type":"PropertyValueSpecification","valueRequired":true,"valueName":"search_term_string"}}],"inLanguage":"en-US"},{"@type":["Person","Organization"],"@id":"https:\/\/grazalemaguide.com\/quehacerenlasierras\/#\/schema\/person\/f24688c26be666f9001ed7cb3d7d2e3a","name":"Clive Muir","image":{"@type":"ImageObject","inLanguage":"en-US","@id":"https:\/\/secure.gravatar.com\/avatar\/0cd1ec277564b2e62b29d49d1c588efa39fbdeed25940f60cb667d96e5c29e1e?s=96&d=mm&r=g","url":"https:\/\/secure.gravatar.com\/avatar\/0cd1ec277564b2e62b29d49d1c588efa39fbdeed25940f60cb667d96e5c29e1e?s=96&d=mm&r=g","contentUrl":"https:\/\/secure.gravatar.com\/avatar\/0cd1ec277564b2e62b29d49d1c588efa39fbdeed25940f60cb667d96e5c29e1e?s=96&d=mm&r=g","caption":"Clive Muir"},"logo":{"@id":"https:\/\/secure.gravatar.com\/avatar\/0cd1ec277564b2e62b29d49d1c588efa39fbdeed25940f60cb667d96e5c29e1e?s=96&d=mm&r=g"},"description":"I\u2019ve been living in this lovely area of Western Andalucia for the last 20 years or so and dedicate most of my time to the running of English language tourist information websites for the towns of C\u00e1diz, Ronda, Grazalema, the famous or infamous Caminito del Rey, and also Wildside Holidays, which promotes sustainable and eco-friendly businesses running wildlife and walking holidays in Spain. My articles contain affiliate links that will help you reserve a hotel, bus, train or activity in the area. You don't pay more, but by using them you do support this website. Thankyou!","sameAs":["https:\/\/grazalemaguide.com\/","https:\/\/www.facebook.com\/wildsideholidays\/","https:\/\/www.linkedin.com\/in\/wildsideholidays\/","https:\/\/x.com\/https:\/\/twitter.com\/GrazalemaGuide","https:\/\/www.youtube.com\/channel\/UC6VDf8hywG6O6F1wgMtfMDw"]}]}},"_links":{"self":[{"href":"https:\/\/grazalemaguide.com\/quehacerenlasierras\/wp-json\/wp\/v2\/pages\/456","targetHints":{"allow":["GET"]}}],"collection":[{"href":"https:\/\/grazalemaguide.com\/quehacerenlasierras\/wp-json\/wp\/v2\/pages"}],"about":[{"href":"https:\/\/grazalemaguide.com\/quehacerenlasierras\/wp-json\/wp\/v2\/types\/page"}],"author":[{"embeddable":true,"href":"https:\/\/grazalemaguide.com\/quehacerenlasierras\/wp-json\/wp\/v2\/users\/1"}],"replies":[{"embeddable":true,"href":"https:\/\/grazalemaguide.com\/quehacerenlasierras\/wp-json\/wp\/v2\/comments?post=456"}],"version-history":[{"count":0,"href":"https:\/\/grazalemaguide.com\/quehacerenlasierras\/wp-json\/wp\/v2\/pages\/456\/revisions"}],"wp:featuredmedia":[{"embeddable":true,"href":"https:\/\/grazalemaguide.com\/quehacerenlasierras\/wp-json\/wp\/v2\/media\/459"}],"wp:attachment":[{"href":"https:\/\/grazalemaguide.com\/quehacerenlasierras\/wp-json\/wp\/v2\/media?parent=456"}],"curies":[{"name":"wp","href":"https:\/\/api.w.org\/{rel}","templated":true}]}}