{"id":462,"date":"2020-06-18T08:01:14","date_gmt":"2020-06-18T08:01:14","guid":{"rendered":"http:\/\/grazalemaguide.com\/quehacerenlasierras\/?page_id=462"},"modified":"2020-06-18T08:01:15","modified_gmt":"2020-06-18T08:01:15","slug":"pujerra","status":"publish","type":"page","link":"https:\/\/grazalemaguide.com\/quehacerenlasierras\/pujerra\/","title":{"rendered":"Pujerra"},"content":{"rendered":"\n<div class=\"wp-block-image\"><figure class=\"alignleft size-large is-resized\"><img decoding=\"async\" src=\"https:\/\/grazalemaguide.com\/quehacerenlasierras\/wp-content\/uploads\/sites\/2\/2020\/06\/Escudo-Pujerra.png\" alt=\"Escudo Pujerra\" class=\"wp-image-465\" width=\"250\" srcset=\"https:\/\/grazalemaguide.com\/quehacerenlasierras\/wp-content\/uploads\/sites\/2\/2020\/06\/Escudo-Pujerra.png 320w, https:\/\/grazalemaguide.com\/quehacerenlasierras\/wp-content\/uploads\/sites\/2\/2020\/06\/Escudo-Pujerra-173x300.png 173w\" sizes=\"(max-width: 320px) 100vw, 320px\" \/><figcaption>De Tyk, pine cones by user:Xavigivax &#8211; Trabajo propio, based on Junta de Andaluc\u00eda &#8211; Simbolos de las entidades locales de la provincia de M\u00e1laga, CC BY-SA 3.0, https:\/\/commons.wikimedia.org\/w\/index.php?curid=10373732<\/figcaption><\/figure><\/div>\n\n\n\n<p>Pujerra es un municipio de la provincia de M\u00e1laga, Andaluc\u00eda. Se encuentra situado en el oeste de la provincia, en el Valle del Genal.<\/p>\n\n\n\n<p>La primera peculiaridad de Pujerra es su urbanismo, calles y callejuelas empinadas, que sin orden y concierto alguno forman un laberinto urban\u00edstico, propio de sus ra\u00edces musulmanas. Si bien los restos arqueol\u00f3gicos evidencian una ocupaci\u00f3n anterior, el origen del pueblo que conocemos hoy hay que remontarlo a \u00e9poca isl\u00e1mica.<\/p>\n\n\n\n<p>Tras la conquista cristiana de Ronda y el Valle del Genal, Pujerra contin\u00faa habitada por moriscos hasta su definitiva expulsi\u00f3n tras la revuelta de 1501. Repoblada poco despu\u00e9s, su poblaci\u00f3n estar\u00e1 formada en adelante por cristianos viejos, incluso en v\u00edsperas de la segunda sublevaci\u00f3n morisca de 1570. Durante la Edad Moderna ser\u00e1 un lugar bajo la jurisdicci\u00f3n de Ronda, al igual que sus vecinos.<\/p>\n\n\n\n<p>Tras el heroico comportamiento de los lugares de la Serran\u00eda en la Guerra de la Independencia contra las tropas de Napole\u00f3n, el Rey FErnando VII concedi\u00f3 a Pujerra en 1814 ayuntamiento y t\u00e9rmino propio, y el t\u00edtulo de Muy Noble y Fidel\u00edsima.<\/p>\n\n\n\n<p>El principal monumento que posee Pujerra es la Iglesia del Esp\u00edritu Santo, cuya estructura se mantiene fiel a la que se erigi\u00f3 en 1505 tras la expulsi\u00f3n de los moriscos. Es de una sola nave y est\u00e1 cubierta con un artesonado de estilo mud\u00e9jar.<\/p>\n\n\n\n<p>La espada\u00f1a barroca situada en su esquina izquierda es el \u00fanico elemento que rompe la extrema sencillez de la Iglesia. En ella se venera la imagen del patr\u00f3n de Pujerra, San Antonio de Padua, del siglo XVIII y de talla barroca.<\/p>\n\n\n\n<p>Son dignas de visitar tambi\u00e9n las ruinas del Molino Capilla, y los \u00faltimos vestigios del antiguo puente sobre el r\u00edo Genal.<\/p>\n\n\n\n<h4 class=\"wp-block-heading\">Naturaleza<\/h4>\n\n\n\n<p>La principal riqueza de Pujerra es su patrimonio natural. Sus tierras son el h\u00e1bitat ideal para el casta\u00f1o<\/p>\n\n\n\n<p>Pujerra es tambi\u00e9n un para\u00edso para los mic\u00f3logos, pues en sus campos podemos encontrar una gran variedad de setas y hongos, como la cagarria o colmenilla, especie comestible y abundante en sus casta\u00f1ares.<\/p>\n\n\n\n<p>Asimismo, hay que destacar la riqueza faun\u00edstica que cobja Pujerra. En sus bosques de casta\u00f1os podemos ver algunos ejemplares de corzo o jineta; escudri\u00f1ando el cielo quiz\u00e1s observemos el vuelo del \u00e1guila imperial o del \u00e1guila culebrera, y sus r\u00edos a\u00fan cuentan con la presencia de la nutria.<\/p>\n\n\n\n<p>Otro espect\u00e1culo que no debe perderse el amante de la naturaleza es el r\u00edo Genal, que discurre en direcci\u00f3n a la antigua f\u00e1brica de hojalata. La chorrera de Zan\u00e1i, tambi\u00e9n en t\u00e9rmino de Pujerra, ofrece una magn\u00edfica vista al visitante.<\/p>\n\n\n\n<h4 class=\"wp-block-heading\">Ayuntamiento de Pujerra<\/h4>\n\n\n\n<p>Web: <a href=\"http:\/\/www.pujerra.es\/\" target=\"_blank\" rel=\"noreferrer noopener\">http:\/\/www.pujerra.es\/<\/a><br>Facebook: ??????<\/p>\n\n\n\n<hr class=\"wp-block-separator has-text-color has-background has-green-background-color has-green-color\"\/>\n\n\n<p>[booking_product_helper shortname=&#8221;pujerra&#8221;]<\/p>\n\n\n\n<hr class=\"wp-block-separator has-text-color has-background has-green-background-color has-green-color\"\/>\n\n\n\n<h4 class=\"wp-block-heading\">Fiestas<\/h4>\n\n\n\n<p>El ciclo festivo en Pujerra se inicia en Semana Santa con el Huerto del Ni\u00f1o, que se confecciona con los ramos recogidos por los vecinos durante la semana; en \u00e9l se colocan las mayordomas el Domingo de Resurrecci\u00f3n. El s\u00e1bado los hombres del pueblo cortan un gran chopo y lo llevan a hombros a las afueras de Pujerra para colgar en \u00e9l al &#8220;Judas&#8221;, al que abaten a tiros el Domingo de REsurreci\u00f3n. Los mayordomos salientes eligen alos entrantes mediante la colocaci\u00f3n de un pino en su puerta, los dos mayordomos han de costear la fiesta y las dos mayordomas se ocupan de asistir en la iglesia todo un a\u00f1o.<\/p>\n\n\n\n<p>la Feria y Fiestas Patronales se celebran el d\u00eda de San Antonio de Padua, 13 de junio. El segundo s\u00e1bado de agosto tiene lugar la Romer\u00eda, tambi\u00e9n en honor de su patr\u00f3n.<\/p>\n\n\n\n<p>Otra fiesta singular es el Tost\u00f3n, hoy convertido en Feria de la Casta\u00f1a, que coincide con la festividad de la Virgen de F\u00e1tima, patrona de Pujerra. Se celebra el fin de la recolecci\u00f3n de la casta\u00f1a, tan importante para la econom\u00eda la vida de todos los pujerre\u00f1os.<\/p>\n\n\n\n<hr class=\"wp-block-separator has-text-color has-background has-green-background-color has-green-color\"\/>\n\n\n\n<h6 class=\"wp-block-heading\">\u00bfQu\u00e9 hacer en las Sierras, Serran\u00edas y sus pueblos?<\/h6>\n\n\n\n<p>Ferias, fiestas, recreaciones hist\u00f3ricas, rutas de tapas, teatro, rally, deportes, gu\u00edas y actividades<\/p>\n\n\n\n<p><a href=\"https:\/\/grazalemaguide.com\/quehacerenlasierras\/\">Ver el Calendario de Eventos aqui.<\/a><\/p>\n","protected":false},"excerpt":{"rendered":"<p>Pujerra es un municipio de la provincia de M\u00e1laga, Andaluc\u00eda. Se encuentra situado en el oeste de la provincia, en el Valle del Genal. La primera peculiaridad de Pujerra es su urbanismo, calles y callejuelas empinadas, que sin orden y concierto alguno forman un laberinto urban\u00edstico, propio de sus ra\u00edces musulmanas. Si bien los restos &hellip; <a href=\"https:\/\/grazalemaguide.com\/quehacerenlasierras\/pujerra\/\" class=\"more-link\">Continue reading <span class=\"screen-reader-text\">Pujerra<\/span> <span class=\"meta-nav\">&rarr;<\/span><\/a><\/p>\n","protected":false},"author":1,"featured_media":466,"parent":0,"menu_order":0,"comment_status":"open","ping_status":"closed","template":"","meta":{"footnotes":""},"class_list":["post-462","page","type-page","status-publish","has-post-thumbnail","hentry"],"yoast_head":"<!-- This site is optimized with the Yoast SEO plugin v27.4 - https:\/\/yoast.com\/product\/yoast-seo-wordpress\/ -->\n<title>Pujerra - Calendario de eventos en las sierras, serran\u00edas y sus pueblos<\/title>\n<meta name=\"description\" content=\"Pujerra es un municipio de la provincia de M\u00e1laga, Andaluc\u00eda. Se encuentra situado en el oeste de la provincia, en el Valle del Genal.\" \/>\n<meta name=\"robots\" content=\"index, follow, max-snippet:-1, max-image-preview:large, max-video-preview:-1\" \/>\n<link rel=\"canonical\" href=\"https:\/\/grazalemaguide.com\/quehacerenlasierras\/pujerra\/\" \/>\n<meta property=\"og:locale\" content=\"en_US\" \/>\n<meta property=\"og:type\" content=\"article\" \/>\n<meta property=\"og:title\" content=\"Pujerra - Calendario de eventos en las sierras, serran\u00edas y sus pueblos\" \/>\n<meta property=\"og:description\" content=\"Pujerra es un municipio de la provincia de M\u00e1laga, Andaluc\u00eda. Se encuentra situado en el oeste de la provincia, en el Valle del Genal.\" \/>\n<meta property=\"og:url\" content=\"https:\/\/grazalemaguide.com\/quehacerenlasierras\/pujerra\/\" \/>\n<meta property=\"og:site_name\" content=\"Calendario de eventos en las sierras, serran\u00edas y sus pueblos\" \/>\n<meta property=\"article:publisher\" content=\"https:\/\/www.facebook.com\/wildsideholidays\/\" \/>\n<meta property=\"article:modified_time\" content=\"2020-06-18T08:01:15+00:00\" \/>\n<meta property=\"og:image\" content=\"https:\/\/grazalemaguide.com\/quehacerenlasierras\/wp-content\/uploads\/sites\/2\/2020\/06\/Pujerra.jpg\" \/>\n\t<meta property=\"og:image:width\" content=\"1024\" \/>\n\t<meta property=\"og:image:height\" content=\"570\" \/>\n\t<meta property=\"og:image:type\" content=\"image\/jpeg\" \/>\n<meta name=\"twitter:card\" content=\"summary_large_image\" \/>\n<meta name=\"twitter:site\" content=\"@GrazalemaGuide\" \/>\n<meta name=\"twitter:label1\" content=\"Est. reading time\" \/>\n\t<meta name=\"twitter:data1\" content=\"4 minutes\" \/>\n<script type=\"application\/ld+json\" class=\"yoast-schema-graph\">{\"@context\":\"https:\\\/\\\/schema.org\",\"@graph\":[{\"@type\":\"WebPage\",\"@id\":\"https:\\\/\\\/grazalemaguide.com\\\/quehacerenlasierras\\\/pujerra\\\/\",\"url\":\"https:\\\/\\\/grazalemaguide.com\\\/quehacerenlasierras\\\/pujerra\\\/\",\"name\":\"Pujerra - Calendario de eventos en las sierras, serran\u00edas y sus pueblos\",\"isPartOf\":{\"@id\":\"https:\\\/\\\/grazalemaguide.com\\\/quehacerenlasierras\\\/#website\"},\"primaryImageOfPage\":{\"@id\":\"https:\\\/\\\/grazalemaguide.com\\\/quehacerenlasierras\\\/pujerra\\\/#primaryimage\"},\"image\":{\"@id\":\"https:\\\/\\\/grazalemaguide.com\\\/quehacerenlasierras\\\/pujerra\\\/#primaryimage\"},\"thumbnailUrl\":\"https:\\\/\\\/grazalemaguide.com\\\/quehacerenlasierras\\\/wp-content\\\/uploads\\\/sites\\\/2\\\/2020\\\/06\\\/Pujerra.jpg\",\"datePublished\":\"2020-06-18T08:01:14+00:00\",\"dateModified\":\"2020-06-18T08:01:15+00:00\",\"description\":\"Pujerra es un municipio de la provincia de M\u00e1laga, Andaluc\u00eda. Se encuentra situado en el oeste de la provincia, en el Valle del Genal.\",\"breadcrumb\":{\"@id\":\"https:\\\/\\\/grazalemaguide.com\\\/quehacerenlasierras\\\/pujerra\\\/#breadcrumb\"},\"inLanguage\":\"en-US\",\"potentialAction\":[{\"@type\":\"ReadAction\",\"target\":[\"https:\\\/\\\/grazalemaguide.com\\\/quehacerenlasierras\\\/pujerra\\\/\"]}]},{\"@type\":\"ImageObject\",\"inLanguage\":\"en-US\",\"@id\":\"https:\\\/\\\/grazalemaguide.com\\\/quehacerenlasierras\\\/pujerra\\\/#primaryimage\",\"url\":\"https:\\\/\\\/grazalemaguide.com\\\/quehacerenlasierras\\\/wp-content\\\/uploads\\\/sites\\\/2\\\/2020\\\/06\\\/Pujerra.jpg\",\"contentUrl\":\"https:\\\/\\\/grazalemaguide.com\\\/quehacerenlasierras\\\/wp-content\\\/uploads\\\/sites\\\/2\\\/2020\\\/06\\\/Pujerra.jpg\",\"width\":1024,\"height\":570,\"caption\":\"La primera peculiaridad de Pujerra es su urbanismo, calles y callejuelas empinadas\"},{\"@type\":\"BreadcrumbList\",\"@id\":\"https:\\\/\\\/grazalemaguide.com\\\/quehacerenlasierras\\\/pujerra\\\/#breadcrumb\",\"itemListElement\":[{\"@type\":\"ListItem\",\"position\":1,\"name\":\"Home\",\"item\":\"https:\\\/\\\/grazalemaguide.com\\\/quehacerenlasierras\\\/\"},{\"@type\":\"ListItem\",\"position\":2,\"name\":\"Pujerra\"}]},{\"@type\":\"WebSite\",\"@id\":\"https:\\\/\\\/grazalemaguide.com\\\/quehacerenlasierras\\\/#website\",\"url\":\"https:\\\/\\\/grazalemaguide.com\\\/quehacerenlasierras\\\/\",\"name\":\"Calendario de eventos en las sierras, serran\u00edas y sus pueblos\",\"description\":\"\u00bfQu\u00e9 hacer en las Sierras, Serran\u00edas y sus pueblos? Ferias, fiestas, recreaciones hist\u00f3ricas, rutas de tapas, teatro, rally, deportes, gu\u00edas y actividades\",\"publisher\":{\"@id\":\"https:\\\/\\\/grazalemaguide.com\\\/quehacerenlasierras\\\/#\\\/schema\\\/person\\\/f24688c26be666f9001ed7cb3d7d2e3a\"},\"potentialAction\":[{\"@type\":\"SearchAction\",\"target\":{\"@type\":\"EntryPoint\",\"urlTemplate\":\"https:\\\/\\\/grazalemaguide.com\\\/quehacerenlasierras\\\/?s={search_term_string}\"},\"query-input\":{\"@type\":\"PropertyValueSpecification\",\"valueRequired\":true,\"valueName\":\"search_term_string\"}}],\"inLanguage\":\"en-US\"},{\"@type\":[\"Person\",\"Organization\"],\"@id\":\"https:\\\/\\\/grazalemaguide.com\\\/quehacerenlasierras\\\/#\\\/schema\\\/person\\\/f24688c26be666f9001ed7cb3d7d2e3a\",\"name\":\"Clive Muir\",\"image\":{\"@type\":\"ImageObject\",\"inLanguage\":\"en-US\",\"@id\":\"https:\\\/\\\/secure.gravatar.com\\\/avatar\\\/0cd1ec277564b2e62b29d49d1c588efa39fbdeed25940f60cb667d96e5c29e1e?s=96&d=mm&r=g\",\"url\":\"https:\\\/\\\/secure.gravatar.com\\\/avatar\\\/0cd1ec277564b2e62b29d49d1c588efa39fbdeed25940f60cb667d96e5c29e1e?s=96&d=mm&r=g\",\"contentUrl\":\"https:\\\/\\\/secure.gravatar.com\\\/avatar\\\/0cd1ec277564b2e62b29d49d1c588efa39fbdeed25940f60cb667d96e5c29e1e?s=96&d=mm&r=g\",\"caption\":\"Clive Muir\"},\"logo\":{\"@id\":\"https:\\\/\\\/secure.gravatar.com\\\/avatar\\\/0cd1ec277564b2e62b29d49d1c588efa39fbdeed25940f60cb667d96e5c29e1e?s=96&d=mm&r=g\"},\"description\":\"I\u2019ve been living in this lovely area of Western Andalucia for the last 20 years or so and dedicate most of my time to the running of English language tourist information websites for the towns of C\u00e1diz, Ronda, Grazalema, the famous or infamous Caminito del Rey, and also Wildside Holidays, which promotes sustainable and eco-friendly businesses running wildlife and walking holidays in Spain. My articles contain affiliate links that will help you reserve a hotel, bus, train or activity in the area. You don't pay more, but by using them you do support this website. Thankyou!\",\"sameAs\":[\"https:\\\/\\\/grazalemaguide.com\\\/\",\"https:\\\/\\\/www.facebook.com\\\/wildsideholidays\\\/\",\"https:\\\/\\\/www.linkedin.com\\\/in\\\/wildsideholidays\\\/\",\"https:\\\/\\\/x.com\\\/https:\\\/\\\/twitter.com\\\/GrazalemaGuide\",\"https:\\\/\\\/www.youtube.com\\\/channel\\\/UC6VDf8hywG6O6F1wgMtfMDw\"]}]}<\/script>\n<!-- \/ Yoast SEO plugin. -->","yoast_head_json":{"title":"Pujerra - Calendario de eventos en las sierras, serran\u00edas y sus pueblos","description":"Pujerra es un municipio de la provincia de M\u00e1laga, Andaluc\u00eda. Se encuentra situado en el oeste de la provincia, en el Valle del Genal.","robots":{"index":"index","follow":"follow","max-snippet":"max-snippet:-1","max-image-preview":"max-image-preview:large","max-video-preview":"max-video-preview:-1"},"canonical":"https:\/\/grazalemaguide.com\/quehacerenlasierras\/pujerra\/","og_locale":"en_US","og_type":"article","og_title":"Pujerra - Calendario de eventos en las sierras, serran\u00edas y sus pueblos","og_description":"Pujerra es un municipio de la provincia de M\u00e1laga, Andaluc\u00eda. Se encuentra situado en el oeste de la provincia, en el Valle del Genal.","og_url":"https:\/\/grazalemaguide.com\/quehacerenlasierras\/pujerra\/","og_site_name":"Calendario de eventos en las sierras, serran\u00edas y sus pueblos","article_publisher":"https:\/\/www.facebook.com\/wildsideholidays\/","article_modified_time":"2020-06-18T08:01:15+00:00","og_image":[{"width":1024,"height":570,"url":"https:\/\/grazalemaguide.com\/quehacerenlasierras\/wp-content\/uploads\/sites\/2\/2020\/06\/Pujerra.jpg","type":"image\/jpeg"}],"twitter_card":"summary_large_image","twitter_site":"@GrazalemaGuide","twitter_misc":{"Est. reading time":"4 minutes"},"schema":{"@context":"https:\/\/schema.org","@graph":[{"@type":"WebPage","@id":"https:\/\/grazalemaguide.com\/quehacerenlasierras\/pujerra\/","url":"https:\/\/grazalemaguide.com\/quehacerenlasierras\/pujerra\/","name":"Pujerra - Calendario de eventos en las sierras, serran\u00edas y sus pueblos","isPartOf":{"@id":"https:\/\/grazalemaguide.com\/quehacerenlasierras\/#website"},"primaryImageOfPage":{"@id":"https:\/\/grazalemaguide.com\/quehacerenlasierras\/pujerra\/#primaryimage"},"image":{"@id":"https:\/\/grazalemaguide.com\/quehacerenlasierras\/pujerra\/#primaryimage"},"thumbnailUrl":"https:\/\/grazalemaguide.com\/quehacerenlasierras\/wp-content\/uploads\/sites\/2\/2020\/06\/Pujerra.jpg","datePublished":"2020-06-18T08:01:14+00:00","dateModified":"2020-06-18T08:01:15+00:00","description":"Pujerra es un municipio de la provincia de M\u00e1laga, Andaluc\u00eda. Se encuentra situado en el oeste de la provincia, en el Valle del Genal.","breadcrumb":{"@id":"https:\/\/grazalemaguide.com\/quehacerenlasierras\/pujerra\/#breadcrumb"},"inLanguage":"en-US","potentialAction":[{"@type":"ReadAction","target":["https:\/\/grazalemaguide.com\/quehacerenlasierras\/pujerra\/"]}]},{"@type":"ImageObject","inLanguage":"en-US","@id":"https:\/\/grazalemaguide.com\/quehacerenlasierras\/pujerra\/#primaryimage","url":"https:\/\/grazalemaguide.com\/quehacerenlasierras\/wp-content\/uploads\/sites\/2\/2020\/06\/Pujerra.jpg","contentUrl":"https:\/\/grazalemaguide.com\/quehacerenlasierras\/wp-content\/uploads\/sites\/2\/2020\/06\/Pujerra.jpg","width":1024,"height":570,"caption":"La primera peculiaridad de Pujerra es su urbanismo, calles y callejuelas empinadas"},{"@type":"BreadcrumbList","@id":"https:\/\/grazalemaguide.com\/quehacerenlasierras\/pujerra\/#breadcrumb","itemListElement":[{"@type":"ListItem","position":1,"name":"Home","item":"https:\/\/grazalemaguide.com\/quehacerenlasierras\/"},{"@type":"ListItem","position":2,"name":"Pujerra"}]},{"@type":"WebSite","@id":"https:\/\/grazalemaguide.com\/quehacerenlasierras\/#website","url":"https:\/\/grazalemaguide.com\/quehacerenlasierras\/","name":"Calendario de eventos en las sierras, serran\u00edas y sus pueblos","description":"\u00bfQu\u00e9 hacer en las Sierras, Serran\u00edas y sus pueblos? Ferias, fiestas, recreaciones hist\u00f3ricas, rutas de tapas, teatro, rally, deportes, gu\u00edas y actividades","publisher":{"@id":"https:\/\/grazalemaguide.com\/quehacerenlasierras\/#\/schema\/person\/f24688c26be666f9001ed7cb3d7d2e3a"},"potentialAction":[{"@type":"SearchAction","target":{"@type":"EntryPoint","urlTemplate":"https:\/\/grazalemaguide.com\/quehacerenlasierras\/?s={search_term_string}"},"query-input":{"@type":"PropertyValueSpecification","valueRequired":true,"valueName":"search_term_string"}}],"inLanguage":"en-US"},{"@type":["Person","Organization"],"@id":"https:\/\/grazalemaguide.com\/quehacerenlasierras\/#\/schema\/person\/f24688c26be666f9001ed7cb3d7d2e3a","name":"Clive Muir","image":{"@type":"ImageObject","inLanguage":"en-US","@id":"https:\/\/secure.gravatar.com\/avatar\/0cd1ec277564b2e62b29d49d1c588efa39fbdeed25940f60cb667d96e5c29e1e?s=96&d=mm&r=g","url":"https:\/\/secure.gravatar.com\/avatar\/0cd1ec277564b2e62b29d49d1c588efa39fbdeed25940f60cb667d96e5c29e1e?s=96&d=mm&r=g","contentUrl":"https:\/\/secure.gravatar.com\/avatar\/0cd1ec277564b2e62b29d49d1c588efa39fbdeed25940f60cb667d96e5c29e1e?s=96&d=mm&r=g","caption":"Clive Muir"},"logo":{"@id":"https:\/\/secure.gravatar.com\/avatar\/0cd1ec277564b2e62b29d49d1c588efa39fbdeed25940f60cb667d96e5c29e1e?s=96&d=mm&r=g"},"description":"I\u2019ve been living in this lovely area of Western Andalucia for the last 20 years or so and dedicate most of my time to the running of English language tourist information websites for the towns of C\u00e1diz, Ronda, Grazalema, the famous or infamous Caminito del Rey, and also Wildside Holidays, which promotes sustainable and eco-friendly businesses running wildlife and walking holidays in Spain. My articles contain affiliate links that will help you reserve a hotel, bus, train or activity in the area. You don't pay more, but by using them you do support this website. Thankyou!","sameAs":["https:\/\/grazalemaguide.com\/","https:\/\/www.facebook.com\/wildsideholidays\/","https:\/\/www.linkedin.com\/in\/wildsideholidays\/","https:\/\/x.com\/https:\/\/twitter.com\/GrazalemaGuide","https:\/\/www.youtube.com\/channel\/UC6VDf8hywG6O6F1wgMtfMDw"]}]}},"_links":{"self":[{"href":"https:\/\/grazalemaguide.com\/quehacerenlasierras\/wp-json\/wp\/v2\/pages\/462","targetHints":{"allow":["GET"]}}],"collection":[{"href":"https:\/\/grazalemaguide.com\/quehacerenlasierras\/wp-json\/wp\/v2\/pages"}],"about":[{"href":"https:\/\/grazalemaguide.com\/quehacerenlasierras\/wp-json\/wp\/v2\/types\/page"}],"author":[{"embeddable":true,"href":"https:\/\/grazalemaguide.com\/quehacerenlasierras\/wp-json\/wp\/v2\/users\/1"}],"replies":[{"embeddable":true,"href":"https:\/\/grazalemaguide.com\/quehacerenlasierras\/wp-json\/wp\/v2\/comments?post=462"}],"version-history":[{"count":0,"href":"https:\/\/grazalemaguide.com\/quehacerenlasierras\/wp-json\/wp\/v2\/pages\/462\/revisions"}],"wp:featuredmedia":[{"embeddable":true,"href":"https:\/\/grazalemaguide.com\/quehacerenlasierras\/wp-json\/wp\/v2\/media\/466"}],"wp:attachment":[{"href":"https:\/\/grazalemaguide.com\/quehacerenlasierras\/wp-json\/wp\/v2\/media?parent=462"}],"curies":[{"name":"wp","href":"https:\/\/api.w.org\/{rel}","templated":true}]}}