{"id":469,"date":"2020-06-18T08:26:52","date_gmt":"2020-06-18T08:26:52","guid":{"rendered":"http:\/\/grazalemaguide.com\/quehacerenlasierras\/?page_id=469"},"modified":"2020-10-01T10:33:25","modified_gmt":"2020-10-01T08:33:25","slug":"ronda","status":"publish","type":"page","link":"https:\/\/grazalemaguide.com\/quehacerenlasierras\/ronda\/","title":{"rendered":"Ronda"},"content":{"rendered":"\n<h6 class=\"wp-block-heading\">RONDA \u201cLa ciudad so\u00f1ada\u201d de Andaluc\u00eda<\/h6>\n\n\n\n<p>Una peque\u00f1a ciudad encaramada sobre lo que parece ser una precaria plataforma de roca, Ronda es, en realidad, una fortaleza inexpugnable solamente vencida en la batalla a trav\u00e9s de enga\u00f1os o durante la reconquista con la ayuda del moderno (para la \u00e9poca) ca\u00f1\u00f3n.<\/p>\n\n\n\n<p>Las monta\u00f1as y los valles de la Serran\u00eda  son el hogar de una raza de gente agreste que, sin embargo, en Ronda se refina, algunos son arist\u00f3cratas, otros gitanos, otros tan s\u00f3lo gente com\u00fan, pero todos se autodenominan con orgullo Ronde\u00f1os.<\/p>\n\n\n\n<h4 class=\"wp-block-heading\">Ayuntamiento<\/h4>\n\n\n\n<p>Web: <a rel=\"noreferrer noopener\" href=\"https:\/\/ronda.es\/\" target=\"_blank\">https:\/\/ronda.es\/<\/a><br>Facebook: <a href=\"https:\/\/www.facebook.com\/ayuntamientoderonda\/\" target=\"_blank\" rel=\"noreferrer noopener\">https:\/\/www.facebook.com\/ayuntamientoderonda\/<\/a><\/p>\n\n\n\n<h4 class=\"wp-block-heading\">Oficina de Turismo<\/h4>\n\n\n\n<p>Web: <a rel=\"noreferrer noopener\" href=\"http:\/\/www.turismoderonda.es\/\" target=\"_blank\">http:\/\/www.turismoderonda.es\/<\/a><br>Facebook: <a href=\"https:\/\/www.facebook.com\/Turismo-de-Ronda-221211929166\/\" target=\"_blank\" rel=\"noreferrer noopener\">https:\/\/www.facebook.com\/Turismo-de-Ronda-221211929166\/<\/a><\/p>\n\n\n\n<hr class=\"wp-block-separator has-text-color has-background has-green-background-color has-green-color\"\/>\n\n\n<p>[booking_product_helper shortname=&#8221;ronda&#8221;]<\/p>\n\n\n\n<hr class=\"wp-block-separator has-text-color has-background has-green-background-color has-green-color\"\/>\n\n\n\n<h4 class=\"wp-block-heading\">La Serran\u00eda<\/h4>\n\n\n\n<p>Ronda es la mayor ciudad al norte de la provincia de M\u00e1laga y la m\u00e1s cercana a la mayor\u00eda de los peque\u00f1os pueblos de la provincia de la Sierra de C\u00e1diz, convirti\u00e9ndola en un punto de referencia ideal para explorar la Serran\u00eda.<\/p>\n\n\n\n<p>A tan s\u00f3lo unos pocos kil\u00f3metros de Ronda se encuentran algunos de los Pueblos Blancos m\u00e1s visitados, los famosos Pueblos Blancos de Andaluc\u00eda&#8230;. <a href=\"https:\/\/grazalemaguide.com\/quehacerenlasierras\/setenil-de-las-bodegas\/\">Setenil de las Bodegas<\/a>, <a rel=\"noreferrer noopener\" href=\"http:\/\/grazalemaguide.com\/\" target=\"_blank\">Grazalema<\/a>, <a href=\"https:\/\/grazalemaguide.com\/quehacerenlasierras\/gaucin\/\">Gauc\u00edn<\/a>, <a href=\"https:\/\/grazalemaguide.com\/quehacerenlasierras\/juzcar\/\">J\u00fazcar<\/a>, <a href=\"https:\/\/grazalemaguide.com\/quehacerenlasierras\/benalauria\/\">Benalaur\u00eda<\/a>, <a href=\"https:\/\/grazalemaguide.com\/quehacerenlasierras\/teba\/\">Teba<\/a>, <a href=\"https:\/\/grazalemaguide.com\/quehacerenlasierras\/cortes-de-la-frontera\/\">Cortes de la Frontera<\/a>,<a href=\"https:\/\/grazalemaguide.com\/quehacerenlasierras\/igualeja\/\"> Igualeja<\/a>, y la lista contin\u00faa\u2026<\/p>\n\n\n\n<p>As\u00ed mismo, El &#8220;Ciudad Encantada&#8221; est\u00e1 cerca de tres Parques Naturales: el de <a rel=\"noreferrer noopener\" href=\"http:\/\/wildsideholidays.co.uk\/flowering-plants-may-in-the-sierra-de-grazalema\/\" target=\"_blank\">Grazalema<\/a>, el de los Alcornocales y la Sierra de las Nieves. En la Serran\u00eda tambi\u00e9n se pueden encontrar cuevas prehist\u00f3ricas con pinturas rupestres, en<a href=\"https:\/\/grazalemaguide.com\/quehacerenlasierras\/benaojan\/\"> Benaoj\u00e1n<\/a>; d\u00f3lmenes del neol\u00edtico, en <a href=\"https:\/\/grazalemaguide.com\/quehacerenlasierras\/montecorto\/\">Montecorto<\/a> y, por supuesto, la ciudad romana de Acinipo.<\/p>\n\n\n\n<hr class=\"wp-block-separator has-text-color has-background has-green-background-color has-green-color\"\/>\n\n\n\n<figure class=\"wp-block-image size-large\"><img loading=\"lazy\" decoding=\"async\" width=\"1024\" height=\"683\" src=\"https:\/\/grazalemaguide.com\/quehacerenlasierras\/wp-content\/uploads\/sites\/2\/2020\/06\/view-Sierra-de-Grazalema-from-Ronda.jpg\" alt=\"view Sierra de Grazalema from Ronda\" class=\"wp-image-476\" srcset=\"https:\/\/grazalemaguide.com\/quehacerenlasierras\/wp-content\/uploads\/sites\/2\/2020\/06\/view-Sierra-de-Grazalema-from-Ronda.jpg 1024w, https:\/\/grazalemaguide.com\/quehacerenlasierras\/wp-content\/uploads\/sites\/2\/2020\/06\/view-Sierra-de-Grazalema-from-Ronda-300x200.jpg 300w, https:\/\/grazalemaguide.com\/quehacerenlasierras\/wp-content\/uploads\/sites\/2\/2020\/06\/view-Sierra-de-Grazalema-from-Ronda-768x512.jpg 768w\" sizes=\"auto, (max-width: 1024px) 100vw, 1024px\" \/><figcaption>Sierra de Grazalema<\/figcaption><\/figure>\n\n\n\n<p>\u00bfQu\u00e9 hacer en las Sierras, Serran\u00edas y sus pueblos?<\/p>\n\n\n\n<p>Ferias, fiestas, recreaciones hist\u00f3ricas, rutas de tapas, teatro, rally, deportes, gu\u00edas y actividades<\/p>\n\n\n\n<p><a href=\"https:\/\/grazalemaguide.com\/quehacerenlasierras\/\">Ver el Calendario de Eventos aqui.<\/a><\/p>\n","protected":false},"excerpt":{"rendered":"<p>RONDA \u201cLa ciudad so\u00f1ada\u201d de Andaluc\u00eda Una peque\u00f1a ciudad encaramada sobre lo que parece ser una precaria plataforma de roca, Ronda es, en realidad, una fortaleza inexpugnable solamente vencida en la batalla a trav\u00e9s de enga\u00f1os o durante la reconquista con la ayuda del moderno (para la \u00e9poca) ca\u00f1\u00f3n. Las monta\u00f1as y los valles de &hellip; <a href=\"https:\/\/grazalemaguide.com\/quehacerenlasierras\/ronda\/\" class=\"more-link\">Continue reading <span class=\"screen-reader-text\">Ronda<\/span> <span class=\"meta-nav\">&rarr;<\/span><\/a><\/p>\n","protected":false},"author":1,"featured_media":470,"parent":0,"menu_order":0,"comment_status":"open","ping_status":"closed","template":"","meta":{"footnotes":""},"class_list":["post-469","page","type-page","status-publish","has-post-thumbnail","hentry"],"yoast_head":"<!-- This site is optimized with the Yoast SEO plugin v27.4 - https:\/\/yoast.com\/product\/yoast-seo-wordpress\/ -->\n<title>Ronda - Calendario de eventos en las sierras, serran\u00edas y sus pueblos<\/title>\n<meta name=\"description\" content=\"RONDA \u201cLa ciudad so\u00f1ada\u201d de Andaluc\u00eda. Una peque\u00f1a ciudad encaramada sobre lo que parece ser una precaria plataforma de roca\" \/>\n<meta name=\"robots\" content=\"index, follow, max-snippet:-1, max-image-preview:large, max-video-preview:-1\" \/>\n<link rel=\"canonical\" href=\"https:\/\/grazalemaguide.com\/quehacerenlasierras\/ronda\/\" \/>\n<meta property=\"og:locale\" content=\"en_US\" \/>\n<meta property=\"og:type\" content=\"article\" \/>\n<meta property=\"og:title\" content=\"Ronda - Calendario de eventos en las sierras, serran\u00edas y sus pueblos\" \/>\n<meta property=\"og:description\" content=\"RONDA \u201cLa ciudad so\u00f1ada\u201d de Andaluc\u00eda. Una peque\u00f1a ciudad encaramada sobre lo que parece ser una precaria plataforma de roca\" \/>\n<meta property=\"og:url\" content=\"https:\/\/grazalemaguide.com\/quehacerenlasierras\/ronda\/\" \/>\n<meta property=\"og:site_name\" content=\"Calendario de eventos en las sierras, serran\u00edas y sus pueblos\" \/>\n<meta property=\"article:publisher\" content=\"https:\/\/www.facebook.com\/wildsideholidays\/\" \/>\n<meta property=\"article:modified_time\" content=\"2020-10-01T08:33:25+00:00\" \/>\n<meta property=\"og:image\" content=\"https:\/\/grazalemaguide.com\/quehacerenlasierras\/wp-content\/uploads\/sites\/2\/2020\/06\/alameda.jpg\" \/>\n\t<meta property=\"og:image:width\" content=\"700\" \/>\n\t<meta property=\"og:image:height\" content=\"521\" \/>\n\t<meta property=\"og:image:type\" content=\"image\/jpeg\" \/>\n<meta name=\"twitter:card\" content=\"summary_large_image\" \/>\n<meta name=\"twitter:site\" content=\"@GrazalemaGuide\" \/>\n<meta name=\"twitter:label1\" content=\"Est. reading time\" \/>\n\t<meta name=\"twitter:data1\" content=\"2 minutes\" \/>\n<script type=\"application\/ld+json\" class=\"yoast-schema-graph\">{\"@context\":\"https:\\\/\\\/schema.org\",\"@graph\":[{\"@type\":\"WebPage\",\"@id\":\"https:\\\/\\\/grazalemaguide.com\\\/quehacerenlasierras\\\/ronda\\\/\",\"url\":\"https:\\\/\\\/grazalemaguide.com\\\/quehacerenlasierras\\\/ronda\\\/\",\"name\":\"Ronda - Calendario de eventos en las sierras, serran\u00edas y sus pueblos\",\"isPartOf\":{\"@id\":\"https:\\\/\\\/grazalemaguide.com\\\/quehacerenlasierras\\\/#website\"},\"primaryImageOfPage\":{\"@id\":\"https:\\\/\\\/grazalemaguide.com\\\/quehacerenlasierras\\\/ronda\\\/#primaryimage\"},\"image\":{\"@id\":\"https:\\\/\\\/grazalemaguide.com\\\/quehacerenlasierras\\\/ronda\\\/#primaryimage\"},\"thumbnailUrl\":\"https:\\\/\\\/grazalemaguide.com\\\/quehacerenlasierras\\\/wp-content\\\/uploads\\\/sites\\\/2\\\/2020\\\/06\\\/alameda.jpg\",\"datePublished\":\"2020-06-18T08:26:52+00:00\",\"dateModified\":\"2020-10-01T08:33:25+00:00\",\"description\":\"RONDA \u201cLa ciudad so\u00f1ada\u201d de Andaluc\u00eda. Una peque\u00f1a ciudad encaramada sobre lo que parece ser una precaria plataforma de roca\",\"breadcrumb\":{\"@id\":\"https:\\\/\\\/grazalemaguide.com\\\/quehacerenlasierras\\\/ronda\\\/#breadcrumb\"},\"inLanguage\":\"en-US\",\"potentialAction\":[{\"@type\":\"ReadAction\",\"target\":[\"https:\\\/\\\/grazalemaguide.com\\\/quehacerenlasierras\\\/ronda\\\/\"]}]},{\"@type\":\"ImageObject\",\"inLanguage\":\"en-US\",\"@id\":\"https:\\\/\\\/grazalemaguide.com\\\/quehacerenlasierras\\\/ronda\\\/#primaryimage\",\"url\":\"https:\\\/\\\/grazalemaguide.com\\\/quehacerenlasierras\\\/wp-content\\\/uploads\\\/sites\\\/2\\\/2020\\\/06\\\/alameda.jpg\",\"contentUrl\":\"https:\\\/\\\/grazalemaguide.com\\\/quehacerenlasierras\\\/wp-content\\\/uploads\\\/sites\\\/2\\\/2020\\\/06\\\/alameda.jpg\",\"width\":700,\"height\":521,\"caption\":\"Alameda en Ronda\"},{\"@type\":\"BreadcrumbList\",\"@id\":\"https:\\\/\\\/grazalemaguide.com\\\/quehacerenlasierras\\\/ronda\\\/#breadcrumb\",\"itemListElement\":[{\"@type\":\"ListItem\",\"position\":1,\"name\":\"Home\",\"item\":\"https:\\\/\\\/grazalemaguide.com\\\/quehacerenlasierras\\\/\"},{\"@type\":\"ListItem\",\"position\":2,\"name\":\"Ronda\"}]},{\"@type\":\"WebSite\",\"@id\":\"https:\\\/\\\/grazalemaguide.com\\\/quehacerenlasierras\\\/#website\",\"url\":\"https:\\\/\\\/grazalemaguide.com\\\/quehacerenlasierras\\\/\",\"name\":\"Calendario de eventos en las sierras, serran\u00edas y sus pueblos\",\"description\":\"\u00bfQu\u00e9 hacer en las Sierras, Serran\u00edas y sus pueblos? Ferias, fiestas, recreaciones hist\u00f3ricas, rutas de tapas, teatro, rally, deportes, gu\u00edas y actividades\",\"publisher\":{\"@id\":\"https:\\\/\\\/grazalemaguide.com\\\/quehacerenlasierras\\\/#\\\/schema\\\/person\\\/f24688c26be666f9001ed7cb3d7d2e3a\"},\"potentialAction\":[{\"@type\":\"SearchAction\",\"target\":{\"@type\":\"EntryPoint\",\"urlTemplate\":\"https:\\\/\\\/grazalemaguide.com\\\/quehacerenlasierras\\\/?s={search_term_string}\"},\"query-input\":{\"@type\":\"PropertyValueSpecification\",\"valueRequired\":true,\"valueName\":\"search_term_string\"}}],\"inLanguage\":\"en-US\"},{\"@type\":[\"Person\",\"Organization\"],\"@id\":\"https:\\\/\\\/grazalemaguide.com\\\/quehacerenlasierras\\\/#\\\/schema\\\/person\\\/f24688c26be666f9001ed7cb3d7d2e3a\",\"name\":\"Clive Muir\",\"image\":{\"@type\":\"ImageObject\",\"inLanguage\":\"en-US\",\"@id\":\"https:\\\/\\\/secure.gravatar.com\\\/avatar\\\/0cd1ec277564b2e62b29d49d1c588efa39fbdeed25940f60cb667d96e5c29e1e?s=96&d=mm&r=g\",\"url\":\"https:\\\/\\\/secure.gravatar.com\\\/avatar\\\/0cd1ec277564b2e62b29d49d1c588efa39fbdeed25940f60cb667d96e5c29e1e?s=96&d=mm&r=g\",\"contentUrl\":\"https:\\\/\\\/secure.gravatar.com\\\/avatar\\\/0cd1ec277564b2e62b29d49d1c588efa39fbdeed25940f60cb667d96e5c29e1e?s=96&d=mm&r=g\",\"caption\":\"Clive Muir\"},\"logo\":{\"@id\":\"https:\\\/\\\/secure.gravatar.com\\\/avatar\\\/0cd1ec277564b2e62b29d49d1c588efa39fbdeed25940f60cb667d96e5c29e1e?s=96&d=mm&r=g\"},\"description\":\"I\u2019ve been living in this lovely area of Western Andalucia for the last 20 years or so and dedicate most of my time to the running of English language tourist information websites for the towns of C\u00e1diz, Ronda, Grazalema, the famous or infamous Caminito del Rey, and also Wildside Holidays, which promotes sustainable and eco-friendly businesses running wildlife and walking holidays in Spain. My articles contain affiliate links that will help you reserve a hotel, bus, train or activity in the area. You don't pay more, but by using them you do support this website. Thankyou!\",\"sameAs\":[\"https:\\\/\\\/grazalemaguide.com\\\/\",\"https:\\\/\\\/www.facebook.com\\\/wildsideholidays\\\/\",\"https:\\\/\\\/www.linkedin.com\\\/in\\\/wildsideholidays\\\/\",\"https:\\\/\\\/x.com\\\/https:\\\/\\\/twitter.com\\\/GrazalemaGuide\",\"https:\\\/\\\/www.youtube.com\\\/channel\\\/UC6VDf8hywG6O6F1wgMtfMDw\"]}]}<\/script>\n<!-- \/ Yoast SEO plugin. -->","yoast_head_json":{"title":"Ronda - Calendario de eventos en las sierras, serran\u00edas y sus pueblos","description":"RONDA \u201cLa ciudad so\u00f1ada\u201d de Andaluc\u00eda. Una peque\u00f1a ciudad encaramada sobre lo que parece ser una precaria plataforma de roca","robots":{"index":"index","follow":"follow","max-snippet":"max-snippet:-1","max-image-preview":"max-image-preview:large","max-video-preview":"max-video-preview:-1"},"canonical":"https:\/\/grazalemaguide.com\/quehacerenlasierras\/ronda\/","og_locale":"en_US","og_type":"article","og_title":"Ronda - Calendario de eventos en las sierras, serran\u00edas y sus pueblos","og_description":"RONDA \u201cLa ciudad so\u00f1ada\u201d de Andaluc\u00eda. Una peque\u00f1a ciudad encaramada sobre lo que parece ser una precaria plataforma de roca","og_url":"https:\/\/grazalemaguide.com\/quehacerenlasierras\/ronda\/","og_site_name":"Calendario de eventos en las sierras, serran\u00edas y sus pueblos","article_publisher":"https:\/\/www.facebook.com\/wildsideholidays\/","article_modified_time":"2020-10-01T08:33:25+00:00","og_image":[{"width":700,"height":521,"url":"https:\/\/grazalemaguide.com\/quehacerenlasierras\/wp-content\/uploads\/sites\/2\/2020\/06\/alameda.jpg","type":"image\/jpeg"}],"twitter_card":"summary_large_image","twitter_site":"@GrazalemaGuide","twitter_misc":{"Est. reading time":"2 minutes"},"schema":{"@context":"https:\/\/schema.org","@graph":[{"@type":"WebPage","@id":"https:\/\/grazalemaguide.com\/quehacerenlasierras\/ronda\/","url":"https:\/\/grazalemaguide.com\/quehacerenlasierras\/ronda\/","name":"Ronda - Calendario de eventos en las sierras, serran\u00edas y sus pueblos","isPartOf":{"@id":"https:\/\/grazalemaguide.com\/quehacerenlasierras\/#website"},"primaryImageOfPage":{"@id":"https:\/\/grazalemaguide.com\/quehacerenlasierras\/ronda\/#primaryimage"},"image":{"@id":"https:\/\/grazalemaguide.com\/quehacerenlasierras\/ronda\/#primaryimage"},"thumbnailUrl":"https:\/\/grazalemaguide.com\/quehacerenlasierras\/wp-content\/uploads\/sites\/2\/2020\/06\/alameda.jpg","datePublished":"2020-06-18T08:26:52+00:00","dateModified":"2020-10-01T08:33:25+00:00","description":"RONDA \u201cLa ciudad so\u00f1ada\u201d de Andaluc\u00eda. Una peque\u00f1a ciudad encaramada sobre lo que parece ser una precaria plataforma de roca","breadcrumb":{"@id":"https:\/\/grazalemaguide.com\/quehacerenlasierras\/ronda\/#breadcrumb"},"inLanguage":"en-US","potentialAction":[{"@type":"ReadAction","target":["https:\/\/grazalemaguide.com\/quehacerenlasierras\/ronda\/"]}]},{"@type":"ImageObject","inLanguage":"en-US","@id":"https:\/\/grazalemaguide.com\/quehacerenlasierras\/ronda\/#primaryimage","url":"https:\/\/grazalemaguide.com\/quehacerenlasierras\/wp-content\/uploads\/sites\/2\/2020\/06\/alameda.jpg","contentUrl":"https:\/\/grazalemaguide.com\/quehacerenlasierras\/wp-content\/uploads\/sites\/2\/2020\/06\/alameda.jpg","width":700,"height":521,"caption":"Alameda en Ronda"},{"@type":"BreadcrumbList","@id":"https:\/\/grazalemaguide.com\/quehacerenlasierras\/ronda\/#breadcrumb","itemListElement":[{"@type":"ListItem","position":1,"name":"Home","item":"https:\/\/grazalemaguide.com\/quehacerenlasierras\/"},{"@type":"ListItem","position":2,"name":"Ronda"}]},{"@type":"WebSite","@id":"https:\/\/grazalemaguide.com\/quehacerenlasierras\/#website","url":"https:\/\/grazalemaguide.com\/quehacerenlasierras\/","name":"Calendario de eventos en las sierras, serran\u00edas y sus pueblos","description":"\u00bfQu\u00e9 hacer en las Sierras, Serran\u00edas y sus pueblos? Ferias, fiestas, recreaciones hist\u00f3ricas, rutas de tapas, teatro, rally, deportes, gu\u00edas y actividades","publisher":{"@id":"https:\/\/grazalemaguide.com\/quehacerenlasierras\/#\/schema\/person\/f24688c26be666f9001ed7cb3d7d2e3a"},"potentialAction":[{"@type":"SearchAction","target":{"@type":"EntryPoint","urlTemplate":"https:\/\/grazalemaguide.com\/quehacerenlasierras\/?s={search_term_string}"},"query-input":{"@type":"PropertyValueSpecification","valueRequired":true,"valueName":"search_term_string"}}],"inLanguage":"en-US"},{"@type":["Person","Organization"],"@id":"https:\/\/grazalemaguide.com\/quehacerenlasierras\/#\/schema\/person\/f24688c26be666f9001ed7cb3d7d2e3a","name":"Clive Muir","image":{"@type":"ImageObject","inLanguage":"en-US","@id":"https:\/\/secure.gravatar.com\/avatar\/0cd1ec277564b2e62b29d49d1c588efa39fbdeed25940f60cb667d96e5c29e1e?s=96&d=mm&r=g","url":"https:\/\/secure.gravatar.com\/avatar\/0cd1ec277564b2e62b29d49d1c588efa39fbdeed25940f60cb667d96e5c29e1e?s=96&d=mm&r=g","contentUrl":"https:\/\/secure.gravatar.com\/avatar\/0cd1ec277564b2e62b29d49d1c588efa39fbdeed25940f60cb667d96e5c29e1e?s=96&d=mm&r=g","caption":"Clive Muir"},"logo":{"@id":"https:\/\/secure.gravatar.com\/avatar\/0cd1ec277564b2e62b29d49d1c588efa39fbdeed25940f60cb667d96e5c29e1e?s=96&d=mm&r=g"},"description":"I\u2019ve been living in this lovely area of Western Andalucia for the last 20 years or so and dedicate most of my time to the running of English language tourist information websites for the towns of C\u00e1diz, Ronda, Grazalema, the famous or infamous Caminito del Rey, and also Wildside Holidays, which promotes sustainable and eco-friendly businesses running wildlife and walking holidays in Spain. My articles contain affiliate links that will help you reserve a hotel, bus, train or activity in the area. You don't pay more, but by using them you do support this website. Thankyou!","sameAs":["https:\/\/grazalemaguide.com\/","https:\/\/www.facebook.com\/wildsideholidays\/","https:\/\/www.linkedin.com\/in\/wildsideholidays\/","https:\/\/x.com\/https:\/\/twitter.com\/GrazalemaGuide","https:\/\/www.youtube.com\/channel\/UC6VDf8hywG6O6F1wgMtfMDw"]}]}},"_links":{"self":[{"href":"https:\/\/grazalemaguide.com\/quehacerenlasierras\/wp-json\/wp\/v2\/pages\/469","targetHints":{"allow":["GET"]}}],"collection":[{"href":"https:\/\/grazalemaguide.com\/quehacerenlasierras\/wp-json\/wp\/v2\/pages"}],"about":[{"href":"https:\/\/grazalemaguide.com\/quehacerenlasierras\/wp-json\/wp\/v2\/types\/page"}],"author":[{"embeddable":true,"href":"https:\/\/grazalemaguide.com\/quehacerenlasierras\/wp-json\/wp\/v2\/users\/1"}],"replies":[{"embeddable":true,"href":"https:\/\/grazalemaguide.com\/quehacerenlasierras\/wp-json\/wp\/v2\/comments?post=469"}],"version-history":[{"count":0,"href":"https:\/\/grazalemaguide.com\/quehacerenlasierras\/wp-json\/wp\/v2\/pages\/469\/revisions"}],"wp:featuredmedia":[{"embeddable":true,"href":"https:\/\/grazalemaguide.com\/quehacerenlasierras\/wp-json\/wp\/v2\/media\/470"}],"wp:attachment":[{"href":"https:\/\/grazalemaguide.com\/quehacerenlasierras\/wp-json\/wp\/v2\/media?parent=469"}],"curies":[{"name":"wp","href":"https:\/\/api.w.org\/{rel}","templated":true}]}}