{"id":487,"date":"2020-06-18T09:52:36","date_gmt":"2020-06-18T09:52:36","guid":{"rendered":"http:\/\/grazalemaguide.com\/quehacerenlasierras\/?page_id=487"},"modified":"2020-06-18T09:53:46","modified_gmt":"2020-06-18T09:53:46","slug":"setenil-de-las-bodegas","status":"publish","type":"page","link":"https:\/\/grazalemaguide.com\/quehacerenlasierras\/setenil-de-las-bodegas\/","title":{"rendered":"Setenil de las Bodegas"},"content":{"rendered":"\n<div class=\"wp-block-image\"><figure class=\"alignleft size-large is-resized\"><img decoding=\"async\" src=\"https:\/\/grazalemaguide.com\/quehacerenlasierras\/wp-content\/uploads\/sites\/2\/2020\/06\/Escudo-Setenil-de-las-Bodegas.png\" alt=\"Escudo Setenil de las Bodegas\" class=\"wp-image-490\" width=\"250\" srcset=\"https:\/\/grazalemaguide.com\/quehacerenlasierras\/wp-content\/uploads\/sites\/2\/2020\/06\/Escudo-Setenil-de-las-Bodegas.png 800w, https:\/\/grazalemaguide.com\/quehacerenlasierras\/wp-content\/uploads\/sites\/2\/2020\/06\/Escudo-Setenil-de-las-Bodegas-236x300.png 236w, https:\/\/grazalemaguide.com\/quehacerenlasierras\/wp-content\/uploads\/sites\/2\/2020\/06\/Escudo-Setenil-de-las-Bodegas-768x976.png 768w\" sizes=\"(max-width: 800px) 100vw, 800px\" \/><figcaption>De SanchoPanzaXXI &#8211; Trabajo propio, CC BY-SA 4.0, https:\/\/commons.wikimedia.org\/w\/index.php?curid=4266238<\/figcaption><\/figure><\/div>\n\n\n\n<p>Setenil de las Bodegas es un municipio de la provincia de C\u00e1diz. Su entramado urbano est\u00e1 declarado Conjunto Hist\u00f3rico, cuyo centro est\u00e1 incrustado en el tajo formado por el r\u00edo Guadalporc\u00fan a su paso por la ciudad. Forma parte de la ruta de los pueblos blancos, y est\u00e1 conectado a la l\u00ednea ferroviaria Bobadilla-Algeciras a trav\u00e9s de la estaci\u00f3n de Setenil.<\/p>\n\n\n\n<p>Setenil contin\u00faa desarroll\u00e1ndose siguiendo sus pautas tradicionales de signo fundamentalmente agr\u00edcola, a las que se une el aprovechamiento tur\u00edstico de un pueblo que por lo excepcional de su entramado urbano, la belleza de sus alrededores y lo singular de sus festividades se constituye en uno de los m\u00e1s atractivos municipios de la provincia de C\u00e1diz.<\/p>\n\n\n\n<h4 class=\"wp-block-heading\">Conjunto Hist\u00f3rico-Art\u00edstico.<\/h4>\n\n\n\n<p>El principal atractivo de este municipio lo constituye el mismo pueblo. Declarado Conjunto Hist\u00f3rico-Art\u00edstico en 1985, debido a la belleza y originalidad de su entramado urbano. A trav\u00e9s de una elevada pendiente, el caser\u00edo baja desde el castillo adapt\u00e1ndose al curso del r\u00edo, lo que le confiere una singular disposici\u00f3n con diferentes niveles de altura. En la parte baja los vecinos han aprovechado el tajo creado en la roca por el r\u00edo para construir sus casas. Se trata de un excepcional ejemplo de un tipo de vivienda denominado &#8220;abrigo bajo rocas&#8221; que, a diferencia de otras construcciones semitroglod\u00edticas desarrolladas en Andaluc\u00eda, no excava la roca, sino que se limita a cerrar la pared rocosa y desarrolla la vivienda de forma longitudinal.<\/p>\n\n\n\n<p>M\u00e1s informaci\u00f3n en Wiki<a href=\"https:\/\/es.wikipedia.org\/wiki\/Setenil_de_las_Bodegas\" target=\"_blank\" rel=\"noreferrer noopener\">pedia<\/a><\/p>\n\n\n\n<h4 class=\"wp-block-heading\">Ayuntamiento Setenil de las Bodegas<\/h4>\n\n\n\n<p>Web: <a href=\"https:\/\/www.setenildelasbodegas.es\/\" target=\"_blank\" rel=\"noreferrer noopener\">https:\/\/www.setenildelasbodegas.es\/<\/a><br>Facebook: <a href=\"https:\/\/www.facebook.com\/Ayuntamiento-de-Setenil-de-las-Bodegas-1074267115921615\/\" target=\"_blank\" rel=\"noreferrer noopener\">https:\/\/www.facebook.com\/Ayuntamiento-de-Setenil-de-las-Bodegas-1074267115921615\/<\/a><\/p>\n\n\n\n<hr class=\"wp-block-separator has-text-color has-background has-green-background-color has-green-color\"\/>\n\n\n\n<h4 class=\"wp-block-heading\">Alojamientos en Setenil de las Bodegas<\/h4>\n\n\n<p>[booking_product_helper shortname=&#8221;setenile de la bodegas&#8221;]<\/p>\n\n\n\n<hr class=\"wp-block-separator has-text-color has-background has-green-background-color has-green-color\"\/>\n\n\n\n<h4 class=\"wp-block-heading\">Fiestas<\/h4>\n\n\n\n<p>Entre todas las fiestas del pueblo de Setenil destaca la <strong>Semana Santa, declarada de Inter\u00e9s Tur\u00edstico Nacional de Andaluc\u00eda<\/strong>, que goza de gran arraigo popular y tradici\u00f3n cultural y en la que es singular la rivalidad entre las dos hermandades, la Santa Vera Cruz (los blancos) y Nuestro Padre Jes\u00fas (los negros), rivalidad que se tradujo en la llamada &#8220;guerra de las bandas&#8221;.<\/p>\n\n\n\n<h4 class=\"wp-block-heading\">Semana Santa<\/h4>\n\n\n\n<p>Su origen est\u00e1 ligado al nacimiento de la hermandad de la Santa Vera Cruz en 1551. Entre 1782 y 1863, tiene lugar una escisi\u00f3n de \u00e9sta que dar\u00eda lugar a la Hermandad de Nuestro Padre Jes\u00fas Nazareno y Nuestra Se\u00f1ora de la Soledad, remiti\u00e9ndonos a la tradici\u00f3n oral para encontrar la causa de esta escisi\u00f3n en posibles irreverencias en la imagen de la Soledad. Desde 1985 esta Hermandad, procesiona sin autorizaci\u00f3n eclesi\u00e1stica la tarde del s\u00e1bado santo. Debido al desnivel y estrechez de sus calles, algunas cobijadas por la roca, otras incluso completamente cubiertas, y a lo complicado de su arquitectura urbana, es dif\u00edcil el recorrido procesional, forzando a una limitaci\u00f3n en las dimensiones de los tronos as\u00ed como en el n\u00famero de costaleros; algunos pasos han de ser parcialmente desmontados en alg\u00fan tramo (se quitan varales), e incluso se ensancha alguna calle con pasarelas supletorias.<\/p>\n\n\n\n<p>Otra fiesta destacable es la Romer\u00eda de San Isidro que se celebra en mayo en el Puerto del Monte donde las familias pasan el fin de semana.<\/p>\n\n\n\n<p>Tambi\u00e9n es importante la feria que se celebra en agosto. Durante el d\u00eda la gente <strong>celebra la feria en la calle Cuevas del Sol <\/strong>y durante la noche se trasladan al recinto ferial.<\/p>\n\n\n\n<p>Los patronos de la villa son San Sebasti\u00e1n, el 20 de enero, y la Virgen del Carmen, que disfruta de una procesi\u00f3n, actos lit\u00fargicos y verbena en su honor.<\/p>\n\n\n\n<hr class=\"wp-block-separator has-text-color has-background has-green-background-color has-green-color\"\/>\n\n\n\n<p>\u00bfQu\u00e9 hacer en las Sierras, Serran\u00edas y sus pueblos?<\/p>\n\n\n\n<p>Ferias, fiestas, recreaciones hist\u00f3ricas, rutas de tapas, teatro, rally, deportes, gu\u00edas y actividades<\/p>\n\n\n\n<p><a href=\"https:\/\/grazalemaguide.com\/quehacerenlasierras\/\">Ver el Calendario de Eventos aqui.<\/a><\/p>\n","protected":false},"excerpt":{"rendered":"<p>Setenil de las Bodegas es un municipio de la provincia de C\u00e1diz. Su entramado urbano est\u00e1 declarado Conjunto Hist\u00f3rico, cuyo centro est\u00e1 incrustado en el tajo formado por el r\u00edo Guadalporc\u00fan a su paso por la ciudad. Forma parte de la ruta de los pueblos blancos, y est\u00e1 conectado a la l\u00ednea ferroviaria Bobadilla-Algeciras a &hellip; <a href=\"https:\/\/grazalemaguide.com\/quehacerenlasierras\/setenil-de-las-bodegas\/\" class=\"more-link\">Continue reading <span class=\"screen-reader-text\">Setenil de las Bodegas<\/span> <span class=\"meta-nav\">&rarr;<\/span><\/a><\/p>\n","protected":false},"author":1,"featured_media":491,"parent":0,"menu_order":0,"comment_status":"open","ping_status":"closed","template":"","meta":{"footnotes":""},"class_list":["post-487","page","type-page","status-publish","has-post-thumbnail","hentry"],"yoast_head":"<!-- This site is optimized with the Yoast SEO plugin v27.4 - https:\/\/yoast.com\/product\/yoast-seo-wordpress\/ -->\n<title>Setenil de las Bodegas - Calendario de eventos en las sierras, serran\u00edas y sus pueblos<\/title>\n<meta name=\"description\" content=\"Setenil de las Bodegas. Su entramado urbano est\u00e1 declarado Conjunto Hist\u00f3rico, cuyo centro est\u00e1 incrustado en el tajo formado por el r\u00edo Guadalporc\u00fan\" \/>\n<meta name=\"robots\" content=\"index, follow, max-snippet:-1, max-image-preview:large, max-video-preview:-1\" \/>\n<link rel=\"canonical\" href=\"https:\/\/grazalemaguide.com\/quehacerenlasierras\/setenil-de-las-bodegas\/\" \/>\n<meta property=\"og:locale\" content=\"en_US\" \/>\n<meta property=\"og:type\" content=\"article\" \/>\n<meta property=\"og:title\" content=\"Setenil de las Bodegas - Calendario de eventos en las sierras, serran\u00edas y sus pueblos\" \/>\n<meta property=\"og:description\" content=\"Setenil de las Bodegas. Su entramado urbano est\u00e1 declarado Conjunto Hist\u00f3rico, cuyo centro est\u00e1 incrustado en el tajo formado por el r\u00edo Guadalporc\u00fan\" \/>\n<meta property=\"og:url\" content=\"https:\/\/grazalemaguide.com\/quehacerenlasierras\/setenil-de-las-bodegas\/\" \/>\n<meta property=\"og:site_name\" content=\"Calendario de eventos en las sierras, serran\u00edas y sus pueblos\" \/>\n<meta property=\"article:publisher\" content=\"https:\/\/www.facebook.com\/wildsideholidays\/\" \/>\n<meta property=\"article:modified_time\" content=\"2020-06-18T09:53:46+00:00\" \/>\n<meta property=\"og:image\" content=\"https:\/\/grazalemaguide.com\/quehacerenlasierras\/wp-content\/uploads\/sites\/2\/2020\/06\/Setenil-de-las-Bodegas.jpg\" \/>\n\t<meta property=\"og:image:width\" content=\"1024\" \/>\n\t<meta property=\"og:image:height\" content=\"575\" \/>\n\t<meta property=\"og:image:type\" content=\"image\/jpeg\" \/>\n<meta name=\"twitter:card\" content=\"summary_large_image\" \/>\n<meta name=\"twitter:site\" content=\"@GrazalemaGuide\" \/>\n<meta name=\"twitter:label1\" content=\"Est. reading time\" \/>\n\t<meta name=\"twitter:data1\" content=\"3 minutes\" \/>\n<script type=\"application\/ld+json\" class=\"yoast-schema-graph\">{\"@context\":\"https:\\\/\\\/schema.org\",\"@graph\":[{\"@type\":\"WebPage\",\"@id\":\"https:\\\/\\\/grazalemaguide.com\\\/quehacerenlasierras\\\/setenil-de-las-bodegas\\\/\",\"url\":\"https:\\\/\\\/grazalemaguide.com\\\/quehacerenlasierras\\\/setenil-de-las-bodegas\\\/\",\"name\":\"Setenil de las Bodegas - Calendario de eventos en las sierras, serran\u00edas y sus pueblos\",\"isPartOf\":{\"@id\":\"https:\\\/\\\/grazalemaguide.com\\\/quehacerenlasierras\\\/#website\"},\"primaryImageOfPage\":{\"@id\":\"https:\\\/\\\/grazalemaguide.com\\\/quehacerenlasierras\\\/setenil-de-las-bodegas\\\/#primaryimage\"},\"image\":{\"@id\":\"https:\\\/\\\/grazalemaguide.com\\\/quehacerenlasierras\\\/setenil-de-las-bodegas\\\/#primaryimage\"},\"thumbnailUrl\":\"https:\\\/\\\/grazalemaguide.com\\\/quehacerenlasierras\\\/wp-content\\\/uploads\\\/sites\\\/2\\\/2020\\\/06\\\/Setenil-de-las-Bodegas.jpg\",\"datePublished\":\"2020-06-18T09:52:36+00:00\",\"dateModified\":\"2020-06-18T09:53:46+00:00\",\"description\":\"Setenil de las Bodegas. Su entramado urbano est\u00e1 declarado Conjunto Hist\u00f3rico, cuyo centro est\u00e1 incrustado en el tajo formado por el r\u00edo Guadalporc\u00fan\",\"breadcrumb\":{\"@id\":\"https:\\\/\\\/grazalemaguide.com\\\/quehacerenlasierras\\\/setenil-de-las-bodegas\\\/#breadcrumb\"},\"inLanguage\":\"en-US\",\"potentialAction\":[{\"@type\":\"ReadAction\",\"target\":[\"https:\\\/\\\/grazalemaguide.com\\\/quehacerenlasierras\\\/setenil-de-las-bodegas\\\/\"]}]},{\"@type\":\"ImageObject\",\"inLanguage\":\"en-US\",\"@id\":\"https:\\\/\\\/grazalemaguide.com\\\/quehacerenlasierras\\\/setenil-de-las-bodegas\\\/#primaryimage\",\"url\":\"https:\\\/\\\/grazalemaguide.com\\\/quehacerenlasierras\\\/wp-content\\\/uploads\\\/sites\\\/2\\\/2020\\\/06\\\/Setenil-de-las-Bodegas.jpg\",\"contentUrl\":\"https:\\\/\\\/grazalemaguide.com\\\/quehacerenlasierras\\\/wp-content\\\/uploads\\\/sites\\\/2\\\/2020\\\/06\\\/Setenil-de-las-Bodegas.jpg\",\"width\":1024,\"height\":575,\"caption\":\"Setenil de las Bodegas\"},{\"@type\":\"BreadcrumbList\",\"@id\":\"https:\\\/\\\/grazalemaguide.com\\\/quehacerenlasierras\\\/setenil-de-las-bodegas\\\/#breadcrumb\",\"itemListElement\":[{\"@type\":\"ListItem\",\"position\":1,\"name\":\"Home\",\"item\":\"https:\\\/\\\/grazalemaguide.com\\\/quehacerenlasierras\\\/\"},{\"@type\":\"ListItem\",\"position\":2,\"name\":\"Setenil de las Bodegas\"}]},{\"@type\":\"WebSite\",\"@id\":\"https:\\\/\\\/grazalemaguide.com\\\/quehacerenlasierras\\\/#website\",\"url\":\"https:\\\/\\\/grazalemaguide.com\\\/quehacerenlasierras\\\/\",\"name\":\"Calendario de eventos en las sierras, serran\u00edas y sus pueblos\",\"description\":\"\u00bfQu\u00e9 hacer en las Sierras, Serran\u00edas y sus pueblos? Ferias, fiestas, recreaciones hist\u00f3ricas, rutas de tapas, teatro, rally, deportes, gu\u00edas y actividades\",\"publisher\":{\"@id\":\"https:\\\/\\\/grazalemaguide.com\\\/quehacerenlasierras\\\/#\\\/schema\\\/person\\\/f24688c26be666f9001ed7cb3d7d2e3a\"},\"potentialAction\":[{\"@type\":\"SearchAction\",\"target\":{\"@type\":\"EntryPoint\",\"urlTemplate\":\"https:\\\/\\\/grazalemaguide.com\\\/quehacerenlasierras\\\/?s={search_term_string}\"},\"query-input\":{\"@type\":\"PropertyValueSpecification\",\"valueRequired\":true,\"valueName\":\"search_term_string\"}}],\"inLanguage\":\"en-US\"},{\"@type\":[\"Person\",\"Organization\"],\"@id\":\"https:\\\/\\\/grazalemaguide.com\\\/quehacerenlasierras\\\/#\\\/schema\\\/person\\\/f24688c26be666f9001ed7cb3d7d2e3a\",\"name\":\"Clive Muir\",\"image\":{\"@type\":\"ImageObject\",\"inLanguage\":\"en-US\",\"@id\":\"https:\\\/\\\/secure.gravatar.com\\\/avatar\\\/0cd1ec277564b2e62b29d49d1c588efa39fbdeed25940f60cb667d96e5c29e1e?s=96&d=mm&r=g\",\"url\":\"https:\\\/\\\/secure.gravatar.com\\\/avatar\\\/0cd1ec277564b2e62b29d49d1c588efa39fbdeed25940f60cb667d96e5c29e1e?s=96&d=mm&r=g\",\"contentUrl\":\"https:\\\/\\\/secure.gravatar.com\\\/avatar\\\/0cd1ec277564b2e62b29d49d1c588efa39fbdeed25940f60cb667d96e5c29e1e?s=96&d=mm&r=g\",\"caption\":\"Clive Muir\"},\"logo\":{\"@id\":\"https:\\\/\\\/secure.gravatar.com\\\/avatar\\\/0cd1ec277564b2e62b29d49d1c588efa39fbdeed25940f60cb667d96e5c29e1e?s=96&d=mm&r=g\"},\"description\":\"I\u2019ve been living in this lovely area of Western Andalucia for the last 20 years or so and dedicate most of my time to the running of English language tourist information websites for the towns of C\u00e1diz, Ronda, Grazalema, the famous or infamous Caminito del Rey, and also Wildside Holidays, which promotes sustainable and eco-friendly businesses running wildlife and walking holidays in Spain. My articles contain affiliate links that will help you reserve a hotel, bus, train or activity in the area. You don't pay more, but by using them you do support this website. Thankyou!\",\"sameAs\":[\"https:\\\/\\\/grazalemaguide.com\\\/\",\"https:\\\/\\\/www.facebook.com\\\/wildsideholidays\\\/\",\"https:\\\/\\\/www.linkedin.com\\\/in\\\/wildsideholidays\\\/\",\"https:\\\/\\\/x.com\\\/https:\\\/\\\/twitter.com\\\/GrazalemaGuide\",\"https:\\\/\\\/www.youtube.com\\\/channel\\\/UC6VDf8hywG6O6F1wgMtfMDw\"]}]}<\/script>\n<!-- \/ Yoast SEO plugin. -->","yoast_head_json":{"title":"Setenil de las Bodegas - Calendario de eventos en las sierras, serran\u00edas y sus pueblos","description":"Setenil de las Bodegas. Su entramado urbano est\u00e1 declarado Conjunto Hist\u00f3rico, cuyo centro est\u00e1 incrustado en el tajo formado por el r\u00edo Guadalporc\u00fan","robots":{"index":"index","follow":"follow","max-snippet":"max-snippet:-1","max-image-preview":"max-image-preview:large","max-video-preview":"max-video-preview:-1"},"canonical":"https:\/\/grazalemaguide.com\/quehacerenlasierras\/setenil-de-las-bodegas\/","og_locale":"en_US","og_type":"article","og_title":"Setenil de las Bodegas - Calendario de eventos en las sierras, serran\u00edas y sus pueblos","og_description":"Setenil de las Bodegas. Su entramado urbano est\u00e1 declarado Conjunto Hist\u00f3rico, cuyo centro est\u00e1 incrustado en el tajo formado por el r\u00edo Guadalporc\u00fan","og_url":"https:\/\/grazalemaguide.com\/quehacerenlasierras\/setenil-de-las-bodegas\/","og_site_name":"Calendario de eventos en las sierras, serran\u00edas y sus pueblos","article_publisher":"https:\/\/www.facebook.com\/wildsideholidays\/","article_modified_time":"2020-06-18T09:53:46+00:00","og_image":[{"width":1024,"height":575,"url":"https:\/\/grazalemaguide.com\/quehacerenlasierras\/wp-content\/uploads\/sites\/2\/2020\/06\/Setenil-de-las-Bodegas.jpg","type":"image\/jpeg"}],"twitter_card":"summary_large_image","twitter_site":"@GrazalemaGuide","twitter_misc":{"Est. reading time":"3 minutes"},"schema":{"@context":"https:\/\/schema.org","@graph":[{"@type":"WebPage","@id":"https:\/\/grazalemaguide.com\/quehacerenlasierras\/setenil-de-las-bodegas\/","url":"https:\/\/grazalemaguide.com\/quehacerenlasierras\/setenil-de-las-bodegas\/","name":"Setenil de las Bodegas - Calendario de eventos en las sierras, serran\u00edas y sus pueblos","isPartOf":{"@id":"https:\/\/grazalemaguide.com\/quehacerenlasierras\/#website"},"primaryImageOfPage":{"@id":"https:\/\/grazalemaguide.com\/quehacerenlasierras\/setenil-de-las-bodegas\/#primaryimage"},"image":{"@id":"https:\/\/grazalemaguide.com\/quehacerenlasierras\/setenil-de-las-bodegas\/#primaryimage"},"thumbnailUrl":"https:\/\/grazalemaguide.com\/quehacerenlasierras\/wp-content\/uploads\/sites\/2\/2020\/06\/Setenil-de-las-Bodegas.jpg","datePublished":"2020-06-18T09:52:36+00:00","dateModified":"2020-06-18T09:53:46+00:00","description":"Setenil de las Bodegas. Su entramado urbano est\u00e1 declarado Conjunto Hist\u00f3rico, cuyo centro est\u00e1 incrustado en el tajo formado por el r\u00edo Guadalporc\u00fan","breadcrumb":{"@id":"https:\/\/grazalemaguide.com\/quehacerenlasierras\/setenil-de-las-bodegas\/#breadcrumb"},"inLanguage":"en-US","potentialAction":[{"@type":"ReadAction","target":["https:\/\/grazalemaguide.com\/quehacerenlasierras\/setenil-de-las-bodegas\/"]}]},{"@type":"ImageObject","inLanguage":"en-US","@id":"https:\/\/grazalemaguide.com\/quehacerenlasierras\/setenil-de-las-bodegas\/#primaryimage","url":"https:\/\/grazalemaguide.com\/quehacerenlasierras\/wp-content\/uploads\/sites\/2\/2020\/06\/Setenil-de-las-Bodegas.jpg","contentUrl":"https:\/\/grazalemaguide.com\/quehacerenlasierras\/wp-content\/uploads\/sites\/2\/2020\/06\/Setenil-de-las-Bodegas.jpg","width":1024,"height":575,"caption":"Setenil de las Bodegas"},{"@type":"BreadcrumbList","@id":"https:\/\/grazalemaguide.com\/quehacerenlasierras\/setenil-de-las-bodegas\/#breadcrumb","itemListElement":[{"@type":"ListItem","position":1,"name":"Home","item":"https:\/\/grazalemaguide.com\/quehacerenlasierras\/"},{"@type":"ListItem","position":2,"name":"Setenil de las Bodegas"}]},{"@type":"WebSite","@id":"https:\/\/grazalemaguide.com\/quehacerenlasierras\/#website","url":"https:\/\/grazalemaguide.com\/quehacerenlasierras\/","name":"Calendario de eventos en las sierras, serran\u00edas y sus pueblos","description":"\u00bfQu\u00e9 hacer en las Sierras, Serran\u00edas y sus pueblos? Ferias, fiestas, recreaciones hist\u00f3ricas, rutas de tapas, teatro, rally, deportes, gu\u00edas y actividades","publisher":{"@id":"https:\/\/grazalemaguide.com\/quehacerenlasierras\/#\/schema\/person\/f24688c26be666f9001ed7cb3d7d2e3a"},"potentialAction":[{"@type":"SearchAction","target":{"@type":"EntryPoint","urlTemplate":"https:\/\/grazalemaguide.com\/quehacerenlasierras\/?s={search_term_string}"},"query-input":{"@type":"PropertyValueSpecification","valueRequired":true,"valueName":"search_term_string"}}],"inLanguage":"en-US"},{"@type":["Person","Organization"],"@id":"https:\/\/grazalemaguide.com\/quehacerenlasierras\/#\/schema\/person\/f24688c26be666f9001ed7cb3d7d2e3a","name":"Clive Muir","image":{"@type":"ImageObject","inLanguage":"en-US","@id":"https:\/\/secure.gravatar.com\/avatar\/0cd1ec277564b2e62b29d49d1c588efa39fbdeed25940f60cb667d96e5c29e1e?s=96&d=mm&r=g","url":"https:\/\/secure.gravatar.com\/avatar\/0cd1ec277564b2e62b29d49d1c588efa39fbdeed25940f60cb667d96e5c29e1e?s=96&d=mm&r=g","contentUrl":"https:\/\/secure.gravatar.com\/avatar\/0cd1ec277564b2e62b29d49d1c588efa39fbdeed25940f60cb667d96e5c29e1e?s=96&d=mm&r=g","caption":"Clive Muir"},"logo":{"@id":"https:\/\/secure.gravatar.com\/avatar\/0cd1ec277564b2e62b29d49d1c588efa39fbdeed25940f60cb667d96e5c29e1e?s=96&d=mm&r=g"},"description":"I\u2019ve been living in this lovely area of Western Andalucia for the last 20 years or so and dedicate most of my time to the running of English language tourist information websites for the towns of C\u00e1diz, Ronda, Grazalema, the famous or infamous Caminito del Rey, and also Wildside Holidays, which promotes sustainable and eco-friendly businesses running wildlife and walking holidays in Spain. My articles contain affiliate links that will help you reserve a hotel, bus, train or activity in the area. You don't pay more, but by using them you do support this website. Thankyou!","sameAs":["https:\/\/grazalemaguide.com\/","https:\/\/www.facebook.com\/wildsideholidays\/","https:\/\/www.linkedin.com\/in\/wildsideholidays\/","https:\/\/x.com\/https:\/\/twitter.com\/GrazalemaGuide","https:\/\/www.youtube.com\/channel\/UC6VDf8hywG6O6F1wgMtfMDw"]}]}},"_links":{"self":[{"href":"https:\/\/grazalemaguide.com\/quehacerenlasierras\/wp-json\/wp\/v2\/pages\/487","targetHints":{"allow":["GET"]}}],"collection":[{"href":"https:\/\/grazalemaguide.com\/quehacerenlasierras\/wp-json\/wp\/v2\/pages"}],"about":[{"href":"https:\/\/grazalemaguide.com\/quehacerenlasierras\/wp-json\/wp\/v2\/types\/page"}],"author":[{"embeddable":true,"href":"https:\/\/grazalemaguide.com\/quehacerenlasierras\/wp-json\/wp\/v2\/users\/1"}],"replies":[{"embeddable":true,"href":"https:\/\/grazalemaguide.com\/quehacerenlasierras\/wp-json\/wp\/v2\/comments?post=487"}],"version-history":[{"count":0,"href":"https:\/\/grazalemaguide.com\/quehacerenlasierras\/wp-json\/wp\/v2\/pages\/487\/revisions"}],"wp:featuredmedia":[{"embeddable":true,"href":"https:\/\/grazalemaguide.com\/quehacerenlasierras\/wp-json\/wp\/v2\/media\/491"}],"wp:attachment":[{"href":"https:\/\/grazalemaguide.com\/quehacerenlasierras\/wp-json\/wp\/v2\/media?parent=487"}],"curies":[{"name":"wp","href":"https:\/\/api.w.org\/{rel}","templated":true}]}}