{"id":495,"date":"2020-06-18T10:55:34","date_gmt":"2020-06-18T10:55:34","guid":{"rendered":"http:\/\/grazalemaguide.com\/quehacerenlasierras\/?page_id=495"},"modified":"2020-06-18T10:57:05","modified_gmt":"2020-06-18T10:57:05","slug":"teba","status":"publish","type":"page","link":"https:\/\/grazalemaguide.com\/quehacerenlasierras\/teba\/","title":{"rendered":"Teba"},"content":{"rendered":"\n<div class=\"wp-block-image\"><figure class=\"alignleft size-large is-resized\"><img decoding=\"async\" src=\"https:\/\/grazalemaguide.com\/quehacerenlasierras\/wp-content\/uploads\/sites\/2\/2020\/06\/Escudo-Teba-774x1024.png\" alt=\"Escudo Teba\" class=\"wp-image-497\" width=\"250\" srcset=\"https:\/\/grazalemaguide.com\/quehacerenlasierras\/wp-content\/uploads\/sites\/2\/2020\/06\/Escudo-Teba-774x1024.png 774w, https:\/\/grazalemaguide.com\/quehacerenlasierras\/wp-content\/uploads\/sites\/2\/2020\/06\/Escudo-Teba-227x300.png 227w, https:\/\/grazalemaguide.com\/quehacerenlasierras\/wp-content\/uploads\/sites\/2\/2020\/06\/Escudo-Teba-768x1017.png 768w, https:\/\/grazalemaguide.com\/quehacerenlasierras\/wp-content\/uploads\/sites\/2\/2020\/06\/Escudo-Teba.png 800w\" sizes=\"(max-width: 774px) 100vw, 774px\" \/><figcaption>De Erlenmeyer, CC BY-SA 3.0, https:\/\/commons.wikimedia.org\/w\/index.php?curid=16396180<\/figcaption><\/figure><\/div>\n\n\n\n<p>Teba es villa y municipio de la provincia de M\u00e1laga, en la comunidad aut\u00f3noma de Andaluc\u00eda, Espa\u00f1a. Est\u00e1 situado en el noroeste de la provincia, en la comarca de Guadalteba y dentro del partido judicial de Antequera. <\/p>\n\n\n\n<p>Teba limita al norte con el municipio sevillano de Los Corrales, al norte y al este con el municipio de Campillos; al sur, con Ardales; y al oeste con los t\u00e9rminos municipales de Ca\u00f1ete la Real y Almargen.<\/p>\n\n\n\n<p>Todo el municipio se encuentra en la cuenca del r\u00edo Guadalhorce, siendo los r\u00edos principales el r\u00edo Almargen o de la Venta y el r\u00edo Guadalteba.<\/p>\n\n\n\n<p><a href=\"https:\/\/es.wikipedia.org\/wiki\/Teba\" target=\"_blank\" rel=\"noreferrer noopener\">M\u00e1s informaci\u00f3n en Wikipedia<\/a><\/p>\n\n\n\n<h4 class=\"wp-block-heading\">Ayuntamiento<\/h4>\n\n\n\n<p>Web: <a href=\"http:\/\/www.teba.es\/\" target=\"_blank\" rel=\"noreferrer noopener\">http:\/\/www.teba.es\/<\/a><br>Facebook: <a href=\"https:\/\/www.facebook.com\/TebaAyto\/\" target=\"_blank\" rel=\"noreferrer noopener\">https:\/\/www.facebook.com\/TebaAyto\/<\/a><\/p>\n\n\n\n<hr class=\"wp-block-separator has-text-color has-background has-green-background-color has-green-color\"\/>\n\n\n\n<h2 class=\"wp-block-heading\">Alojamientos<\/h2>\n\n\n<p>[booking_product_helper shortname=&#8221;teba&#8221;]<\/p>\n\n\n\n<hr class=\"wp-block-separator has-text-color has-background has-green-background-color has-green-color\"\/>\n\n\n\n<h4 class=\"wp-block-heading\">Fiestas<\/h4>\n\n\n\n<p>Las fiestas mayores (feria) en honor al <strong>patr\u00f3n del pueblo, Santo Toribio de Li\u00e9bana<\/strong>, se celebran los d\u00edas 10, 11 y 12 de agosto. <\/p>\n\n\n\n<p>Adem\u00e1s se rinde homenaje a la patrona del pueblo, la <strong>Virgen del Rosario<\/strong>, el 7 de octubre. Celebr\u00e1ndose una procesi\u00f3n de la misma por las calles de la localidad.<\/p>\n\n\n\n<p>El fin de semana siguiente al 15 de mayo, salvo que este d\u00eda coincida en fin de semana, tiene lugar una <strong>romer\u00eda en honor de San Isidro Labrador.<\/strong> <\/p>\n\n\n\n<p>El Santo es portado desde el pueblo hasta las Huertas de Guadalteba, lugar tradicionalmente hort\u00edcola en la ribera del r\u00edo Guadalteba, a unos cuatro kil\u00f3metros de la localidad. All\u00ed se celebran todo tipo de actividades festivas durante todo un fin de semana.<\/p>\n\n\n\n<p>Desde 2005, y a ra\u00edz de una iniciativa de la Asociaci\u00f3n para la Defensa del Patrimonio Hist\u00f3rico de Teba (Hisn Atiba), se vienen celebrando las Jornadas de Sir James Douglas en conmemoraci\u00f3n de la muerte de este famoso conde escoc\u00e9s en la toma del Castillo de la Estrella. A lo largo de tres d\u00edas se celebran diversas actividades culturales, l\u00fadicas y festivas con una destacada participaci\u00f3n de la comunidad brit\u00e1nica de la Costa del Sol y Gibraltar. <\/p>\n\n\n\n<h4 class=\"wp-block-heading\">Feria del Queso<\/h4>\n\n\n\n<p>Tambi\u00e9n es destacable la Feria del Queso Artesano, evento en el que se exponen en Teba muestras de las mejores queser\u00edas andaluzas y de otros lugares de Espa\u00f1a. <\/p>\n\n\n\n<p>La Feria-Mercado del Queso Artesano de Teba celebr\u00f3 en 2019 su 19 edici\u00f3n, como un acontecimiento consolidado, tanto para el sector quesero como para los miles de visitantes que a\u00f1o tras a\u00f1o asisten a este evento. <\/p>\n\n\n\n<p>Alrededor de m\u00e1s de cincuenta empresas, la mayor\u00eda queser\u00edas artesanales procedentes de toda Andaluc\u00eda y de otras comunidades aut\u00f3nomas, han compuesto la secci\u00f3n del mercado, siendo \u00e9sta una oportunidad excepcional para adquirir productos de excelente calidad, elaborados de forma totalmente artesanal, por los mejores maestros queseros.<\/p>\n\n\n\n<h4 class=\"wp-block-heading\">Castillo de la Estrella<\/h4>\n\n\n\n<p>El Castillo de la Estrella (Hisn Atiba) es el m\u00e1s grande de la provincia de M\u00e1laga, junto al de Bentomiz. La fortaleza, de la que no existen evidencias arqueol\u00f3gicas relevantes anteriores al periodo almohade, ocupa una superficie de 25.000 m\u00b2 y presenta dos recintos amurallados. El exterior se adapta al terreno, tiene barbacana al noreste y dispone de 18 torres, todas cuadradas excepto una circular situada al noreste y otra octogonal albarrana al norte.\u200b<\/p>\n\n\n\n<h2 class=\"wp-block-heading\">Conjunto del castillo<\/h2>\n\n\n\n<p>Todo el conjunto del castillo ha sido despojado de su valiosa siller\u00eda, de esquinazos y ventanales, aunque en general se encuentra en estado de ruina consolidada. La torre del homenaje ha sido restaurada y dispone de un centro de interpretaci\u00f3n denominado &#8220;Una Cruzada en el Guadalteba&#8221;.<\/p>\n\n\n\n<p>El centro trata el episodio principal ocurrido en 1330, en plena ofensiva cristiana (con un ej\u00e9rcito coaligado de castellanos, leoneses, aragoneses, portugueses al que se le une un grupo de caballeros escoceses) contra los castillos de la frontera granadina (Ca\u00f1ete, Teba, Ardales y Tur\u00f3n). Presenta los datos de esta batalla y su trascendencia durante todo el siglo XIV y XV.<\/p>\n\n\n\n<p>En concreto se menciona la historia de Alfonso XI de Castilla, impulsor de la reconquista de este municipio y del caballero escoc\u00e9s James Douglas. Tras una persecuci\u00f3n a un pu\u00f1ado de jinetes nazar\u00edes que previamente hab\u00edan hostigado el campamento castellano, los caballeros escoceses fueron cercados y muertos por el ej\u00e9rcito del general nazar\u00ed Ozm\u00edn. Este hecho provoc\u00f3 una fuerte contraataque del ej\u00e9rcito cristiano y el posterior cerco del castillo. Tras una batalla donde participaron m\u00e1s de ocho mil hombres de ambos ej\u00e9rcitos, finalmente cay\u00f3 en manos cristianas al final del mes de agosto de 1330.<\/p>\n\n\n\n<p>El conjunto dispone de tres puertas, la principal orientada al oeste, hacia Ronda, y las otras dos, m\u00e1s peque\u00f1as, orientadas al norte y noreste. Sus murallas pertenecen a la \u00e9poca almohade (siglos XII- XIII), aunque la llamada Torre del Homenaje y los restos de la primitiva iglesia de su interior son de \u00e9poca cristiana.<\/p>\n\n\n\n<hr class=\"wp-block-separator has-text-color has-background has-green-background-color has-green-color\"\/>\n\n\n\n<p>\u00bfQu\u00e9 hacer en las Sierras, Serran\u00edas y sus pueblos?<\/p>\n\n\n\n<p>Ferias, fiestas, recreaciones hist\u00f3ricas, rutas de tapas, teatro, rally, deportes, gu\u00edas y actividades<\/p>\n\n\n\n<p><a href=\"https:\/\/grazalemaguide.com\/quehacerenlasierras\/\">Ver el Calendario de Eventos aqui.<\/a><\/p>\n","protected":false},"excerpt":{"rendered":"<p>Teba es villa y municipio de la provincia de M\u00e1laga, en la comunidad aut\u00f3noma de Andaluc\u00eda, Espa\u00f1a. Est\u00e1 situado en el noroeste de la provincia, en la comarca de Guadalteba y dentro del partido judicial de Antequera. Teba limita al norte con el municipio sevillano de Los Corrales, al norte y al este con el &hellip; <a href=\"https:\/\/grazalemaguide.com\/quehacerenlasierras\/teba\/\" class=\"more-link\">Continue reading <span class=\"screen-reader-text\">Teba<\/span> <span class=\"meta-nav\">&rarr;<\/span><\/a><\/p>\n","protected":false},"author":1,"featured_media":498,"parent":0,"menu_order":0,"comment_status":"open","ping_status":"closed","template":"","meta":{"footnotes":""},"class_list":["post-495","page","type-page","status-publish","has-post-thumbnail","hentry"],"yoast_head":"<!-- This site is optimized with the Yoast SEO plugin v27.3 - https:\/\/yoast.com\/product\/yoast-seo-wordpress\/ -->\n<title>Teba - Calendario de eventos en las sierras, serran\u00edas y sus pueblos<\/title>\n<meta name=\"description\" content=\"Todo el municipio de Teba se encuentra en la cuenca del r\u00edo Guadalhorce, siendo los r\u00edos principales el r\u00edo Almargen o de la Venta y el r\u00edo Guadalteba\" \/>\n<meta name=\"robots\" content=\"index, follow, max-snippet:-1, max-image-preview:large, max-video-preview:-1\" \/>\n<link rel=\"canonical\" href=\"https:\/\/grazalemaguide.com\/quehacerenlasierras\/teba\/\" \/>\n<meta property=\"og:locale\" content=\"en_US\" \/>\n<meta property=\"og:type\" content=\"article\" \/>\n<meta property=\"og:title\" content=\"Teba - Calendario de eventos en las sierras, serran\u00edas y sus pueblos\" \/>\n<meta property=\"og:description\" content=\"Todo el municipio de Teba se encuentra en la cuenca del r\u00edo Guadalhorce, siendo los r\u00edos principales el r\u00edo Almargen o de la Venta y el r\u00edo Guadalteba\" \/>\n<meta property=\"og:url\" content=\"https:\/\/grazalemaguide.com\/quehacerenlasierras\/teba\/\" \/>\n<meta property=\"og:site_name\" content=\"Calendario de eventos en las sierras, serran\u00edas y sus pueblos\" \/>\n<meta property=\"article:publisher\" content=\"https:\/\/www.facebook.com\/wildsideholidays\/\" \/>\n<meta property=\"article:modified_time\" content=\"2020-06-18T10:57:05+00:00\" \/>\n<meta property=\"og:image\" content=\"https:\/\/grazalemaguide.com\/quehacerenlasierras\/wp-content\/uploads\/sites\/2\/2020\/06\/Teba.jpg\" \/>\n\t<meta property=\"og:image:width\" content=\"1024\" \/>\n\t<meta property=\"og:image:height\" content=\"576\" \/>\n\t<meta property=\"og:image:type\" content=\"image\/jpeg\" \/>\n<meta name=\"twitter:card\" content=\"summary_large_image\" \/>\n<meta name=\"twitter:site\" content=\"@GrazalemaGuide\" \/>\n<meta name=\"twitter:label1\" content=\"Est. reading time\" \/>\n\t<meta name=\"twitter:data1\" content=\"4 minutes\" \/>\n<script type=\"application\/ld+json\" class=\"yoast-schema-graph\">{\"@context\":\"https:\\\/\\\/schema.org\",\"@graph\":[{\"@type\":\"WebPage\",\"@id\":\"https:\\\/\\\/grazalemaguide.com\\\/quehacerenlasierras\\\/teba\\\/\",\"url\":\"https:\\\/\\\/grazalemaguide.com\\\/quehacerenlasierras\\\/teba\\\/\",\"name\":\"Teba - Calendario de eventos en las sierras, serran\u00edas y sus pueblos\",\"isPartOf\":{\"@id\":\"https:\\\/\\\/grazalemaguide.com\\\/quehacerenlasierras\\\/#website\"},\"primaryImageOfPage\":{\"@id\":\"https:\\\/\\\/grazalemaguide.com\\\/quehacerenlasierras\\\/teba\\\/#primaryimage\"},\"image\":{\"@id\":\"https:\\\/\\\/grazalemaguide.com\\\/quehacerenlasierras\\\/teba\\\/#primaryimage\"},\"thumbnailUrl\":\"https:\\\/\\\/grazalemaguide.com\\\/quehacerenlasierras\\\/wp-content\\\/uploads\\\/sites\\\/2\\\/2020\\\/06\\\/Teba.jpg\",\"datePublished\":\"2020-06-18T10:55:34+00:00\",\"dateModified\":\"2020-06-18T10:57:05+00:00\",\"description\":\"Todo el municipio de Teba se encuentra en la cuenca del r\u00edo Guadalhorce, siendo los r\u00edos principales el r\u00edo Almargen o de la Venta y el r\u00edo Guadalteba\",\"breadcrumb\":{\"@id\":\"https:\\\/\\\/grazalemaguide.com\\\/quehacerenlasierras\\\/teba\\\/#breadcrumb\"},\"inLanguage\":\"en-US\",\"potentialAction\":[{\"@type\":\"ReadAction\",\"target\":[\"https:\\\/\\\/grazalemaguide.com\\\/quehacerenlasierras\\\/teba\\\/\"]}]},{\"@type\":\"ImageObject\",\"inLanguage\":\"en-US\",\"@id\":\"https:\\\/\\\/grazalemaguide.com\\\/quehacerenlasierras\\\/teba\\\/#primaryimage\",\"url\":\"https:\\\/\\\/grazalemaguide.com\\\/quehacerenlasierras\\\/wp-content\\\/uploads\\\/sites\\\/2\\\/2020\\\/06\\\/Teba.jpg\",\"contentUrl\":\"https:\\\/\\\/grazalemaguide.com\\\/quehacerenlasierras\\\/wp-content\\\/uploads\\\/sites\\\/2\\\/2020\\\/06\\\/Teba.jpg\",\"width\":1024,\"height\":576,\"caption\":\"De GueEdiciones - Trabajo propio, CC BY-SA 4.0, https:\\\/\\\/commons.wikimedia.org\\\/w\\\/index.php?curid=91193889\"},{\"@type\":\"BreadcrumbList\",\"@id\":\"https:\\\/\\\/grazalemaguide.com\\\/quehacerenlasierras\\\/teba\\\/#breadcrumb\",\"itemListElement\":[{\"@type\":\"ListItem\",\"position\":1,\"name\":\"Home\",\"item\":\"https:\\\/\\\/grazalemaguide.com\\\/quehacerenlasierras\\\/\"},{\"@type\":\"ListItem\",\"position\":2,\"name\":\"Teba\"}]},{\"@type\":\"WebSite\",\"@id\":\"https:\\\/\\\/grazalemaguide.com\\\/quehacerenlasierras\\\/#website\",\"url\":\"https:\\\/\\\/grazalemaguide.com\\\/quehacerenlasierras\\\/\",\"name\":\"Calendario de eventos en las sierras, serran\u00edas y sus pueblos\",\"description\":\"\u00bfQu\u00e9 hacer en las Sierras, Serran\u00edas y sus pueblos? Ferias, fiestas, recreaciones hist\u00f3ricas, rutas de tapas, teatro, rally, deportes, gu\u00edas y actividades\",\"publisher\":{\"@id\":\"https:\\\/\\\/grazalemaguide.com\\\/quehacerenlasierras\\\/#\\\/schema\\\/person\\\/f24688c26be666f9001ed7cb3d7d2e3a\"},\"potentialAction\":[{\"@type\":\"SearchAction\",\"target\":{\"@type\":\"EntryPoint\",\"urlTemplate\":\"https:\\\/\\\/grazalemaguide.com\\\/quehacerenlasierras\\\/?s={search_term_string}\"},\"query-input\":{\"@type\":\"PropertyValueSpecification\",\"valueRequired\":true,\"valueName\":\"search_term_string\"}}],\"inLanguage\":\"en-US\"},{\"@type\":[\"Person\",\"Organization\"],\"@id\":\"https:\\\/\\\/grazalemaguide.com\\\/quehacerenlasierras\\\/#\\\/schema\\\/person\\\/f24688c26be666f9001ed7cb3d7d2e3a\",\"name\":\"Clive Muir\",\"image\":{\"@type\":\"ImageObject\",\"inLanguage\":\"en-US\",\"@id\":\"https:\\\/\\\/secure.gravatar.com\\\/avatar\\\/0cd1ec277564b2e62b29d49d1c588efa39fbdeed25940f60cb667d96e5c29e1e?s=96&d=mm&r=g\",\"url\":\"https:\\\/\\\/secure.gravatar.com\\\/avatar\\\/0cd1ec277564b2e62b29d49d1c588efa39fbdeed25940f60cb667d96e5c29e1e?s=96&d=mm&r=g\",\"contentUrl\":\"https:\\\/\\\/secure.gravatar.com\\\/avatar\\\/0cd1ec277564b2e62b29d49d1c588efa39fbdeed25940f60cb667d96e5c29e1e?s=96&d=mm&r=g\",\"caption\":\"Clive Muir\"},\"logo\":{\"@id\":\"https:\\\/\\\/secure.gravatar.com\\\/avatar\\\/0cd1ec277564b2e62b29d49d1c588efa39fbdeed25940f60cb667d96e5c29e1e?s=96&d=mm&r=g\"},\"description\":\"I\u2019ve been living in this lovely area of Western Andalucia for the last 20 years or so and dedicate most of my time to the running of English language tourist information websites for the towns of C\u00e1diz, Ronda, Grazalema, the famous or infamous Caminito del Rey, and also Wildside Holidays, which promotes sustainable and eco-friendly businesses running wildlife and walking holidays in Spain. My articles contain affiliate links that will help you reserve a hotel, bus, train or activity in the area. You don't pay more, but by using them you do support this website. Thankyou!\",\"sameAs\":[\"https:\\\/\\\/grazalemaguide.com\\\/\",\"https:\\\/\\\/www.facebook.com\\\/wildsideholidays\\\/\",\"https:\\\/\\\/www.linkedin.com\\\/in\\\/wildsideholidays\\\/\",\"https:\\\/\\\/x.com\\\/https:\\\/\\\/twitter.com\\\/GrazalemaGuide\",\"https:\\\/\\\/www.youtube.com\\\/channel\\\/UC6VDf8hywG6O6F1wgMtfMDw\"]}]}<\/script>\n<!-- \/ Yoast SEO plugin. -->","yoast_head_json":{"title":"Teba - Calendario de eventos en las sierras, serran\u00edas y sus pueblos","description":"Todo el municipio de Teba se encuentra en la cuenca del r\u00edo Guadalhorce, siendo los r\u00edos principales el r\u00edo Almargen o de la Venta y el r\u00edo Guadalteba","robots":{"index":"index","follow":"follow","max-snippet":"max-snippet:-1","max-image-preview":"max-image-preview:large","max-video-preview":"max-video-preview:-1"},"canonical":"https:\/\/grazalemaguide.com\/quehacerenlasierras\/teba\/","og_locale":"en_US","og_type":"article","og_title":"Teba - Calendario de eventos en las sierras, serran\u00edas y sus pueblos","og_description":"Todo el municipio de Teba se encuentra en la cuenca del r\u00edo Guadalhorce, siendo los r\u00edos principales el r\u00edo Almargen o de la Venta y el r\u00edo Guadalteba","og_url":"https:\/\/grazalemaguide.com\/quehacerenlasierras\/teba\/","og_site_name":"Calendario de eventos en las sierras, serran\u00edas y sus pueblos","article_publisher":"https:\/\/www.facebook.com\/wildsideholidays\/","article_modified_time":"2020-06-18T10:57:05+00:00","og_image":[{"width":1024,"height":576,"url":"https:\/\/grazalemaguide.com\/quehacerenlasierras\/wp-content\/uploads\/sites\/2\/2020\/06\/Teba.jpg","type":"image\/jpeg"}],"twitter_card":"summary_large_image","twitter_site":"@GrazalemaGuide","twitter_misc":{"Est. reading time":"4 minutes"},"schema":{"@context":"https:\/\/schema.org","@graph":[{"@type":"WebPage","@id":"https:\/\/grazalemaguide.com\/quehacerenlasierras\/teba\/","url":"https:\/\/grazalemaguide.com\/quehacerenlasierras\/teba\/","name":"Teba - Calendario de eventos en las sierras, serran\u00edas y sus pueblos","isPartOf":{"@id":"https:\/\/grazalemaguide.com\/quehacerenlasierras\/#website"},"primaryImageOfPage":{"@id":"https:\/\/grazalemaguide.com\/quehacerenlasierras\/teba\/#primaryimage"},"image":{"@id":"https:\/\/grazalemaguide.com\/quehacerenlasierras\/teba\/#primaryimage"},"thumbnailUrl":"https:\/\/grazalemaguide.com\/quehacerenlasierras\/wp-content\/uploads\/sites\/2\/2020\/06\/Teba.jpg","datePublished":"2020-06-18T10:55:34+00:00","dateModified":"2020-06-18T10:57:05+00:00","description":"Todo el municipio de Teba se encuentra en la cuenca del r\u00edo Guadalhorce, siendo los r\u00edos principales el r\u00edo Almargen o de la Venta y el r\u00edo Guadalteba","breadcrumb":{"@id":"https:\/\/grazalemaguide.com\/quehacerenlasierras\/teba\/#breadcrumb"},"inLanguage":"en-US","potentialAction":[{"@type":"ReadAction","target":["https:\/\/grazalemaguide.com\/quehacerenlasierras\/teba\/"]}]},{"@type":"ImageObject","inLanguage":"en-US","@id":"https:\/\/grazalemaguide.com\/quehacerenlasierras\/teba\/#primaryimage","url":"https:\/\/grazalemaguide.com\/quehacerenlasierras\/wp-content\/uploads\/sites\/2\/2020\/06\/Teba.jpg","contentUrl":"https:\/\/grazalemaguide.com\/quehacerenlasierras\/wp-content\/uploads\/sites\/2\/2020\/06\/Teba.jpg","width":1024,"height":576,"caption":"De GueEdiciones - Trabajo propio, CC BY-SA 4.0, https:\/\/commons.wikimedia.org\/w\/index.php?curid=91193889"},{"@type":"BreadcrumbList","@id":"https:\/\/grazalemaguide.com\/quehacerenlasierras\/teba\/#breadcrumb","itemListElement":[{"@type":"ListItem","position":1,"name":"Home","item":"https:\/\/grazalemaguide.com\/quehacerenlasierras\/"},{"@type":"ListItem","position":2,"name":"Teba"}]},{"@type":"WebSite","@id":"https:\/\/grazalemaguide.com\/quehacerenlasierras\/#website","url":"https:\/\/grazalemaguide.com\/quehacerenlasierras\/","name":"Calendario de eventos en las sierras, serran\u00edas y sus pueblos","description":"\u00bfQu\u00e9 hacer en las Sierras, Serran\u00edas y sus pueblos? Ferias, fiestas, recreaciones hist\u00f3ricas, rutas de tapas, teatro, rally, deportes, gu\u00edas y actividades","publisher":{"@id":"https:\/\/grazalemaguide.com\/quehacerenlasierras\/#\/schema\/person\/f24688c26be666f9001ed7cb3d7d2e3a"},"potentialAction":[{"@type":"SearchAction","target":{"@type":"EntryPoint","urlTemplate":"https:\/\/grazalemaguide.com\/quehacerenlasierras\/?s={search_term_string}"},"query-input":{"@type":"PropertyValueSpecification","valueRequired":true,"valueName":"search_term_string"}}],"inLanguage":"en-US"},{"@type":["Person","Organization"],"@id":"https:\/\/grazalemaguide.com\/quehacerenlasierras\/#\/schema\/person\/f24688c26be666f9001ed7cb3d7d2e3a","name":"Clive Muir","image":{"@type":"ImageObject","inLanguage":"en-US","@id":"https:\/\/secure.gravatar.com\/avatar\/0cd1ec277564b2e62b29d49d1c588efa39fbdeed25940f60cb667d96e5c29e1e?s=96&d=mm&r=g","url":"https:\/\/secure.gravatar.com\/avatar\/0cd1ec277564b2e62b29d49d1c588efa39fbdeed25940f60cb667d96e5c29e1e?s=96&d=mm&r=g","contentUrl":"https:\/\/secure.gravatar.com\/avatar\/0cd1ec277564b2e62b29d49d1c588efa39fbdeed25940f60cb667d96e5c29e1e?s=96&d=mm&r=g","caption":"Clive Muir"},"logo":{"@id":"https:\/\/secure.gravatar.com\/avatar\/0cd1ec277564b2e62b29d49d1c588efa39fbdeed25940f60cb667d96e5c29e1e?s=96&d=mm&r=g"},"description":"I\u2019ve been living in this lovely area of Western Andalucia for the last 20 years or so and dedicate most of my time to the running of English language tourist information websites for the towns of C\u00e1diz, Ronda, Grazalema, the famous or infamous Caminito del Rey, and also Wildside Holidays, which promotes sustainable and eco-friendly businesses running wildlife and walking holidays in Spain. My articles contain affiliate links that will help you reserve a hotel, bus, train or activity in the area. You don't pay more, but by using them you do support this website. Thankyou!","sameAs":["https:\/\/grazalemaguide.com\/","https:\/\/www.facebook.com\/wildsideholidays\/","https:\/\/www.linkedin.com\/in\/wildsideholidays\/","https:\/\/x.com\/https:\/\/twitter.com\/GrazalemaGuide","https:\/\/www.youtube.com\/channel\/UC6VDf8hywG6O6F1wgMtfMDw"]}]}},"_links":{"self":[{"href":"https:\/\/grazalemaguide.com\/quehacerenlasierras\/wp-json\/wp\/v2\/pages\/495","targetHints":{"allow":["GET"]}}],"collection":[{"href":"https:\/\/grazalemaguide.com\/quehacerenlasierras\/wp-json\/wp\/v2\/pages"}],"about":[{"href":"https:\/\/grazalemaguide.com\/quehacerenlasierras\/wp-json\/wp\/v2\/types\/page"}],"author":[{"embeddable":true,"href":"https:\/\/grazalemaguide.com\/quehacerenlasierras\/wp-json\/wp\/v2\/users\/1"}],"replies":[{"embeddable":true,"href":"https:\/\/grazalemaguide.com\/quehacerenlasierras\/wp-json\/wp\/v2\/comments?post=495"}],"version-history":[{"count":0,"href":"https:\/\/grazalemaguide.com\/quehacerenlasierras\/wp-json\/wp\/v2\/pages\/495\/revisions"}],"wp:featuredmedia":[{"embeddable":true,"href":"https:\/\/grazalemaguide.com\/quehacerenlasierras\/wp-json\/wp\/v2\/media\/498"}],"wp:attachment":[{"href":"https:\/\/grazalemaguide.com\/quehacerenlasierras\/wp-json\/wp\/v2\/media?parent=495"}],"curies":[{"name":"wp","href":"https:\/\/api.w.org\/{rel}","templated":true}]}}