{"id":502,"date":"2020-06-18T11:33:24","date_gmt":"2020-06-18T11:33:24","guid":{"rendered":"http:\/\/grazalemaguide.com\/quehacerenlasierras\/?page_id=502"},"modified":"2020-06-18T11:33:25","modified_gmt":"2020-06-18T11:33:25","slug":"torre-alhaquime","status":"publish","type":"page","link":"https:\/\/grazalemaguide.com\/quehacerenlasierras\/torre-alhaquime\/","title":{"rendered":"Torre Alh\u00e1quime"},"content":{"rendered":"\n<p>Torre Alh\u00e1quime es un municipio de la provincia de C\u00e1diz, Pertenece a la comarca de la Sierra de C\u00e1diz Al noreste de la provincia donde se forma parte de la famosa Ruta de los Pueblos Blancos.<\/p>\n\n\n\n<p>Cuentan las cr\u00f3nicas que Torre Alh\u00e1quime debe su nombre a la familia \u00e1rabe de los Al Hakim, a la que pertenec\u00eda una fortaleza ubicada a cuatro kil\u00f3metros del castillo de Olvera, con el cual se apoyaba mutuamente durante el dominio musulm\u00e1n de Al-Andalus. <\/p>\n\n\n\n<p>Sobre aquel lugar, una loma situada a unos 495 metros sobre el nivel del mar, se hab\u00eda hecho fuerte un caudillo nazar\u00ed que hizo frente a las tropas cristianas en el nordeste de la actual provincia de C\u00e1diz a finales del siglo XV. La Torre de Al Hakim (que en \u00e1rabe significa &#8220;el sabio&#8221; o &#8220;el letrado&#8221;) dio lugar, pues, a la denominaci\u00f3n de Torre Alh\u00e1quime. <\/p>\n\n\n\n<p>En el antiguo emplazamiento de la torre-fortaleza se ubic\u00f3 hasta hace poco tiempo el cementerio de la localidad. Alrededor de esta fortaleza musulmana fue creciendo el n\u00facleo urbano del actual municipio, y lo hizo de un modo muy peculiar: en una disposici\u00f3n de c\u00edrculos conc\u00e9ntricos, para salvar en lo posible la pendiente.<\/p>\n\n\n\n<h4 class=\"wp-block-heading\">Bandolerismo<\/h4>\n\n\n\n<p>El bandolerismo andaluz hizo presencia en Torre Alh\u00e1quime durante el siglo XIX. Menci\u00f3n especial merece Jos\u00e9 Mar\u00eda &#8220;El Tempranillo&#8221;, quien tuvo una estrecha relaci\u00f3n con esta localidad, donde contrajo matrimonio y vio nacer a su hijo.1\u200b En la actualidad, en pleno casco antiguo de la localidad, a\u00fan se conserva la vivienda que habit\u00f3 el bandolero y su familia durante su estancia en el municipio.<\/p>\n\n\n\n<p><a href=\"https:\/\/es.wikipedia.org\/wiki\/Torre_Alh%C3%A1quime\" target=\"_blank\" rel=\"noreferrer noopener\">M\u00e1s informaci\u00f3n en Wikipedia<\/a><\/p>\n\n\n\n<h4 class=\"wp-block-heading\">Ayuntamiento<\/h4>\n\n\n\n<p>Web: <a href=\"https:\/\/www.torrealhaquime.es\/\" target=\"_blank\" rel=\"noreferrer noopener\">https:\/\/www.torrealhaquime.es\/<\/a><br>Facebook:<\/p>\n\n\n\n<hr class=\"wp-block-separator has-text-color has-background has-green-background-color has-green-color\"\/>\n\n\n\n<h4 class=\"wp-block-heading\">Alojamientos en Torre Alhaquime<\/h4>\n\n\n<p>[booking_product_helper shortname=&#8221;torre alhaquime&#8221;]<\/p>\n\n\n\n<hr class=\"wp-block-separator has-text-color has-background has-green-background-color has-green-color\"\/>\n\n\n\n<h2 class=\"wp-block-heading\">Fiestas<\/h2>\n\n\n\n<h4 class=\"wp-block-heading\">Reyes Magos<\/h4>\n\n\n\n<p>Durante la tarde del cinco de enero tiene lugar la tradicional Cabalgata de Reyes Magos, que parte desde el colegio del municipio hasta llegar a la plaza de la iglesia, lugar donde los ni\u00f1os del pueblo reciben caramelos y regalos. A la ma\u00f1ana siguiente es tradici\u00f3n el que los ni\u00f1os salgan con sus familias por las calles del pueblo a estrenar sus regalos.<\/p>\n\n\n\n<h4 class=\"wp-block-heading\">Carnaval<\/h4>\n\n\n\n<p>Se suele celebrar durante el mes de febrero. La duraci\u00f3n de la fiesta suele ser de un fin de semana. Normalmente durante el viernes y el s\u00e1bado tienen lugar los pasacalles, en los que ni\u00f1os y mayores del pueblo se disfrazan y llenan las calles de originales disfraces, coplas y humor. El domingo se celebra la famosa Choriz\u00e1, evento que tiene lugar durante el mediod\u00eda y en el que vecinos y visitantes disfrutan de actuaciones de diversas chirigotas mientras degustan chorizos caseros y comida t\u00edpica al aire libre. El carnaval se clausura con la entrega del premio al mejor disfraz de las fiestas. Hasta hace unos a\u00f1os tambi\u00e9n se sol\u00edan elegir ninfas del carnaval.<\/p>\n\n\n\n<h2 class=\"wp-block-heading\">Semana Santa<\/h2>\n\n\n\n<p>La Semana Santa en Torre Alh\u00e1quime comienza con la celebraci\u00f3n de diversos viacrucis a partir de la Cuaresma. Los d\u00edas m\u00e1s destacados son: Jueves Santo, Viernes Santo y Domingo de Resurrecci\u00f3n. Los cortejos procesionales corren a cargo de la Hermandad Nuestra Se\u00f1ora de la Antigua, \u00fanica cofrad\u00eda del municipio, con sede en la iglesia parroquial del mismo nombre. Lo realmente interesante de esta fiesta es ver c\u00f3mo los peque\u00f1os cortejos procesionales desfilan por las estrechas calles y pendientes de esta peque\u00f1a localidad. Tambi\u00e9n son caracter\u00edsticas las saetas cantadas y compuestas por los propios vecinos de la localidad.<br>Jueves Santo<\/p>\n\n\n\n<p>La tarde del Jueves Santo inaugura los cortejos procesionales de la localidad. Se procesionan las im\u00e1genes titulares del Sant\u00edsimo Cristo Crucificado y Nuestra Se\u00f1ora de los Dolores, tallas de gran valor hist\u00f3rico. Asimismo, desde la Semana Santa de 2016, acompa\u00f1a al cortejo procesional la Banda de La Legi\u00f3n de San Pedro de Alc\u00e1ntara.<\/p>\n\n\n\n<h4 class=\"wp-block-heading\">Viernes Santo: Procesi\u00f3n del Silencio<\/h4>\n\n\n\n<p>Tiene lugar durante la madrugada del Viernes al S\u00e1bado Santo. Se trata de la procesi\u00f3n m\u00e1s emblem\u00e1tica y respetuosa de la Semana Santa torre\u00f1a. La tradici\u00f3n manda que durante esta procesi\u00f3n se apaguen las luces del pueblo y se guarde silencio absoluto, creando as\u00ed un escenario caracterizado por la iluminaci\u00f3n de las velas que portan los vecinos y por el sonido mon\u00f3tono de los tambores. Se procesionan las im\u00e1genes titulares de El Santo Entierro y Nuestra Se\u00f1ora de los Dolores en su mayor luto.<\/p>\n\n\n\n<h4 class=\"wp-block-heading\">Domingo de Resurrecci\u00f3n: La Carrerita de San Juan<\/h4>\n\n\n\n<p>Si algo caracteriza a la Semana Santa de Torre Alh\u00e1quime es la tradicional Carrerita de San Juan. Tiene lugar durante la procesi\u00f3n del Domingo de Resurrecci\u00f3n, que se celebra al mediod\u00eda y en la que se procesionan las im\u00e1genes titulares de El Resucitado, Mar\u00eda Inmaculada y San Juan Evangelista. Lo m\u00e1s caracter\u00edstico de la procesi\u00f3n se produce en plena plaza del pueblo, cuya larga avenida acoge el encuentro de las tres im\u00e1genes entre aplausos y &#8220;bailes&#8221; de los pasos. El encuentro se produce una vez que las im\u00e1genes de San Juan Evangelista, portada por mujeres, y de Mar\u00eda Inmaculada han realizado una &#8220;carrera&#8221; a lo largo de la avenida hasta llegar al punto de encuentro con la imagen de Cristo Resucitado. A continuaci\u00f3n, tiene lugar la procesi\u00f3n por el pueblo hasta que el encierro en la parroquia pone punto final a la Semana Santa torre\u00f1a.<\/p>\n\n\n\n<h4 class=\"wp-block-heading\">Romer\u00eda de San Juan<\/h4>\n\n\n\n<p>Se celebra cada 24 de junio en el complejo recreativo El Molino de Trejo, a las afueras de la localidad, en la vega del r\u00edo Guadalporc\u00fan. Comienza con la procesi\u00f3n de la imagen de San Juan Bautista, que es portada desde la iglesia parroquial hasta la ermita situada en El Molino de Trejo. Esto es lo que se suele denominar El Camino, alegre cortejo en el que carrozas, coplas y vecinos acompa\u00f1an a la imagen hasta su ermita. Una vez all\u00ed se procede a celebrar la misa para dar paso, a continuaci\u00f3n, a la convivencia de los vecinos. Durante todo el d\u00eda los romeros conviven a orillas del r\u00edo, entre cantos, risas y degustando comida tradicional.<\/p>\n\n\n\n<h4 class=\"wp-block-heading\">Feria y fiestas de San Roque<\/h4>\n\n\n\n<p>Se suele celebrar el segundo fin de semana de agosto, coincidiendo con el d\u00eda del patr\u00f3n de la localidad (16 de agosto), San Roque. Durante tres d\u00edas, la localidad de Torre Alh\u00e1quime acoge a numerosos vecinos que vuelven a su pueblo para disfrutar de las fiestas. Son unos d\u00edas en los que la m\u00fasica, los bares y la convivencia adquieren el protagonismo en la localidad. El d\u00eda principal es el d\u00eda del patr\u00f3n San Roque, en el que tiene lugar la procesi\u00f3n de la imagen, que es acompa\u00f1ada por los vecinos, el alcalde y las reinas y damas de las fiestas, al ritmo de alegre m\u00fasica, sevillanas y fuegos artificiales.<\/p>\n\n\n\n<hr class=\"wp-block-separator has-text-color has-background has-green-background-color has-green-color\"\/>\n\n\n\n<p>\u00bfQu\u00e9 hacer en las Sierras, Serran\u00edas y sus pueblos?<\/p>\n\n\n\n<p>Ferias, fiestas, recreaciones hist\u00f3ricas, rutas de tapas, teatro, rally, deportes, gu\u00edas y actividades<\/p>\n\n\n\n<p><a href=\"https:\/\/grazalemaguide.com\/quehacerenlasierras\/\">Ver el Calendario de Eventos aqui.<\/a><\/p>\n","protected":false},"excerpt":{"rendered":"<p>Torre Alh\u00e1quime es un municipio de la provincia de C\u00e1diz, Pertenece a la comarca de la Sierra de C\u00e1diz Al noreste de la provincia donde se forma parte de la famosa Ruta de los Pueblos Blancos. Cuentan las cr\u00f3nicas que Torre Alh\u00e1quime debe su nombre a la familia \u00e1rabe de los Al Hakim, a la &hellip; <a href=\"https:\/\/grazalemaguide.com\/quehacerenlasierras\/torre-alhaquime\/\" class=\"more-link\">Continue reading <span class=\"screen-reader-text\">Torre Alh\u00e1quime<\/span> <span class=\"meta-nav\">&rarr;<\/span><\/a><\/p>\n","protected":false},"author":1,"featured_media":505,"parent":0,"menu_order":0,"comment_status":"open","ping_status":"closed","template":"","meta":{"footnotes":""},"class_list":["post-502","page","type-page","status-publish","has-post-thumbnail","hentry"],"yoast_head":"<!-- This site is optimized with the Yoast SEO plugin v27.4 - https:\/\/yoast.com\/product\/yoast-seo-wordpress\/ -->\n<title>Torre Alh\u00e1quime - Calendario de eventos en las sierras, serran\u00edas y sus pueblos<\/title>\n<meta name=\"description\" content=\"Torre Alh\u00e1quime, Pertenece a la comarca de la Sierra de C\u00e1diz Al noreste de la provincia donde se forma parte de la famosa Ruta de los Pueblos Blancos.\" \/>\n<meta name=\"robots\" content=\"index, follow, max-snippet:-1, max-image-preview:large, max-video-preview:-1\" \/>\n<link rel=\"canonical\" href=\"https:\/\/grazalemaguide.com\/quehacerenlasierras\/torre-alhaquime\/\" \/>\n<meta property=\"og:locale\" content=\"en_US\" \/>\n<meta property=\"og:type\" content=\"article\" \/>\n<meta property=\"og:title\" content=\"Torre Alh\u00e1quime - Calendario de eventos en las sierras, serran\u00edas y sus pueblos\" \/>\n<meta property=\"og:description\" content=\"Torre Alh\u00e1quime, Pertenece a la comarca de la Sierra de C\u00e1diz Al noreste de la provincia donde se forma parte de la famosa Ruta de los Pueblos Blancos.\" \/>\n<meta property=\"og:url\" content=\"https:\/\/grazalemaguide.com\/quehacerenlasierras\/torre-alhaquime\/\" \/>\n<meta property=\"og:site_name\" content=\"Calendario de eventos en las sierras, serran\u00edas y sus pueblos\" \/>\n<meta property=\"article:publisher\" content=\"https:\/\/www.facebook.com\/wildsideholidays\/\" \/>\n<meta property=\"article:modified_time\" content=\"2020-06-18T11:33:25+00:00\" \/>\n<meta property=\"og:image\" content=\"https:\/\/grazalemaguide.com\/quehacerenlasierras\/wp-content\/uploads\/sites\/2\/2020\/06\/Torre-Alh\u00e1quime.jpg\" \/>\n\t<meta property=\"og:image:width\" content=\"1024\" \/>\n\t<meta property=\"og:image:height\" content=\"685\" \/>\n\t<meta property=\"og:image:type\" content=\"image\/jpeg\" \/>\n<meta name=\"twitter:card\" content=\"summary_large_image\" \/>\n<meta name=\"twitter:site\" content=\"@GrazalemaGuide\" \/>\n<meta name=\"twitter:label1\" content=\"Est. reading time\" \/>\n\t<meta name=\"twitter:data1\" content=\"6 minutes\" \/>\n<script type=\"application\/ld+json\" class=\"yoast-schema-graph\">{\"@context\":\"https:\\\/\\\/schema.org\",\"@graph\":[{\"@type\":\"WebPage\",\"@id\":\"https:\\\/\\\/grazalemaguide.com\\\/quehacerenlasierras\\\/torre-alhaquime\\\/\",\"url\":\"https:\\\/\\\/grazalemaguide.com\\\/quehacerenlasierras\\\/torre-alhaquime\\\/\",\"name\":\"Torre Alh\u00e1quime - Calendario de eventos en las sierras, serran\u00edas y sus pueblos\",\"isPartOf\":{\"@id\":\"https:\\\/\\\/grazalemaguide.com\\\/quehacerenlasierras\\\/#website\"},\"primaryImageOfPage\":{\"@id\":\"https:\\\/\\\/grazalemaguide.com\\\/quehacerenlasierras\\\/torre-alhaquime\\\/#primaryimage\"},\"image\":{\"@id\":\"https:\\\/\\\/grazalemaguide.com\\\/quehacerenlasierras\\\/torre-alhaquime\\\/#primaryimage\"},\"thumbnailUrl\":\"https:\\\/\\\/grazalemaguide.com\\\/quehacerenlasierras\\\/wp-content\\\/uploads\\\/sites\\\/2\\\/2020\\\/06\\\/Torre-Alh\u00e1quime.jpg\",\"datePublished\":\"2020-06-18T11:33:24+00:00\",\"dateModified\":\"2020-06-18T11:33:25+00:00\",\"description\":\"Torre Alh\u00e1quime, Pertenece a la comarca de la Sierra de C\u00e1diz Al noreste de la provincia donde se forma parte de la famosa Ruta de los Pueblos Blancos.\",\"breadcrumb\":{\"@id\":\"https:\\\/\\\/grazalemaguide.com\\\/quehacerenlasierras\\\/torre-alhaquime\\\/#breadcrumb\"},\"inLanguage\":\"en-US\",\"potentialAction\":[{\"@type\":\"ReadAction\",\"target\":[\"https:\\\/\\\/grazalemaguide.com\\\/quehacerenlasierras\\\/torre-alhaquime\\\/\"]}]},{\"@type\":\"ImageObject\",\"inLanguage\":\"en-US\",\"@id\":\"https:\\\/\\\/grazalemaguide.com\\\/quehacerenlasierras\\\/torre-alhaquime\\\/#primaryimage\",\"url\":\"https:\\\/\\\/grazalemaguide.com\\\/quehacerenlasierras\\\/wp-content\\\/uploads\\\/sites\\\/2\\\/2020\\\/06\\\/Torre-Alh\u00e1quime.jpg\",\"contentUrl\":\"https:\\\/\\\/grazalemaguide.com\\\/quehacerenlasierras\\\/wp-content\\\/uploads\\\/sites\\\/2\\\/2020\\\/06\\\/Torre-Alh\u00e1quime.jpg\",\"width\":1024,\"height\":685,\"caption\":\"De El Pantera - Trabajo propio, CC BY-SA 2.5, https:\\\/\\\/commons.wikimedia.org\\\/w\\\/index.php?curid=9383508\"},{\"@type\":\"BreadcrumbList\",\"@id\":\"https:\\\/\\\/grazalemaguide.com\\\/quehacerenlasierras\\\/torre-alhaquime\\\/#breadcrumb\",\"itemListElement\":[{\"@type\":\"ListItem\",\"position\":1,\"name\":\"Home\",\"item\":\"https:\\\/\\\/grazalemaguide.com\\\/quehacerenlasierras\\\/\"},{\"@type\":\"ListItem\",\"position\":2,\"name\":\"Torre Alh\u00e1quime\"}]},{\"@type\":\"WebSite\",\"@id\":\"https:\\\/\\\/grazalemaguide.com\\\/quehacerenlasierras\\\/#website\",\"url\":\"https:\\\/\\\/grazalemaguide.com\\\/quehacerenlasierras\\\/\",\"name\":\"Calendario de eventos en las sierras, serran\u00edas y sus pueblos\",\"description\":\"\u00bfQu\u00e9 hacer en las Sierras, Serran\u00edas y sus pueblos? Ferias, fiestas, recreaciones hist\u00f3ricas, rutas de tapas, teatro, rally, deportes, gu\u00edas y actividades\",\"publisher\":{\"@id\":\"https:\\\/\\\/grazalemaguide.com\\\/quehacerenlasierras\\\/#\\\/schema\\\/person\\\/f24688c26be666f9001ed7cb3d7d2e3a\"},\"potentialAction\":[{\"@type\":\"SearchAction\",\"target\":{\"@type\":\"EntryPoint\",\"urlTemplate\":\"https:\\\/\\\/grazalemaguide.com\\\/quehacerenlasierras\\\/?s={search_term_string}\"},\"query-input\":{\"@type\":\"PropertyValueSpecification\",\"valueRequired\":true,\"valueName\":\"search_term_string\"}}],\"inLanguage\":\"en-US\"},{\"@type\":[\"Person\",\"Organization\"],\"@id\":\"https:\\\/\\\/grazalemaguide.com\\\/quehacerenlasierras\\\/#\\\/schema\\\/person\\\/f24688c26be666f9001ed7cb3d7d2e3a\",\"name\":\"Clive Muir\",\"image\":{\"@type\":\"ImageObject\",\"inLanguage\":\"en-US\",\"@id\":\"https:\\\/\\\/secure.gravatar.com\\\/avatar\\\/0cd1ec277564b2e62b29d49d1c588efa39fbdeed25940f60cb667d96e5c29e1e?s=96&d=mm&r=g\",\"url\":\"https:\\\/\\\/secure.gravatar.com\\\/avatar\\\/0cd1ec277564b2e62b29d49d1c588efa39fbdeed25940f60cb667d96e5c29e1e?s=96&d=mm&r=g\",\"contentUrl\":\"https:\\\/\\\/secure.gravatar.com\\\/avatar\\\/0cd1ec277564b2e62b29d49d1c588efa39fbdeed25940f60cb667d96e5c29e1e?s=96&d=mm&r=g\",\"caption\":\"Clive Muir\"},\"logo\":{\"@id\":\"https:\\\/\\\/secure.gravatar.com\\\/avatar\\\/0cd1ec277564b2e62b29d49d1c588efa39fbdeed25940f60cb667d96e5c29e1e?s=96&d=mm&r=g\"},\"description\":\"I\u2019ve been living in this lovely area of Western Andalucia for the last 20 years or so and dedicate most of my time to the running of English language tourist information websites for the towns of C\u00e1diz, Ronda, Grazalema, the famous or infamous Caminito del Rey, and also Wildside Holidays, which promotes sustainable and eco-friendly businesses running wildlife and walking holidays in Spain. My articles contain affiliate links that will help you reserve a hotel, bus, train or activity in the area. You don't pay more, but by using them you do support this website. Thankyou!\",\"sameAs\":[\"https:\\\/\\\/grazalemaguide.com\\\/\",\"https:\\\/\\\/www.facebook.com\\\/wildsideholidays\\\/\",\"https:\\\/\\\/www.linkedin.com\\\/in\\\/wildsideholidays\\\/\",\"https:\\\/\\\/x.com\\\/https:\\\/\\\/twitter.com\\\/GrazalemaGuide\",\"https:\\\/\\\/www.youtube.com\\\/channel\\\/UC6VDf8hywG6O6F1wgMtfMDw\"]}]}<\/script>\n<!-- \/ Yoast SEO plugin. -->","yoast_head_json":{"title":"Torre Alh\u00e1quime - Calendario de eventos en las sierras, serran\u00edas y sus pueblos","description":"Torre Alh\u00e1quime, Pertenece a la comarca de la Sierra de C\u00e1diz Al noreste de la provincia donde se forma parte de la famosa Ruta de los Pueblos Blancos.","robots":{"index":"index","follow":"follow","max-snippet":"max-snippet:-1","max-image-preview":"max-image-preview:large","max-video-preview":"max-video-preview:-1"},"canonical":"https:\/\/grazalemaguide.com\/quehacerenlasierras\/torre-alhaquime\/","og_locale":"en_US","og_type":"article","og_title":"Torre Alh\u00e1quime - Calendario de eventos en las sierras, serran\u00edas y sus pueblos","og_description":"Torre Alh\u00e1quime, Pertenece a la comarca de la Sierra de C\u00e1diz Al noreste de la provincia donde se forma parte de la famosa Ruta de los Pueblos Blancos.","og_url":"https:\/\/grazalemaguide.com\/quehacerenlasierras\/torre-alhaquime\/","og_site_name":"Calendario de eventos en las sierras, serran\u00edas y sus pueblos","article_publisher":"https:\/\/www.facebook.com\/wildsideholidays\/","article_modified_time":"2020-06-18T11:33:25+00:00","og_image":[{"width":1024,"height":685,"url":"https:\/\/grazalemaguide.com\/quehacerenlasierras\/wp-content\/uploads\/sites\/2\/2020\/06\/Torre-Alh\u00e1quime.jpg","type":"image\/jpeg"}],"twitter_card":"summary_large_image","twitter_site":"@GrazalemaGuide","twitter_misc":{"Est. reading time":"6 minutes"},"schema":{"@context":"https:\/\/schema.org","@graph":[{"@type":"WebPage","@id":"https:\/\/grazalemaguide.com\/quehacerenlasierras\/torre-alhaquime\/","url":"https:\/\/grazalemaguide.com\/quehacerenlasierras\/torre-alhaquime\/","name":"Torre Alh\u00e1quime - Calendario de eventos en las sierras, serran\u00edas y sus pueblos","isPartOf":{"@id":"https:\/\/grazalemaguide.com\/quehacerenlasierras\/#website"},"primaryImageOfPage":{"@id":"https:\/\/grazalemaguide.com\/quehacerenlasierras\/torre-alhaquime\/#primaryimage"},"image":{"@id":"https:\/\/grazalemaguide.com\/quehacerenlasierras\/torre-alhaquime\/#primaryimage"},"thumbnailUrl":"https:\/\/grazalemaguide.com\/quehacerenlasierras\/wp-content\/uploads\/sites\/2\/2020\/06\/Torre-Alh\u00e1quime.jpg","datePublished":"2020-06-18T11:33:24+00:00","dateModified":"2020-06-18T11:33:25+00:00","description":"Torre Alh\u00e1quime, Pertenece a la comarca de la Sierra de C\u00e1diz Al noreste de la provincia donde se forma parte de la famosa Ruta de los Pueblos Blancos.","breadcrumb":{"@id":"https:\/\/grazalemaguide.com\/quehacerenlasierras\/torre-alhaquime\/#breadcrumb"},"inLanguage":"en-US","potentialAction":[{"@type":"ReadAction","target":["https:\/\/grazalemaguide.com\/quehacerenlasierras\/torre-alhaquime\/"]}]},{"@type":"ImageObject","inLanguage":"en-US","@id":"https:\/\/grazalemaguide.com\/quehacerenlasierras\/torre-alhaquime\/#primaryimage","url":"https:\/\/grazalemaguide.com\/quehacerenlasierras\/wp-content\/uploads\/sites\/2\/2020\/06\/Torre-Alh\u00e1quime.jpg","contentUrl":"https:\/\/grazalemaguide.com\/quehacerenlasierras\/wp-content\/uploads\/sites\/2\/2020\/06\/Torre-Alh\u00e1quime.jpg","width":1024,"height":685,"caption":"De El Pantera - Trabajo propio, CC BY-SA 2.5, https:\/\/commons.wikimedia.org\/w\/index.php?curid=9383508"},{"@type":"BreadcrumbList","@id":"https:\/\/grazalemaguide.com\/quehacerenlasierras\/torre-alhaquime\/#breadcrumb","itemListElement":[{"@type":"ListItem","position":1,"name":"Home","item":"https:\/\/grazalemaguide.com\/quehacerenlasierras\/"},{"@type":"ListItem","position":2,"name":"Torre Alh\u00e1quime"}]},{"@type":"WebSite","@id":"https:\/\/grazalemaguide.com\/quehacerenlasierras\/#website","url":"https:\/\/grazalemaguide.com\/quehacerenlasierras\/","name":"Calendario de eventos en las sierras, serran\u00edas y sus pueblos","description":"\u00bfQu\u00e9 hacer en las Sierras, Serran\u00edas y sus pueblos? Ferias, fiestas, recreaciones hist\u00f3ricas, rutas de tapas, teatro, rally, deportes, gu\u00edas y actividades","publisher":{"@id":"https:\/\/grazalemaguide.com\/quehacerenlasierras\/#\/schema\/person\/f24688c26be666f9001ed7cb3d7d2e3a"},"potentialAction":[{"@type":"SearchAction","target":{"@type":"EntryPoint","urlTemplate":"https:\/\/grazalemaguide.com\/quehacerenlasierras\/?s={search_term_string}"},"query-input":{"@type":"PropertyValueSpecification","valueRequired":true,"valueName":"search_term_string"}}],"inLanguage":"en-US"},{"@type":["Person","Organization"],"@id":"https:\/\/grazalemaguide.com\/quehacerenlasierras\/#\/schema\/person\/f24688c26be666f9001ed7cb3d7d2e3a","name":"Clive Muir","image":{"@type":"ImageObject","inLanguage":"en-US","@id":"https:\/\/secure.gravatar.com\/avatar\/0cd1ec277564b2e62b29d49d1c588efa39fbdeed25940f60cb667d96e5c29e1e?s=96&d=mm&r=g","url":"https:\/\/secure.gravatar.com\/avatar\/0cd1ec277564b2e62b29d49d1c588efa39fbdeed25940f60cb667d96e5c29e1e?s=96&d=mm&r=g","contentUrl":"https:\/\/secure.gravatar.com\/avatar\/0cd1ec277564b2e62b29d49d1c588efa39fbdeed25940f60cb667d96e5c29e1e?s=96&d=mm&r=g","caption":"Clive Muir"},"logo":{"@id":"https:\/\/secure.gravatar.com\/avatar\/0cd1ec277564b2e62b29d49d1c588efa39fbdeed25940f60cb667d96e5c29e1e?s=96&d=mm&r=g"},"description":"I\u2019ve been living in this lovely area of Western Andalucia for the last 20 years or so and dedicate most of my time to the running of English language tourist information websites for the towns of C\u00e1diz, Ronda, Grazalema, the famous or infamous Caminito del Rey, and also Wildside Holidays, which promotes sustainable and eco-friendly businesses running wildlife and walking holidays in Spain. My articles contain affiliate links that will help you reserve a hotel, bus, train or activity in the area. You don't pay more, but by using them you do support this website. Thankyou!","sameAs":["https:\/\/grazalemaguide.com\/","https:\/\/www.facebook.com\/wildsideholidays\/","https:\/\/www.linkedin.com\/in\/wildsideholidays\/","https:\/\/x.com\/https:\/\/twitter.com\/GrazalemaGuide","https:\/\/www.youtube.com\/channel\/UC6VDf8hywG6O6F1wgMtfMDw"]}]}},"_links":{"self":[{"href":"https:\/\/grazalemaguide.com\/quehacerenlasierras\/wp-json\/wp\/v2\/pages\/502","targetHints":{"allow":["GET"]}}],"collection":[{"href":"https:\/\/grazalemaguide.com\/quehacerenlasierras\/wp-json\/wp\/v2\/pages"}],"about":[{"href":"https:\/\/grazalemaguide.com\/quehacerenlasierras\/wp-json\/wp\/v2\/types\/page"}],"author":[{"embeddable":true,"href":"https:\/\/grazalemaguide.com\/quehacerenlasierras\/wp-json\/wp\/v2\/users\/1"}],"replies":[{"embeddable":true,"href":"https:\/\/grazalemaguide.com\/quehacerenlasierras\/wp-json\/wp\/v2\/comments?post=502"}],"version-history":[{"count":0,"href":"https:\/\/grazalemaguide.com\/quehacerenlasierras\/wp-json\/wp\/v2\/pages\/502\/revisions"}],"wp:featuredmedia":[{"embeddable":true,"href":"https:\/\/grazalemaguide.com\/quehacerenlasierras\/wp-json\/wp\/v2\/media\/505"}],"wp:attachment":[{"href":"https:\/\/grazalemaguide.com\/quehacerenlasierras\/wp-json\/wp\/v2\/media?parent=502"}],"curies":[{"name":"wp","href":"https:\/\/api.w.org\/{rel}","templated":true}]}}