{"id":508,"date":"2020-06-18T15:58:44","date_gmt":"2020-06-18T15:58:44","guid":{"rendered":"http:\/\/grazalemaguide.com\/quehacerenlasierras\/?page_id=508"},"modified":"2020-07-03T16:24:14","modified_gmt":"2020-07-03T16:24:14","slug":"ubrique","status":"publish","type":"page","link":"https:\/\/grazalemaguide.com\/quehacerenlasierras\/ubrique\/","title":{"rendered":"Ubrique"},"content":{"rendered":"\n<div class=\"wp-block-image\"><figure class=\"alignleft size-large is-resized\"><img decoding=\"async\" src=\"https:\/\/grazalemaguide.com\/quehacerenlasierras\/wp-content\/uploads\/sites\/2\/2020\/06\/Escudo-Ubrique.png\" alt=\"Escudo Ubrique\" class=\"wp-image-510\" width=\"250\" srcset=\"https:\/\/grazalemaguide.com\/quehacerenlasierras\/wp-content\/uploads\/sites\/2\/2020\/06\/Escudo-Ubrique.png 800w, https:\/\/grazalemaguide.com\/quehacerenlasierras\/wp-content\/uploads\/sites\/2\/2020\/06\/Escudo-Ubrique-236x300.png 236w, https:\/\/grazalemaguide.com\/quehacerenlasierras\/wp-content\/uploads\/sites\/2\/2020\/06\/Escudo-Ubrique-768x976.png 768w\" sizes=\"(max-width: 800px) 100vw, 800px\" \/><figcaption>De Miguel Angel fotografo(Taller de Her\u00e1ldica y Vexilolog\u00eda in the Spanish Wikipedia ) &#8211; Trabajo propio, CC BY-SA 4.0, https:\/\/commons.wikimedia.org\/w\/index.php?curid=4000108<\/figcaption><\/figure><\/div>\n\n\n\n<p>Ubrique es un pueblo que forma parte de la Ruta de los pueblos blancos, estando en la entrada del Parque Natural de Grazalema y del Parque Natural Los Alcornocales.<\/p>\n\n\n\n<p>Gracias a su ubicaci\u00f3n, permanece rodeado de un paisaje rocoso caracter\u00edstico de sierras en las que abunda una gran diversidad de flora (olivos, pinsapos, alcornoques y encinas) y una fauna abundante (buitres leonados, alimoches, etc.), existente principalmente sobre las zonas monta\u00f1osas m\u00e1s altas situadas en el valle del Aljibe. El r\u00edo Ubrique lo divide por la mitad, aunque tambi\u00e9n cuenta con otros r\u00edos como el Tavizna.<\/p>\n\n\n\n<h4 class=\"wp-block-heading\">Ubrique vive de su industria de la piel<\/h4>\n\n\n\n<p>La piel de Ubrique es reconocida internacionalmente en el sector de la marroquiner\u00eda. Actualmente est\u00e1 tan desarrollada la industria de la piel en Ubrique que fabrica para las marcas m\u00e1s importantes del mundo, por ejemplo Loewe, como consecuencia, un alto porcentaje de su producci\u00f3n se exporta. Este abastecimiento de la producci\u00f3n de art\u00edculos de piel a las marcas m\u00e1s importantes del mundo ha convertido a Ubrique en el pueblo de la serran\u00eda de C\u00e1diz m\u00e1s actualizado en moda a nivel internacional. Al acabar la fabricaci\u00f3n de sus art\u00edculos de piel, estos pasan a exhibirse en las pasarelas de moda con m\u00e1s peso del mundo.<\/p>\n\n\n\n<p><a rel=\"noreferrer noopener\" href=\"https:\/\/es.wikipedia.org\/wiki\/Ubrique\" target=\"_blank\">M\u00e1s informaci\u00f3n en Wikipedia<\/a><\/p>\n\n\n\n<h4 class=\"wp-block-heading\">Ayuntamiento<\/h4>\n\n\n\n<p>Web: <a href=\"https:\/\/www.ayuntamientoubrique.es\/\" target=\"_blank\" rel=\"noreferrer noopener\">https:\/\/www.ayuntamientoubrique.es\/<\/a><br>Facebook: <a href=\"https:\/\/www.facebook.com\/aytoubrique\" target=\"_blank\" rel=\"noreferrer noopener\">https:\/\/www.facebook.com\/aytoubrique<\/a><br>Radio Ubrique: <a href=\"http:\/\/www.radioubrique.com\/\" target=\"_blank\" rel=\"noreferrer noopener\">http:\/\/www.radioubrique.com\/<\/a><br>Turismo Ubrique: <a href=\"https:\/\/www.ubriqueturismo.es\/\" target=\"_blank\" rel=\"noreferrer noopener\">https:\/\/www.ubriqueturismo.es\/<\/a><br>Yacimiento Arqueol\u00f3gico de Ocuri: <a href=\"https:\/\/www.yacimientodeocuri.es\/\" target=\"_blank\" rel=\"noreferrer noopener\">https:\/\/www.yacimientodeocuri.es\/<\/a><\/p>\n\n\n\n<p><a href=\"https:\/\/grazalemaguide.com\/quehacerenlasierras\/ubrique-horarios-de-apertura-verano-2020\/\" target=\"_blank\" aria-label=\"undefined (opens in a new tab)\" rel=\"noreferrer noopener\">Horarios de apertura verano 2020 en los puntos de inter\u00e9s en Ubrique (julio y agosto.)<\/a><\/p>\n\n\n\n<hr class=\"wp-block-separator has-text-color has-background has-green-background-color has-green-color\"\/>\n\n\n\n<h4 class=\"wp-block-heading\">Alojamientos en Ubrique<\/h4>\n\n\n<p>[booking_product_helper shortname=&#8221;ubrique&#8221;]<\/p>\n\n\n\n<hr class=\"wp-block-separator has-text-color has-background has-green-background-color has-green-color\"\/>\n\n\n\n<h4 class=\"wp-block-heading\">Fiestas<\/h4>\n\n\n\n<ul class=\"wp-block-list\"><li>Carnavales en el mes de febrero incluyen la &#8220;choriz\u00e1&#8221;<\/li><li>El entierro de la Patacabra. \u00daltimo domingo de Carnaval.<\/li><li>D\u00eda de los Gamones. 3 de mayo. Tambi\u00e9n conocida como la fiesta de las &#8220;Cruces de Mayo&#8221; o &#8220;Cruj\u00eda de Gamones&#8221;.<\/li><li>Romer\u00eda en honor a San Isidro. \u00daltimo domingo de mayo.<\/li><li>Noche de los Fuegos Artificiales. 7 de septiembre.<\/li><li>Festividad de la Patrona -Ntra. Sra. Virgen de los Remedios- 8 de septiembre.<\/li><li>Feria y Fiestas en honor a su Patrona. Mediados de septiembre.<\/li><\/ul>\n\n\n\n<h4 class=\"wp-block-heading\">Subida en Monta\u00f1a &#8211; Automovilismo<\/h4>\n\n\n\n<p>La Subida a Ubrique Benaocaz es una prueba de referencia a nivel nacional (punt\u00faa para el Campeonato de Espa\u00f1a y Andaluc\u00eda de monta\u00f1a). <\/p>\n\n\n\n<p>El tramo parte desde la misma poblaci\u00f3n de Ubrique para finalizar, con una longitud total de 4,450 km. en el P.K. 16,9 de la carretera A-2302. Los primeros compases se realizan partiendo desde el P.K. 30,550 de la A-373, carretera esta, ancha, y de impecable piso, con curvas bien peraltadas en las que los veh\u00edculos de gran potencial, volver\u00e1n a despertar el delirio de los numerosos aficionados que se dan cita en la prueba. <\/p>\n\n\n\n<p>Desde esta zona, y a trav\u00e9s de un cruce, se enlaza con la A-2302, carretera algo m\u00e1s estrecha, donde se inicia un tramo de virajes cortos a derechas e izquierdas. <\/p>\n\n\n\n<p>Se contin\u00faa con una breve zona r\u00e1pida, para entrar de inmediato en las paellas m\u00e1s frecuentadas por los aficionados, lugar conocido como \u201cEl Pluvi\u00f3metro\u201d. A partir de este punto, y hasta la meta, ubicada en el P.K. 16,900 de esta misma carretera, el trazado se convierte en bastante mixto con todo tipo de giros y radios de curvas. En cuanto al piso, este es liso y firme.<\/p>\n\n\n\n<hr class=\"wp-block-separator has-text-color has-background has-green-background-color has-green-color\"\/>\n\n\n\n<p>\u00bfQu\u00e9 hacer en las Sierras, Serran\u00edas y sus pueblos?<\/p>\n\n\n\n<p>Ferias, fiestas, recreaciones hist\u00f3ricas, rutas de tapas, teatro, rally, deportes, gu\u00edas y actividades<\/p>\n\n\n\n<p><a href=\"https:\/\/grazalemaguide.com\/quehacerenlasierras\/\">Ver el Calendario de Eventos aqui.<\/a><\/p>\n","protected":false},"excerpt":{"rendered":"<p>Ubrique es un pueblo que forma parte de la Ruta de los pueblos blancos, estando en la entrada del Parque Natural de Grazalema y del Parque Natural Los Alcornocales. Gracias a su ubicaci\u00f3n, permanece rodeado de un paisaje rocoso caracter\u00edstico de sierras en las que abunda una gran diversidad de flora (olivos, pinsapos, alcornoques y &hellip; <a href=\"https:\/\/grazalemaguide.com\/quehacerenlasierras\/ubrique\/\" class=\"more-link\">Continue reading <span class=\"screen-reader-text\">Ubrique<\/span> <span class=\"meta-nav\">&rarr;<\/span><\/a><\/p>\n","protected":false},"author":1,"featured_media":511,"parent":0,"menu_order":0,"comment_status":"closed","ping_status":"closed","template":"","meta":{"footnotes":""},"class_list":["post-508","page","type-page","status-publish","has-post-thumbnail","hentry"],"yoast_head":"<!-- This site is optimized with the Yoast SEO plugin v27.4 - https:\/\/yoast.com\/product\/yoast-seo-wordpress\/ -->\n<title>Ubrique - Calendario de eventos en las sierras, serran\u00edas y sus pueblos<\/title>\n<meta name=\"description\" content=\"Ubrique es un pueblo que forma parte de la Ruta de los pueblos blancos, en la entrada del Parque Natural de Grazalema y del Parque Natural Los Alcornocales.\" \/>\n<meta name=\"robots\" content=\"index, follow, max-snippet:-1, max-image-preview:large, max-video-preview:-1\" \/>\n<link rel=\"canonical\" href=\"https:\/\/grazalemaguide.com\/quehacerenlasierras\/ubrique\/\" \/>\n<meta property=\"og:locale\" content=\"en_US\" \/>\n<meta property=\"og:type\" content=\"article\" \/>\n<meta property=\"og:title\" content=\"Ubrique - Calendario de eventos en las sierras, serran\u00edas y sus pueblos\" \/>\n<meta property=\"og:description\" content=\"Ubrique es un pueblo que forma parte de la Ruta de los pueblos blancos, en la entrada del Parque Natural de Grazalema y del Parque Natural Los Alcornocales.\" \/>\n<meta property=\"og:url\" content=\"https:\/\/grazalemaguide.com\/quehacerenlasierras\/ubrique\/\" \/>\n<meta property=\"og:site_name\" content=\"Calendario de eventos en las sierras, serran\u00edas y sus pueblos\" \/>\n<meta property=\"article:publisher\" content=\"https:\/\/www.facebook.com\/wildsideholidays\/\" \/>\n<meta property=\"article:modified_time\" content=\"2020-07-03T16:24:14+00:00\" \/>\n<meta property=\"og:image\" content=\"https:\/\/grazalemaguide.com\/quehacerenlasierras\/wp-content\/uploads\/sites\/2\/2020\/06\/Ubrique.jpg\" \/>\n\t<meta property=\"og:image:width\" content=\"1024\" \/>\n\t<meta property=\"og:image:height\" content=\"768\" \/>\n\t<meta property=\"og:image:type\" content=\"image\/jpeg\" \/>\n<meta name=\"twitter:card\" content=\"summary_large_image\" \/>\n<meta name=\"twitter:site\" content=\"@GrazalemaGuide\" \/>\n<meta name=\"twitter:label1\" content=\"Est. reading time\" \/>\n\t<meta name=\"twitter:data1\" content=\"3 minutes\" \/>\n<script type=\"application\/ld+json\" class=\"yoast-schema-graph\">{\"@context\":\"https:\\\/\\\/schema.org\",\"@graph\":[{\"@type\":\"WebPage\",\"@id\":\"https:\\\/\\\/grazalemaguide.com\\\/quehacerenlasierras\\\/ubrique\\\/\",\"url\":\"https:\\\/\\\/grazalemaguide.com\\\/quehacerenlasierras\\\/ubrique\\\/\",\"name\":\"Ubrique - Calendario de eventos en las sierras, serran\u00edas y sus pueblos\",\"isPartOf\":{\"@id\":\"https:\\\/\\\/grazalemaguide.com\\\/quehacerenlasierras\\\/#website\"},\"primaryImageOfPage\":{\"@id\":\"https:\\\/\\\/grazalemaguide.com\\\/quehacerenlasierras\\\/ubrique\\\/#primaryimage\"},\"image\":{\"@id\":\"https:\\\/\\\/grazalemaguide.com\\\/quehacerenlasierras\\\/ubrique\\\/#primaryimage\"},\"thumbnailUrl\":\"https:\\\/\\\/grazalemaguide.com\\\/quehacerenlasierras\\\/wp-content\\\/uploads\\\/sites\\\/2\\\/2020\\\/06\\\/Ubrique.jpg\",\"datePublished\":\"2020-06-18T15:58:44+00:00\",\"dateModified\":\"2020-07-03T16:24:14+00:00\",\"description\":\"Ubrique es un pueblo que forma parte de la Ruta de los pueblos blancos, en la entrada del Parque Natural de Grazalema y del Parque Natural Los Alcornocales.\",\"breadcrumb\":{\"@id\":\"https:\\\/\\\/grazalemaguide.com\\\/quehacerenlasierras\\\/ubrique\\\/#breadcrumb\"},\"inLanguage\":\"en-US\",\"potentialAction\":[{\"@type\":\"ReadAction\",\"target\":[\"https:\\\/\\\/grazalemaguide.com\\\/quehacerenlasierras\\\/ubrique\\\/\"]}]},{\"@type\":\"ImageObject\",\"inLanguage\":\"en-US\",\"@id\":\"https:\\\/\\\/grazalemaguide.com\\\/quehacerenlasierras\\\/ubrique\\\/#primaryimage\",\"url\":\"https:\\\/\\\/grazalemaguide.com\\\/quehacerenlasierras\\\/wp-content\\\/uploads\\\/sites\\\/2\\\/2020\\\/06\\\/Ubrique.jpg\",\"contentUrl\":\"https:\\\/\\\/grazalemaguide.com\\\/quehacerenlasierras\\\/wp-content\\\/uploads\\\/sites\\\/2\\\/2020\\\/06\\\/Ubrique.jpg\",\"width\":1024,\"height\":768,\"caption\":\"De El Pantera - Trabajo propio, CC BY-SA 3.0, https:\\\/\\\/commons.wikimedia.org\\\/w\\\/index.php?curid=4141532\"},{\"@type\":\"BreadcrumbList\",\"@id\":\"https:\\\/\\\/grazalemaguide.com\\\/quehacerenlasierras\\\/ubrique\\\/#breadcrumb\",\"itemListElement\":[{\"@type\":\"ListItem\",\"position\":1,\"name\":\"Home\",\"item\":\"https:\\\/\\\/grazalemaguide.com\\\/quehacerenlasierras\\\/\"},{\"@type\":\"ListItem\",\"position\":2,\"name\":\"Ubrique\"}]},{\"@type\":\"WebSite\",\"@id\":\"https:\\\/\\\/grazalemaguide.com\\\/quehacerenlasierras\\\/#website\",\"url\":\"https:\\\/\\\/grazalemaguide.com\\\/quehacerenlasierras\\\/\",\"name\":\"Calendario de eventos en las sierras, serran\u00edas y sus pueblos\",\"description\":\"\u00bfQu\u00e9 hacer en las Sierras, Serran\u00edas y sus pueblos? Ferias, fiestas, recreaciones hist\u00f3ricas, rutas de tapas, teatro, rally, deportes, gu\u00edas y actividades\",\"publisher\":{\"@id\":\"https:\\\/\\\/grazalemaguide.com\\\/quehacerenlasierras\\\/#\\\/schema\\\/person\\\/f24688c26be666f9001ed7cb3d7d2e3a\"},\"potentialAction\":[{\"@type\":\"SearchAction\",\"target\":{\"@type\":\"EntryPoint\",\"urlTemplate\":\"https:\\\/\\\/grazalemaguide.com\\\/quehacerenlasierras\\\/?s={search_term_string}\"},\"query-input\":{\"@type\":\"PropertyValueSpecification\",\"valueRequired\":true,\"valueName\":\"search_term_string\"}}],\"inLanguage\":\"en-US\"},{\"@type\":[\"Person\",\"Organization\"],\"@id\":\"https:\\\/\\\/grazalemaguide.com\\\/quehacerenlasierras\\\/#\\\/schema\\\/person\\\/f24688c26be666f9001ed7cb3d7d2e3a\",\"name\":\"Clive Muir\",\"image\":{\"@type\":\"ImageObject\",\"inLanguage\":\"en-US\",\"@id\":\"https:\\\/\\\/secure.gravatar.com\\\/avatar\\\/0cd1ec277564b2e62b29d49d1c588efa39fbdeed25940f60cb667d96e5c29e1e?s=96&d=mm&r=g\",\"url\":\"https:\\\/\\\/secure.gravatar.com\\\/avatar\\\/0cd1ec277564b2e62b29d49d1c588efa39fbdeed25940f60cb667d96e5c29e1e?s=96&d=mm&r=g\",\"contentUrl\":\"https:\\\/\\\/secure.gravatar.com\\\/avatar\\\/0cd1ec277564b2e62b29d49d1c588efa39fbdeed25940f60cb667d96e5c29e1e?s=96&d=mm&r=g\",\"caption\":\"Clive Muir\"},\"logo\":{\"@id\":\"https:\\\/\\\/secure.gravatar.com\\\/avatar\\\/0cd1ec277564b2e62b29d49d1c588efa39fbdeed25940f60cb667d96e5c29e1e?s=96&d=mm&r=g\"},\"description\":\"I\u2019ve been living in this lovely area of Western Andalucia for the last 20 years or so and dedicate most of my time to the running of English language tourist information websites for the towns of C\u00e1diz, Ronda, Grazalema, the famous or infamous Caminito del Rey, and also Wildside Holidays, which promotes sustainable and eco-friendly businesses running wildlife and walking holidays in Spain. My articles contain affiliate links that will help you reserve a hotel, bus, train or activity in the area. You don't pay more, but by using them you do support this website. Thankyou!\",\"sameAs\":[\"https:\\\/\\\/grazalemaguide.com\\\/\",\"https:\\\/\\\/www.facebook.com\\\/wildsideholidays\\\/\",\"https:\\\/\\\/www.linkedin.com\\\/in\\\/wildsideholidays\\\/\",\"https:\\\/\\\/x.com\\\/https:\\\/\\\/twitter.com\\\/GrazalemaGuide\",\"https:\\\/\\\/www.youtube.com\\\/channel\\\/UC6VDf8hywG6O6F1wgMtfMDw\"]}]}<\/script>\n<!-- \/ Yoast SEO plugin. -->","yoast_head_json":{"title":"Ubrique - Calendario de eventos en las sierras, serran\u00edas y sus pueblos","description":"Ubrique es un pueblo que forma parte de la Ruta de los pueblos blancos, en la entrada del Parque Natural de Grazalema y del Parque Natural Los Alcornocales.","robots":{"index":"index","follow":"follow","max-snippet":"max-snippet:-1","max-image-preview":"max-image-preview:large","max-video-preview":"max-video-preview:-1"},"canonical":"https:\/\/grazalemaguide.com\/quehacerenlasierras\/ubrique\/","og_locale":"en_US","og_type":"article","og_title":"Ubrique - Calendario de eventos en las sierras, serran\u00edas y sus pueblos","og_description":"Ubrique es un pueblo que forma parte de la Ruta de los pueblos blancos, en la entrada del Parque Natural de Grazalema y del Parque Natural Los Alcornocales.","og_url":"https:\/\/grazalemaguide.com\/quehacerenlasierras\/ubrique\/","og_site_name":"Calendario de eventos en las sierras, serran\u00edas y sus pueblos","article_publisher":"https:\/\/www.facebook.com\/wildsideholidays\/","article_modified_time":"2020-07-03T16:24:14+00:00","og_image":[{"width":1024,"height":768,"url":"https:\/\/grazalemaguide.com\/quehacerenlasierras\/wp-content\/uploads\/sites\/2\/2020\/06\/Ubrique.jpg","type":"image\/jpeg"}],"twitter_card":"summary_large_image","twitter_site":"@GrazalemaGuide","twitter_misc":{"Est. reading time":"3 minutes"},"schema":{"@context":"https:\/\/schema.org","@graph":[{"@type":"WebPage","@id":"https:\/\/grazalemaguide.com\/quehacerenlasierras\/ubrique\/","url":"https:\/\/grazalemaguide.com\/quehacerenlasierras\/ubrique\/","name":"Ubrique - Calendario de eventos en las sierras, serran\u00edas y sus pueblos","isPartOf":{"@id":"https:\/\/grazalemaguide.com\/quehacerenlasierras\/#website"},"primaryImageOfPage":{"@id":"https:\/\/grazalemaguide.com\/quehacerenlasierras\/ubrique\/#primaryimage"},"image":{"@id":"https:\/\/grazalemaguide.com\/quehacerenlasierras\/ubrique\/#primaryimage"},"thumbnailUrl":"https:\/\/grazalemaguide.com\/quehacerenlasierras\/wp-content\/uploads\/sites\/2\/2020\/06\/Ubrique.jpg","datePublished":"2020-06-18T15:58:44+00:00","dateModified":"2020-07-03T16:24:14+00:00","description":"Ubrique es un pueblo que forma parte de la Ruta de los pueblos blancos, en la entrada del Parque Natural de Grazalema y del Parque Natural Los Alcornocales.","breadcrumb":{"@id":"https:\/\/grazalemaguide.com\/quehacerenlasierras\/ubrique\/#breadcrumb"},"inLanguage":"en-US","potentialAction":[{"@type":"ReadAction","target":["https:\/\/grazalemaguide.com\/quehacerenlasierras\/ubrique\/"]}]},{"@type":"ImageObject","inLanguage":"en-US","@id":"https:\/\/grazalemaguide.com\/quehacerenlasierras\/ubrique\/#primaryimage","url":"https:\/\/grazalemaguide.com\/quehacerenlasierras\/wp-content\/uploads\/sites\/2\/2020\/06\/Ubrique.jpg","contentUrl":"https:\/\/grazalemaguide.com\/quehacerenlasierras\/wp-content\/uploads\/sites\/2\/2020\/06\/Ubrique.jpg","width":1024,"height":768,"caption":"De El Pantera - Trabajo propio, CC BY-SA 3.0, https:\/\/commons.wikimedia.org\/w\/index.php?curid=4141532"},{"@type":"BreadcrumbList","@id":"https:\/\/grazalemaguide.com\/quehacerenlasierras\/ubrique\/#breadcrumb","itemListElement":[{"@type":"ListItem","position":1,"name":"Home","item":"https:\/\/grazalemaguide.com\/quehacerenlasierras\/"},{"@type":"ListItem","position":2,"name":"Ubrique"}]},{"@type":"WebSite","@id":"https:\/\/grazalemaguide.com\/quehacerenlasierras\/#website","url":"https:\/\/grazalemaguide.com\/quehacerenlasierras\/","name":"Calendario de eventos en las sierras, serran\u00edas y sus pueblos","description":"\u00bfQu\u00e9 hacer en las Sierras, Serran\u00edas y sus pueblos? Ferias, fiestas, recreaciones hist\u00f3ricas, rutas de tapas, teatro, rally, deportes, gu\u00edas y actividades","publisher":{"@id":"https:\/\/grazalemaguide.com\/quehacerenlasierras\/#\/schema\/person\/f24688c26be666f9001ed7cb3d7d2e3a"},"potentialAction":[{"@type":"SearchAction","target":{"@type":"EntryPoint","urlTemplate":"https:\/\/grazalemaguide.com\/quehacerenlasierras\/?s={search_term_string}"},"query-input":{"@type":"PropertyValueSpecification","valueRequired":true,"valueName":"search_term_string"}}],"inLanguage":"en-US"},{"@type":["Person","Organization"],"@id":"https:\/\/grazalemaguide.com\/quehacerenlasierras\/#\/schema\/person\/f24688c26be666f9001ed7cb3d7d2e3a","name":"Clive Muir","image":{"@type":"ImageObject","inLanguage":"en-US","@id":"https:\/\/secure.gravatar.com\/avatar\/0cd1ec277564b2e62b29d49d1c588efa39fbdeed25940f60cb667d96e5c29e1e?s=96&d=mm&r=g","url":"https:\/\/secure.gravatar.com\/avatar\/0cd1ec277564b2e62b29d49d1c588efa39fbdeed25940f60cb667d96e5c29e1e?s=96&d=mm&r=g","contentUrl":"https:\/\/secure.gravatar.com\/avatar\/0cd1ec277564b2e62b29d49d1c588efa39fbdeed25940f60cb667d96e5c29e1e?s=96&d=mm&r=g","caption":"Clive Muir"},"logo":{"@id":"https:\/\/secure.gravatar.com\/avatar\/0cd1ec277564b2e62b29d49d1c588efa39fbdeed25940f60cb667d96e5c29e1e?s=96&d=mm&r=g"},"description":"I\u2019ve been living in this lovely area of Western Andalucia for the last 20 years or so and dedicate most of my time to the running of English language tourist information websites for the towns of C\u00e1diz, Ronda, Grazalema, the famous or infamous Caminito del Rey, and also Wildside Holidays, which promotes sustainable and eco-friendly businesses running wildlife and walking holidays in Spain. My articles contain affiliate links that will help you reserve a hotel, bus, train or activity in the area. You don't pay more, but by using them you do support this website. Thankyou!","sameAs":["https:\/\/grazalemaguide.com\/","https:\/\/www.facebook.com\/wildsideholidays\/","https:\/\/www.linkedin.com\/in\/wildsideholidays\/","https:\/\/x.com\/https:\/\/twitter.com\/GrazalemaGuide","https:\/\/www.youtube.com\/channel\/UC6VDf8hywG6O6F1wgMtfMDw"]}]}},"_links":{"self":[{"href":"https:\/\/grazalemaguide.com\/quehacerenlasierras\/wp-json\/wp\/v2\/pages\/508","targetHints":{"allow":["GET"]}}],"collection":[{"href":"https:\/\/grazalemaguide.com\/quehacerenlasierras\/wp-json\/wp\/v2\/pages"}],"about":[{"href":"https:\/\/grazalemaguide.com\/quehacerenlasierras\/wp-json\/wp\/v2\/types\/page"}],"author":[{"embeddable":true,"href":"https:\/\/grazalemaguide.com\/quehacerenlasierras\/wp-json\/wp\/v2\/users\/1"}],"replies":[{"embeddable":true,"href":"https:\/\/grazalemaguide.com\/quehacerenlasierras\/wp-json\/wp\/v2\/comments?post=508"}],"version-history":[{"count":0,"href":"https:\/\/grazalemaguide.com\/quehacerenlasierras\/wp-json\/wp\/v2\/pages\/508\/revisions"}],"wp:featuredmedia":[{"embeddable":true,"href":"https:\/\/grazalemaguide.com\/quehacerenlasierras\/wp-json\/wp\/v2\/media\/511"}],"wp:attachment":[{"href":"https:\/\/grazalemaguide.com\/quehacerenlasierras\/wp-json\/wp\/v2\/media?parent=508"}],"curies":[{"name":"wp","href":"https:\/\/api.w.org\/{rel}","templated":true}]}}