{"id":514,"date":"2020-06-18T17:06:50","date_gmt":"2020-06-18T17:06:50","guid":{"rendered":"http:\/\/grazalemaguide.com\/quehacerenlasierras\/?page_id=514"},"modified":"2020-07-01T15:38:13","modified_gmt":"2020-07-01T15:38:13","slug":"villaluenga-del-rosario","status":"publish","type":"page","link":"https:\/\/grazalemaguide.com\/quehacerenlasierras\/villaluenga-del-rosario\/","title":{"rendered":"Villaluenga del Rosario"},"content":{"rendered":"\n<div class=\"wp-block-image\"><figure class=\"alignleft size-large is-resized\"><img decoding=\"async\" src=\"https:\/\/grazalemaguide.com\/quehacerenlasierras\/wp-content\/uploads\/sites\/2\/2020\/06\/Escudo-Villaluenga-del-Rosario.png\" alt=\"Escudo Villaluenga del Rosario\" class=\"wp-image-515\" width=\"250\" srcset=\"https:\/\/grazalemaguide.com\/quehacerenlasierras\/wp-content\/uploads\/sites\/2\/2020\/06\/Escudo-Villaluenga-del-Rosario.png 800w, https:\/\/grazalemaguide.com\/quehacerenlasierras\/wp-content\/uploads\/sites\/2\/2020\/06\/Escudo-Villaluenga-del-Rosario-236x300.png 236w, https:\/\/grazalemaguide.com\/quehacerenlasierras\/wp-content\/uploads\/sites\/2\/2020\/06\/Escudo-Villaluenga-del-Rosario-768x976.png 768w\" sizes=\"(max-width: 800px) 100vw, 800px\" \/><figcaption>De User:MiguelAngel fotografo (Taller de Her\u00e1ldica y Vexilolog\u00eda in the Spanish Wikipedia ) &#8211; Trabajo propio, CC BY-SA 4.0, https:\/\/commons.wikimedia.org\/w\/index.php?curid=3967071<\/figcaption><\/figure><\/div>\n\n\n\n<p>Villaluenga del Rosario se sit\u00faa en el centro del Parque Natural de la Sierra de Grazalema, a los pies del Navazo Alto y en frente de la Sierra de L\u00edbar. <\/p>\n\n\n\n<p>Adem\u00e1s de un entorno natural privilegiado dentro del Parque Natural en que se encuentra, la localidad tiene una gran cantidad de cuevas y simas de origen k\u00e1rstico.<\/p>\n\n\n\n<p>En la inmediaciones del pueblo esta la Sima de Villaluenga del Rosario, con m\u00e1s de 200 metros de profundidad y m\u00e1s de tres kil\u00f3metros de galer\u00edas. <\/p>\n\n\n\n<p>Otras cavidades de la zona son la de la Yedra (con arte rupestre), sima del Republicano con 258 metros de desnivel y muy deportiva. <\/p>\n\n\n\n<p>En la parte superior de la sierra est\u00e1n los sumideros de los Navazos.<\/p>\n\n\n\n<p>En el municipio est\u00e1n registrados un total de 61 cavidades entre cuevas y simas y la <a href=\"http:\/\/www.espeleo.es\/\" target=\"_blank\" rel=\"noreferrer noopener\">Federaci\u00f3n Andaluza de Espeleolog\u00eda <\/a>tiene la sede de su Escuela en la localidad y realiza actividades, competiciones y cursos a lo largo de todo el a\u00f1o.<\/p>\n\n\n\n<p>Tambi\u00e9n existen diferentes senderos por las inmediaciones, como la subida al Navazo Alto o los Llanos del Republicano.<\/p>\n\n\n\n<p><a rel=\"noreferrer noopener\" href=\"https:\/\/es.wikipedia.org\/wiki\/Villaluenga_del_Rosario\" target=\"_blank\">M\u00e1s informaci\u00f3n en Wikipedia<\/a><\/p>\n\n\n\n<h4 class=\"wp-block-heading\">Ayuntamiento<\/h4>\n\n\n\n<p>Web: <a href=\"http:\/\/www.villaluengadelrosario.es\/\" target=\"_blank\" rel=\"noreferrer noopener\">http:\/\/www.villaluengadelrosario.es\/<\/a><br>Facebook: <a href=\"https:\/\/www.facebook.com\/pages\/Ayuntamiento-de-Villaluenga-del-Rosario\/1531058060533160\" target=\"_blank\" rel=\"noreferrer noopener\">https:\/\/www.facebook.com\/pages\/Ayuntamiento-de-Villaluenga-del-Rosario\/1531058060533160<\/a><\/p>\n\n\n\n<hr class=\"wp-block-separator has-text-color has-background has-green-background-color has-green-color\"\/>\n\n\n\n<h4 class=\"wp-block-heading\">Alojamientos<\/h4>\n\n\n<p>[booking_product_helper shortname=&#8221;villaluenga del rosario&#8221;]<\/p>\n\n\n\n<hr class=\"wp-block-separator has-text-color has-background has-green-background-color has-green-color\"\/>\n\n\n\n<h2 class=\"wp-block-heading\">Fiestas<\/h2>\n\n\n\n<h4 class=\"wp-block-heading\">Feria de Queso<\/h4>\n\n\n\n<p>Organizada por el Ayuntamiento de Villaluenga con la colaboraci\u00f3n de la Diputaci\u00f3n de C\u00e1diz, Junta de Andaluc\u00eda y la Fundaci\u00f3n Cajasol.<\/p>\n\n\n\n<h6 class=\"wp-block-heading\">En enero de 2018. <\/h6>\n\n\n\n<p>El alcalde de Villaluenga del Rosario, Alfonso Carlos Moscoso, ha presentado en FITUR la X Feria del Queso Artesanal de Andaluc\u00eda. En la presentaci\u00f3n, Alfonso Moscoso ha se\u00f1alado que, un a\u00f1o m\u00e1s, la Feria contar\u00e1 con actividades complementarias como catas dirigidas, talleres de orde\u00f1o, lactancia de borregos y elaboraci\u00f3n de quesos, as\u00ed como el Concurso Andaluz de Quesos Tradicionales \u201cSierra de C\u00e1diz\u201d. Adem\u00e1s, repetir\u00e1 por segundo a\u00f1o el concurso \u201cTu peso en queso\u201d consistente en que aquella persona que resulte agraciada en el sorteo de papeletas que se vender\u00e1n durante la Feria, ser\u00e1 pesada en una b\u00e1scula y se llevar\u00e1 la equivalencia de su peso en kilos de queso.)<\/p>\n\n\n\n<p>M\u00e1s informaci\u00f3n\u2026<br><a rel=\"noreferrer noopener\" href=\"http:\/\/www.feriaquesovillaluenga.com\/\" target=\"_blank\">http:\/\/www.feriaquesovillaluenga.com\/<\/a><br><a rel=\"noreferrer noopener\" href=\"https:\/\/www.facebook.com\/feriaquesovillaluenga\/\" target=\"_blank\">https:\/\/www.facebook.com\/feriaquesovillaluenga\/<\/a><\/p>\n\n\n\n<hr class=\"wp-block-separator has-text-color has-background has-green-background-color has-green-color\"\/>\n\n\n\n<p>\u00bfQu\u00e9 hacer en las Sierras, Serran\u00edas y sus pueblos?<\/p>\n\n\n\n<p>Ferias, fiestas, recreaciones hist\u00f3ricas, rutas de tapas, teatro, rally, deportes, gu\u00edas y actividades<\/p>\n\n\n\n<p><a href=\"https:\/\/grazalemaguide.com\/quehacerenlasierras\/\">Ver el Calendario de Eventos aqui.<\/a><\/p>\n","protected":false},"excerpt":{"rendered":"<p>Villaluenga del Rosario se sit\u00faa en el centro del Parque Natural de la Sierra de Grazalema, a los pies del Navazo Alto y en frente de la Sierra de L\u00edbar. Adem\u00e1s de un entorno natural privilegiado dentro del Parque Natural en que se encuentra, la localidad tiene una gran cantidad de cuevas y simas de &hellip; <a href=\"https:\/\/grazalemaguide.com\/quehacerenlasierras\/villaluenga-del-rosario\/\" class=\"more-link\">Continue reading <span class=\"screen-reader-text\">Villaluenga del Rosario<\/span> <span class=\"meta-nav\">&rarr;<\/span><\/a><\/p>\n","protected":false},"author":1,"featured_media":516,"parent":0,"menu_order":0,"comment_status":"open","ping_status":"closed","template":"","meta":{"footnotes":""},"class_list":["post-514","page","type-page","status-publish","has-post-thumbnail","hentry"],"yoast_head":"<!-- This site is optimized with the Yoast SEO plugin v27.4 - https:\/\/yoast.com\/product\/yoast-seo-wordpress\/ -->\n<title>Villaluenga del Rosario - Calendario de eventos en las sierras, serran\u00edas y sus pueblos<\/title>\n<meta name=\"description\" content=\"Villaluenga del Rosario se sit\u00faa en el centro del Parque Natural de la Sierra de Grazalema, a los pies del Navazo Alto y en frente de la Sierra de L\u00edbar.\" \/>\n<meta name=\"robots\" content=\"index, follow, max-snippet:-1, max-image-preview:large, max-video-preview:-1\" \/>\n<link rel=\"canonical\" href=\"https:\/\/grazalemaguide.com\/quehacerenlasierras\/villaluenga-del-rosario\/\" \/>\n<meta property=\"og:locale\" content=\"en_US\" \/>\n<meta property=\"og:type\" content=\"article\" \/>\n<meta property=\"og:title\" content=\"Villaluenga del Rosario - Calendario de eventos en las sierras, serran\u00edas y sus pueblos\" \/>\n<meta property=\"og:description\" content=\"Villaluenga del Rosario se sit\u00faa en el centro del Parque Natural de la Sierra de Grazalema, a los pies del Navazo Alto y en frente de la Sierra de L\u00edbar.\" \/>\n<meta property=\"og:url\" content=\"https:\/\/grazalemaguide.com\/quehacerenlasierras\/villaluenga-del-rosario\/\" \/>\n<meta property=\"og:site_name\" content=\"Calendario de eventos en las sierras, serran\u00edas y sus pueblos\" \/>\n<meta property=\"article:publisher\" content=\"https:\/\/www.facebook.com\/wildsideholidays\/\" \/>\n<meta property=\"article:modified_time\" content=\"2020-07-01T15:38:13+00:00\" \/>\n<meta property=\"og:image\" content=\"https:\/\/grazalemaguide.com\/quehacerenlasierras\/wp-content\/uploads\/sites\/2\/2020\/06\/Villaluenga-del-Rosario.jpg\" \/>\n\t<meta property=\"og:image:width\" content=\"1024\" \/>\n\t<meta property=\"og:image:height\" content=\"768\" \/>\n\t<meta property=\"og:image:type\" content=\"image\/jpeg\" \/>\n<meta name=\"twitter:card\" content=\"summary_large_image\" \/>\n<meta name=\"twitter:site\" content=\"@GrazalemaGuide\" \/>\n<meta name=\"twitter:label1\" content=\"Est. reading time\" \/>\n\t<meta name=\"twitter:data1\" content=\"2 minutes\" \/>\n<script type=\"application\/ld+json\" class=\"yoast-schema-graph\">{\"@context\":\"https:\\\/\\\/schema.org\",\"@graph\":[{\"@type\":\"WebPage\",\"@id\":\"https:\\\/\\\/grazalemaguide.com\\\/quehacerenlasierras\\\/villaluenga-del-rosario\\\/\",\"url\":\"https:\\\/\\\/grazalemaguide.com\\\/quehacerenlasierras\\\/villaluenga-del-rosario\\\/\",\"name\":\"Villaluenga del Rosario - Calendario de eventos en las sierras, serran\u00edas y sus pueblos\",\"isPartOf\":{\"@id\":\"https:\\\/\\\/grazalemaguide.com\\\/quehacerenlasierras\\\/#website\"},\"primaryImageOfPage\":{\"@id\":\"https:\\\/\\\/grazalemaguide.com\\\/quehacerenlasierras\\\/villaluenga-del-rosario\\\/#primaryimage\"},\"image\":{\"@id\":\"https:\\\/\\\/grazalemaguide.com\\\/quehacerenlasierras\\\/villaluenga-del-rosario\\\/#primaryimage\"},\"thumbnailUrl\":\"https:\\\/\\\/grazalemaguide.com\\\/quehacerenlasierras\\\/wp-content\\\/uploads\\\/sites\\\/2\\\/2020\\\/06\\\/Villaluenga-del-Rosario.jpg\",\"datePublished\":\"2020-06-18T17:06:50+00:00\",\"dateModified\":\"2020-07-01T15:38:13+00:00\",\"description\":\"Villaluenga del Rosario se sit\u00faa en el centro del Parque Natural de la Sierra de Grazalema, a los pies del Navazo Alto y en frente de la Sierra de L\u00edbar.\",\"breadcrumb\":{\"@id\":\"https:\\\/\\\/grazalemaguide.com\\\/quehacerenlasierras\\\/villaluenga-del-rosario\\\/#breadcrumb\"},\"inLanguage\":\"en-US\",\"potentialAction\":[{\"@type\":\"ReadAction\",\"target\":[\"https:\\\/\\\/grazalemaguide.com\\\/quehacerenlasierras\\\/villaluenga-del-rosario\\\/\"]}]},{\"@type\":\"ImageObject\",\"inLanguage\":\"en-US\",\"@id\":\"https:\\\/\\\/grazalemaguide.com\\\/quehacerenlasierras\\\/villaluenga-del-rosario\\\/#primaryimage\",\"url\":\"https:\\\/\\\/grazalemaguide.com\\\/quehacerenlasierras\\\/wp-content\\\/uploads\\\/sites\\\/2\\\/2020\\\/06\\\/Villaluenga-del-Rosario.jpg\",\"contentUrl\":\"https:\\\/\\\/grazalemaguide.com\\\/quehacerenlasierras\\\/wp-content\\\/uploads\\\/sites\\\/2\\\/2020\\\/06\\\/Villaluenga-del-Rosario.jpg\",\"width\":1024,\"height\":768,\"caption\":\"Villaluenga del Rosario\"},{\"@type\":\"BreadcrumbList\",\"@id\":\"https:\\\/\\\/grazalemaguide.com\\\/quehacerenlasierras\\\/villaluenga-del-rosario\\\/#breadcrumb\",\"itemListElement\":[{\"@type\":\"ListItem\",\"position\":1,\"name\":\"Home\",\"item\":\"https:\\\/\\\/grazalemaguide.com\\\/quehacerenlasierras\\\/\"},{\"@type\":\"ListItem\",\"position\":2,\"name\":\"Villaluenga del Rosario\"}]},{\"@type\":\"WebSite\",\"@id\":\"https:\\\/\\\/grazalemaguide.com\\\/quehacerenlasierras\\\/#website\",\"url\":\"https:\\\/\\\/grazalemaguide.com\\\/quehacerenlasierras\\\/\",\"name\":\"Calendario de eventos en las sierras, serran\u00edas y sus pueblos\",\"description\":\"\u00bfQu\u00e9 hacer en las Sierras, Serran\u00edas y sus pueblos? Ferias, fiestas, recreaciones hist\u00f3ricas, rutas de tapas, teatro, rally, deportes, gu\u00edas y actividades\",\"publisher\":{\"@id\":\"https:\\\/\\\/grazalemaguide.com\\\/quehacerenlasierras\\\/#\\\/schema\\\/person\\\/f24688c26be666f9001ed7cb3d7d2e3a\"},\"potentialAction\":[{\"@type\":\"SearchAction\",\"target\":{\"@type\":\"EntryPoint\",\"urlTemplate\":\"https:\\\/\\\/grazalemaguide.com\\\/quehacerenlasierras\\\/?s={search_term_string}\"},\"query-input\":{\"@type\":\"PropertyValueSpecification\",\"valueRequired\":true,\"valueName\":\"search_term_string\"}}],\"inLanguage\":\"en-US\"},{\"@type\":[\"Person\",\"Organization\"],\"@id\":\"https:\\\/\\\/grazalemaguide.com\\\/quehacerenlasierras\\\/#\\\/schema\\\/person\\\/f24688c26be666f9001ed7cb3d7d2e3a\",\"name\":\"Clive Muir\",\"image\":{\"@type\":\"ImageObject\",\"inLanguage\":\"en-US\",\"@id\":\"https:\\\/\\\/secure.gravatar.com\\\/avatar\\\/0cd1ec277564b2e62b29d49d1c588efa39fbdeed25940f60cb667d96e5c29e1e?s=96&d=mm&r=g\",\"url\":\"https:\\\/\\\/secure.gravatar.com\\\/avatar\\\/0cd1ec277564b2e62b29d49d1c588efa39fbdeed25940f60cb667d96e5c29e1e?s=96&d=mm&r=g\",\"contentUrl\":\"https:\\\/\\\/secure.gravatar.com\\\/avatar\\\/0cd1ec277564b2e62b29d49d1c588efa39fbdeed25940f60cb667d96e5c29e1e?s=96&d=mm&r=g\",\"caption\":\"Clive Muir\"},\"logo\":{\"@id\":\"https:\\\/\\\/secure.gravatar.com\\\/avatar\\\/0cd1ec277564b2e62b29d49d1c588efa39fbdeed25940f60cb667d96e5c29e1e?s=96&d=mm&r=g\"},\"description\":\"I\u2019ve been living in this lovely area of Western Andalucia for the last 20 years or so and dedicate most of my time to the running of English language tourist information websites for the towns of C\u00e1diz, Ronda, Grazalema, the famous or infamous Caminito del Rey, and also Wildside Holidays, which promotes sustainable and eco-friendly businesses running wildlife and walking holidays in Spain. My articles contain affiliate links that will help you reserve a hotel, bus, train or activity in the area. You don't pay more, but by using them you do support this website. Thankyou!\",\"sameAs\":[\"https:\\\/\\\/grazalemaguide.com\\\/\",\"https:\\\/\\\/www.facebook.com\\\/wildsideholidays\\\/\",\"https:\\\/\\\/www.linkedin.com\\\/in\\\/wildsideholidays\\\/\",\"https:\\\/\\\/x.com\\\/https:\\\/\\\/twitter.com\\\/GrazalemaGuide\",\"https:\\\/\\\/www.youtube.com\\\/channel\\\/UC6VDf8hywG6O6F1wgMtfMDw\"]}]}<\/script>\n<!-- \/ Yoast SEO plugin. -->","yoast_head_json":{"title":"Villaluenga del Rosario - Calendario de eventos en las sierras, serran\u00edas y sus pueblos","description":"Villaluenga del Rosario se sit\u00faa en el centro del Parque Natural de la Sierra de Grazalema, a los pies del Navazo Alto y en frente de la Sierra de L\u00edbar.","robots":{"index":"index","follow":"follow","max-snippet":"max-snippet:-1","max-image-preview":"max-image-preview:large","max-video-preview":"max-video-preview:-1"},"canonical":"https:\/\/grazalemaguide.com\/quehacerenlasierras\/villaluenga-del-rosario\/","og_locale":"en_US","og_type":"article","og_title":"Villaluenga del Rosario - Calendario de eventos en las sierras, serran\u00edas y sus pueblos","og_description":"Villaluenga del Rosario se sit\u00faa en el centro del Parque Natural de la Sierra de Grazalema, a los pies del Navazo Alto y en frente de la Sierra de L\u00edbar.","og_url":"https:\/\/grazalemaguide.com\/quehacerenlasierras\/villaluenga-del-rosario\/","og_site_name":"Calendario de eventos en las sierras, serran\u00edas y sus pueblos","article_publisher":"https:\/\/www.facebook.com\/wildsideholidays\/","article_modified_time":"2020-07-01T15:38:13+00:00","og_image":[{"width":1024,"height":768,"url":"https:\/\/grazalemaguide.com\/quehacerenlasierras\/wp-content\/uploads\/sites\/2\/2020\/06\/Villaluenga-del-Rosario.jpg","type":"image\/jpeg"}],"twitter_card":"summary_large_image","twitter_site":"@GrazalemaGuide","twitter_misc":{"Est. reading time":"2 minutes"},"schema":{"@context":"https:\/\/schema.org","@graph":[{"@type":"WebPage","@id":"https:\/\/grazalemaguide.com\/quehacerenlasierras\/villaluenga-del-rosario\/","url":"https:\/\/grazalemaguide.com\/quehacerenlasierras\/villaluenga-del-rosario\/","name":"Villaluenga del Rosario - Calendario de eventos en las sierras, serran\u00edas y sus pueblos","isPartOf":{"@id":"https:\/\/grazalemaguide.com\/quehacerenlasierras\/#website"},"primaryImageOfPage":{"@id":"https:\/\/grazalemaguide.com\/quehacerenlasierras\/villaluenga-del-rosario\/#primaryimage"},"image":{"@id":"https:\/\/grazalemaguide.com\/quehacerenlasierras\/villaluenga-del-rosario\/#primaryimage"},"thumbnailUrl":"https:\/\/grazalemaguide.com\/quehacerenlasierras\/wp-content\/uploads\/sites\/2\/2020\/06\/Villaluenga-del-Rosario.jpg","datePublished":"2020-06-18T17:06:50+00:00","dateModified":"2020-07-01T15:38:13+00:00","description":"Villaluenga del Rosario se sit\u00faa en el centro del Parque Natural de la Sierra de Grazalema, a los pies del Navazo Alto y en frente de la Sierra de L\u00edbar.","breadcrumb":{"@id":"https:\/\/grazalemaguide.com\/quehacerenlasierras\/villaluenga-del-rosario\/#breadcrumb"},"inLanguage":"en-US","potentialAction":[{"@type":"ReadAction","target":["https:\/\/grazalemaguide.com\/quehacerenlasierras\/villaluenga-del-rosario\/"]}]},{"@type":"ImageObject","inLanguage":"en-US","@id":"https:\/\/grazalemaguide.com\/quehacerenlasierras\/villaluenga-del-rosario\/#primaryimage","url":"https:\/\/grazalemaguide.com\/quehacerenlasierras\/wp-content\/uploads\/sites\/2\/2020\/06\/Villaluenga-del-Rosario.jpg","contentUrl":"https:\/\/grazalemaguide.com\/quehacerenlasierras\/wp-content\/uploads\/sites\/2\/2020\/06\/Villaluenga-del-Rosario.jpg","width":1024,"height":768,"caption":"Villaluenga del Rosario"},{"@type":"BreadcrumbList","@id":"https:\/\/grazalemaguide.com\/quehacerenlasierras\/villaluenga-del-rosario\/#breadcrumb","itemListElement":[{"@type":"ListItem","position":1,"name":"Home","item":"https:\/\/grazalemaguide.com\/quehacerenlasierras\/"},{"@type":"ListItem","position":2,"name":"Villaluenga del Rosario"}]},{"@type":"WebSite","@id":"https:\/\/grazalemaguide.com\/quehacerenlasierras\/#website","url":"https:\/\/grazalemaguide.com\/quehacerenlasierras\/","name":"Calendario de eventos en las sierras, serran\u00edas y sus pueblos","description":"\u00bfQu\u00e9 hacer en las Sierras, Serran\u00edas y sus pueblos? Ferias, fiestas, recreaciones hist\u00f3ricas, rutas de tapas, teatro, rally, deportes, gu\u00edas y actividades","publisher":{"@id":"https:\/\/grazalemaguide.com\/quehacerenlasierras\/#\/schema\/person\/f24688c26be666f9001ed7cb3d7d2e3a"},"potentialAction":[{"@type":"SearchAction","target":{"@type":"EntryPoint","urlTemplate":"https:\/\/grazalemaguide.com\/quehacerenlasierras\/?s={search_term_string}"},"query-input":{"@type":"PropertyValueSpecification","valueRequired":true,"valueName":"search_term_string"}}],"inLanguage":"en-US"},{"@type":["Person","Organization"],"@id":"https:\/\/grazalemaguide.com\/quehacerenlasierras\/#\/schema\/person\/f24688c26be666f9001ed7cb3d7d2e3a","name":"Clive Muir","image":{"@type":"ImageObject","inLanguage":"en-US","@id":"https:\/\/secure.gravatar.com\/avatar\/0cd1ec277564b2e62b29d49d1c588efa39fbdeed25940f60cb667d96e5c29e1e?s=96&d=mm&r=g","url":"https:\/\/secure.gravatar.com\/avatar\/0cd1ec277564b2e62b29d49d1c588efa39fbdeed25940f60cb667d96e5c29e1e?s=96&d=mm&r=g","contentUrl":"https:\/\/secure.gravatar.com\/avatar\/0cd1ec277564b2e62b29d49d1c588efa39fbdeed25940f60cb667d96e5c29e1e?s=96&d=mm&r=g","caption":"Clive Muir"},"logo":{"@id":"https:\/\/secure.gravatar.com\/avatar\/0cd1ec277564b2e62b29d49d1c588efa39fbdeed25940f60cb667d96e5c29e1e?s=96&d=mm&r=g"},"description":"I\u2019ve been living in this lovely area of Western Andalucia for the last 20 years or so and dedicate most of my time to the running of English language tourist information websites for the towns of C\u00e1diz, Ronda, Grazalema, the famous or infamous Caminito del Rey, and also Wildside Holidays, which promotes sustainable and eco-friendly businesses running wildlife and walking holidays in Spain. My articles contain affiliate links that will help you reserve a hotel, bus, train or activity in the area. You don't pay more, but by using them you do support this website. Thankyou!","sameAs":["https:\/\/grazalemaguide.com\/","https:\/\/www.facebook.com\/wildsideholidays\/","https:\/\/www.linkedin.com\/in\/wildsideholidays\/","https:\/\/x.com\/https:\/\/twitter.com\/GrazalemaGuide","https:\/\/www.youtube.com\/channel\/UC6VDf8hywG6O6F1wgMtfMDw"]}]}},"_links":{"self":[{"href":"https:\/\/grazalemaguide.com\/quehacerenlasierras\/wp-json\/wp\/v2\/pages\/514","targetHints":{"allow":["GET"]}}],"collection":[{"href":"https:\/\/grazalemaguide.com\/quehacerenlasierras\/wp-json\/wp\/v2\/pages"}],"about":[{"href":"https:\/\/grazalemaguide.com\/quehacerenlasierras\/wp-json\/wp\/v2\/types\/page"}],"author":[{"embeddable":true,"href":"https:\/\/grazalemaguide.com\/quehacerenlasierras\/wp-json\/wp\/v2\/users\/1"}],"replies":[{"embeddable":true,"href":"https:\/\/grazalemaguide.com\/quehacerenlasierras\/wp-json\/wp\/v2\/comments?post=514"}],"version-history":[{"count":0,"href":"https:\/\/grazalemaguide.com\/quehacerenlasierras\/wp-json\/wp\/v2\/pages\/514\/revisions"}],"wp:featuredmedia":[{"embeddable":true,"href":"https:\/\/grazalemaguide.com\/quehacerenlasierras\/wp-json\/wp\/v2\/media\/516"}],"wp:attachment":[{"href":"https:\/\/grazalemaguide.com\/quehacerenlasierras\/wp-json\/wp\/v2\/media?parent=514"}],"curies":[{"name":"wp","href":"https:\/\/api.w.org\/{rel}","templated":true}]}}