{"id":520,"date":"2020-06-19T08:22:04","date_gmt":"2020-06-19T08:22:04","guid":{"rendered":"http:\/\/grazalemaguide.com\/quehacerenlasierras\/?page_id=520"},"modified":"2023-10-17T14:27:41","modified_gmt":"2023-10-17T12:27:41","slug":"zahara-de-la-sierra","status":"publish","type":"page","link":"https:\/\/grazalemaguide.com\/quehacerenlasierras\/zahara-de-la-sierra\/","title":{"rendered":"Zahara de la Sierra"},"content":{"rendered":"<div class=\"wp-block-image\">\n<figure class=\"alignleft size-large is-resized\"><img loading=\"lazy\" decoding=\"async\" width=\"800\" height=\"1017\" src=\"https:\/\/grazalemaguide.com\/quehacerenlasierras\/wp-content\/uploads\/sites\/2\/2020\/06\/Escudo-Zahara-de-la-Sierra.png\" alt=\"Escudo Zahara de la Sierra\" class=\"wp-image-522\" style=\"width:250px\" srcset=\"https:\/\/grazalemaguide.com\/quehacerenlasierras\/wp-content\/uploads\/sites\/2\/2020\/06\/Escudo-Zahara-de-la-Sierra.png 800w, https:\/\/grazalemaguide.com\/quehacerenlasierras\/wp-content\/uploads\/sites\/2\/2020\/06\/Escudo-Zahara-de-la-Sierra-236x300.png 236w, https:\/\/grazalemaguide.com\/quehacerenlasierras\/wp-content\/uploads\/sites\/2\/2020\/06\/Escudo-Zahara-de-la-Sierra-768x976.png 768w\" sizes=\"auto, (max-width: 800px) 100vw, 800px\" \/><figcaption class=\"wp-element-caption\">De SanchoPanzaXXI &#8211; Trabajo propio, CC BY-SA 4.0, https:\/\/commons.wikimedia.org\/w\/index.php?curid=4265971<\/figcaption><\/figure>\n<\/div>\n\n\n<p>Zahara de la Sierra es un municipio de la provincia de C\u00e1diz. Se encuentra en el centro del Parque natural Sierra de Grazalema, en el extremo nororiental de la provincia, concretamente en la falda de la Sierra del Jaral, entre los r\u00edos Guadalete y Bocaleones, y a la orilla del embalse de Zahara-El Gastor. Forma parte de la Ruta de los Pueblos Blancos.<\/p>\n\n\n\n<p>El pueblo vive de la agricultura y el turismo rural y de aventura. Es un destino conocido para los practicantes de deportes de senderismo, escalada, espeleolog\u00eda, kayak, bicicleta y rutas a caballo<\/p>\n\n\n\n<p>La principal v\u00eda de comunicaci\u00f3n la compone la A-382 (Jerez Fra.- Antequera), la cual enlaza directamente con la CA-531 (Algodonales-Grazalema) que nos da acceso a la localidad y al resto de los Pueblos Blancos de la sierra. Igualmente, la A-382 enlaza con la A-473 (Sevilla-Ronda-Costa del Sol) poni\u00e9ndonos en contacto directo con la serran\u00eda de Ronda y la provincia de M\u00e1laga.<\/p>\n\n\n\n<p><a rel=\"noreferrer noopener\" href=\"https:\/\/es.wikipedia.org\/wiki\/Zahara_de_la_Sierra\" target=\"_blank\">Mucho m\u00e1s informaci\u00f3n en Wikipedia<\/a><\/p>\n\n\n\n<h4 class=\"wp-block-heading\">Ayuntamiento<\/h4>\n\n\n\n<p>Web: <a href=\"https:\/\/www.zaharadelasierra.es\/\" target=\"_blank\" rel=\"noreferrer noopener\">https:\/\/www.zaharadelasierra.es\/<\/a><br>Facebook: <a href=\"https:\/\/www.facebook.com\/ayuntamientozahara\/\" target=\"_blank\" rel=\"noreferrer noopener\">https:\/\/www.facebook.com\/ayuntamientozahara\/<\/a><\/p>\n\n\n\n<hr class=\"wp-block-separator has-text-color has-green-color has-css-opacity has-green-background-color has-background\"\/>\n\n\n\n<h4 class=\"wp-block-heading\">Alojamientos en Zahara de la Sierra<\/h4>\n\n\n<p>[booking_product_helper shortname=&#8221;zahara de la sierra&#8221;]<\/p>\n\n\n\n<hr class=\"wp-block-separator has-text-color has-green-color has-css-opacity has-green-background-color has-background\"\/>\n\n\n\n<h4 class=\"wp-block-heading\">Fiestas<\/h4>\n\n\n\n<h6 class=\"wp-block-heading\">Carnaval<\/h6>\n\n\n\n<p>Fiesta de gran tradici\u00f3n, y enorme participaci\u00f3n popular, con chirigotas infantiles y adultos en una proporci\u00f3n de las m\u00e1s altas de toda la provincia.<\/p>\n\n\n\n<p>Los actos principales del carnaval son el pasacalles, que recorre las calles del pueblo dejando el sabor de los primeros pasodobles, cupl\u00e9s y estribillos impregnando cada rinc\u00f3n. <\/p>\n\n\n\n<p>El preg\u00f3n tiene lugar a continuaci\u00f3n, para seguir con las actuaciones de las agrupaciones infantiles y adultas. <\/p>\n\n\n\n<p>La espontaneidad y la fiesta se disparan durante todo el fin de semana en cada rinc\u00f3n de Zahara, concluyendo con la entrega de placas homenaje y el entierro de La Algarroba el domingo.<\/p>\n\n\n\n<h6 class=\"wp-block-heading\">Romer\u00eda de Bocaleones<\/h6>\n\n\n\n<p>Se celebra el segundo o tercer fin de semana de mayo en honor a la Virgen de Comares, conocida popularmente esta festividad como Romer\u00eda de la Pastora por ir la virgen ataviada de pastora; fue instaurada esta fiesta religiosa por el p\u00e1rroco D. Pedro hace ya m\u00e1s de 20 a\u00f1os, esta imagen en la antig\u00fcedad se hallaba y veneraba en la Ermita del Cortijo de Comares, que se encuentra dentro del t\u00e9rmino municipal de Zahara, en direcci\u00f3n a Prado del Rey.<\/p>\n\n\n\n<h6 class=\"wp-block-heading\">Corpus Christi<\/h6>\n\n\n\n<p>El Corpus en Zahara est\u00e1 declarado Fiesta de Inter\u00e9s Tur\u00edstico Nacional (\u00fanico Corpus que ostenta esta distinci\u00f3n en toda Andaluc\u00eda) desde el 24 de abril de 1980. Tambien declarado Fiesta de Inter\u00e9s Tur\u00edstico Nacional de Andaluc\u00eda, Orden de 20 de mayo de 1997. Declaraciones que ha obtenido por su singular protagonismo dentro de las fiestas de Espa\u00f1a y Andaluc\u00eda.<\/p>\n\n\n\n<p>Es la fiesta sin lugar a dudas m\u00e1s importante de Zahara, y una de las m\u00e1s importantes de toda Espa\u00f1a en cuanto a tradici\u00f3n, belleza, singularidad y protagonismo.<\/p>\n\n\n\n<h6 class=\"wp-block-heading\">Festividad de San Juan<\/h6>\n\n\n\n<p>Se celebra cada a\u00f1o entorno al 24 de junio o domingo mas pr\u00f3ximo.  Llevando a la imagen de San Juan Bautista en romer\u00eda desde Zahara acompa\u00f1andolo en carroza, a pie y a caballo hasta la Ribera de Arroyomolinos, para despu\u00e9s de la misa en su honor pasar un buen d\u00eda de convivencia romeros y romeras y visitantes. <\/p>\n\n\n\n<h6 class=\"wp-block-heading\">Feria<\/h6>\n\n\n\n<p>Se celebra entorno al 20 de agosto; con sueltas de vaquillas, actuaciones musicales, gymkanas, carreras cintas, competiciones acu\u00e1ticas, torneos de futbol, etc.<\/p>\n\n\n\n<h6 class=\"wp-block-heading\">Festividad de la Patrona<\/h6>\n\n\n\n<p>Entorno al 15 de septiembre tiene lugar los cultos religiosos que culminan con la procesi\u00f3n de la patrona la Virgen de los Dolores por las calles de la Villa.<\/p>\n\n\n\n<h6 class=\"wp-block-heading\">Sierrasur Ecofestival<\/h6>\n\n\n\n<p>Festival de musica en directo en el Area Recreativa La Playita entorno al puente del Pilar del 12 de Octubre.<\/p>\n\n\n\n<h6 class=\"wp-block-heading\">Recreaci\u00f3n Historica Toma de la Villa de Zahara<\/h6>\n\n\n\n<p>Se conmemora la conquista definitiva de D. Rodrigo Ponce de Leon el 28 de Octubre de 1.483. (Se celebra entorno al tercer fin de semana de octubre)<\/p>\n\n\n\n<h6 class=\"wp-block-heading\">Festividad de los Santos Patronos San Sim\u00f3n y San Judas Tadeo<\/h6>\n\n\n\n<p>En la festividad de los Patronos San Sim\u00f3n y San Judas, se conmemora el aniversario de la conquista definitiva de Zahara a manos cristianas ocurrida en 1483. El acto central consiste en el traslado en procesi\u00f3n del pend\u00f3n que onde\u00f3, como signo de conquista, en lo alto de la Torre del Homenaje tal d\u00eda. Durante dichos d\u00edas se celebran una serie de actos englobados en una semana cultural tales como: concursos de pintura, poes\u00eda, fotograf\u00eda y conferencias y exposiciones, sobre la historia y tradiciones de Zahara.<\/p>\n\n\n\n<hr class=\"wp-block-separator has-text-color has-green-color has-css-opacity has-green-background-color has-background\"\/>\n\n\n\n<p>\u00bfQu\u00e9 hacer en las Sierras, Serran\u00edas y sus pueblos?<\/p>\n\n\n\n<p>Ferias, fiestas, recreaciones hist\u00f3ricas, rutas de tapas, teatro, rally, deportes, gu\u00edas y actividades<\/p>\n\n\n\n<p><a href=\"https:\/\/grazalemaguide.com\/quehacerenlasierras\/\">Ver el Calendario de Eventos aqui.<\/a><\/p>\n","protected":false},"excerpt":{"rendered":"<p>Zahara de la Sierra es un municipio de la provincia de C\u00e1diz. Se encuentra en el centro del Parque natural Sierra de Grazalema, en el extremo nororiental de la provincia, concretamente en la falda de la Sierra del Jaral, entre los r\u00edos Guadalete y Bocaleones, y a la orilla del embalse de Zahara-El Gastor. Forma &hellip; <a href=\"https:\/\/grazalemaguide.com\/quehacerenlasierras\/zahara-de-la-sierra\/\" class=\"more-link\">Continue reading <span class=\"screen-reader-text\">Zahara de la Sierra<\/span> <span class=\"meta-nav\">&rarr;<\/span><\/a><\/p>\n","protected":false},"author":1,"featured_media":523,"parent":0,"menu_order":0,"comment_status":"open","ping_status":"closed","template":"","meta":{"footnotes":""},"class_list":["post-520","page","type-page","status-publish","has-post-thumbnail","hentry"],"yoast_head":"<!-- This site is optimized with the Yoast SEO plugin v27.3 - https:\/\/yoast.com\/product\/yoast-seo-wordpress\/ -->\n<title>Zahara de la Sierra - Calendario de eventos en las sierras, serran\u00edas y sus pueblos<\/title>\n<meta name=\"description\" content=\"Zahara de la Sierra es un municipio de la provincia de C\u00e1diz. Se encuentra en el centro del Parque natural Sierra de Grazalema\" \/>\n<meta name=\"robots\" content=\"index, follow, max-snippet:-1, max-image-preview:large, max-video-preview:-1\" \/>\n<link rel=\"canonical\" href=\"https:\/\/grazalemaguide.com\/quehacerenlasierras\/zahara-de-la-sierra\/\" \/>\n<meta property=\"og:locale\" content=\"en_US\" \/>\n<meta property=\"og:type\" content=\"article\" \/>\n<meta property=\"og:title\" content=\"Zahara de la Sierra - Calendario de eventos en las sierras, serran\u00edas y sus pueblos\" \/>\n<meta property=\"og:description\" content=\"Zahara de la Sierra es un municipio de la provincia de C\u00e1diz. Se encuentra en el centro del Parque natural Sierra de Grazalema\" \/>\n<meta property=\"og:url\" content=\"https:\/\/grazalemaguide.com\/quehacerenlasierras\/zahara-de-la-sierra\/\" \/>\n<meta property=\"og:site_name\" content=\"Calendario de eventos en las sierras, serran\u00edas y sus pueblos\" \/>\n<meta property=\"article:publisher\" content=\"https:\/\/www.facebook.com\/wildsideholidays\/\" \/>\n<meta property=\"article:modified_time\" content=\"2023-10-17T12:27:41+00:00\" \/>\n<meta property=\"og:image\" content=\"https:\/\/grazalemaguide.com\/quehacerenlasierras\/wp-content\/uploads\/sites\/2\/2020\/06\/Zahara-de-la-Sierra.jpg\" \/>\n\t<meta property=\"og:image:width\" content=\"1024\" \/>\n\t<meta property=\"og:image:height\" content=\"640\" \/>\n\t<meta property=\"og:image:type\" content=\"image\/jpeg\" \/>\n<meta name=\"twitter:card\" content=\"summary_large_image\" \/>\n<meta name=\"twitter:site\" content=\"@GrazalemaGuide\" \/>\n<meta name=\"twitter:label1\" content=\"Est. reading time\" \/>\n\t<meta name=\"twitter:data1\" content=\"4 minutes\" \/>\n<script type=\"application\/ld+json\" class=\"yoast-schema-graph\">{\"@context\":\"https:\\\/\\\/schema.org\",\"@graph\":[{\"@type\":\"WebPage\",\"@id\":\"https:\\\/\\\/grazalemaguide.com\\\/quehacerenlasierras\\\/zahara-de-la-sierra\\\/\",\"url\":\"https:\\\/\\\/grazalemaguide.com\\\/quehacerenlasierras\\\/zahara-de-la-sierra\\\/\",\"name\":\"Zahara de la Sierra - Calendario de eventos en las sierras, serran\u00edas y sus pueblos\",\"isPartOf\":{\"@id\":\"https:\\\/\\\/grazalemaguide.com\\\/quehacerenlasierras\\\/#website\"},\"primaryImageOfPage\":{\"@id\":\"https:\\\/\\\/grazalemaguide.com\\\/quehacerenlasierras\\\/zahara-de-la-sierra\\\/#primaryimage\"},\"image\":{\"@id\":\"https:\\\/\\\/grazalemaguide.com\\\/quehacerenlasierras\\\/zahara-de-la-sierra\\\/#primaryimage\"},\"thumbnailUrl\":\"https:\\\/\\\/grazalemaguide.com\\\/quehacerenlasierras\\\/wp-content\\\/uploads\\\/sites\\\/2\\\/2020\\\/06\\\/Zahara-de-la-Sierra.jpg\",\"datePublished\":\"2020-06-19T08:22:04+00:00\",\"dateModified\":\"2023-10-17T12:27:41+00:00\",\"description\":\"Zahara de la Sierra es un municipio de la provincia de C\u00e1diz. Se encuentra en el centro del Parque natural Sierra de Grazalema\",\"breadcrumb\":{\"@id\":\"https:\\\/\\\/grazalemaguide.com\\\/quehacerenlasierras\\\/zahara-de-la-sierra\\\/#breadcrumb\"},\"inLanguage\":\"en-US\",\"potentialAction\":[{\"@type\":\"ReadAction\",\"target\":[\"https:\\\/\\\/grazalemaguide.com\\\/quehacerenlasierras\\\/zahara-de-la-sierra\\\/\"]}]},{\"@type\":\"ImageObject\",\"inLanguage\":\"en-US\",\"@id\":\"https:\\\/\\\/grazalemaguide.com\\\/quehacerenlasierras\\\/zahara-de-la-sierra\\\/#primaryimage\",\"url\":\"https:\\\/\\\/grazalemaguide.com\\\/quehacerenlasierras\\\/wp-content\\\/uploads\\\/sites\\\/2\\\/2020\\\/06\\\/Zahara-de-la-Sierra.jpg\",\"contentUrl\":\"https:\\\/\\\/grazalemaguide.com\\\/quehacerenlasierras\\\/wp-content\\\/uploads\\\/sites\\\/2\\\/2020\\\/06\\\/Zahara-de-la-Sierra.jpg\",\"width\":1024,\"height\":640,\"caption\":\"De Tango7174 - Trabajo propio, CC BY-SA 4.0, https:\\\/\\\/commons.wikimedia.org\\\/w\\\/index.php?curid=41584364\"},{\"@type\":\"BreadcrumbList\",\"@id\":\"https:\\\/\\\/grazalemaguide.com\\\/quehacerenlasierras\\\/zahara-de-la-sierra\\\/#breadcrumb\",\"itemListElement\":[{\"@type\":\"ListItem\",\"position\":1,\"name\":\"Home\",\"item\":\"https:\\\/\\\/grazalemaguide.com\\\/quehacerenlasierras\\\/\"},{\"@type\":\"ListItem\",\"position\":2,\"name\":\"Zahara de la Sierra\"}]},{\"@type\":\"WebSite\",\"@id\":\"https:\\\/\\\/grazalemaguide.com\\\/quehacerenlasierras\\\/#website\",\"url\":\"https:\\\/\\\/grazalemaguide.com\\\/quehacerenlasierras\\\/\",\"name\":\"Calendario de eventos en las sierras, serran\u00edas y sus pueblos\",\"description\":\"\u00bfQu\u00e9 hacer en las Sierras, Serran\u00edas y sus pueblos? Ferias, fiestas, recreaciones hist\u00f3ricas, rutas de tapas, teatro, rally, deportes, gu\u00edas y actividades\",\"publisher\":{\"@id\":\"https:\\\/\\\/grazalemaguide.com\\\/quehacerenlasierras\\\/#\\\/schema\\\/person\\\/f24688c26be666f9001ed7cb3d7d2e3a\"},\"potentialAction\":[{\"@type\":\"SearchAction\",\"target\":{\"@type\":\"EntryPoint\",\"urlTemplate\":\"https:\\\/\\\/grazalemaguide.com\\\/quehacerenlasierras\\\/?s={search_term_string}\"},\"query-input\":{\"@type\":\"PropertyValueSpecification\",\"valueRequired\":true,\"valueName\":\"search_term_string\"}}],\"inLanguage\":\"en-US\"},{\"@type\":[\"Person\",\"Organization\"],\"@id\":\"https:\\\/\\\/grazalemaguide.com\\\/quehacerenlasierras\\\/#\\\/schema\\\/person\\\/f24688c26be666f9001ed7cb3d7d2e3a\",\"name\":\"Clive Muir\",\"image\":{\"@type\":\"ImageObject\",\"inLanguage\":\"en-US\",\"@id\":\"https:\\\/\\\/secure.gravatar.com\\\/avatar\\\/0cd1ec277564b2e62b29d49d1c588efa39fbdeed25940f60cb667d96e5c29e1e?s=96&d=mm&r=g\",\"url\":\"https:\\\/\\\/secure.gravatar.com\\\/avatar\\\/0cd1ec277564b2e62b29d49d1c588efa39fbdeed25940f60cb667d96e5c29e1e?s=96&d=mm&r=g\",\"contentUrl\":\"https:\\\/\\\/secure.gravatar.com\\\/avatar\\\/0cd1ec277564b2e62b29d49d1c588efa39fbdeed25940f60cb667d96e5c29e1e?s=96&d=mm&r=g\",\"caption\":\"Clive Muir\"},\"logo\":{\"@id\":\"https:\\\/\\\/secure.gravatar.com\\\/avatar\\\/0cd1ec277564b2e62b29d49d1c588efa39fbdeed25940f60cb667d96e5c29e1e?s=96&d=mm&r=g\"},\"description\":\"I\u2019ve been living in this lovely area of Western Andalucia for the last 20 years or so and dedicate most of my time to the running of English language tourist information websites for the towns of C\u00e1diz, Ronda, Grazalema, the famous or infamous Caminito del Rey, and also Wildside Holidays, which promotes sustainable and eco-friendly businesses running wildlife and walking holidays in Spain. My articles contain affiliate links that will help you reserve a hotel, bus, train or activity in the area. You don't pay more, but by using them you do support this website. Thankyou!\",\"sameAs\":[\"https:\\\/\\\/grazalemaguide.com\\\/\",\"https:\\\/\\\/www.facebook.com\\\/wildsideholidays\\\/\",\"https:\\\/\\\/www.linkedin.com\\\/in\\\/wildsideholidays\\\/\",\"https:\\\/\\\/x.com\\\/https:\\\/\\\/twitter.com\\\/GrazalemaGuide\",\"https:\\\/\\\/www.youtube.com\\\/channel\\\/UC6VDf8hywG6O6F1wgMtfMDw\"]}]}<\/script>\n<!-- \/ Yoast SEO plugin. -->","yoast_head_json":{"title":"Zahara de la Sierra - Calendario de eventos en las sierras, serran\u00edas y sus pueblos","description":"Zahara de la Sierra es un municipio de la provincia de C\u00e1diz. Se encuentra en el centro del Parque natural Sierra de Grazalema","robots":{"index":"index","follow":"follow","max-snippet":"max-snippet:-1","max-image-preview":"max-image-preview:large","max-video-preview":"max-video-preview:-1"},"canonical":"https:\/\/grazalemaguide.com\/quehacerenlasierras\/zahara-de-la-sierra\/","og_locale":"en_US","og_type":"article","og_title":"Zahara de la Sierra - Calendario de eventos en las sierras, serran\u00edas y sus pueblos","og_description":"Zahara de la Sierra es un municipio de la provincia de C\u00e1diz. Se encuentra en el centro del Parque natural Sierra de Grazalema","og_url":"https:\/\/grazalemaguide.com\/quehacerenlasierras\/zahara-de-la-sierra\/","og_site_name":"Calendario de eventos en las sierras, serran\u00edas y sus pueblos","article_publisher":"https:\/\/www.facebook.com\/wildsideholidays\/","article_modified_time":"2023-10-17T12:27:41+00:00","og_image":[{"width":1024,"height":640,"url":"https:\/\/grazalemaguide.com\/quehacerenlasierras\/wp-content\/uploads\/sites\/2\/2020\/06\/Zahara-de-la-Sierra.jpg","type":"image\/jpeg"}],"twitter_card":"summary_large_image","twitter_site":"@GrazalemaGuide","twitter_misc":{"Est. reading time":"4 minutes"},"schema":{"@context":"https:\/\/schema.org","@graph":[{"@type":"WebPage","@id":"https:\/\/grazalemaguide.com\/quehacerenlasierras\/zahara-de-la-sierra\/","url":"https:\/\/grazalemaguide.com\/quehacerenlasierras\/zahara-de-la-sierra\/","name":"Zahara de la Sierra - Calendario de eventos en las sierras, serran\u00edas y sus pueblos","isPartOf":{"@id":"https:\/\/grazalemaguide.com\/quehacerenlasierras\/#website"},"primaryImageOfPage":{"@id":"https:\/\/grazalemaguide.com\/quehacerenlasierras\/zahara-de-la-sierra\/#primaryimage"},"image":{"@id":"https:\/\/grazalemaguide.com\/quehacerenlasierras\/zahara-de-la-sierra\/#primaryimage"},"thumbnailUrl":"https:\/\/grazalemaguide.com\/quehacerenlasierras\/wp-content\/uploads\/sites\/2\/2020\/06\/Zahara-de-la-Sierra.jpg","datePublished":"2020-06-19T08:22:04+00:00","dateModified":"2023-10-17T12:27:41+00:00","description":"Zahara de la Sierra es un municipio de la provincia de C\u00e1diz. Se encuentra en el centro del Parque natural Sierra de Grazalema","breadcrumb":{"@id":"https:\/\/grazalemaguide.com\/quehacerenlasierras\/zahara-de-la-sierra\/#breadcrumb"},"inLanguage":"en-US","potentialAction":[{"@type":"ReadAction","target":["https:\/\/grazalemaguide.com\/quehacerenlasierras\/zahara-de-la-sierra\/"]}]},{"@type":"ImageObject","inLanguage":"en-US","@id":"https:\/\/grazalemaguide.com\/quehacerenlasierras\/zahara-de-la-sierra\/#primaryimage","url":"https:\/\/grazalemaguide.com\/quehacerenlasierras\/wp-content\/uploads\/sites\/2\/2020\/06\/Zahara-de-la-Sierra.jpg","contentUrl":"https:\/\/grazalemaguide.com\/quehacerenlasierras\/wp-content\/uploads\/sites\/2\/2020\/06\/Zahara-de-la-Sierra.jpg","width":1024,"height":640,"caption":"De Tango7174 - Trabajo propio, CC BY-SA 4.0, https:\/\/commons.wikimedia.org\/w\/index.php?curid=41584364"},{"@type":"BreadcrumbList","@id":"https:\/\/grazalemaguide.com\/quehacerenlasierras\/zahara-de-la-sierra\/#breadcrumb","itemListElement":[{"@type":"ListItem","position":1,"name":"Home","item":"https:\/\/grazalemaguide.com\/quehacerenlasierras\/"},{"@type":"ListItem","position":2,"name":"Zahara de la Sierra"}]},{"@type":"WebSite","@id":"https:\/\/grazalemaguide.com\/quehacerenlasierras\/#website","url":"https:\/\/grazalemaguide.com\/quehacerenlasierras\/","name":"Calendario de eventos en las sierras, serran\u00edas y sus pueblos","description":"\u00bfQu\u00e9 hacer en las Sierras, Serran\u00edas y sus pueblos? Ferias, fiestas, recreaciones hist\u00f3ricas, rutas de tapas, teatro, rally, deportes, gu\u00edas y actividades","publisher":{"@id":"https:\/\/grazalemaguide.com\/quehacerenlasierras\/#\/schema\/person\/f24688c26be666f9001ed7cb3d7d2e3a"},"potentialAction":[{"@type":"SearchAction","target":{"@type":"EntryPoint","urlTemplate":"https:\/\/grazalemaguide.com\/quehacerenlasierras\/?s={search_term_string}"},"query-input":{"@type":"PropertyValueSpecification","valueRequired":true,"valueName":"search_term_string"}}],"inLanguage":"en-US"},{"@type":["Person","Organization"],"@id":"https:\/\/grazalemaguide.com\/quehacerenlasierras\/#\/schema\/person\/f24688c26be666f9001ed7cb3d7d2e3a","name":"Clive Muir","image":{"@type":"ImageObject","inLanguage":"en-US","@id":"https:\/\/secure.gravatar.com\/avatar\/0cd1ec277564b2e62b29d49d1c588efa39fbdeed25940f60cb667d96e5c29e1e?s=96&d=mm&r=g","url":"https:\/\/secure.gravatar.com\/avatar\/0cd1ec277564b2e62b29d49d1c588efa39fbdeed25940f60cb667d96e5c29e1e?s=96&d=mm&r=g","contentUrl":"https:\/\/secure.gravatar.com\/avatar\/0cd1ec277564b2e62b29d49d1c588efa39fbdeed25940f60cb667d96e5c29e1e?s=96&d=mm&r=g","caption":"Clive Muir"},"logo":{"@id":"https:\/\/secure.gravatar.com\/avatar\/0cd1ec277564b2e62b29d49d1c588efa39fbdeed25940f60cb667d96e5c29e1e?s=96&d=mm&r=g"},"description":"I\u2019ve been living in this lovely area of Western Andalucia for the last 20 years or so and dedicate most of my time to the running of English language tourist information websites for the towns of C\u00e1diz, Ronda, Grazalema, the famous or infamous Caminito del Rey, and also Wildside Holidays, which promotes sustainable and eco-friendly businesses running wildlife and walking holidays in Spain. My articles contain affiliate links that will help you reserve a hotel, bus, train or activity in the area. You don't pay more, but by using them you do support this website. Thankyou!","sameAs":["https:\/\/grazalemaguide.com\/","https:\/\/www.facebook.com\/wildsideholidays\/","https:\/\/www.linkedin.com\/in\/wildsideholidays\/","https:\/\/x.com\/https:\/\/twitter.com\/GrazalemaGuide","https:\/\/www.youtube.com\/channel\/UC6VDf8hywG6O6F1wgMtfMDw"]}]}},"_links":{"self":[{"href":"https:\/\/grazalemaguide.com\/quehacerenlasierras\/wp-json\/wp\/v2\/pages\/520","targetHints":{"allow":["GET"]}}],"collection":[{"href":"https:\/\/grazalemaguide.com\/quehacerenlasierras\/wp-json\/wp\/v2\/pages"}],"about":[{"href":"https:\/\/grazalemaguide.com\/quehacerenlasierras\/wp-json\/wp\/v2\/types\/page"}],"author":[{"embeddable":true,"href":"https:\/\/grazalemaguide.com\/quehacerenlasierras\/wp-json\/wp\/v2\/users\/1"}],"replies":[{"embeddable":true,"href":"https:\/\/grazalemaguide.com\/quehacerenlasierras\/wp-json\/wp\/v2\/comments?post=520"}],"version-history":[{"count":0,"href":"https:\/\/grazalemaguide.com\/quehacerenlasierras\/wp-json\/wp\/v2\/pages\/520\/revisions"}],"wp:featuredmedia":[{"embeddable":true,"href":"https:\/\/grazalemaguide.com\/quehacerenlasierras\/wp-json\/wp\/v2\/media\/523"}],"wp:attachment":[{"href":"https:\/\/grazalemaguide.com\/quehacerenlasierras\/wp-json\/wp\/v2\/media?parent=520"}],"curies":[{"name":"wp","href":"https:\/\/api.w.org\/{rel}","templated":true}]}}