{"id":602,"date":"2020-07-01T15:36:33","date_gmt":"2020-07-01T15:36:33","guid":{"rendered":"http:\/\/grazalemaguide.com\/quehacerenlasierras\/?page_id=602"},"modified":"2020-09-24T11:10:20","modified_gmt":"2020-09-24T09:10:20","slug":"villamartin","status":"publish","type":"page","link":"https:\/\/grazalemaguide.com\/quehacerenlasierras\/villamartin\/","title":{"rendered":"Villamartin"},"content":{"rendered":"\n<div class=\"wp-block-image\"><figure class=\"alignleft size-large is-resized\"><img decoding=\"async\" src=\"https:\/\/grazalemaguide.com\/quehacerenlasierras\/wp-content\/uploads\/sites\/2\/2020\/07\/Escudo-Villamartin.png\" alt=\"Escudo Villamartin\" class=\"wp-image-603\" width=\"250\" srcset=\"https:\/\/grazalemaguide.com\/quehacerenlasierras\/wp-content\/uploads\/sites\/2\/2020\/07\/Escudo-Villamartin.png 800w, https:\/\/grazalemaguide.com\/quehacerenlasierras\/wp-content\/uploads\/sites\/2\/2020\/07\/Escudo-Villamartin-236x300.png 236w, https:\/\/grazalemaguide.com\/quehacerenlasierras\/wp-content\/uploads\/sites\/2\/2020\/07\/Escudo-Villamartin-768x974.png 768w\" sizes=\"(max-width: 800px) 100vw, 800px\" \/><figcaption>De Miguel Angel fotografo(Taller de Her\u00e1ldica y Vexilolog\u00eda in the Spanish Wikipedia ) &#8211; Trabajo propio, CC BY-SA 4.0, https:\/\/commons.wikimedia.org\/w\/index.php?curid=3963648<\/figcaption><\/figure><\/div>\n\n\n\n<p>Villamart\u00edn es un municipio de la provincia de C\u00e1diz. Se encuentra al norte de la provincia a 80 kil\u00f3metros de la capital, C\u00e1diz. <\/p>\n\n\n\n<p>Villamart\u00edn estuvo habitada desde la Prehistoria, como demuestra el Dolmen de Alberite, monumento megal\u00edtico situado en la finca hom\u00f3nima.\u200b <\/p>\n\n\n\n<p>En 1994 se descubri\u00f3 un Yacimiento Tart\u00e9sico en la cima de la colina en que se asienta la ciudad. En ella existi\u00f3 un conjunto de villas romanas dedicadas a la agricultura, cuyos restos se conservan a\u00fan en sus numerosos cortijos, que, despu\u00e9s del breve dominio visigodo, se convirtieron en machares musulmanes.<\/p>\n\n\n\n<h4 class=\"wp-block-heading\">Gastronom\u00eda<\/h4>\n\n\n\n<p>En la Gastronom\u00eda las sopas de tomate y de esp\u00e1rragos, protagonistas de las reuniones de familiares y de amigos son muy populares. Tambi\u00e9n tiene una buena confiter\u00eda, en la que destacan dulces como los Roscos Blancos, los Pitis\u00fas, los Cuernos de crema, los Palos de Nata y Torpedos, las Ca\u00f1as y cordobesas, las sultanas de coco o de almendras, las Palmeras, los Piononos y un sinf\u00edn de pasteles artesanos que hacen las delicias de cualquier visitante. Tambi\u00e9n se fabrican alfajores y turrones.<\/p>\n\n\n\n<p>Por otro lado Villamart\u00edn tambi\u00e9n cuenta con pan artesano de buena calidad, fabric\u00e1ndose de varios estilos, adem\u00e1s son muy apreciados los molletes, pieza imprescindible en los desayunos villamartinenses.<\/p>\n\n\n\n<p>Tambi\u00e9n posee uno de los mejores quesos de la comarca &#8220;<a href=\"https:\/\/www.quesospajarete.com\" target=\"_blank\" rel=\"noreferrer noopener\">Quesos Pajarete<\/a>&#8221; el cual lleva much\u00edsimos premios.<\/p>\n\n\n\n<p><a aria-label=\"undefined (abre en una nueva pesta\u00f1a)\" href=\"https:\/\/es.wikipedia.org\/wiki\/Villamart%C3%ADn\" target=\"_blank\" rel=\"noreferrer noopener\">M\u00e1s informaci\u00f3n en Wikipedia<\/a><\/p>\n\n\n\n<h4 class=\"wp-block-heading\">Ayuntamiento<\/h4>\n\n\n\n<p>Web: <a href=\"https:\/\/www.villamartin.es\/\" target=\"_blank\" aria-label=\"undefined (abre en una nueva pesta\u00f1a)\" rel=\"noreferrer noopener\">https:\/\/www.villamartin.es\/<\/a><br>Facebook: <a href=\"https:\/\/www.facebook.com\/ayuntamiento.devillamartin\/\" target=\"_blank\" aria-label=\"undefined (abre en una nueva pesta\u00f1a)\" rel=\"noreferrer noopener\">https:\/\/www.facebook.com\/ayuntamiento.devillamartin\/<\/a><\/p>\n\n\n\n<hr class=\"wp-block-separator has-text-color has-background has-green-background-color has-green-color\"\/>\n\n\n\n<h2 class=\"wp-block-heading\">Alojamientos en Villamartin<\/h2>\n\n\n<p>[booking_product_helper shortname=&#8221;villamartin&#8221;]<\/p>\n\n\n\n<hr class=\"wp-block-separator has-text-color has-background has-green-background-color has-green-color\"\/>\n\n\n\n<h4 class=\"wp-block-heading\">Fiestas<\/h4>\n\n\n\n<h6 class=\"wp-block-heading\">Feria de ganado y fiestas de San Mateo.<\/h6>\n\n\n\n<p>Es la Feria ganadera mas antigua de Andaluc\u00eda, celebr\u00e1ndose desde el siglo XVI. Del 20 al 24 de septiembre. Declarada de Inter\u00e9s Tur\u00edstico Nacional de Andaluc\u00eda. Celebraci\u00f3n del certamen EQUISIERRA.<\/p>\n\n\n\n<p>De manera paralela a la Feria San Mateo, se celebra la Feria de Ganado, un evento de reconocido prestigio en Andaluc\u00eda, que cuenta con una importante muestra para la venta y concursos morfol\u00f3gicos muy destacados.<\/p>\n\n\n\n<h6 class=\"wp-block-heading\">Romer\u00eda<\/h6>\n\n\n\n<p>El Santuario de Nuestra Se\u00f1ora de las Monta\u00f1as est\u00e1 situado a unos 9 Km. de la localidad. Cada 8 de septiembre, de madrugada, se celebra la misa de romeros en la Parroquia de Santa Mar\u00eda de las Virtudes y una vez finalizada, el estandarte de la Hermandad es acompa\u00f1ado por much\u00edsimas personas, a pie, a caballo, en carrozas\u2026 desde la localidad a la ermita. El lugar se convierte en punto de encuentro de cientos de devotos venidos desde los m\u00e1s diversos puntos para visitar a la Virgen. Esta es una de las devociones m\u00e1s arraigadas en Villamart\u00edn y su comarca.<\/p>\n\n\n\n<h6 class=\"wp-block-heading\">Semana Santa<\/h6>\n\n\n\n<p>Durante la Semana Santa son varias las Hermandades y cofrad\u00edas que efect\u00faan su estaci\u00f3n de penitencia en la localidad, pudiendo disfrutar esos d\u00edas de verdaderas obras de arte en sus calles.<\/p>\n\n\n\n<p>Aunque no est\u00e9 dentro de la Semana Santa como tal, el Viernes de Dolores procesiona el que ya es conocido como &#8220;El Prendimiento&#8221;, titular de la Agrupaci\u00f3n Parroquial de Nuestro Padre Jes\u00fas de la Misericordia en su prendimiento, Mar\u00eda Sant\u00edsima de la Esperanza, San Juan Evangelista y Santa \u00c1ngela de la Cruz.<\/p>\n\n\n\n<h6 class=\"wp-block-heading\">Carnaval<\/h6>\n\n\n\n<p>Como en muchas localidades de la Provincia de C\u00e1diz en Villamart\u00edn tambi\u00e9n se celebra el carnaval. Sorteando los a\u00f1os dif\u00edciles la fiesta ha llegado hasta nuestros d\u00edas con ecos de personajes y vivencias de otros tiempos. Quedan para el recuerdo y el reconocimiento permanente murgas y chirigotas de la localidad como Licor de Rana o los bailes de m\u00e1scaras en el sal\u00f3n del Ayuntamiento. Hay que destacar a personas como el Veneno, los hermanos Morillo, los Cabrera, el Mel\u00f3n o el propio Manuel Fraile, personajes que han mantenido viva la fiesta en unos casos o que han tra\u00eddo hasta nosotros las letras de las coplillas cantadas en \u00e9pocas lejanas.<\/p>\n\n\n\n<p>En la actualidad la fiesta suele celebrarse durante dos fines de semanas consecutivos y en ella participan adem\u00e1s de los grupos locales, chirigotas, comparsas y cuartetos elegidos entre los participantes en el Concurso Oficial de Agrupaciones de Carnaval que se celebra cada a\u00f1o en C\u00e1diz.<\/p>\n\n\n\n<h6 class=\"wp-block-heading\">Navidad y Reyes<\/h6>\n\n\n\n<p>Las fechas navide\u00f1as son unas de las m\u00e1s se\u00f1aladas en el calendario festivo villamartinense. Son diversas las actividades que se desarrollan durante estos d\u00edas en los que las calles m\u00e1s c\u00e9ntricas se adornan con iluminaci\u00f3n art\u00edstica. Muchas de esas actividades tienen lugar alrededor de la Plaza del Ayuntamiento. El Bel\u00e9n Viviente que se monta en las calles adyacentes al templo parroquial nos traslada a la \u00e9poca del Bel\u00e9n del Nacimiento. Cada escena es recreada cuidando cada detalle y en el mismo participa gran parte de la poblaci\u00f3n.<\/p>\n\n\n\n<p>En los \u00faltimos a\u00f1os se ha podido disfrutar de mercadillos navide\u00f1os, pista de patinaje y actividades infantiles. En estos d\u00edas tiene lugar tambi\u00e9n la noche de campanilleros, momento en el que se unen los distintos coros de la localidad para cantar villancicos.<\/p>\n\n\n\n<hr class=\"wp-block-separator has-text-color has-background has-green-background-color has-green-color\"\/>\n\n\n\n<h6 class=\"wp-block-heading\">\u00bfQu\u00e9 hacer en las Sierras, Serran\u00edas y sus pueblos?<\/h6>\n\n\n\n<p>Ferias, fiestas, recreaciones hist\u00f3ricas, rutas de tapas, teatro, rally, deportes, gu\u00edas y actividades<\/p>\n\n\n\n<p><a href=\"https:\/\/grazalemaguide.com\/quehacerenlasierras\/\">Ver el Calendario de Eventos aqui.<\/a><\/p>\n","protected":false},"excerpt":{"rendered":"<p>Villamart\u00edn es un municipio de la provincia de C\u00e1diz. Se encuentra al norte de la provincia a 80 kil\u00f3metros de la capital, C\u00e1diz. Villamart\u00edn estuvo habitada desde la Prehistoria, como demuestra el Dolmen de Alberite, monumento megal\u00edtico situado en la finca hom\u00f3nima.\u200b En 1994 se descubri\u00f3 un Yacimiento Tart\u00e9sico en la cima de la colina &hellip; <a href=\"https:\/\/grazalemaguide.com\/quehacerenlasierras\/villamartin\/\" class=\"more-link\">Continue reading <span class=\"screen-reader-text\">Villamartin<\/span> <span class=\"meta-nav\">&rarr;<\/span><\/a><\/p>\n","protected":false},"author":1,"featured_media":604,"parent":0,"menu_order":0,"comment_status":"open","ping_status":"closed","template":"","meta":{"footnotes":""},"class_list":["post-602","page","type-page","status-publish","has-post-thumbnail","hentry"],"yoast_head":"<!-- This site is optimized with the Yoast SEO plugin v27.5 - https:\/\/yoast.com\/product\/yoast-seo-wordpress\/ -->\n<title>Villamartin - Calendario de eventos en las sierras, serran\u00edas y sus pueblos<\/title>\n<meta name=\"description\" content=\"Villamart\u00edn estuvo habitada desde la Prehistoria, como demuestra el Dolmen de Alberite, monumento megal\u00edtico situado en la finca hom\u00f3nima.\u200b\" \/>\n<meta name=\"robots\" content=\"index, follow, max-snippet:-1, max-image-preview:large, max-video-preview:-1\" \/>\n<link rel=\"canonical\" href=\"https:\/\/grazalemaguide.com\/quehacerenlasierras\/villamartin\/\" \/>\n<meta property=\"og:locale\" content=\"en_US\" \/>\n<meta property=\"og:type\" content=\"article\" \/>\n<meta property=\"og:title\" content=\"Villamartin - Calendario de eventos en las sierras, serran\u00edas y sus pueblos\" \/>\n<meta property=\"og:description\" content=\"Villamart\u00edn estuvo habitada desde la Prehistoria, como demuestra el Dolmen de Alberite, monumento megal\u00edtico situado en la finca hom\u00f3nima.\u200b\" \/>\n<meta property=\"og:url\" content=\"https:\/\/grazalemaguide.com\/quehacerenlasierras\/villamartin\/\" \/>\n<meta property=\"og:site_name\" content=\"Calendario de eventos en las sierras, serran\u00edas y sus pueblos\" \/>\n<meta property=\"article:publisher\" content=\"https:\/\/www.facebook.com\/wildsideholidays\/\" \/>\n<meta property=\"article:modified_time\" content=\"2020-09-24T09:10:20+00:00\" \/>\n<meta property=\"og:image\" content=\"https:\/\/grazalemaguide.com\/quehacerenlasierras\/wp-content\/uploads\/sites\/2\/2020\/07\/Villamartin.jpg\" \/>\n\t<meta property=\"og:image:width\" content=\"1024\" \/>\n\t<meta property=\"og:image:height\" content=\"439\" \/>\n\t<meta property=\"og:image:type\" content=\"image\/jpeg\" \/>\n<meta name=\"twitter:card\" content=\"summary_large_image\" \/>\n<meta name=\"twitter:site\" content=\"@GrazalemaGuide\" \/>\n<meta name=\"twitter:label1\" content=\"Est. reading time\" \/>\n\t<meta name=\"twitter:data1\" content=\"5 minutes\" \/>\n<script type=\"application\/ld+json\" class=\"yoast-schema-graph\">{\"@context\":\"https:\\\/\\\/schema.org\",\"@graph\":[{\"@type\":\"WebPage\",\"@id\":\"https:\\\/\\\/grazalemaguide.com\\\/quehacerenlasierras\\\/villamartin\\\/\",\"url\":\"https:\\\/\\\/grazalemaguide.com\\\/quehacerenlasierras\\\/villamartin\\\/\",\"name\":\"Villamartin - Calendario de eventos en las sierras, serran\u00edas y sus pueblos\",\"isPartOf\":{\"@id\":\"https:\\\/\\\/grazalemaguide.com\\\/quehacerenlasierras\\\/#website\"},\"primaryImageOfPage\":{\"@id\":\"https:\\\/\\\/grazalemaguide.com\\\/quehacerenlasierras\\\/villamartin\\\/#primaryimage\"},\"image\":{\"@id\":\"https:\\\/\\\/grazalemaguide.com\\\/quehacerenlasierras\\\/villamartin\\\/#primaryimage\"},\"thumbnailUrl\":\"https:\\\/\\\/grazalemaguide.com\\\/quehacerenlasierras\\\/wp-content\\\/uploads\\\/sites\\\/2\\\/2020\\\/07\\\/Villamartin.jpg\",\"datePublished\":\"2020-07-01T15:36:33+00:00\",\"dateModified\":\"2020-09-24T09:10:20+00:00\",\"description\":\"Villamart\u00edn estuvo habitada desde la Prehistoria, como demuestra el Dolmen de Alberite, monumento megal\u00edtico situado en la finca hom\u00f3nima.\u200b\",\"breadcrumb\":{\"@id\":\"https:\\\/\\\/grazalemaguide.com\\\/quehacerenlasierras\\\/villamartin\\\/#breadcrumb\"},\"inLanguage\":\"en-US\",\"potentialAction\":[{\"@type\":\"ReadAction\",\"target\":[\"https:\\\/\\\/grazalemaguide.com\\\/quehacerenlasierras\\\/villamartin\\\/\"]}]},{\"@type\":\"ImageObject\",\"inLanguage\":\"en-US\",\"@id\":\"https:\\\/\\\/grazalemaguide.com\\\/quehacerenlasierras\\\/villamartin\\\/#primaryimage\",\"url\":\"https:\\\/\\\/grazalemaguide.com\\\/quehacerenlasierras\\\/wp-content\\\/uploads\\\/sites\\\/2\\\/2020\\\/07\\\/Villamartin.jpg\",\"contentUrl\":\"https:\\\/\\\/grazalemaguide.com\\\/quehacerenlasierras\\\/wp-content\\\/uploads\\\/sites\\\/2\\\/2020\\\/07\\\/Villamartin.jpg\",\"width\":1024,\"height\":439,\"caption\":\"Villamart\u00edn es un municipio de la provincia de C\u00e1diz. Se encuentra al norte de la provincia a 80 kil\u00f3metros de la capital, C\u00e1diz\"},{\"@type\":\"BreadcrumbList\",\"@id\":\"https:\\\/\\\/grazalemaguide.com\\\/quehacerenlasierras\\\/villamartin\\\/#breadcrumb\",\"itemListElement\":[{\"@type\":\"ListItem\",\"position\":1,\"name\":\"Home\",\"item\":\"https:\\\/\\\/grazalemaguide.com\\\/quehacerenlasierras\\\/\"},{\"@type\":\"ListItem\",\"position\":2,\"name\":\"Villamartin\"}]},{\"@type\":\"WebSite\",\"@id\":\"https:\\\/\\\/grazalemaguide.com\\\/quehacerenlasierras\\\/#website\",\"url\":\"https:\\\/\\\/grazalemaguide.com\\\/quehacerenlasierras\\\/\",\"name\":\"Calendario de eventos en las sierras, serran\u00edas y sus pueblos\",\"description\":\"\u00bfQu\u00e9 hacer en las Sierras, Serran\u00edas y sus pueblos? Ferias, fiestas, recreaciones hist\u00f3ricas, rutas de tapas, teatro, rally, deportes, gu\u00edas y actividades\",\"publisher\":{\"@id\":\"https:\\\/\\\/grazalemaguide.com\\\/quehacerenlasierras\\\/#\\\/schema\\\/person\\\/f24688c26be666f9001ed7cb3d7d2e3a\"},\"potentialAction\":[{\"@type\":\"SearchAction\",\"target\":{\"@type\":\"EntryPoint\",\"urlTemplate\":\"https:\\\/\\\/grazalemaguide.com\\\/quehacerenlasierras\\\/?s={search_term_string}\"},\"query-input\":{\"@type\":\"PropertyValueSpecification\",\"valueRequired\":true,\"valueName\":\"search_term_string\"}}],\"inLanguage\":\"en-US\"},{\"@type\":[\"Person\",\"Organization\"],\"@id\":\"https:\\\/\\\/grazalemaguide.com\\\/quehacerenlasierras\\\/#\\\/schema\\\/person\\\/f24688c26be666f9001ed7cb3d7d2e3a\",\"name\":\"Clive Muir\",\"image\":{\"@type\":\"ImageObject\",\"inLanguage\":\"en-US\",\"@id\":\"https:\\\/\\\/secure.gravatar.com\\\/avatar\\\/0cd1ec277564b2e62b29d49d1c588efa39fbdeed25940f60cb667d96e5c29e1e?s=96&d=mm&r=g\",\"url\":\"https:\\\/\\\/secure.gravatar.com\\\/avatar\\\/0cd1ec277564b2e62b29d49d1c588efa39fbdeed25940f60cb667d96e5c29e1e?s=96&d=mm&r=g\",\"contentUrl\":\"https:\\\/\\\/secure.gravatar.com\\\/avatar\\\/0cd1ec277564b2e62b29d49d1c588efa39fbdeed25940f60cb667d96e5c29e1e?s=96&d=mm&r=g\",\"caption\":\"Clive Muir\"},\"logo\":{\"@id\":\"https:\\\/\\\/secure.gravatar.com\\\/avatar\\\/0cd1ec277564b2e62b29d49d1c588efa39fbdeed25940f60cb667d96e5c29e1e?s=96&d=mm&r=g\"},\"description\":\"I\u2019ve been living in this lovely area of Western Andalucia for the last 20 years or so and dedicate most of my time to the running of English language tourist information websites for the towns of C\u00e1diz, Ronda, Grazalema, the famous or infamous Caminito del Rey, and also Wildside Holidays, which promotes sustainable and eco-friendly businesses running wildlife and walking holidays in Spain. My articles contain affiliate links that will help you reserve a hotel, bus, train or activity in the area. You don't pay more, but by using them you do support this website. Thankyou!\",\"sameAs\":[\"https:\\\/\\\/grazalemaguide.com\\\/\",\"https:\\\/\\\/www.facebook.com\\\/wildsideholidays\\\/\",\"https:\\\/\\\/www.linkedin.com\\\/in\\\/wildsideholidays\\\/\",\"https:\\\/\\\/x.com\\\/https:\\\/\\\/twitter.com\\\/GrazalemaGuide\",\"https:\\\/\\\/www.youtube.com\\\/channel\\\/UC6VDf8hywG6O6F1wgMtfMDw\"]}]}<\/script>\n<!-- \/ Yoast SEO plugin. -->","yoast_head_json":{"title":"Villamartin - Calendario de eventos en las sierras, serran\u00edas y sus pueblos","description":"Villamart\u00edn estuvo habitada desde la Prehistoria, como demuestra el Dolmen de Alberite, monumento megal\u00edtico situado en la finca hom\u00f3nima.\u200b","robots":{"index":"index","follow":"follow","max-snippet":"max-snippet:-1","max-image-preview":"max-image-preview:large","max-video-preview":"max-video-preview:-1"},"canonical":"https:\/\/grazalemaguide.com\/quehacerenlasierras\/villamartin\/","og_locale":"en_US","og_type":"article","og_title":"Villamartin - Calendario de eventos en las sierras, serran\u00edas y sus pueblos","og_description":"Villamart\u00edn estuvo habitada desde la Prehistoria, como demuestra el Dolmen de Alberite, monumento megal\u00edtico situado en la finca hom\u00f3nima.\u200b","og_url":"https:\/\/grazalemaguide.com\/quehacerenlasierras\/villamartin\/","og_site_name":"Calendario de eventos en las sierras, serran\u00edas y sus pueblos","article_publisher":"https:\/\/www.facebook.com\/wildsideholidays\/","article_modified_time":"2020-09-24T09:10:20+00:00","og_image":[{"width":1024,"height":439,"url":"https:\/\/grazalemaguide.com\/quehacerenlasierras\/wp-content\/uploads\/sites\/2\/2020\/07\/Villamartin.jpg","type":"image\/jpeg"}],"twitter_card":"summary_large_image","twitter_site":"@GrazalemaGuide","twitter_misc":{"Est. reading time":"5 minutes"},"schema":{"@context":"https:\/\/schema.org","@graph":[{"@type":"WebPage","@id":"https:\/\/grazalemaguide.com\/quehacerenlasierras\/villamartin\/","url":"https:\/\/grazalemaguide.com\/quehacerenlasierras\/villamartin\/","name":"Villamartin - Calendario de eventos en las sierras, serran\u00edas y sus pueblos","isPartOf":{"@id":"https:\/\/grazalemaguide.com\/quehacerenlasierras\/#website"},"primaryImageOfPage":{"@id":"https:\/\/grazalemaguide.com\/quehacerenlasierras\/villamartin\/#primaryimage"},"image":{"@id":"https:\/\/grazalemaguide.com\/quehacerenlasierras\/villamartin\/#primaryimage"},"thumbnailUrl":"https:\/\/grazalemaguide.com\/quehacerenlasierras\/wp-content\/uploads\/sites\/2\/2020\/07\/Villamartin.jpg","datePublished":"2020-07-01T15:36:33+00:00","dateModified":"2020-09-24T09:10:20+00:00","description":"Villamart\u00edn estuvo habitada desde la Prehistoria, como demuestra el Dolmen de Alberite, monumento megal\u00edtico situado en la finca hom\u00f3nima.\u200b","breadcrumb":{"@id":"https:\/\/grazalemaguide.com\/quehacerenlasierras\/villamartin\/#breadcrumb"},"inLanguage":"en-US","potentialAction":[{"@type":"ReadAction","target":["https:\/\/grazalemaguide.com\/quehacerenlasierras\/villamartin\/"]}]},{"@type":"ImageObject","inLanguage":"en-US","@id":"https:\/\/grazalemaguide.com\/quehacerenlasierras\/villamartin\/#primaryimage","url":"https:\/\/grazalemaguide.com\/quehacerenlasierras\/wp-content\/uploads\/sites\/2\/2020\/07\/Villamartin.jpg","contentUrl":"https:\/\/grazalemaguide.com\/quehacerenlasierras\/wp-content\/uploads\/sites\/2\/2020\/07\/Villamartin.jpg","width":1024,"height":439,"caption":"Villamart\u00edn es un municipio de la provincia de C\u00e1diz. Se encuentra al norte de la provincia a 80 kil\u00f3metros de la capital, C\u00e1diz"},{"@type":"BreadcrumbList","@id":"https:\/\/grazalemaguide.com\/quehacerenlasierras\/villamartin\/#breadcrumb","itemListElement":[{"@type":"ListItem","position":1,"name":"Home","item":"https:\/\/grazalemaguide.com\/quehacerenlasierras\/"},{"@type":"ListItem","position":2,"name":"Villamartin"}]},{"@type":"WebSite","@id":"https:\/\/grazalemaguide.com\/quehacerenlasierras\/#website","url":"https:\/\/grazalemaguide.com\/quehacerenlasierras\/","name":"Calendario de eventos en las sierras, serran\u00edas y sus pueblos","description":"\u00bfQu\u00e9 hacer en las Sierras, Serran\u00edas y sus pueblos? Ferias, fiestas, recreaciones hist\u00f3ricas, rutas de tapas, teatro, rally, deportes, gu\u00edas y actividades","publisher":{"@id":"https:\/\/grazalemaguide.com\/quehacerenlasierras\/#\/schema\/person\/f24688c26be666f9001ed7cb3d7d2e3a"},"potentialAction":[{"@type":"SearchAction","target":{"@type":"EntryPoint","urlTemplate":"https:\/\/grazalemaguide.com\/quehacerenlasierras\/?s={search_term_string}"},"query-input":{"@type":"PropertyValueSpecification","valueRequired":true,"valueName":"search_term_string"}}],"inLanguage":"en-US"},{"@type":["Person","Organization"],"@id":"https:\/\/grazalemaguide.com\/quehacerenlasierras\/#\/schema\/person\/f24688c26be666f9001ed7cb3d7d2e3a","name":"Clive Muir","image":{"@type":"ImageObject","inLanguage":"en-US","@id":"https:\/\/secure.gravatar.com\/avatar\/0cd1ec277564b2e62b29d49d1c588efa39fbdeed25940f60cb667d96e5c29e1e?s=96&d=mm&r=g","url":"https:\/\/secure.gravatar.com\/avatar\/0cd1ec277564b2e62b29d49d1c588efa39fbdeed25940f60cb667d96e5c29e1e?s=96&d=mm&r=g","contentUrl":"https:\/\/secure.gravatar.com\/avatar\/0cd1ec277564b2e62b29d49d1c588efa39fbdeed25940f60cb667d96e5c29e1e?s=96&d=mm&r=g","caption":"Clive Muir"},"logo":{"@id":"https:\/\/secure.gravatar.com\/avatar\/0cd1ec277564b2e62b29d49d1c588efa39fbdeed25940f60cb667d96e5c29e1e?s=96&d=mm&r=g"},"description":"I\u2019ve been living in this lovely area of Western Andalucia for the last 20 years or so and dedicate most of my time to the running of English language tourist information websites for the towns of C\u00e1diz, Ronda, Grazalema, the famous or infamous Caminito del Rey, and also Wildside Holidays, which promotes sustainable and eco-friendly businesses running wildlife and walking holidays in Spain. My articles contain affiliate links that will help you reserve a hotel, bus, train or activity in the area. You don't pay more, but by using them you do support this website. Thankyou!","sameAs":["https:\/\/grazalemaguide.com\/","https:\/\/www.facebook.com\/wildsideholidays\/","https:\/\/www.linkedin.com\/in\/wildsideholidays\/","https:\/\/x.com\/https:\/\/twitter.com\/GrazalemaGuide","https:\/\/www.youtube.com\/channel\/UC6VDf8hywG6O6F1wgMtfMDw"]}]}},"_links":{"self":[{"href":"https:\/\/grazalemaguide.com\/quehacerenlasierras\/wp-json\/wp\/v2\/pages\/602","targetHints":{"allow":["GET"]}}],"collection":[{"href":"https:\/\/grazalemaguide.com\/quehacerenlasierras\/wp-json\/wp\/v2\/pages"}],"about":[{"href":"https:\/\/grazalemaguide.com\/quehacerenlasierras\/wp-json\/wp\/v2\/types\/page"}],"author":[{"embeddable":true,"href":"https:\/\/grazalemaguide.com\/quehacerenlasierras\/wp-json\/wp\/v2\/users\/1"}],"replies":[{"embeddable":true,"href":"https:\/\/grazalemaguide.com\/quehacerenlasierras\/wp-json\/wp\/v2\/comments?post=602"}],"version-history":[{"count":0,"href":"https:\/\/grazalemaguide.com\/quehacerenlasierras\/wp-json\/wp\/v2\/pages\/602\/revisions"}],"wp:featuredmedia":[{"embeddable":true,"href":"https:\/\/grazalemaguide.com\/quehacerenlasierras\/wp-json\/wp\/v2\/media\/604"}],"wp:attachment":[{"href":"https:\/\/grazalemaguide.com\/quehacerenlasierras\/wp-json\/wp\/v2\/media?parent=602"}],"curies":[{"name":"wp","href":"https:\/\/api.w.org\/{rel}","templated":true}]}}