{"id":614,"date":"2020-07-02T16:16:48","date_gmt":"2020-07-02T16:16:48","guid":{"rendered":"http:\/\/grazalemaguide.com\/quehacerenlasierras\/?page_id=614"},"modified":"2020-07-02T16:19:30","modified_gmt":"2020-07-02T16:19:30","slug":"la-muela","status":"publish","type":"page","link":"https:\/\/grazalemaguide.com\/quehacerenlasierras\/la-muela\/","title":{"rendered":"La Muela"},"content":{"rendered":"\n<p>La Muela es una pedan\u00eda de Algodonales. La pedan\u00eda se encuentra en el nordeste de la provincia de C\u00e1diz, entre los r\u00edos Guadalete y Guadalporc\u00fan. Forma parte de la Ruta de los Pueblos Blancos de la Sierra de C\u00e1diz.<\/p>\n\n\n\n<p>El Convento Carmelita de El Juncal fundado en el a\u00f1o 1601 en esta pedan\u00eda, cambi\u00f3 de jurisdicci\u00f3n pasando a depender en el \u00e1mbito civil a la nueva Villa de Algodonales, los frailes del mencionado convento asistieron en lo religioso a los habitantes de La Muela hasta el a\u00f1o 1835; a\u00f1o en el que tiene lugar la exclaustraci\u00f3n de los frailes del Carmelo en la comarca de la Sierra de C\u00e1diz, quedando por tanto la aldea asistida por la parroquia de su matriz Zahara, hasta la integraci\u00f3n definitiva de La Muela en el \u00e1mbito eclesi\u00e1stico a la parroquia de Algodonales en el siglo XIX.<\/p>\n\n\n\n<p>Las poblaciones m\u00e1s cercanas son Coripe, Algodonales y Zahara de la Sierra. Vive fundamentalmente de la agricultura y el turismo rural. <\/p>\n\n\n\n<p><a href=\"https:\/\/es.wikipedia.org\/wiki\/La_Muela_(Algodonales)\" target=\"_blank\" aria-label=\"undefined (abre en una nueva pesta\u00f1a)\" rel=\"noreferrer noopener\">M\u00e1s informaci\u00f3n en Wikipedia<\/a><\/p>\n\n\n\n<hr class=\"wp-block-separator has-text-color has-background has-green-background-color has-green-color\"\/>\n\n\n\n<h4 class=\"wp-block-heading\">Ayuntamiento (Algodonales)<\/h4>\n\n\n\n<p>Web: <a href=\"https:\/\/www.algodonales.es\/\" target=\"_blank\" aria-label=\"undefined (abre en una nueva pesta\u00f1a)\" rel=\"noreferrer noopener\">https:\/\/www.algodonales.es\/<\/a><br>Facebook: <a href=\"https:\/\/www.facebook.com\/ayuntamientodealgodonales\/\" target=\"_blank\" aria-label=\"undefined (abre en una nueva pesta\u00f1a)\" rel=\"noreferrer noopener\">https:\/\/www.facebook.com\/ayuntamientodealgodonales\/<\/a><\/p>\n\n\n\n<h4 class=\"wp-block-heading\">Mole\u00f1os por el mundo<\/h4>\n\n\n\n<p>(Es un lugar donde todos los mole\u00f1os pueden expresar sus sentimientos sobre su tierra y sus amigos)<\/p>\n\n\n\n<p>Facebook: <a href=\"https:\/\/www.facebook.com\/Mole%C3%B1os-por-el-mundo-algodonales-186524031514867\/\" target=\"_blank\" aria-label=\"undefined (abre en una nueva pesta\u00f1a)\" rel=\"noreferrer noopener\">https:\/\/www.facebook.com\/Mole%C3%B1os-por-el-mundo-algodonales-186524031514867\/<\/a><\/p>\n\n\n\n<hr class=\"wp-block-separator has-text-color has-background has-green-background-color has-green-color\"\/>\n\n\n\n<h4 class=\"wp-block-heading\">Donde comer?<\/h4>\n\n\n\n<h6 class=\"wp-block-heading\">Restaurante Mirador San Diego<\/h6>\n\n\n\n<p>Restaurante-Mirador San Diego os trae una propuesta muy interesante de cocina tradicional. Somos especialistas en carnes ib\u00e9ricas y pescado fresco, postres totalmente caseros, y todo de primera calidad, y en una ubicaci\u00f3n inmejorable para los amantes de los paisajes y la naturaleza.<\/p>\n\n\n\n<figure class=\"wp-block-image size-large\"><img loading=\"lazy\" decoding=\"async\" width=\"1024\" height=\"567\" src=\"https:\/\/grazalemaguide.com\/quehacerenlasierras\/wp-content\/uploads\/sites\/2\/2020\/07\/Venta-San-Diego-en-La-Muella-Algodonales.jpg\" alt=\"Venta San Diego en La Muella - Algodonales\" class=\"wp-image-616\" srcset=\"https:\/\/grazalemaguide.com\/quehacerenlasierras\/wp-content\/uploads\/sites\/2\/2020\/07\/Venta-San-Diego-en-La-Muella-Algodonales.jpg 1024w, https:\/\/grazalemaguide.com\/quehacerenlasierras\/wp-content\/uploads\/sites\/2\/2020\/07\/Venta-San-Diego-en-La-Muella-Algodonales-300x166.jpg 300w, https:\/\/grazalemaguide.com\/quehacerenlasierras\/wp-content\/uploads\/sites\/2\/2020\/07\/Venta-San-Diego-en-La-Muella-Algodonales-768x425.jpg 768w, https:\/\/grazalemaguide.com\/quehacerenlasierras\/wp-content\/uploads\/sites\/2\/2020\/07\/Venta-San-Diego-en-La-Muella-Algodonales-672x372.jpg 672w\" sizes=\"auto, (max-width: 1024px) 100vw, 1024px\" \/><figcaption>Restaurante-Mirador San Diego os trae una propuesta muy interesante de cocina tradicional.<\/figcaption><\/figure>\n\n\n\n<p>Celebraciones, eventos, reuniones de empresa, etc., y sobre todo con un trato al cliente de diez.<\/p>\n\n\n\n<p>Puedes reservar mesa en los tel\u00e9fonos 685 806 488 &#8211; 625 062 237.<\/p>\n\n\n\n<p>Facebook: <a href=\"https:\/\/www.facebook.com\/restaurantemiradorsandiego\/\" target=\"_blank\" aria-label=\"undefined (abre en una nueva pesta\u00f1a)\" rel=\"noreferrer noopener\">https:\/\/www.facebook.com\/restaurantemiradorsandiego\/<\/a><\/p>\n\n\n\n<hr class=\"wp-block-separator has-text-color has-background has-green-background-color has-green-color\"\/>\n\n\n<p>[booking_product_helper shortname=&#8221;la muella&#8221;]<\/p>\n\n\n\n<hr class=\"wp-block-separator has-text-color has-background has-green-background-color has-green-color\"\/>\n\n\n\n<h4 class=\"wp-block-heading\">Fiestas<\/h4>\n\n\n\n<ul class=\"wp-block-list\"><li>Bel\u00e9n Viviente<\/li><li>Cabalgata de los Reyes Magos<\/li><li>Carnaval (finales de febrero principios de marzo)<\/li><li>Semana Santa (seg\u00fan calendario eclesi\u00e1stico)<\/li><li>Feria Medieval<\/li><li>Romer\u00eda (primer domingo de mayo)<\/li><li>Feria y Festividad de la Virgen del Carmen (siempre en torno al 16 de julio): La feria y fiestas se celebran cada a\u00f1o en su d\u00eda, momento que constituye una ocasi\u00f3n para el reencuentro de todos los paisanos, residentes y emigrados, para asistir a la procesi\u00f3n de la Virgen, muestra de la profunda devoci\u00f3n con que es venerada en el pueblo y sus alrededores.<\/li><\/ul>\n\n\n\n<hr class=\"wp-block-separator has-text-color has-background has-green-background-color has-green-color\"\/>\n\n\n\n<p>\u00bfQu\u00e9 hacer en las Sierras, Serran\u00edas y sus pueblos?<\/p>\n\n\n\n<p>Ferias, fiestas, recreaciones hist\u00f3ricas, rutas de tapas, teatro, rally, deportes, gu\u00edas y actividades<\/p>\n\n\n\n<p><a href=\"https:\/\/grazalemaguide.com\/quehacerenlasierras\/\">Ver el Calendario de Eventos aqui.<\/a><\/p>\n","protected":false},"excerpt":{"rendered":"<p>La Muela es una pedan\u00eda de Algodonales. La pedan\u00eda se encuentra en el nordeste de la provincia de C\u00e1diz, entre los r\u00edos Guadalete y Guadalporc\u00fan. Forma parte de la Ruta de los Pueblos Blancos de la Sierra de C\u00e1diz. El Convento Carmelita de El Juncal fundado en el a\u00f1o 1601 en esta pedan\u00eda, cambi\u00f3 de &hellip; <a href=\"https:\/\/grazalemaguide.com\/quehacerenlasierras\/la-muela\/\" class=\"more-link\">Continue reading <span class=\"screen-reader-text\">La Muela<\/span> <span class=\"meta-nav\">&rarr;<\/span><\/a><\/p>\n","protected":false},"author":1,"featured_media":615,"parent":0,"menu_order":0,"comment_status":"open","ping_status":"closed","template":"","meta":{"footnotes":""},"class_list":["post-614","page","type-page","status-publish","has-post-thumbnail","hentry"],"yoast_head":"<!-- This site is optimized with the Yoast SEO plugin v27.4 - https:\/\/yoast.com\/product\/yoast-seo-wordpress\/ -->\n<title>La Muela - Calendario de eventos en las sierras, serran\u00edas y sus pueblos<\/title>\n<meta name=\"description\" content=\"La Muela es una pedan\u00eda de Algodonales. La pedan\u00eda se encuentra en el nordeste de la provincia de C\u00e1diz, entre los r\u00edos Guadalete y Guadalporc\u00fan.\" \/>\n<meta name=\"robots\" content=\"index, follow, max-snippet:-1, max-image-preview:large, max-video-preview:-1\" \/>\n<link rel=\"canonical\" href=\"https:\/\/grazalemaguide.com\/quehacerenlasierras\/la-muela\/\" \/>\n<meta property=\"og:locale\" content=\"en_US\" \/>\n<meta property=\"og:type\" content=\"article\" \/>\n<meta property=\"og:title\" content=\"La Muela - Calendario de eventos en las sierras, serran\u00edas y sus pueblos\" \/>\n<meta property=\"og:description\" content=\"La Muela es una pedan\u00eda de Algodonales. La pedan\u00eda se encuentra en el nordeste de la provincia de C\u00e1diz, entre los r\u00edos Guadalete y Guadalporc\u00fan.\" \/>\n<meta property=\"og:url\" content=\"https:\/\/grazalemaguide.com\/quehacerenlasierras\/la-muela\/\" \/>\n<meta property=\"og:site_name\" content=\"Calendario de eventos en las sierras, serran\u00edas y sus pueblos\" \/>\n<meta property=\"article:publisher\" content=\"https:\/\/www.facebook.com\/wildsideholidays\/\" \/>\n<meta property=\"article:modified_time\" content=\"2020-07-02T16:19:30+00:00\" \/>\n<meta property=\"og:image\" content=\"https:\/\/grazalemaguide.com\/quehacerenlasierras\/wp-content\/uploads\/sites\/2\/2020\/07\/La-Muella.jpg\" \/>\n\t<meta property=\"og:image:width\" content=\"1024\" \/>\n\t<meta property=\"og:image:height\" content=\"766\" \/>\n\t<meta property=\"og:image:type\" content=\"image\/jpeg\" \/>\n<meta name=\"twitter:card\" content=\"summary_large_image\" \/>\n<meta name=\"twitter:site\" content=\"@GrazalemaGuide\" \/>\n<meta name=\"twitter:label1\" content=\"Est. reading time\" \/>\n\t<meta name=\"twitter:data1\" content=\"2 minutes\" \/>\n<script type=\"application\/ld+json\" class=\"yoast-schema-graph\">{\"@context\":\"https:\\\/\\\/schema.org\",\"@graph\":[{\"@type\":\"WebPage\",\"@id\":\"https:\\\/\\\/grazalemaguide.com\\\/quehacerenlasierras\\\/la-muela\\\/\",\"url\":\"https:\\\/\\\/grazalemaguide.com\\\/quehacerenlasierras\\\/la-muela\\\/\",\"name\":\"La Muela - Calendario de eventos en las sierras, serran\u00edas y sus pueblos\",\"isPartOf\":{\"@id\":\"https:\\\/\\\/grazalemaguide.com\\\/quehacerenlasierras\\\/#website\"},\"primaryImageOfPage\":{\"@id\":\"https:\\\/\\\/grazalemaguide.com\\\/quehacerenlasierras\\\/la-muela\\\/#primaryimage\"},\"image\":{\"@id\":\"https:\\\/\\\/grazalemaguide.com\\\/quehacerenlasierras\\\/la-muela\\\/#primaryimage\"},\"thumbnailUrl\":\"https:\\\/\\\/grazalemaguide.com\\\/quehacerenlasierras\\\/wp-content\\\/uploads\\\/sites\\\/2\\\/2020\\\/07\\\/La-Muella.jpg\",\"datePublished\":\"2020-07-02T16:16:48+00:00\",\"dateModified\":\"2020-07-02T16:19:30+00:00\",\"description\":\"La Muela es una pedan\u00eda de Algodonales. La pedan\u00eda se encuentra en el nordeste de la provincia de C\u00e1diz, entre los r\u00edos Guadalete y Guadalporc\u00fan.\",\"breadcrumb\":{\"@id\":\"https:\\\/\\\/grazalemaguide.com\\\/quehacerenlasierras\\\/la-muela\\\/#breadcrumb\"},\"inLanguage\":\"en-US\",\"potentialAction\":[{\"@type\":\"ReadAction\",\"target\":[\"https:\\\/\\\/grazalemaguide.com\\\/quehacerenlasierras\\\/la-muela\\\/\"]}]},{\"@type\":\"ImageObject\",\"inLanguage\":\"en-US\",\"@id\":\"https:\\\/\\\/grazalemaguide.com\\\/quehacerenlasierras\\\/la-muela\\\/#primaryimage\",\"url\":\"https:\\\/\\\/grazalemaguide.com\\\/quehacerenlasierras\\\/wp-content\\\/uploads\\\/sites\\\/2\\\/2020\\\/07\\\/La-Muella.jpg\",\"contentUrl\":\"https:\\\/\\\/grazalemaguide.com\\\/quehacerenlasierras\\\/wp-content\\\/uploads\\\/sites\\\/2\\\/2020\\\/07\\\/La-Muella.jpg\",\"width\":1024,\"height\":766,\"caption\":\"La Muela es una pedan\u00eda de Algodonales. La pedan\u00eda se encuentra en el nordeste de la provincia de C\u00e1diz, entre los r\u00edos Guadalete y Guadalporc\u00fan.\"},{\"@type\":\"BreadcrumbList\",\"@id\":\"https:\\\/\\\/grazalemaguide.com\\\/quehacerenlasierras\\\/la-muela\\\/#breadcrumb\",\"itemListElement\":[{\"@type\":\"ListItem\",\"position\":1,\"name\":\"Home\",\"item\":\"https:\\\/\\\/grazalemaguide.com\\\/quehacerenlasierras\\\/\"},{\"@type\":\"ListItem\",\"position\":2,\"name\":\"La Muela\"}]},{\"@type\":\"WebSite\",\"@id\":\"https:\\\/\\\/grazalemaguide.com\\\/quehacerenlasierras\\\/#website\",\"url\":\"https:\\\/\\\/grazalemaguide.com\\\/quehacerenlasierras\\\/\",\"name\":\"Calendario de eventos en las sierras, serran\u00edas y sus pueblos\",\"description\":\"\u00bfQu\u00e9 hacer en las Sierras, Serran\u00edas y sus pueblos? Ferias, fiestas, recreaciones hist\u00f3ricas, rutas de tapas, teatro, rally, deportes, gu\u00edas y actividades\",\"publisher\":{\"@id\":\"https:\\\/\\\/grazalemaguide.com\\\/quehacerenlasierras\\\/#\\\/schema\\\/person\\\/f24688c26be666f9001ed7cb3d7d2e3a\"},\"potentialAction\":[{\"@type\":\"SearchAction\",\"target\":{\"@type\":\"EntryPoint\",\"urlTemplate\":\"https:\\\/\\\/grazalemaguide.com\\\/quehacerenlasierras\\\/?s={search_term_string}\"},\"query-input\":{\"@type\":\"PropertyValueSpecification\",\"valueRequired\":true,\"valueName\":\"search_term_string\"}}],\"inLanguage\":\"en-US\"},{\"@type\":[\"Person\",\"Organization\"],\"@id\":\"https:\\\/\\\/grazalemaguide.com\\\/quehacerenlasierras\\\/#\\\/schema\\\/person\\\/f24688c26be666f9001ed7cb3d7d2e3a\",\"name\":\"Clive Muir\",\"image\":{\"@type\":\"ImageObject\",\"inLanguage\":\"en-US\",\"@id\":\"https:\\\/\\\/secure.gravatar.com\\\/avatar\\\/0cd1ec277564b2e62b29d49d1c588efa39fbdeed25940f60cb667d96e5c29e1e?s=96&d=mm&r=g\",\"url\":\"https:\\\/\\\/secure.gravatar.com\\\/avatar\\\/0cd1ec277564b2e62b29d49d1c588efa39fbdeed25940f60cb667d96e5c29e1e?s=96&d=mm&r=g\",\"contentUrl\":\"https:\\\/\\\/secure.gravatar.com\\\/avatar\\\/0cd1ec277564b2e62b29d49d1c588efa39fbdeed25940f60cb667d96e5c29e1e?s=96&d=mm&r=g\",\"caption\":\"Clive Muir\"},\"logo\":{\"@id\":\"https:\\\/\\\/secure.gravatar.com\\\/avatar\\\/0cd1ec277564b2e62b29d49d1c588efa39fbdeed25940f60cb667d96e5c29e1e?s=96&d=mm&r=g\"},\"description\":\"I\u2019ve been living in this lovely area of Western Andalucia for the last 20 years or so and dedicate most of my time to the running of English language tourist information websites for the towns of C\u00e1diz, Ronda, Grazalema, the famous or infamous Caminito del Rey, and also Wildside Holidays, which promotes sustainable and eco-friendly businesses running wildlife and walking holidays in Spain. My articles contain affiliate links that will help you reserve a hotel, bus, train or activity in the area. You don't pay more, but by using them you do support this website. Thankyou!\",\"sameAs\":[\"https:\\\/\\\/grazalemaguide.com\\\/\",\"https:\\\/\\\/www.facebook.com\\\/wildsideholidays\\\/\",\"https:\\\/\\\/www.linkedin.com\\\/in\\\/wildsideholidays\\\/\",\"https:\\\/\\\/x.com\\\/https:\\\/\\\/twitter.com\\\/GrazalemaGuide\",\"https:\\\/\\\/www.youtube.com\\\/channel\\\/UC6VDf8hywG6O6F1wgMtfMDw\"]}]}<\/script>\n<!-- \/ Yoast SEO plugin. -->","yoast_head_json":{"title":"La Muela - Calendario de eventos en las sierras, serran\u00edas y sus pueblos","description":"La Muela es una pedan\u00eda de Algodonales. La pedan\u00eda se encuentra en el nordeste de la provincia de C\u00e1diz, entre los r\u00edos Guadalete y Guadalporc\u00fan.","robots":{"index":"index","follow":"follow","max-snippet":"max-snippet:-1","max-image-preview":"max-image-preview:large","max-video-preview":"max-video-preview:-1"},"canonical":"https:\/\/grazalemaguide.com\/quehacerenlasierras\/la-muela\/","og_locale":"en_US","og_type":"article","og_title":"La Muela - Calendario de eventos en las sierras, serran\u00edas y sus pueblos","og_description":"La Muela es una pedan\u00eda de Algodonales. La pedan\u00eda se encuentra en el nordeste de la provincia de C\u00e1diz, entre los r\u00edos Guadalete y Guadalporc\u00fan.","og_url":"https:\/\/grazalemaguide.com\/quehacerenlasierras\/la-muela\/","og_site_name":"Calendario de eventos en las sierras, serran\u00edas y sus pueblos","article_publisher":"https:\/\/www.facebook.com\/wildsideholidays\/","article_modified_time":"2020-07-02T16:19:30+00:00","og_image":[{"width":1024,"height":766,"url":"https:\/\/grazalemaguide.com\/quehacerenlasierras\/wp-content\/uploads\/sites\/2\/2020\/07\/La-Muella.jpg","type":"image\/jpeg"}],"twitter_card":"summary_large_image","twitter_site":"@GrazalemaGuide","twitter_misc":{"Est. reading time":"2 minutes"},"schema":{"@context":"https:\/\/schema.org","@graph":[{"@type":"WebPage","@id":"https:\/\/grazalemaguide.com\/quehacerenlasierras\/la-muela\/","url":"https:\/\/grazalemaguide.com\/quehacerenlasierras\/la-muela\/","name":"La Muela - Calendario de eventos en las sierras, serran\u00edas y sus pueblos","isPartOf":{"@id":"https:\/\/grazalemaguide.com\/quehacerenlasierras\/#website"},"primaryImageOfPage":{"@id":"https:\/\/grazalemaguide.com\/quehacerenlasierras\/la-muela\/#primaryimage"},"image":{"@id":"https:\/\/grazalemaguide.com\/quehacerenlasierras\/la-muela\/#primaryimage"},"thumbnailUrl":"https:\/\/grazalemaguide.com\/quehacerenlasierras\/wp-content\/uploads\/sites\/2\/2020\/07\/La-Muella.jpg","datePublished":"2020-07-02T16:16:48+00:00","dateModified":"2020-07-02T16:19:30+00:00","description":"La Muela es una pedan\u00eda de Algodonales. La pedan\u00eda se encuentra en el nordeste de la provincia de C\u00e1diz, entre los r\u00edos Guadalete y Guadalporc\u00fan.","breadcrumb":{"@id":"https:\/\/grazalemaguide.com\/quehacerenlasierras\/la-muela\/#breadcrumb"},"inLanguage":"en-US","potentialAction":[{"@type":"ReadAction","target":["https:\/\/grazalemaguide.com\/quehacerenlasierras\/la-muela\/"]}]},{"@type":"ImageObject","inLanguage":"en-US","@id":"https:\/\/grazalemaguide.com\/quehacerenlasierras\/la-muela\/#primaryimage","url":"https:\/\/grazalemaguide.com\/quehacerenlasierras\/wp-content\/uploads\/sites\/2\/2020\/07\/La-Muella.jpg","contentUrl":"https:\/\/grazalemaguide.com\/quehacerenlasierras\/wp-content\/uploads\/sites\/2\/2020\/07\/La-Muella.jpg","width":1024,"height":766,"caption":"La Muela es una pedan\u00eda de Algodonales. La pedan\u00eda se encuentra en el nordeste de la provincia de C\u00e1diz, entre los r\u00edos Guadalete y Guadalporc\u00fan."},{"@type":"BreadcrumbList","@id":"https:\/\/grazalemaguide.com\/quehacerenlasierras\/la-muela\/#breadcrumb","itemListElement":[{"@type":"ListItem","position":1,"name":"Home","item":"https:\/\/grazalemaguide.com\/quehacerenlasierras\/"},{"@type":"ListItem","position":2,"name":"La Muela"}]},{"@type":"WebSite","@id":"https:\/\/grazalemaguide.com\/quehacerenlasierras\/#website","url":"https:\/\/grazalemaguide.com\/quehacerenlasierras\/","name":"Calendario de eventos en las sierras, serran\u00edas y sus pueblos","description":"\u00bfQu\u00e9 hacer en las Sierras, Serran\u00edas y sus pueblos? Ferias, fiestas, recreaciones hist\u00f3ricas, rutas de tapas, teatro, rally, deportes, gu\u00edas y actividades","publisher":{"@id":"https:\/\/grazalemaguide.com\/quehacerenlasierras\/#\/schema\/person\/f24688c26be666f9001ed7cb3d7d2e3a"},"potentialAction":[{"@type":"SearchAction","target":{"@type":"EntryPoint","urlTemplate":"https:\/\/grazalemaguide.com\/quehacerenlasierras\/?s={search_term_string}"},"query-input":{"@type":"PropertyValueSpecification","valueRequired":true,"valueName":"search_term_string"}}],"inLanguage":"en-US"},{"@type":["Person","Organization"],"@id":"https:\/\/grazalemaguide.com\/quehacerenlasierras\/#\/schema\/person\/f24688c26be666f9001ed7cb3d7d2e3a","name":"Clive Muir","image":{"@type":"ImageObject","inLanguage":"en-US","@id":"https:\/\/secure.gravatar.com\/avatar\/0cd1ec277564b2e62b29d49d1c588efa39fbdeed25940f60cb667d96e5c29e1e?s=96&d=mm&r=g","url":"https:\/\/secure.gravatar.com\/avatar\/0cd1ec277564b2e62b29d49d1c588efa39fbdeed25940f60cb667d96e5c29e1e?s=96&d=mm&r=g","contentUrl":"https:\/\/secure.gravatar.com\/avatar\/0cd1ec277564b2e62b29d49d1c588efa39fbdeed25940f60cb667d96e5c29e1e?s=96&d=mm&r=g","caption":"Clive Muir"},"logo":{"@id":"https:\/\/secure.gravatar.com\/avatar\/0cd1ec277564b2e62b29d49d1c588efa39fbdeed25940f60cb667d96e5c29e1e?s=96&d=mm&r=g"},"description":"I\u2019ve been living in this lovely area of Western Andalucia for the last 20 years or so and dedicate most of my time to the running of English language tourist information websites for the towns of C\u00e1diz, Ronda, Grazalema, the famous or infamous Caminito del Rey, and also Wildside Holidays, which promotes sustainable and eco-friendly businesses running wildlife and walking holidays in Spain. My articles contain affiliate links that will help you reserve a hotel, bus, train or activity in the area. You don't pay more, but by using them you do support this website. Thankyou!","sameAs":["https:\/\/grazalemaguide.com\/","https:\/\/www.facebook.com\/wildsideholidays\/","https:\/\/www.linkedin.com\/in\/wildsideholidays\/","https:\/\/x.com\/https:\/\/twitter.com\/GrazalemaGuide","https:\/\/www.youtube.com\/channel\/UC6VDf8hywG6O6F1wgMtfMDw"]}]}},"_links":{"self":[{"href":"https:\/\/grazalemaguide.com\/quehacerenlasierras\/wp-json\/wp\/v2\/pages\/614","targetHints":{"allow":["GET"]}}],"collection":[{"href":"https:\/\/grazalemaguide.com\/quehacerenlasierras\/wp-json\/wp\/v2\/pages"}],"about":[{"href":"https:\/\/grazalemaguide.com\/quehacerenlasierras\/wp-json\/wp\/v2\/types\/page"}],"author":[{"embeddable":true,"href":"https:\/\/grazalemaguide.com\/quehacerenlasierras\/wp-json\/wp\/v2\/users\/1"}],"replies":[{"embeddable":true,"href":"https:\/\/grazalemaguide.com\/quehacerenlasierras\/wp-json\/wp\/v2\/comments?post=614"}],"version-history":[{"count":0,"href":"https:\/\/grazalemaguide.com\/quehacerenlasierras\/wp-json\/wp\/v2\/pages\/614\/revisions"}],"wp:featuredmedia":[{"embeddable":true,"href":"https:\/\/grazalemaguide.com\/quehacerenlasierras\/wp-json\/wp\/v2\/media\/615"}],"wp:attachment":[{"href":"https:\/\/grazalemaguide.com\/quehacerenlasierras\/wp-json\/wp\/v2\/media?parent=614"}],"curies":[{"name":"wp","href":"https:\/\/api.w.org\/{rel}","templated":true}]}}