{"id":783,"date":"2020-10-06T09:36:07","date_gmt":"2020-10-06T07:36:07","guid":{"rendered":"http:\/\/grazalemaguide.com\/quehacerenlasierras\/?page_id=783"},"modified":"2020-10-09T10:26:12","modified_gmt":"2020-10-09T08:26:12","slug":"negocios-de-turismo-activo","status":"publish","type":"page","link":"https:\/\/grazalemaguide.com\/quehacerenlasierras\/negocios-de-turismo-activo\/","title":{"rendered":"Negocios de Turismo activo"},"content":{"rendered":"\n<p> El turismo activo est\u00e1 estrechamente relacionado con el turismo rural y generalmente se realiza en ambientes naturales, como pueden ser parque natural, reservas de la biosfera, etc., debido al inter\u00e9s ecol\u00f3gico que estos presentan. Pueden ser actividades de contemplaci\u00f3n y observaci\u00f3n de la naturaleza tales, como el ecoturismo o turismo ecol\u00f3gico, o actividades que involucran esfuerzo f\u00edsico por parte de los participantes y cierto nivel de riesgo controlado, como ocurre con el turismo de aventura.<\/p>\n\n\n\n<h2 class=\"has-medium-font-size wp-block-heading\">Negocios de turismo activo en la Sierra de Grazalema y Serran\u00eda de Ronda.<\/h2>\n\n\n\n<p>(Clic el nombre para m\u00e1s informaci\u00f3n, contactos, web, facebook etc)<\/p>\n\n\n\n<ul class=\"wp-block-list\"><li>Actividades en la Sierra de Grazalema.<\/li><li>Actividades en la Sierra de C\u00e1diz.<\/li><li>Actividades en la Serran\u00eda de Ronda.<\/li><li>Actividades en la Sierra de las Nieves<\/li><\/ul>\n\n\n\n<hr class=\"wp-block-separator has-text-color has-background has-green-background-color has-green-color\"\/>\n\n\n\n<p><a href=\"https:\/\/grazalemaguide.com\/quehacerenlasierras\/cortijo-la-nava-de-los-pinsapos-actividades-en-sierra-de-las-nieves\/\">Cortijo La Nava de los Pinsapos &#8211; Actividades en Sierra de las Nieves<\/a><\/p>\n\n\n\n<p><strong>Cortijo La Nava de los Pinsapos \u2013 Actividades en Sierra de las Nieves<\/strong> se encuentra ubicada en el Parque Natural Sierra de las Nieves, dentro de los l\u00edmites del t\u00e9rmino municipal de Parauta.<\/p>\n\n\n\n<hr class=\"wp-block-separator has-text-color has-background has-green-background-color has-green-color\"\/>\n\n\n\n<p><a href=\"https:\/\/grazalemaguide.com\/quehacerenlasierras\/centro-unedco-de-la-muela-algodonales\/\">Centro Unedco La Muela (Algodonales)<\/a><\/p>\n\n\n\n<p>El Centro UNEDCO de La Muela (Algodonales.) De formaci\u00f3n homologado y de car\u00e1cter multidisciplinar, creado con el objeto de acercar las cualificaciones profesionales a los j\u00f3venes residentes en los espacios naturales protegidos y en sus zonas de influencia; para que estos obtengan las herramientas necesarias para localizar y acceder a los nuevos yacimientos de empleo sustentables con el medio natural.<\/p>\n\n\n\n<hr class=\"wp-block-separator has-text-color has-background has-green-background-color has-green-color\"\/>\n\n\n\n<p><a href=\"https:\/\/grazalemaguide.com\/quehacerenlasierras\/actividades-genatur\/\">Actividades Genatur<\/a><\/p>\n\n\n\n<p>Actividades Genatur trabaja activamente en proyectos relacionados con el cuidado del medioambiente, la divulgaci\u00f3n de la naturaleza y la protecci\u00f3n de especies.<\/p>\n\n\n\n<hr class=\"wp-block-separator has-text-color has-background has-green-background-color has-green-color\"\/>\n\n\n\n<p><a href=\"https:\/\/grazalemaguide.com\/quehacerenlasierras\/aula-de-la-naturaleza-higueron-de-tavizna\/\">Aula de la Naturaleza Higuer\u00f3n de Tavizna<\/a><\/p>\n\n\n\n<p>El Aula de la Naturaleza Higuer\u00f3n de Tavizna, situado en el Parque Natural Sierra de Grazalema, ayuda a conocer y valorar el Medioambiente en un entorno de convivencia y participaci\u00f3n. Las instalaciones, de reciente construcci\u00f3n, est\u00e1n dotadas de la infraestructura necesaria para albergar a 60 personas en r\u00e9gimen de pensi\u00f3n completa as\u00ed como para permitir un eficaz desarrollo de sus programas educativos.<\/p>\n\n\n\n<hr class=\"wp-block-separator has-text-color has-background has-green-background-color has-green-color\"\/>\n\n\n\n<p><a href=\"https:\/\/grazalemaguide.com\/quehacerenlasierras\/bornos-activo-camping-en-bornos\/\">Bornos Activo (Camping en Bornos) \u2013 Centro de Actividades Turisticas y Deportivas<\/a><\/p>\n\n\n\n<p>Bornos Activo (Camping en Bornos) \u2013 Centro de Actividades Turisticas y Deportivas. Es un centro de actividades turisticas y deportivas situado a las inmediaciones del lago de Bornos, paraje natural en la provincia de Cadiz.<\/p>\n\n\n\n<hr class=\"wp-block-separator has-text-color has-background has-green-background-color has-green-color\"\/>\n\n\n\n<p><a href=\"https:\/\/grazalemaguide.com\/quehacerenlasierras\/villaluengaventura\/\">Villaluengaventura<\/a><\/p>\n\n\n\n<p>Villaluengaventura es una empresa creada en 2006, que ofrece servicios deportivos, educativos y de turismo activo. Pioneros en el desarrollo del turismo activo, educativo y medioambiental en la Sierra de C\u00e1diz. Contando un equipo humano de un elevado conocimiento del entorno donde trabajamos.<\/p>\n\n\n\n<hr class=\"wp-block-separator has-text-color has-background has-green-background-color has-green-color\"\/>\n\n\n\n<p><a href=\"https:\/\/grazalemaguide.com\/quehacerenlasierras\/cumbres-del-sur\/\">Cumbres del Sur<\/a><\/p>\n\n\n\n<p>Cumbres del Sur. Empresa de Gu\u00edas de Monta\u00f1a, Barrancos, Turismo activo y Eco Turismo. Tambien una tienda especializada en material de Monta\u00f1a y Trail Running.<\/p>\n\n\n\n<hr class=\"wp-block-separator has-text-color has-background has-green-background-color has-green-color\"\/>\n\n\n\n<p><a href=\"https:\/\/grazalemaguide.com\/quehacerenlasierras\/grazalema-cycling\/\">Grazalema Cycling<\/a><\/p>\n\n\n\n<p>Grazalema Cycling \u00bfHay una forma mejor de descubrir la belleza de los pueblos blancos que en bici? S\u00ed! En bici el\u00e9ctrica!<\/p>\n\n\n\n<hr class=\"wp-block-separator has-text-color has-background has-green-background-color has-green-color\"\/>\n\n\n\n<p><a href=\"https:\/\/grazalemaguide.com\/quehacerenlasierras\/horizon-naturaleza-y-aventura\/\">Horizon Naturaleza y Aventura<\/a><\/p>\n\n\n\n<p>Puenting, Barranquismo, Senderismo, Parapente, Paintball, Espeleolog\u00eda, entre otras muchas, componen nuestra cartera de actividades. Garantizamos un trato personal y dedicado en todas nuestras excursiones, siempre en peque\u00f1os grupos. Esto facilita, adem\u00e1s, una mejor comprensi\u00f3n de las explicaciones de los monitores por parte de los excursionistas.<\/p>\n\n\n\n<hr class=\"wp-block-separator has-text-color has-background has-green-background-color has-green-color\"\/>\n\n\n\n<p><a href=\"https:\/\/grazalemaguide.com\/quehacerenlasierras\/pangea-active-nature\/\">Pangea Active Nature<\/a><\/p>\n\n\n\n<p>Pangea Active Nature. Turismo Activo, Deportes de Aventura y Multiaventura\u2026 Barranquismo, Vias Ferratas, Espeleologia, Piraguismo. Viajes de estudios.<\/p>\n\n\n\n<hr class=\"wp-block-separator has-text-color has-background has-green-background-color has-green-color\"\/>\n\n\n\n<p><a href=\"https:\/\/grazalemaguide.com\/quehacerenlasierras\/senderismo-rf-natura\/\">Senderismo RF Natura<\/a><\/p>\n\n\n\n<p>Senderismo RF Natura. Nos gusta lo que hacemos. Sentimos pasi\u00f3n por las monta\u00f1as y por los paisajes de nuestra tierra. Queremos que veas m\u00e1s all\u00e1 de los t\u00f3picos; que descubras la Andaluc\u00eda m\u00e1s natural y salvaje; que te empapes de sus milenarias costumbres, de sus ritos y tradiciones m\u00e1s ancestrales.<\/p>\n\n\n\n<hr class=\"wp-block-separator has-text-color has-background has-green-background-color has-green-color\"\/>\n\n\n\n<p><a href=\"https:\/\/grazalemaguide.com\/quehacerenlasierras\/orondo-natura-guias-de-montana-y-baranco\/\">Oronda Natura Gu\u00edas de Monta\u00f1a y Baranco<\/a><\/p>\n\n\n\n<p>Los mejores deportes de aventuras en la provincia de M\u00e1laga con OrondaNatura Gu\u00edas de monta\u00f1a y baranco para que disfrut\u00e9is en todo momento de la experiencia y de cada uno de los rincones que nos ofrece la Costa del Sol, la Serrania de Ronda, etc.<\/p>\n\n\n\n<hr class=\"wp-block-separator has-text-color has-background has-green-background-color has-green-color\"\/>\n\n\n\n<p><a href=\"https:\/\/grazalemaguide.com\/quehacerenlasierras\/rutas-a-caballo-con-paddock-paradise\/\">Rutas a caballo &#8211; Paddock Paradise<\/a><\/p>\n\n\n\n<p>Rutas a Caballo con Paddock Paradise. Se ofrecen rutas a caballo en un entorno donde reina el sosiego y el silencio, apenas roto por el sordo paso de nuestros caballos. Situado en el coraz\u00f3n de la Serran\u00eda de Ronda, a solo 4 kms de la ciudad rom\u00e1ntica de Ronda. Paddock Paradise se encuentra en pleno bosque mediterr\u00e1neo.<\/p>\n\n\n\n<hr class=\"wp-block-separator has-text-color has-background has-green-background-color has-green-color\"\/>\n\n\n\n<h2 class=\"has-normal-font-size wp-block-heading\">Una de las m\u00e1s importantes es que se desarrolla en el medio natural. <\/h2>\n\n\n\n<p>En general est\u00e1 vinculado al deporte en espacios naturales, si bien en algunos casos la evoluci\u00f3n del turismo activo est\u00e1 llevando a otros tipos de actividades como el ocio experiencial o el turismo experiencial.<\/p>\n\n\n\n<h2 class=\"has-normal-font-size wp-block-heading\">Actividades que se engloban dentro del turismo activo o turismo deportivo en la naturaleza, turismo deportivo activo, turismo de aventura, ocio activo.<\/h2>\n\n\n\n<ul class=\"wp-block-list\"><li>Arborismo: El arborismo consiste en desplazarse entre los \u00e1rboles mediante tirolinas, cuerdas, redes y sujeciones sin pisar el suelo. Tambi\u00e9n conocido como bosque suspendido.<\/li><li>Monta\u00f1ismo: Consiste en ascender monta\u00f1as, generalmente teniendo como meta llegar a su cumbre.<\/li><li>Escalada: Su objetivo es realizar traves\u00edas por paredes de gran pendiente, por lo com\u00fan de roca.<\/li><li>Espele\u00edsmo: Se refiere a los recorridos que tienen por objetivo incursionar en cavernas.1\u200b<\/li><li>Ciclismo: Su objetivo es realizar recorridos sobre una bicicleta por caminos, por monta\u00f1a, etc.<\/li><li>Barranquismo o descenso de barranco: Consiste en descender al fondo de barrancos y realizar recorridos a trav\u00e9s de ellos.<\/li><li>Kayak: Consiste en remar en cuerpos de agua como mares, lagos o r\u00edos utilizando una embarcaci\u00f3n con el mismo nombre: kayak.<\/li><li>Vuelo con ala delta o parapente: Consisten en volar utilizando artefactos sin motor de materiales ligeros y resistentes.<\/li><li>Senderism: Su objetivo es hacer a pie un camino, con ruta fija o sin ella. Suelen ser trayectos largos que pueden durar m\u00e1s de seis horas.<\/li><li>Paintball: Es un juego de equipo donde los participantes disparan bolas de pintura a sus contrincantes.<\/li><li>V\u00eda ferrata: Deporte de escalada que consiste en desplazarse por lugares de dif\u00edcil acceso con la ayuda de cables, escalones met\u00e1licos, pasos de mono y puentes tibetanos.<\/li><\/ul>\n\n\n\n<hr class=\"wp-block-separator has-text-color has-background has-green-background-color has-green-color\"\/>\n\n\n\n<h6 class=\"wp-block-heading\">\u00bfQu\u00e9 hacer en las Sierras, Serran\u00edas y sus pueblos?<\/h6>\n\n\n\n<p>Ferias, fiestas, recreaciones hist\u00f3ricas, rutas de tapas, teatro, rally, deportes, gu\u00edas y actividades<\/p>\n\n\n\n<p><a href=\"https:\/\/grazalemaguide.com\/quehacerenlasierras\/\">Ver el Calendario de Eventos aqui.<\/a><\/p>\n","protected":false},"excerpt":{"rendered":"<p>El turismo activo est\u00e1 estrechamente relacionado con el turismo rural y generalmente se realiza en ambientes naturales, como pueden ser parque natural, reservas de la biosfera, etc., debido al inter\u00e9s ecol\u00f3gico que estos presentan. Pueden ser actividades de contemplaci\u00f3n y observaci\u00f3n de la naturaleza tales, como el ecoturismo o turismo ecol\u00f3gico, o actividades que involucran &hellip; <a href=\"https:\/\/grazalemaguide.com\/quehacerenlasierras\/negocios-de-turismo-activo\/\" class=\"more-link\">Continue reading <span class=\"screen-reader-text\">Negocios de Turismo activo<\/span> <span class=\"meta-nav\">&rarr;<\/span><\/a><\/p>\n","protected":false},"author":1,"featured_media":227,"parent":0,"menu_order":0,"comment_status":"closed","ping_status":"closed","template":"","meta":{"footnotes":""},"class_list":["post-783","page","type-page","status-publish","has-post-thumbnail","hentry"],"yoast_head":"<!-- This site is optimized with the Yoast SEO plugin v27.4 - https:\/\/yoast.com\/product\/yoast-seo-wordpress\/ -->\n<title>Negocios de Turismo activo - Calendario de eventos en las sierras, serran\u00edas y sus pueblos<\/title>\n<meta name=\"description\" content=\"El turismo activo es una tipolog\u00eda de turismo, es aquel que se realiza en espacios naturales.\" \/>\n<meta name=\"robots\" content=\"index, follow, max-snippet:-1, max-image-preview:large, max-video-preview:-1\" \/>\n<link rel=\"canonical\" href=\"https:\/\/grazalemaguide.com\/quehacerenlasierras\/negocios-de-turismo-activo\/\" \/>\n<meta property=\"og:locale\" content=\"en_US\" \/>\n<meta property=\"og:type\" content=\"article\" \/>\n<meta property=\"og:title\" content=\"Negocios de Turismo activo - Calendario de eventos en las sierras, serran\u00edas y sus pueblos\" \/>\n<meta property=\"og:description\" content=\"El turismo activo es una tipolog\u00eda de turismo, es aquel que se realiza en espacios naturales.\" \/>\n<meta property=\"og:url\" content=\"https:\/\/grazalemaguide.com\/quehacerenlasierras\/negocios-de-turismo-activo\/\" \/>\n<meta property=\"og:site_name\" content=\"Calendario de eventos en las sierras, serran\u00edas y sus pueblos\" \/>\n<meta property=\"article:publisher\" content=\"https:\/\/www.facebook.com\/wildsideholidays\/\" \/>\n<meta property=\"article:modified_time\" content=\"2020-10-09T08:26:12+00:00\" \/>\n<meta property=\"og:image\" content=\"https:\/\/grazalemaguide.com\/quehacerenlasierras\/wp-content\/uploads\/sites\/2\/2020\/05\/pangea.jpg\" \/>\n\t<meta property=\"og:image:width\" content=\"700\" \/>\n\t<meta property=\"og:image:height\" content=\"250\" \/>\n\t<meta property=\"og:image:type\" content=\"image\/jpeg\" \/>\n<meta name=\"twitter:card\" content=\"summary_large_image\" \/>\n<meta name=\"twitter:site\" content=\"@GrazalemaGuide\" \/>\n<meta name=\"twitter:label1\" content=\"Est. reading time\" \/>\n\t<meta name=\"twitter:data1\" content=\"5 minutes\" \/>\n<script type=\"application\/ld+json\" class=\"yoast-schema-graph\">{\"@context\":\"https:\\\/\\\/schema.org\",\"@graph\":[{\"@type\":\"WebPage\",\"@id\":\"https:\\\/\\\/grazalemaguide.com\\\/quehacerenlasierras\\\/negocios-de-turismo-activo\\\/\",\"url\":\"https:\\\/\\\/grazalemaguide.com\\\/quehacerenlasierras\\\/negocios-de-turismo-activo\\\/\",\"name\":\"Negocios de Turismo activo - Calendario de eventos en las sierras, serran\u00edas y sus pueblos\",\"isPartOf\":{\"@id\":\"https:\\\/\\\/grazalemaguide.com\\\/quehacerenlasierras\\\/#website\"},\"primaryImageOfPage\":{\"@id\":\"https:\\\/\\\/grazalemaguide.com\\\/quehacerenlasierras\\\/negocios-de-turismo-activo\\\/#primaryimage\"},\"image\":{\"@id\":\"https:\\\/\\\/grazalemaguide.com\\\/quehacerenlasierras\\\/negocios-de-turismo-activo\\\/#primaryimage\"},\"thumbnailUrl\":\"https:\\\/\\\/grazalemaguide.com\\\/quehacerenlasierras\\\/wp-content\\\/uploads\\\/sites\\\/2\\\/2020\\\/05\\\/pangea.jpg\",\"datePublished\":\"2020-10-06T07:36:07+00:00\",\"dateModified\":\"2020-10-09T08:26:12+00:00\",\"description\":\"El turismo activo es una tipolog\u00eda de turismo, es aquel que se realiza en espacios naturales.\",\"breadcrumb\":{\"@id\":\"https:\\\/\\\/grazalemaguide.com\\\/quehacerenlasierras\\\/negocios-de-turismo-activo\\\/#breadcrumb\"},\"inLanguage\":\"en-US\",\"potentialAction\":[{\"@type\":\"ReadAction\",\"target\":[\"https:\\\/\\\/grazalemaguide.com\\\/quehacerenlasierras\\\/negocios-de-turismo-activo\\\/\"]}]},{\"@type\":\"ImageObject\",\"inLanguage\":\"en-US\",\"@id\":\"https:\\\/\\\/grazalemaguide.com\\\/quehacerenlasierras\\\/negocios-de-turismo-activo\\\/#primaryimage\",\"url\":\"https:\\\/\\\/grazalemaguide.com\\\/quehacerenlasierras\\\/wp-content\\\/uploads\\\/sites\\\/2\\\/2020\\\/05\\\/pangea.jpg\",\"contentUrl\":\"https:\\\/\\\/grazalemaguide.com\\\/quehacerenlasierras\\\/wp-content\\\/uploads\\\/sites\\\/2\\\/2020\\\/05\\\/pangea.jpg\",\"width\":700,\"height\":250,\"caption\":\"Pangea Active Nature Turismo Activo, Deportes de Aventura y Multiaventura\u2026 Barranquismo, Vias Ferratas, Espeleologia, Piraguismo. Viajes de estudios.\"},{\"@type\":\"BreadcrumbList\",\"@id\":\"https:\\\/\\\/grazalemaguide.com\\\/quehacerenlasierras\\\/negocios-de-turismo-activo\\\/#breadcrumb\",\"itemListElement\":[{\"@type\":\"ListItem\",\"position\":1,\"name\":\"Home\",\"item\":\"https:\\\/\\\/grazalemaguide.com\\\/quehacerenlasierras\\\/\"},{\"@type\":\"ListItem\",\"position\":2,\"name\":\"Negocios de Turismo activo\"}]},{\"@type\":\"WebSite\",\"@id\":\"https:\\\/\\\/grazalemaguide.com\\\/quehacerenlasierras\\\/#website\",\"url\":\"https:\\\/\\\/grazalemaguide.com\\\/quehacerenlasierras\\\/\",\"name\":\"Calendario de eventos en las sierras, serran\u00edas y sus pueblos\",\"description\":\"\u00bfQu\u00e9 hacer en las Sierras, Serran\u00edas y sus pueblos? Ferias, fiestas, recreaciones hist\u00f3ricas, rutas de tapas, teatro, rally, deportes, gu\u00edas y actividades\",\"publisher\":{\"@id\":\"https:\\\/\\\/grazalemaguide.com\\\/quehacerenlasierras\\\/#\\\/schema\\\/person\\\/f24688c26be666f9001ed7cb3d7d2e3a\"},\"potentialAction\":[{\"@type\":\"SearchAction\",\"target\":{\"@type\":\"EntryPoint\",\"urlTemplate\":\"https:\\\/\\\/grazalemaguide.com\\\/quehacerenlasierras\\\/?s={search_term_string}\"},\"query-input\":{\"@type\":\"PropertyValueSpecification\",\"valueRequired\":true,\"valueName\":\"search_term_string\"}}],\"inLanguage\":\"en-US\"},{\"@type\":[\"Person\",\"Organization\"],\"@id\":\"https:\\\/\\\/grazalemaguide.com\\\/quehacerenlasierras\\\/#\\\/schema\\\/person\\\/f24688c26be666f9001ed7cb3d7d2e3a\",\"name\":\"Clive Muir\",\"image\":{\"@type\":\"ImageObject\",\"inLanguage\":\"en-US\",\"@id\":\"https:\\\/\\\/secure.gravatar.com\\\/avatar\\\/0cd1ec277564b2e62b29d49d1c588efa39fbdeed25940f60cb667d96e5c29e1e?s=96&d=mm&r=g\",\"url\":\"https:\\\/\\\/secure.gravatar.com\\\/avatar\\\/0cd1ec277564b2e62b29d49d1c588efa39fbdeed25940f60cb667d96e5c29e1e?s=96&d=mm&r=g\",\"contentUrl\":\"https:\\\/\\\/secure.gravatar.com\\\/avatar\\\/0cd1ec277564b2e62b29d49d1c588efa39fbdeed25940f60cb667d96e5c29e1e?s=96&d=mm&r=g\",\"caption\":\"Clive Muir\"},\"logo\":{\"@id\":\"https:\\\/\\\/secure.gravatar.com\\\/avatar\\\/0cd1ec277564b2e62b29d49d1c588efa39fbdeed25940f60cb667d96e5c29e1e?s=96&d=mm&r=g\"},\"description\":\"I\u2019ve been living in this lovely area of Western Andalucia for the last 20 years or so and dedicate most of my time to the running of English language tourist information websites for the towns of C\u00e1diz, Ronda, Grazalema, the famous or infamous Caminito del Rey, and also Wildside Holidays, which promotes sustainable and eco-friendly businesses running wildlife and walking holidays in Spain. My articles contain affiliate links that will help you reserve a hotel, bus, train or activity in the area. You don't pay more, but by using them you do support this website. Thankyou!\",\"sameAs\":[\"https:\\\/\\\/grazalemaguide.com\\\/\",\"https:\\\/\\\/www.facebook.com\\\/wildsideholidays\\\/\",\"https:\\\/\\\/www.linkedin.com\\\/in\\\/wildsideholidays\\\/\",\"https:\\\/\\\/x.com\\\/https:\\\/\\\/twitter.com\\\/GrazalemaGuide\",\"https:\\\/\\\/www.youtube.com\\\/channel\\\/UC6VDf8hywG6O6F1wgMtfMDw\"]}]}<\/script>\n<!-- \/ Yoast SEO plugin. -->","yoast_head_json":{"title":"Negocios de Turismo activo - Calendario de eventos en las sierras, serran\u00edas y sus pueblos","description":"El turismo activo es una tipolog\u00eda de turismo, es aquel que se realiza en espacios naturales.","robots":{"index":"index","follow":"follow","max-snippet":"max-snippet:-1","max-image-preview":"max-image-preview:large","max-video-preview":"max-video-preview:-1"},"canonical":"https:\/\/grazalemaguide.com\/quehacerenlasierras\/negocios-de-turismo-activo\/","og_locale":"en_US","og_type":"article","og_title":"Negocios de Turismo activo - Calendario de eventos en las sierras, serran\u00edas y sus pueblos","og_description":"El turismo activo es una tipolog\u00eda de turismo, es aquel que se realiza en espacios naturales.","og_url":"https:\/\/grazalemaguide.com\/quehacerenlasierras\/negocios-de-turismo-activo\/","og_site_name":"Calendario de eventos en las sierras, serran\u00edas y sus pueblos","article_publisher":"https:\/\/www.facebook.com\/wildsideholidays\/","article_modified_time":"2020-10-09T08:26:12+00:00","og_image":[{"width":700,"height":250,"url":"https:\/\/grazalemaguide.com\/quehacerenlasierras\/wp-content\/uploads\/sites\/2\/2020\/05\/pangea.jpg","type":"image\/jpeg"}],"twitter_card":"summary_large_image","twitter_site":"@GrazalemaGuide","twitter_misc":{"Est. reading time":"5 minutes"},"schema":{"@context":"https:\/\/schema.org","@graph":[{"@type":"WebPage","@id":"https:\/\/grazalemaguide.com\/quehacerenlasierras\/negocios-de-turismo-activo\/","url":"https:\/\/grazalemaguide.com\/quehacerenlasierras\/negocios-de-turismo-activo\/","name":"Negocios de Turismo activo - Calendario de eventos en las sierras, serran\u00edas y sus pueblos","isPartOf":{"@id":"https:\/\/grazalemaguide.com\/quehacerenlasierras\/#website"},"primaryImageOfPage":{"@id":"https:\/\/grazalemaguide.com\/quehacerenlasierras\/negocios-de-turismo-activo\/#primaryimage"},"image":{"@id":"https:\/\/grazalemaguide.com\/quehacerenlasierras\/negocios-de-turismo-activo\/#primaryimage"},"thumbnailUrl":"https:\/\/grazalemaguide.com\/quehacerenlasierras\/wp-content\/uploads\/sites\/2\/2020\/05\/pangea.jpg","datePublished":"2020-10-06T07:36:07+00:00","dateModified":"2020-10-09T08:26:12+00:00","description":"El turismo activo es una tipolog\u00eda de turismo, es aquel que se realiza en espacios naturales.","breadcrumb":{"@id":"https:\/\/grazalemaguide.com\/quehacerenlasierras\/negocios-de-turismo-activo\/#breadcrumb"},"inLanguage":"en-US","potentialAction":[{"@type":"ReadAction","target":["https:\/\/grazalemaguide.com\/quehacerenlasierras\/negocios-de-turismo-activo\/"]}]},{"@type":"ImageObject","inLanguage":"en-US","@id":"https:\/\/grazalemaguide.com\/quehacerenlasierras\/negocios-de-turismo-activo\/#primaryimage","url":"https:\/\/grazalemaguide.com\/quehacerenlasierras\/wp-content\/uploads\/sites\/2\/2020\/05\/pangea.jpg","contentUrl":"https:\/\/grazalemaguide.com\/quehacerenlasierras\/wp-content\/uploads\/sites\/2\/2020\/05\/pangea.jpg","width":700,"height":250,"caption":"Pangea Active Nature Turismo Activo, Deportes de Aventura y Multiaventura\u2026 Barranquismo, Vias Ferratas, Espeleologia, Piraguismo. Viajes de estudios."},{"@type":"BreadcrumbList","@id":"https:\/\/grazalemaguide.com\/quehacerenlasierras\/negocios-de-turismo-activo\/#breadcrumb","itemListElement":[{"@type":"ListItem","position":1,"name":"Home","item":"https:\/\/grazalemaguide.com\/quehacerenlasierras\/"},{"@type":"ListItem","position":2,"name":"Negocios de Turismo activo"}]},{"@type":"WebSite","@id":"https:\/\/grazalemaguide.com\/quehacerenlasierras\/#website","url":"https:\/\/grazalemaguide.com\/quehacerenlasierras\/","name":"Calendario de eventos en las sierras, serran\u00edas y sus pueblos","description":"\u00bfQu\u00e9 hacer en las Sierras, Serran\u00edas y sus pueblos? Ferias, fiestas, recreaciones hist\u00f3ricas, rutas de tapas, teatro, rally, deportes, gu\u00edas y actividades","publisher":{"@id":"https:\/\/grazalemaguide.com\/quehacerenlasierras\/#\/schema\/person\/f24688c26be666f9001ed7cb3d7d2e3a"},"potentialAction":[{"@type":"SearchAction","target":{"@type":"EntryPoint","urlTemplate":"https:\/\/grazalemaguide.com\/quehacerenlasierras\/?s={search_term_string}"},"query-input":{"@type":"PropertyValueSpecification","valueRequired":true,"valueName":"search_term_string"}}],"inLanguage":"en-US"},{"@type":["Person","Organization"],"@id":"https:\/\/grazalemaguide.com\/quehacerenlasierras\/#\/schema\/person\/f24688c26be666f9001ed7cb3d7d2e3a","name":"Clive Muir","image":{"@type":"ImageObject","inLanguage":"en-US","@id":"https:\/\/secure.gravatar.com\/avatar\/0cd1ec277564b2e62b29d49d1c588efa39fbdeed25940f60cb667d96e5c29e1e?s=96&d=mm&r=g","url":"https:\/\/secure.gravatar.com\/avatar\/0cd1ec277564b2e62b29d49d1c588efa39fbdeed25940f60cb667d96e5c29e1e?s=96&d=mm&r=g","contentUrl":"https:\/\/secure.gravatar.com\/avatar\/0cd1ec277564b2e62b29d49d1c588efa39fbdeed25940f60cb667d96e5c29e1e?s=96&d=mm&r=g","caption":"Clive Muir"},"logo":{"@id":"https:\/\/secure.gravatar.com\/avatar\/0cd1ec277564b2e62b29d49d1c588efa39fbdeed25940f60cb667d96e5c29e1e?s=96&d=mm&r=g"},"description":"I\u2019ve been living in this lovely area of Western Andalucia for the last 20 years or so and dedicate most of my time to the running of English language tourist information websites for the towns of C\u00e1diz, Ronda, Grazalema, the famous or infamous Caminito del Rey, and also Wildside Holidays, which promotes sustainable and eco-friendly businesses running wildlife and walking holidays in Spain. My articles contain affiliate links that will help you reserve a hotel, bus, train or activity in the area. You don't pay more, but by using them you do support this website. Thankyou!","sameAs":["https:\/\/grazalemaguide.com\/","https:\/\/www.facebook.com\/wildsideholidays\/","https:\/\/www.linkedin.com\/in\/wildsideholidays\/","https:\/\/x.com\/https:\/\/twitter.com\/GrazalemaGuide","https:\/\/www.youtube.com\/channel\/UC6VDf8hywG6O6F1wgMtfMDw"]}]}},"_links":{"self":[{"href":"https:\/\/grazalemaguide.com\/quehacerenlasierras\/wp-json\/wp\/v2\/pages\/783","targetHints":{"allow":["GET"]}}],"collection":[{"href":"https:\/\/grazalemaguide.com\/quehacerenlasierras\/wp-json\/wp\/v2\/pages"}],"about":[{"href":"https:\/\/grazalemaguide.com\/quehacerenlasierras\/wp-json\/wp\/v2\/types\/page"}],"author":[{"embeddable":true,"href":"https:\/\/grazalemaguide.com\/quehacerenlasierras\/wp-json\/wp\/v2\/users\/1"}],"replies":[{"embeddable":true,"href":"https:\/\/grazalemaguide.com\/quehacerenlasierras\/wp-json\/wp\/v2\/comments?post=783"}],"version-history":[{"count":0,"href":"https:\/\/grazalemaguide.com\/quehacerenlasierras\/wp-json\/wp\/v2\/pages\/783\/revisions"}],"wp:featuredmedia":[{"embeddable":true,"href":"https:\/\/grazalemaguide.com\/quehacerenlasierras\/wp-json\/wp\/v2\/media\/227"}],"wp:attachment":[{"href":"https:\/\/grazalemaguide.com\/quehacerenlasierras\/wp-json\/wp\/v2\/media?parent=783"}],"curies":[{"name":"wp","href":"https:\/\/api.w.org\/{rel}","templated":true}]}}